{"id":575,"date":"2018-03-01T10:40:06","date_gmt":"2018-03-01T10:40:06","guid":{"rendered":"https:\/\/blogit.utu.fi\/kultva\/?page_id=575"},"modified":"2026-03-04T16:39:17","modified_gmt":"2026-03-04T16:39:17","slug":"steering-group","status":"publish","type":"page","link":"https:\/\/blogit.utu.fi\/kultva\/steering-group\/","title":{"rendered":"Ohjausryhm\u00e4"},"content":{"rendered":"<p><strong><a href=\"https:\/\/www.utu.fi\/fi\/ihmiset\/elina-sutela\">Elina Sutela<\/a>, johtoryhm\u00e4n puheenjohtaja <\/strong>(v\u00e4it\u00f6skirjatutkija ja yliopisto-opettaja, sosiaalipolitiikka)<\/p>\n<p><strong><a href=\"https:\/\/www.utu.fi\/en\/people\/veera-niemi\">Veera Niemi<\/a>, varapuheenjohtaja <\/strong>(projektitutkija, sosiaality\u00f6)<\/p>\n<p><strong><a href=\"https:\/\/www.utu.fi\/fi\/ihmiset\/kaisa-kuurne\">Kaisa Kuurne<\/a><\/strong><strong>, varapuheenjohtaja <\/strong>(yliopistonlehtori, sosiologia)<\/p>\n<p><strong>Henry-Paul Ontto-Panula<\/strong>, <strong>sihteeri<\/strong> (maisteriopiskelija, sosiologia)<\/p>\n<p><strong><span class=\"TextRun SCXW186645421 BCX2\" lang=\"FI-FI\" xml:lang=\"FI-FI\" data-contrast=\"none\"><span class=\"NormalTextRun SpellingErrorV2Themed SpellingErrorHighlight SCXW186645421 BCX2\">Kio<\/span> <span class=\"NormalTextRun SpellingErrorV2Themed SCXW186645421 BCX2\">Kanervo, koordinaattori<\/span><\/span>\u00a0<\/strong>(opiskelija)<\/p>\n<p><a href=\"https:\/\/www.utu.fi\/en\/people\/camilla-kantola\"><strong>Camilla Kantola<\/strong><\/a>, <strong>koordinaattori<\/strong>\u00a0(v\u00e4it\u00f6skirjatutkija, sosiologia)<\/p>\n<p><strong><span class=\"TextRun SCXW186645421 BCX2\" lang=\"FI-FI\" xml:lang=\"FI-FI\" data-contrast=\"none\"><span class=\"NormalTextRun SCXW186645421 BCX2\">Jenni Peltola, koordinaattori<\/span><\/span>\u00a0<\/strong>(opiskelija)<\/p>\n<p><strong><a href=\"https:\/\/www.utu.fi\/fi\/ihmiset\/anni-heliste\">Heidi Elmgren<\/a>\u00a0<\/strong>(yliopisto-opettaja, sosiologia)<\/p>\n<p><strong><a href=\"https:\/\/www.utu.fi\/fi\/ihmiset\/anni-heliste\">Anni Heliste<\/a>, vanhempainvapaalla<\/strong> (v\u00e4it\u00f6skirjatutkija, sosiologia)<\/p>\n<p><span class=\"TextRun SCXW186645421 BCX2\" lang=\"FI-FI\" xml:lang=\"FI-FI\" data-contrast=\"none\"><a href=\"https:\/\/www.utu.fi\/en\/people\/achyut-gautam\"><strong><span class=\"NormalTextRun SpellingErrorV2Themed SCXW186645421 BCX2\">Achyut Gautam<\/span><\/strong><\/a><span class=\"NormalTextRun SpellingErrorV2Themed SCXW186645421 BCX2\">\u00a0(v\u00e4it\u00f6skirjatutkija, INVEST sosiologia)<\/span><\/span><\/p>\n<p><a href=\"https:\/\/www.utu.fi\/fi\/ihmiset\/johannes-kananen\"><strong>Johannes Kananen<\/strong><\/a> (yliopisto-opettaja, sosiaalitieteet)<\/p>\n<p><strong><a href=\"https:\/\/www.utu.fi\/fi\/ihmiset\/kaisa-kuurne\">Anna Kuusela<\/a> <\/strong>(v\u00e4it\u00f6skirjatutkija, sosiologia)<\/p>\n<p><a href=\"https:\/\/www.utu.fi\/fi\/ihmiset\/elina-lammervo\"><strong>Elina Lammervo<\/strong><\/a> (v\u00e4it\u00f6skirjatutkija, sosiologia)<\/p>\n<p><strong class=\"NormalTextRun SCXW186645421 BCX2\">Lotta Rossi<\/strong> (opiskelija)<\/p>\n<p><a href=\"https:\/\/www.utu.fi\/en\/people\/kirsti-sippel\"><strong>Kirsti Sippel<\/strong><\/a> (v\u00e4it\u00f6skirjatutkija, sosiologia)<\/p>\n<p><strong><span class=\"TextRun SCXW186645421 BCX2\" lang=\"FI-FI\" xml:lang=\"FI-FI\" data-contrast=\"none\"><span class=\"NormalTextRun SCXW186645421 BCX2\">Heidi <\/span><span class=\"NormalTextRun SpellingErrorV2Themed SCXW186645421 BCX2\">Ty\u00f6pp\u00f6nen<\/span><\/span><\/strong> (opiskelija)<\/p>\n<p><strong><a href=\"https:\/\/www.utu.fi\/fi\/ihmiset\/erica-aberg\">Erica \u00c5berg<\/a> <\/strong>(yliopisto-opettaja, economic sociology)<\/p>\n\n\n<p><\/p>\n","protected":false},"excerpt":{"rendered":"<p>Elina Sutela, johtoryhm\u00e4n puheenjohtaja (v\u00e4it\u00f6skirjatutkija ja yliopisto-opettaja, sosiaalipolitiikka) Veera Niemi, varapuheenjohtaja (projektitutkija, sosiaality\u00f6) Kaisa Kuurne, varapuheenjohtaja (yliopistonlehtori, sosiologia) Henry-Paul Ontto-Panula, sihteeri (maisteriopiskelija, sosiologia) Kio Kanervo, koordinaattori\u00a0(opiskelija) Camilla Kantola, koordinaattori\u00a0(v\u00e4it\u00f6skirjatutkija, sosiologia) Jenni Peltola, koordinaattori\u00a0(opiskelija) Heidi Elmgren\u00a0(yliopisto-opettaja, sosiologia) Anni Heliste, vanhempainvapaalla (v\u00e4it\u00f6skirjatutkija, sosiologia) Achyut Gautam\u00a0(v\u00e4it\u00f6skirjatutkija, INVEST sosiologia) Johannes Kananen (yliopisto-opettaja, sosiaalitieteet) Anna Kuusela (v\u00e4it\u00f6skirjatutkija, sosiologia) Elina Lammervo [&hellip;]<\/p>\n","protected":false},"author":3990,"featured_media":0,"parent":0,"menu_order":0,"comment_status":"closed","ping_status":"closed","template":"","meta":{"footnotes":""},"class_list":["post-575","page","type-page","status-publish","hentry"],"_links":{"self":[{"href":"https:\/\/blogit.utu.fi\/kultva\/wp-json\/wp\/v2\/pages\/575","targetHints":{"allow":["GET"]}}],"collection":[{"href":"https:\/\/blogit.utu.fi\/kultva\/wp-json\/wp\/v2\/pages"}],"about":[{"href":"https:\/\/blogit.utu.fi\/kultva\/wp-json\/wp\/v2\/types\/page"}],"author":[{"embeddable":true,"href":"https:\/\/blogit.utu.fi\/kultva\/wp-json\/wp\/v2\/users\/3990"}],"replies":[{"embeddable":true,"href":"https:\/\/blogit.utu.fi\/kultva\/wp-json\/wp\/v2\/comments?post=575"}],"version-history":[{"count":51,"href":"https:\/\/blogit.utu.fi\/kultva\/wp-json\/wp\/v2\/pages\/575\/revisions"}],"predecessor-version":[{"id":2937,"href":"https:\/\/blogit.utu.fi\/kultva\/wp-json\/wp\/v2\/pages\/575\/revisions\/2937"}],"wp:attachment":[{"href":"https:\/\/blogit.utu.fi\/kultva\/wp-json\/wp\/v2\/media?parent=575"}],"curies":[{"name":"wp","href":"https:\/\/api.w.org\/{rel}","templated":true}]}}