{"id":144,"date":"2018-02-27T13:50:02","date_gmt":"2018-02-27T13:50:02","guid":{"rendered":"https:\/\/blogit.utu.fi\/laaketiedekriittisyys\/?page_id=144"},"modified":"2021-03-12T13:43:08","modified_gmt":"2021-03-12T13:43:08","slug":"in-english","status":"publish","type":"page","link":"https:\/\/blogit.utu.fi\/laaketiedekriittisyys\/in-english\/","title":{"rendered":"In English"},"content":{"rendered":"<div class=\"entry-content\">\n<p><strong>Health, Knowledge and Expertise<\/strong><\/p>\n<p><!--more--><\/p>\n<p>This project analyzes the criticism of biomedicine related to complementary and alternative medicine (CAM) and vaccine-criticism in Finland. We combine sociological and historical perspectives, responding to the social and political need to understand these phenomena and the criticism of biomedical expertise in general as processes that are deeply historical and cultural.<\/p>\n<p><!--more--><\/p>\n<p>We examine:<\/p>\n<ul>\n<li>Why do people use CAM treatments or have critical attitudes towards vaccination?<\/li>\n<li>What kinds of discussions and conflicts related to CAM treatments and vaccines are present within the biomedical field?<\/li>\n<li>What kind of knowledges are mobilized in criticism of biomedicine both within the medical community and outside of it?<\/li>\n<li>How has the critique of biomedicine related to CAM treatments and vaccines changed and developed in Finland since the early 1900s?<\/li>\n<\/ul>\n<p><!--more--><\/p>\n<p>The project is a collaboration of the Department of Social Research, University of Turku, and the Research Centre for Knowledge, Science, Technology and Innovations Studies, Tampere University. It is funded by Emil Aaltonen Foundation.<\/p>\n<p><strong>The project is led by:<\/strong><\/p>\n<p><strong>Johanna Nurmi\u00a0\u00a0\u00a0\u00a0\u00a0\u00a0\u00a0\u00a0\u00a0\u00a0\u00a0\u00a0\u00a0\u00a0\u00a0\u00a0\u00a0\u00a0\u00a0\u00a0\u00a0\u00a0\u00a0\u00a0\u00a0\u00a0\u00a0\u00a0\u00a0\u00a0\u00a0 Pia Vuolanto<\/strong><br \/>\nDr. soc. sci.\u00a0\u00a0\u00a0\u00a0\u00a0\u00a0\u00a0\u00a0\u00a0\u00a0\u00a0\u00a0\u00a0\u00a0\u00a0\u00a0\u00a0\u00a0\u00a0\u00a0\u00a0\u00a0\u00a0\u00a0\u00a0\u00a0\u00a0\u00a0\u00a0\u00a0\u00a0\u00a0\u00a0\u00a0\u00a0\u00a0\u00a0\u00a0\u00a0\u00a0\u00a0\u00a0\u00a0\u00a0\u00a0 Dr. soc. sci., docent<br \/>\njohnurm(a)tuni.fi\u00a0\u00a0\u00a0\u00a0\u00a0\u00a0\u00a0\u00a0\u00a0\u00a0\u00a0\u00a0\u00a0\u00a0\u00a0\u00a0\u00a0\u00a0\u00a0\u00a0\u00a0\u00a0\u00a0\u00a0\u00a0\u00a0\u00a0\u00a0\u00a0\u00a0\u00a0\u00a0\u00a0\u00a0 pia.Vuolanto(a)tuni.fi<br \/>\ntel. +358 29 450 3081\u00a0\u00a0\u00a0\u00a0\u00a0\u00a0\u00a0\u00a0\u00a0\u00a0\u00a0\u00a0\u00a0\u00a0\u00a0\u00a0\u00a0\u00a0\u00a0\u00a0\u00a0\u00a0\u00a0\u00a0\u00a0\u00a0 tel. +358 50 3186240<\/p>\n<p><strong>Project members:<\/strong><\/p>\n<p><strong>Suvi Rytty\u00a0\u00a0\u00a0\u00a0\u00a0\u00a0\u00a0\u00a0\u00a0\u00a0\u00a0\u00a0\u00a0\u00a0\u00a0\u00a0\u00a0\u00a0\u00a0\u00a0\u00a0\u00a0\u00a0\u00a0\u00a0\u00a0\u00a0\u00a0\u00a0\u00a0\u00a0\u00a0\u00a0\u00a0\u00a0\u00a0\u00a0\u00a0\u00a0\u00a0\u00a0 Tiina V\u00e4\u00e4n\u00e4nen<\/strong><br \/>\nM.A.\u00a0\u00a0\u00a0\u00a0\u00a0\u00a0\u00a0\u00a0\u00a0\u00a0\u00a0\u00a0\u00a0\u00a0\u00a0\u00a0\u00a0\u00a0\u00a0\u00a0\u00a0\u00a0\u00a0\u00a0\u00a0\u00a0\u00a0\u00a0\u00a0\u00a0\u00a0\u00a0\u00a0\u00a0\u00a0\u00a0\u00a0\u00a0\u00a0\u00a0\u00a0\u00a0\u00a0\u00a0\u00a0\u00a0\u00a0\u00a0\u00a0\u00a0\u00a0\u00a0\u00a0\u00a0\u00a0\u00a0 M. Health Sc.<br \/>\nsuvi.rytty(a)utu.fi\u00a0\u00a0\u00a0\u00a0\u00a0\u00a0\u00a0\u00a0\u00a0\u00a0\u00a0\u00a0\u00a0\u00a0\u00a0\u00a0\u00a0\u00a0\u00a0\u00a0\u00a0\u00a0\u00a0\u00a0\u00a0\u00a0\u00a0\u00a0\u00a0\u00a0\u00a0\u00a0\u00a0 tiina.a.vaananen(a)gmail.com<br \/>\ntel. +358 500 764350<\/p>\n<h4><strong>Publications<\/strong><\/h4>\n<p>Vuolanto, Pia &amp; Kolehmainen, Marjo (2020). Gendered Boundary-work within the Finnish skepticism movement. Science, Technology &amp; Human Values. https:\/\/doi.org\/10.1177\/0162243920947475<\/p>\n<p>Vuolanto, Pia, Bergroth, Harley, Nurmi, Johanna, &amp; Salmenniemi, Suvi (2020). Reconfiguring health knowledges? Contemporary modes of self-care as &#8217;everyday fringe medicine&#8217;. PUBLIC UNDERSTANDING OF SCIENCE, 29(5), 508-523. https:\/\/doi.org\/10.1177\/0963662520934752<\/p>\n<p>Brodin Danell Jenny-Ann, Danell Rikard, Vuolanto Pia. (2019). Scandinavian research on complementary and alternative medicine: A bibliometric study. Scandinavian Journal of Public Health. https:\/\/doi.org\/10.1177\/1403494819834099<\/p>\n<p>Brosnan Caragh, Vuolanto Pia, Brodin Danell Jenny-Ann (eds.). (2018). Complementary and Alternative Medicine : Knowledge Production and Social Transformation. Cham, Switzerland: Palgrave Macmillan. <a href=\"https:\/\/www.palgrave.com\/la\/book\/9783319739380\">download flyer<\/a><\/p>\n<p>Vuolanto, P., Sorsa, M., Aarva, P., Helin, K. A review of Finnish CAM research. Sosiaalil\u00e4\u00e4ketieteellinen aikakauslehti \u2013 Journal of Social Medicine 2018: 55: 243\u2013259.<\/p>\n<\/div>\n","protected":false},"excerpt":{"rendered":"<p>Health, Knowledge and Expertise<\/p>\n","protected":false},"author":1315,"featured_media":0,"parent":0,"menu_order":5,"comment_status":"closed","ping_status":"closed","template":"","meta":{"footnotes":""},"class_list":["post-144","page","type-page","status-publish","hentry"],"_links":{"self":[{"href":"https:\/\/blogit.utu.fi\/laaketiedekriittisyys\/wp-json\/wp\/v2\/pages\/144","targetHints":{"allow":["GET"]}}],"collection":[{"href":"https:\/\/blogit.utu.fi\/laaketiedekriittisyys\/wp-json\/wp\/v2\/pages"}],"about":[{"href":"https:\/\/blogit.utu.fi\/laaketiedekriittisyys\/wp-json\/wp\/v2\/types\/page"}],"author":[{"embeddable":true,"href":"https:\/\/blogit.utu.fi\/laaketiedekriittisyys\/wp-json\/wp\/v2\/users\/1315"}],"replies":[{"embeddable":true,"href":"https:\/\/blogit.utu.fi\/laaketiedekriittisyys\/wp-json\/wp\/v2\/comments?post=144"}],"version-history":[{"count":8,"href":"https:\/\/blogit.utu.fi\/laaketiedekriittisyys\/wp-json\/wp\/v2\/pages\/144\/revisions"}],"predecessor-version":[{"id":948,"href":"https:\/\/blogit.utu.fi\/laaketiedekriittisyys\/wp-json\/wp\/v2\/pages\/144\/revisions\/948"}],"wp:attachment":[{"href":"https:\/\/blogit.utu.fi\/laaketiedekriittisyys\/wp-json\/wp\/v2\/media?parent=144"}],"curies":[{"name":"wp","href":"https:\/\/api.w.org\/{rel}","templated":true}]}}