{"id":624,"date":"2020-01-22T10:13:06","date_gmt":"2020-01-22T10:13:06","guid":{"rendered":"https:\/\/blogit.utu.fi\/laaketiedekriittisyys\/?page_id=624"},"modified":"2022-05-30T06:05:42","modified_gmt":"2022-05-30T06:05:42","slug":"materiaalit","status":"publish","type":"page","link":"https:\/\/blogit.utu.fi\/laaketiedekriittisyys\/materiaalit\/","title":{"rendered":"Materiaalit"},"content":{"rendered":"\n<p>T\u00e4lt\u00e4 sivulta l\u00f6yd\u00e4t projektimme j\u00e4rjest\u00e4mien tilaisuuksien materiaalit.<\/p>\n\n\n\n<p><strong>2020<\/strong><\/p>\n\n\n\n<p><strong>T\u00e4ydent\u00e4v\u00e4t ja vaihtoehtoiset hoidot &#8211; Haaste ja mahdollisuus 14.1.2020<\/strong><\/p>\n\n\n\n<p><a href=\"https:\/\/moniviestin.uta.fi\/videot\/tuni-2019-2020\/tapahtumat\/taydentavat-ja-vaihtoehtoiset-hoidot-haaste-ja-mahdollisuus-2013-tutkimusta-tietoa-ja-terveyspolitiikkaa\"><strong>Seminaarin tallenne<\/strong><\/a><\/p>\n\n\n\n<p><strong><a href=\"https:\/\/blogit.utu.fi\/laaketiedekriittisyys\/wp-content\/uploads\/sites\/140\/2020\/01\/seminaarin-tausta_aineisto.pdf\">Seminaarin ohjelma ja tausta-aineisto<\/a><\/strong><\/p>\n\n\n\n<p><strong>Esitykset<\/strong><\/p>\n\n\n\n<p> Anneli Mil\u00e9n: <a href=\"https:\/\/blogit.utu.fi\/laaketiedekriittisyys\/wp-content\/uploads\/sites\/140\/2020\/01\/MILEN.pdf\">Seminaarin avaus<\/a><\/p>\n\n\n\n<p><strong>Sessio 1: T\u00e4ydent\u00e4vien ja vaihtoehtoisten hoitojen tutkimus Suomessa<\/strong><\/p>\n\n\n\n<p>Laura Kemppainen: <a href=\"https:\/\/blogit.utu.fi\/laaketiedekriittisyys\/wp-content\/uploads\/sites\/140\/2020\/01\/KEMPPAINEN.pdf\">K\u00e4ytt\u00f6 Suomessa ja Euroopassa<\/a><\/p>\n\n\n\n<p>Pia Vuolanto: <a href=\"https:\/\/blogit.utu.fi\/laaketiedekriittisyys\/wp-content\/uploads\/sites\/140\/2020\/02\/VUOLANTO.pdf\">Tutkimus ja sen tulevaisuus Suomessa<\/a><\/p>\n\n\n\n<p>Suvi Salmenniemi: <a href=\"https:\/\/blogit.utu.fi\/laaketiedekriittisyys\/wp-content\/uploads\/sites\/140\/2020\/01\/SALMENNIEMI.pdf\">Vaihtoehtoiset terapiat ja poliittinen osallistuminen<\/a><\/p>\n\n\n\n<p>Pauliina Aarva: <a href=\"https:\/\/blogit.utu.fi\/laaketiedekriittisyys\/wp-content\/uploads\/sites\/140\/2020\/01\/Aarva-P-Tutkimus-ja-politiikka-14.1.2020-.pdf\">Tutkimus terveyspoliittisessa p\u00e4\u00e4t\u00f6ksenteossa<\/a><\/p>\n\n\n\n<p><strong>Sessio 2. T\u00e4ydent\u00e4v\u00e4t ja vaihtoehtoiset hoidot terveyspolitiikassa- Ruotsi<\/strong><\/p>\n\n\n\n<p>Kjell Asplund: <a href=\"https:\/\/blogit.utu.fi\/laaketiedekriittisyys\/wp-content\/uploads\/sites\/140\/2020\/01\/KAM-presentation-Helsingfors-jan-2020.pdf\">CAM therapies in health policy \u2013 a Swedish perspective<\/a> (englanniksi) ja <a href=\"https:\/\/blogit.utu.fi\/laaketiedekriittisyys\/wp-content\/uploads\/sites\/140\/2020\/01\/ASPLUND-suomeksi.pdf\">Kokemuksia Ruotsin hallituksen teett\u00e4m\u00e4st\u00e4 selvityksest\u00e4 ja tietoa Pohjoismaiden lains\u00e4\u00e4d\u00e4nn\u00f6st\u00e4<\/a> (suomeksi k\u00e4\u00e4nt\u00e4nyt Anneli Mil\u00e9n)<\/p>\n\n\n\n<p><strong>Sessio 3. T\u00e4ydent\u00e4v\u00e4t ja vaihtoehtoiset hoidot terveyspolitiikassa- Suomi<\/strong><\/p>\n\n\n\n<p>Jaska Siikavirta: <a href=\"https:\/\/blogit.utu.fi\/laaketiedekriittisyys\/wp-content\/uploads\/sites\/140\/2020\/01\/SIIKAVIRTA.pdf\">S\u00e4\u00e4ntelymahdollisuudet Suomessa \u2013 sosiaali- ja terveysministeri\u00f6n suunnitelmia<\/a><\/p>\n\n\n\n<p>Sisko Pyykk\u00f6nen: Kansalaisaloite \u201dT\u00e4ydent\u00e4v\u00e4t hoidot\nkaikille\u201d<\/p>\n\n\n\n<p>Kati Myllym\u00e4ki: <a href=\"https:\/\/blogit.utu.fi\/laaketiedekriittisyys\/wp-content\/uploads\/sites\/140\/2020\/01\/Myllym\u00e4ki-01-2020.pdf\">Suomen L\u00e4\u00e4k\u00e4riliitto<\/a><\/p>\n\n\n\n<p>Antti Pieti\u00e4inen: <a href=\"https:\/\/blogit.utu.fi\/laaketiedekriittisyys\/wp-content\/uploads\/sites\/140\/2020\/01\/PIETIAINEN.pdf\">Luontaishoitoalan Foorumi ry<\/a><\/p>\n\n\n\n<p>Yvonne Holm: Perinnehoitojen neuvottelukunta<\/p>\n\n\n\n<p>Pekka Puska: Suomi tarvitsee perinne- ja t\u00e4ydent\u00e4vi\u00e4 hoitoja koskevan strategian (<a href=\"https:\/\/blogit.utu.fi\/laaketiedekriittisyys\/wp-content\/uploads\/sites\/140\/2020\/01\/WHO-strategia.pdf\">Maailman terveysj\u00e4rjest\u00f6n strategia Perinne- ja t\u00e4ydent\u00e4v\u00e4t hoidot 2014-2023<\/a>)<\/p>\n\n\n\n<p><\/p>\n\n\n\n<p><\/p>\n","protected":false},"excerpt":{"rendered":"<p>T\u00e4lt\u00e4 sivulta l\u00f6yd\u00e4t projektimme j\u00e4rjest\u00e4mien tilaisuuksien materiaalit. 2020 T\u00e4ydent\u00e4v\u00e4t ja vaihtoehtoiset hoidot &#8211; Haaste ja mahdollisuus 14.1.2020 Seminaarin tallenne Seminaarin ohjelma ja tausta-aineisto Esitykset Anneli Mil\u00e9n: Seminaarin avaus Sessio 1: T\u00e4ydent\u00e4vien ja vaihtoehtoisten hoitojen tutkimus Suomessa Laura Kemppainen: K\u00e4ytt\u00f6 Suomessa &hellip; <a href=\"https:\/\/blogit.utu.fi\/laaketiedekriittisyys\/materiaalit\/\">Lue loppuun <span class=\"meta-nav\">&rarr;<\/span><\/a><\/p>\n","protected":false},"author":5402,"featured_media":0,"parent":0,"menu_order":0,"comment_status":"closed","ping_status":"closed","template":"","meta":{"footnotes":""},"class_list":["post-624","page","type-page","status-publish","hentry"],"_links":{"self":[{"href":"https:\/\/blogit.utu.fi\/laaketiedekriittisyys\/wp-json\/wp\/v2\/pages\/624","targetHints":{"allow":["GET"]}}],"collection":[{"href":"https:\/\/blogit.utu.fi\/laaketiedekriittisyys\/wp-json\/wp\/v2\/pages"}],"about":[{"href":"https:\/\/blogit.utu.fi\/laaketiedekriittisyys\/wp-json\/wp\/v2\/types\/page"}],"author":[{"embeddable":true,"href":"https:\/\/blogit.utu.fi\/laaketiedekriittisyys\/wp-json\/wp\/v2\/users\/5402"}],"replies":[{"embeddable":true,"href":"https:\/\/blogit.utu.fi\/laaketiedekriittisyys\/wp-json\/wp\/v2\/comments?post=624"}],"version-history":[{"count":28,"href":"https:\/\/blogit.utu.fi\/laaketiedekriittisyys\/wp-json\/wp\/v2\/pages\/624\/revisions"}],"predecessor-version":[{"id":1041,"href":"https:\/\/blogit.utu.fi\/laaketiedekriittisyys\/wp-json\/wp\/v2\/pages\/624\/revisions\/1041"}],"wp:attachment":[{"href":"https:\/\/blogit.utu.fi\/laaketiedekriittisyys\/wp-json\/wp\/v2\/media?parent=624"}],"curies":[{"name":"wp","href":"https:\/\/api.w.org\/{rel}","templated":true}]}}