{"id":7,"date":"2018-02-09T08:15:50","date_gmt":"2018-02-09T08:15:50","guid":{"rendered":"https:\/\/blogit.utu.fi\/laaketiedekriittisyys\/?page_id=2"},"modified":"2020-09-09T12:43:25","modified_gmt":"2020-09-09T12:43:25","slug":"sample-page","status":"publish","type":"page","link":"https:\/\/blogit.utu.fi\/laaketiedekriittisyys\/sample-page\/","title":{"rendered":"Yhteystiedot"},"content":{"rendered":"<div><\/div>\n<div><\/div>\n<div><strong>Hankkeen johtajat: <\/strong><\/div>\n<div><strong>VTT Johanna Nurmi<\/strong><strong>\u00a0\u00a0\u00a0\u00a0\u00a0\u00a0\u00a0\u00a0\u00a0\u00a0\u00a0\u00a0\u00a0\u00a0\u00a0\u00a0 YTT Pia Vuolanto<\/strong><\/div>\n<div>johnurm(at)utu.fi\u00a0\u00a0\u00a0\u00a0\u00a0\u00a0\u00a0\u00a0\u00a0\u00a0\u00a0\u00a0\u00a0\u00a0\u00a0\u00a0\u00a0\u00a0\u00a0\u00a0\u00a0\u00a0\u00a0\u00a0 \u00a0 \u00a0 Pia.Vuolanto(a)tuni.fi<\/div>\n<div>\n<div>puh. 029 450 3081\u00a0\u00a0\u00a0\u00a0\u00a0\u00a0\u00a0\u00a0\u00a0\u00a0\u00a0\u00a0\u00a0\u00a0\u00a0\u00a0\u00a0\u00a0\u00a0\u00a0\u00a0\u00a0\u00a0 \u00a0\u00a0 puh. 050 3186240<\/div>\n<\/div>\n<div><\/div>\n<p><!--more--><\/p>\n<div><strong>Hankkeen tutkijat: <\/strong><\/div>\n<div><strong>FM Suvi Rytty\u00a0\u00a0\u00a0\u00a0\u00a0\u00a0\u00a0\u00a0\u00a0\u00a0\u00a0\u00a0\u00a0\u00a0\u00a0\u00a0\u00a0\u00a0\u00a0\u00a0\u00a0\u00a0\u00a0\u00a0\u00a0\u00a0\u00a0\u00a0\u00a0\u00a0\u00a0 TtM Tiina V\u00e4\u00e4n\u00e4nen<\/strong><\/div>\n<div>suvi.rytty(a)utu.fi\u00a0\u00a0\u00a0\u00a0\u00a0\u00a0\u00a0\u00a0\u00a0\u00a0\u00a0\u00a0\u00a0\u00a0\u00a0\u00a0\u00a0\u00a0\u00a0\u00a0\u00a0\u00a0\u00a0\u00a0\u00a0\u00a0 \u00a0 \u00a0 tiina.a.vaananen(a)gmail.com<\/div>\n<div>\u00a0\u00a0\u00a0\u00a0\u00a0\u00a0\u00a0\u00a0\u00a0\u00a0\u00a0\u00a0\u00a0\u00a0\u00a0\u00a0\u00a0\u00a0\u00a0\u00a0\u00a0\u00a0\u00a0\u00a0\u00a0\u00a0\u00a0\u00a0\u00a0\u00a0\u00a0\u00a0\u00a0\u00a0\u00a0\u00a0\u00a0\u00a0\u00a0\u00a0\u00a0\u00a0\u00a0 \u00a0 \u00a0\u00a0\u00a0 \u00a0 \u00a0 \u00a0 \u00a0 \u00a0 \u00a0\u00a0 puh.0500 764350<\/div>\n","protected":false},"excerpt":{"rendered":"<p>Hankkeen johtajat: VTT Johanna Nurmi\u00a0\u00a0\u00a0\u00a0\u00a0\u00a0\u00a0\u00a0\u00a0\u00a0\u00a0\u00a0\u00a0\u00a0\u00a0\u00a0 YTT Pia Vuolanto johnurm(at)utu.fi\u00a0\u00a0\u00a0\u00a0\u00a0\u00a0\u00a0\u00a0\u00a0\u00a0\u00a0\u00a0\u00a0\u00a0\u00a0\u00a0\u00a0\u00a0\u00a0\u00a0\u00a0\u00a0\u00a0\u00a0 \u00a0 \u00a0 Pia.Vuolanto(a)tuni.fi puh. 029 450 3081\u00a0\u00a0\u00a0\u00a0\u00a0\u00a0\u00a0\u00a0\u00a0\u00a0\u00a0\u00a0\u00a0\u00a0\u00a0\u00a0\u00a0\u00a0\u00a0\u00a0\u00a0\u00a0\u00a0 \u00a0\u00a0 puh. 050 3186240<\/p>\n","protected":false},"author":1315,"featured_media":0,"parent":0,"menu_order":0,"comment_status":"closed","ping_status":"open","template":"","meta":{"footnotes":""},"class_list":["post-7","page","type-page","status-publish","hentry"],"_links":{"self":[{"href":"https:\/\/blogit.utu.fi\/laaketiedekriittisyys\/wp-json\/wp\/v2\/pages\/7","targetHints":{"allow":["GET"]}}],"collection":[{"href":"https:\/\/blogit.utu.fi\/laaketiedekriittisyys\/wp-json\/wp\/v2\/pages"}],"about":[{"href":"https:\/\/blogit.utu.fi\/laaketiedekriittisyys\/wp-json\/wp\/v2\/types\/page"}],"author":[{"embeddable":true,"href":"https:\/\/blogit.utu.fi\/laaketiedekriittisyys\/wp-json\/wp\/v2\/users\/1315"}],"replies":[{"embeddable":true,"href":"https:\/\/blogit.utu.fi\/laaketiedekriittisyys\/wp-json\/wp\/v2\/comments?post=7"}],"version-history":[{"count":9,"href":"https:\/\/blogit.utu.fi\/laaketiedekriittisyys\/wp-json\/wp\/v2\/pages\/7\/revisions"}],"predecessor-version":[{"id":873,"href":"https:\/\/blogit.utu.fi\/laaketiedekriittisyys\/wp-json\/wp\/v2\/pages\/7\/revisions\/873"}],"wp:attachment":[{"href":"https:\/\/blogit.utu.fi\/laaketiedekriittisyys\/wp-json\/wp\/v2\/media?parent=7"}],"curies":[{"name":"wp","href":"https:\/\/api.w.org\/{rel}","templated":true}]}}