{"id":86,"date":"2018-02-15T12:32:59","date_gmt":"2018-02-15T12:32:59","guid":{"rendered":"https:\/\/blogit.utu.fi\/laaketiedekriittisyys\/?page_id=86"},"modified":"2021-11-09T08:33:13","modified_gmt":"2021-11-09T08:33:13","slug":"media","status":"publish","type":"page","link":"https:\/\/blogit.utu.fi\/laaketiedekriittisyys\/media\/","title":{"rendered":"Media"},"content":{"rendered":"<p><strong>Uusi Suomi 9.11.2021, haastateltavana Johanna Nurmi<\/strong><br \/><a href=\"https:\/\/www.uusisuomi.fi\/uutiset\/mika-horjutti-suomessa-luottamusta-rokotteisiin-yksi-selitys-loytyy-10-vuoden-takaa-tutkija-varoittaa-siita-mihin-hyokkaava-savy-johtaa\/a9c31d8f-7c91-46f0-84db-70b771f2feee?gift=email:ea27\">Mik\u00e4 horjutti Suomessa luottamusta rokotteisiin? Yksi selitys l\u00f6ytyy 10 vuoden takaa &#8211; Tutkija varoittaa siit\u00e4, mihin &#8221;hy\u00f6kk\u00e4\u00e4v\u00e4 s\u00e4vy&#8221; johtaa<\/a><\/p>\n<p><strong>Suomen Kuvalehti 1.4.2021, haastateltavana Johanna Nurmi<\/strong><br \/><a href=\"https:\/\/suomenkuvalehti.fi\/jutut\/kotimaa\/veritulppaa-ei-veritulppaa-sittenkin-tulppaa-muuttuva-tieto-rokotteista-on-tieteen-merkki-mutta-voi-lisata-rokotekriittisyytta\/?shared=1161026-b9e934f8-999\">Veritulppaa, ei veritulppaa, sittenkin tulppaa &#8211; muuttuva tieto rokotteista on tieteen merkki, mutta voi lis\u00e4t\u00e4 rokotekriittisyytt\u00e4<\/a><\/p>\n<p><strong>A-studio 17.2.2021, haastateltavana Pia Vuolanto<\/strong><br \/><a href=\"https:\/\/areena.yle.fi\/1-50646928\">Mist\u00e4 rokotevastaisuus kumpuaa?<\/a><\/p>\n<p><strong>MTVuutiset 26.1.2021, haastateltavana Johanna Nurmi<\/strong><br \/><a href=\"https:\/\/www.mtvuutiset.fi\/artikkeli\/nain-erotat-rokotevastaisen-rokotekriittisen-ja-rokote-eparoijan-keskustelu-koronarokotteeseen-suhtautumisesta-on-mustavalkoista\/8044610#gs.ynouw4\">N\u00e4in erotat rokotevastaisen, rokotekriittisen ja rokote-ep\u00e4r\u00f6ij\u00e4n \u2013 keskustelu koronarokotteeseen suhtautumisesta on mustavalkoista<\/a><\/p>\n<p><strong>Helsingin sanomat 17.1.2021, haastateltavana Pia Vuolanto<br \/><\/strong><a href=\"https:\/\/www.hs.fi\/kotimaa\/art-2000007744819.html\">My\u00f6s rokote-ep\u00e4r\u00f6ijien on tultava kuulluksi, muistuttavat tutkijat<\/a><\/p>\n<p><strong>Helsingin sanomat 10.1.2021, Haastateltavana Pia Vuolanto<br \/><\/strong><a href=\"https:\/\/www.hs.fi\/sunnuntai\/art-2000007727904.html\">Kyll\u00e4 sanon ei<\/a><\/p>\n<p><strong>Suvi Rytty ja Pia Vuolanto keskustelivat rokotekriittisyydest\u00e4 Juuso Pekkisen ohjelmassa 21.12.2020<br \/><\/strong>Rokote-ep\u00e4r\u00f6inti\u00e4 ennen ja nyt<\/p>\n<p><strong>Visiiri 27.10.2020<br \/><\/strong>Puoskaroinnin ja l\u00e4\u00e4ketieteen v\u00e4linen kuilu haittaa hoitoa<\/p>\n<p><strong>Unit 27.5.2020<br \/><\/strong><a href=\"https:\/\/www.tuni.fi\/unit-magazine\/artikkelit\/laaketieteeseen-luotetaan-vaikka-sita-kritisoidaan\">L\u00e4\u00e4ketieteeseen luotetaan, vaikka sit\u00e4 kritisoidaan<\/a><\/p>\n<p><strong>Yle uutiset 14.5.2019<\/strong><br \/><a href=\"https:\/\/yle.fi\/uutiset\/3-10716856\">Vaihtoehtoisten hoitomuotojen k\u00e4ytt\u00f6 Suomessa<\/a><\/p>\n<p><strong>Yle 1 Sari Valto 15.1.2019<\/strong><br \/><a href=\"https:\/\/areena.yle.fi\/1-3052166\">Keskustelussa vaihtoehtohoidoista Juhani Knuuti ja Pia Vuolanto<\/a><\/p>\n<p><strong>Iltalehti 9.12.2018<\/strong><br \/><a href=\"https:\/\/www.iltalehti.fi\/terveysuutiset\/a\/9bd4cdd3-4bc7-4198-97f4-0699abc127d9\">Osa terveydenhuollon henkil\u00f6st\u00f6st\u00e4 suhtautuu kriittisesti influenssarokotuksiin<\/a><\/p>\n<p><strong>Yle uutiset 5.12.2018<\/strong><br \/><a href=\"https:\/\/yle.fi\/uutiset\/3-9726055\">Miksi vanhemmat j\u00e4tt\u00e4v\u00e4t lapsensa rokottamatta? Nyt puhuu aihetta selvitt\u00e4nyt tutkija<\/a><\/p>\n<p><strong>Yle uutiset 5.11.2018<br \/><\/strong><a href=\"https:\/\/yle.fi\/uutiset\/3-10484603\">Pelko saa l\u00e4\u00e4k\u00e4rit vaikenemaan uskomushoitojen k\u00e4yt\u00f6st\u00e4<\/a><\/p>\n<p><strong>Helsingin Sanomat 24.3.2018<\/strong><br \/><a href=\"https:\/\/www.hs.fi\/kotimaa\/art-2000005616322.html\">Painostusta, uhkailua, irtisanomisia &#8211; hoitajien haluttomuus ottaa influenssarokote yll\u00e4tti ty\u00f6nantajat<\/a><\/p>\n<p><strong>YLE uutiset 22.3.2018<\/strong><br \/><a href=\"https:\/\/yle.fi\/uutiset\/3-10123679\">Miksi ihmiset k\u00e4ytt\u00e4v\u00e4t vaihtoehtohoitoja tai suhtautuvat kriittisesti rokotuksiin? Uusi tutkimus purkaa asenteita puolueettomasti<\/a><\/p>\n<p><strong>Iltalehti 21.3.2018<\/strong><br \/><a href=\"http:\/\/www.iltalehti.fi\/terveysuutiset\/201803192200821432_we.shtml\">Miksi jotkut eiv\u00e4t halua rokottaa lastaan? Taustalla voi vaikuttaa omakohtainen kokemus<\/a><\/p>\n<p><strong>Turun Sanomat 19.3.2018<\/strong><br \/><a href=\"http:\/\/www.ts.fi\/uutiset\/paikalliset\/3882823\/Horjunut+luottamus+terveydenhuoltoon+lisaa+rokotekriittisyytta\">Horjunut luottamus terveydenhuoltoon lis\u00e4\u00e4 rokotekriittisyytt\u00e4<\/a><\/p>\n<p><strong>Mediuutiset 19.3.2018<\/strong><br \/><a href=\"https:\/\/www.mediuutiset.fi\/uutiset\/tutkijat-penkovat-laakareiden-ja-hoitajien-laaketiedekriittisyytta\/5013a71a-fe40-460f-884a-72d4d9c7d110\">Tutkijat penkovat l\u00e4\u00e4k\u00e4reiden ja hoitajien l\u00e4\u00e4ketiedekriittisyytt\u00e4<\/a><\/p>\n<p><strong>Aamuset 19.3.2018<\/strong><br \/><a href=\"http:\/\/www.aamuset.fi\/uutiset\/3882705\/Tutkimus+selvittaa+vaihtoehtohoitojen+kayton+ja+rokotekriittisyyden+syita+ja+historiaa\">Tutkimus selvitt\u00e4\u00e4 vaihtoehtohoitojen k\u00e4yt\u00f6n ja rokotekriittisyyden syit\u00e4 ja historiaa<\/a><\/p>\n<p><strong>Savon Sanomat 31.1.2018<\/strong><br \/><a href=\"https:\/\/www.savonsanomat.fi\/teemat\/tiede\/T%C3%A4t%C3%A4-rokotetta-vanhemmat-pelk%C3%A4%C3%A4v%C3%A4t-eniten\/1102031\">T\u00e4t\u00e4 rokotetta vanhemmat pelk\u00e4\u00e4v\u00e4t eniten<\/a><\/p>\n<p><strong>Etel\u00e4-Suomen Sanomat 31.1.2018<\/strong><br \/><a href=\"https:\/\/www.ess.fi\/teemat\/terveys\/art2433954\">Miksi rokote j\u00e4\u00e4 ottamatta? Joissain maissa esitetty sakkoja, jos lapsi j\u00e4\u00e4 rokottamatta <\/a><\/p>\n<p><strong>Karjalainen 30.1.2018<\/strong><br \/><a href=\"https:\/\/www.karjalainen.fi\/teemat\/vapaa-aika\/item\/170777-haittavaikutusten-pelko-on-usein-syy-rokotuskriittisyyteen\">Haittavaikutusten pelko on usein syy rokotuskriittisyyteen<\/a><br \/><a href=\"https:\/\/www.karjalainen.fi\/teemat\/vapaa-aika\/item\/170778-rokotusvastaisuutta-on-ollut-alusta-lahtien\"> Rokotusvastaisuutta on ollut alusta l\u00e4htien<\/a><\/p>\n<p><strong>Kirjoituksia hankkeen aiheista:<\/strong><\/p>\n<p>Pia Vuolannon, Harley Bergrothin, Johanna Nurmen ja Suvi Salmenniemen kirjoitus l\u00e4\u00e4ketiedekriittisyydest\u00e4 arkisissa itsehoivak\u00e4yt\u00e4nn\u00f6iss\u00e4 STS Helsinki blogissa<br \/><a href=\"https:\/\/blogs.helsinki.fi\/sts-helsinki\/fi\/\">https:\/\/blogs.helsinki.fi\/sts-helsinki\/fi\/<\/a><\/p>\n<p>Suvi Rytyn kirjoitus l\u00e4\u00e4ketieteen ja sen ulkopuolisten hoitomuotojen v\u00e4lisen rajanrakennuksen historiasta Turun yliopiston Suomen historian oppiaineen blogissa <a href=\"https:\/\/blogit.utu.fi\/suomenhistoria\/historiallista-rajanvetoa-laaketieteen-ja-sen-ulkopuolisten-parannusjarjestelmien-valilla\/\">https:\/\/blogit.utu.fi\/suomenhistoria\/historiallista-rajanvetoa-laaketieteen-ja-sen-ulkopuolisten-parannusjarjestelmien-valilla\/<\/a><\/p>\n<p>Johanna Nurmen blogikirjoitus rokotekriittisyyden taustoista<br \/><span style=\"font-family: Calibri\"><a href=\"https:\/\/antroblogi.fi\/2017\/06\/rokotekriittisyyden-monet-muodot\/\">https:\/\/antroblogi.fi\/2017\/06\/rokotekriittisyyden-monet-muodot\/<\/a><\/span><\/p>\n<p>Pauliina Aarvan mielipidekirjoitus &#8221;uskomushoitoihin&#8221; liittyen<br \/><a href=\"https:\/\/www.hs.fi\/paivanlehti\/19012018\/art-2000005529668.html\">https:\/\/www.hs.fi\/paivanlehti\/19012018\/art-2000005529668.html<\/a><\/p>\n\n\n<p><\/p>\n","protected":false},"excerpt":{"rendered":"<p>Uusi Suomi 9.11.2021, haastateltavana Johanna NurmiMik\u00e4 horjutti Suomessa luottamusta rokotteisiin? Yksi selitys l\u00f6ytyy 10 vuoden takaa &#8211; Tutkija varoittaa siit\u00e4, mihin &#8221;hy\u00f6kk\u00e4\u00e4v\u00e4 s\u00e4vy&#8221; johtaa Suomen Kuvalehti 1.4.2021, haastateltavana Johanna NurmiVeritulppaa, ei veritulppaa, sittenkin tulppaa &#8211; muuttuva tieto rokotteista on tieteen &hellip; <a href=\"https:\/\/blogit.utu.fi\/laaketiedekriittisyys\/media\/\">Lue loppuun <span class=\"meta-nav\">&rarr;<\/span><\/a><\/p>\n","protected":false},"author":3161,"featured_media":0,"parent":0,"menu_order":0,"comment_status":"closed","ping_status":"closed","template":"","meta":{"footnotes":""},"class_list":["post-86","page","type-page","status-publish","hentry"],"_links":{"self":[{"href":"https:\/\/blogit.utu.fi\/laaketiedekriittisyys\/wp-json\/wp\/v2\/pages\/86","targetHints":{"allow":["GET"]}}],"collection":[{"href":"https:\/\/blogit.utu.fi\/laaketiedekriittisyys\/wp-json\/wp\/v2\/pages"}],"about":[{"href":"https:\/\/blogit.utu.fi\/laaketiedekriittisyys\/wp-json\/wp\/v2\/types\/page"}],"author":[{"embeddable":true,"href":"https:\/\/blogit.utu.fi\/laaketiedekriittisyys\/wp-json\/wp\/v2\/users\/3161"}],"replies":[{"embeddable":true,"href":"https:\/\/blogit.utu.fi\/laaketiedekriittisyys\/wp-json\/wp\/v2\/comments?post=86"}],"version-history":[{"count":34,"href":"https:\/\/blogit.utu.fi\/laaketiedekriittisyys\/wp-json\/wp\/v2\/pages\/86\/revisions"}],"predecessor-version":[{"id":996,"href":"https:\/\/blogit.utu.fi\/laaketiedekriittisyys\/wp-json\/wp\/v2\/pages\/86\/revisions\/996"}],"wp:attachment":[{"href":"https:\/\/blogit.utu.fi\/laaketiedekriittisyys\/wp-json\/wp\/v2\/media?parent=86"}],"curies":[{"name":"wp","href":"https:\/\/api.w.org\/{rel}","templated":true}]}}