{"id":50,"date":"2023-09-26T16:04:14","date_gmt":"2023-09-26T13:04:14","guid":{"rendered":"https:\/\/blogit.utu.fi\/lastenmetsa\/?page_id=50"},"modified":"2024-03-11T13:49:33","modified_gmt":"2024-03-11T11:49:33","slug":"tietoa","status":"publish","type":"page","link":"https:\/\/blogit.utu.fi\/lastenmetsa\/tietoa\/","title":{"rendered":"Tietoa"},"content":{"rendered":"\n<p class=\"has-large-font-size\"><em><br>Mit\u00e4 mets\u00e4 on lapselle ja lapsi mets\u00e4lle?&nbsp;<\/em><\/p>\n\n\n\n<p>T\u00e4m\u00e4 blogi on osa <em>Lasten mets\u00e4 \u2013 Mets\u00e4eskarin matkassa<\/em> tutkimushanketta. Hanke toteutetaan Turun yliopistossa Koneen s\u00e4\u00e4ti\u00f6n rahoituksella. Siin\u00e4 tutkitaan esiopetusik\u00e4isten lasten mets\u00e4\u00e4n liitt\u00e4mi\u00e4 merkityksi\u00e4 ja mets\u00e4eskaritoimintaa.<\/p>\n\n\n\n<p>Hankkeen matkailijoita ovat lapset mets\u00e4ss\u00e4 ja mets\u00e4 lapsissa, tutkija eskariryhm\u00e4n matkassa sek\u00e4 taiteilija matkan kertojana. T\u00e4ss\u00e4 blogissa taiteilija julkaisee tutkijan ker\u00e4\u00e4m\u00e4n aineiston pohjalta luotuja fiktiivisi\u00e4 tarinoita lasten ja mets\u00e4n v\u00e4lisest\u00e4 suhteesta sek\u00e4 mets\u00e4n kanssa olemisesta.\u00a0Tarinoita julkaistaan tutkimuksen aineistonkeruuvaiheessa l\u00e4hes reaaliajassa. Aineiston pohjalta kirjoitetut tieteelliset julkaisut liitet\u00e4\u00e4n my\u00f6hemmin Julkaisuja-v\u00e4lilehden alle. <\/p>\n\n\n\n<div style=\"height:37px\" aria-hidden=\"true\" class=\"wp-block-spacer\"><\/div>\n\n\n\n<p class=\"has-large-font-size\"><strong>Mets\u00e4eskari<\/strong><\/p>\n\n\n\n<p>Mets\u00e4eskari tarkoittaa esiopetusta, joka toteutetaan mets\u00e4ss\u00e4. Esiopetusryhm\u00e4 viett\u00e4\u00e4 suurimman osan ajasta mets\u00e4ss\u00e4 l\u00e4pi lukuvuoden. Ryhm\u00e4ll\u00e4 on mets\u00e4ss\u00e4 yleens\u00e4 k\u00e4yt\u00f6ss\u00e4\u00e4n kota tai laavu ja mets\u00e4alue sijaitsee useimmiten p\u00e4iv\u00e4kodin l\u00e4heisyydess\u00e4, jotta lapset voivat siirty\u00e4 suojaan ukkosen tai kovan pakkasen ajaksi. Mets\u00e4ss\u00e4 opitaan, ruokaillaan, leikit\u00e4\u00e4n ja vietet\u00e4\u00e4n aikaa yhdess\u00e4.<\/p>\n\n\n\n<div style=\"height:14px\" aria-hidden=\"true\" class=\"wp-block-spacer\"><\/div>\n\n\n\n<p class=\"has-large-font-size\"><strong>Aineistonkeruu<\/strong><\/p>\n\n\n\n<p>Hankkeen p\u00e4\u00e4tutkija <strong>Sara Sintonen<\/strong> kulkee mets\u00e4eskariryhm\u00e4n matkassa 2\u20134 p\u00e4iv\u00e4n\u00e4 kuukaudessa yhden lukuvuoden ajan. H\u00e4n kirjaa yl\u00f6s kaikilla aisteilla tekemi\u00e4\u00e4n huomioita, kuvaa lasten leikkej\u00e4 ja rakennelmia sek\u00e4 pit\u00e4\u00e4 havainnoistaan p\u00e4iv\u00e4kirjaa. Lukuvuoden mittaan materiaalia kertyy&nbsp;20-40 p\u00e4iv\u00e4n ajalta.<\/p>\n\n\n\n<div style=\"height:20px\" aria-hidden=\"true\" class=\"wp-block-spacer\"><\/div>\n\n\n\n<p class=\"has-large-font-size\"><strong>Tarina<\/strong><\/p>\n\n\n\n<p>Kuvittaja ja lastenkirjailija <strong>Emilia Erfving<\/strong> toimii Saran ty\u00f6parina. H\u00e4n on t\u00e4m\u00e4n blogin kertoja. Emilia k\u00e4y l\u00e4pi Saran mets\u00e4ss\u00e4 ker\u00e4\u00e4m\u00e4\u00e4 materiaalia. H\u00e4n leikkaa ja liitt\u00e4\u00e4 samankaltaisia tapahtumia toisiinsa, poistaa ja lis\u00e4\u00e4 yksityiskohtia ja t\u00e4ytt\u00e4\u00e4 tyhj\u00e4t kohdat mielikuvituksella. N\u00e4in lasten mets\u00e4, tutkijan havaintomaailma ja kertojan mielikuvitus muovautuvat yhdeksi tarinaksi. Tarinaksi, jossa todellisuus, tulkinta ja fiktio kietoutuvat kiehtovalla tapaa toisiinsa.&nbsp;<\/p>\n\n\n\n<div style=\"height:45px\" aria-hidden=\"true\" class=\"wp-block-spacer\"><\/div>\n\n\n\n<p class=\"has-large-font-size\"><em>Tervetuloa mukaan seuraamaan Keppimets\u00e4n lasten tarinoita!&nbsp;<\/em><\/p>\n\n\n\n<div style=\"height:40px\" aria-hidden=\"true\" class=\"wp-block-spacer\"><\/div>\n\n\n\n<p class=\"has-large-font-size\"><strong>Ty\u00f6ryhm\u00e4<\/strong><\/p>\n\n\n\n<p><strong>Sara Sintonen<\/strong> on varhaiskasvatuksen professori, joka ty\u00f6skentelee Turun yliopiston Kasvatustieteiden tiedekunnassa, varhaiskasvatuksen opettajankoulutuksessa Rauman kampuksella. \/ <a rel=\"noreferrer noopener\" href=\"http:\/\/www.sarasintonen.net\/\" target=\"_blank\">www.sarasintonen.net<\/a><\/p>\n\n\n\n<p><strong>Emilia Erfving<\/strong>&nbsp; on viisi kirjaa julkaissut lastenkirjailija ja -kuvittaja, jonka mielest\u00e4 suomalainen mets\u00e4 on maailman kiinnostavin paikka. Ennen kuvittajan uraa Emilia toimi yhteis\u00f6taiteilijana ja taideopettajana. H\u00e4n on valmistunut taiteen maisteriksi Aalto-yliopistosta p\u00e4\u00e4aineenaan taidekasvatus. \/ <a rel=\"noreferrer noopener\" href=\"http:\/\/www.emiliaerfving.com\/\" target=\"_blank\">www.emiliaerfving.com<\/a>&nbsp;<\/p>\n\n\n\n<p><strong>Mets\u00e4eskarilaiset<\/strong> ovat er\u00e4\u00e4n etel\u00e4suomalaisen p\u00e4iv\u00e4kodin yhteydess\u00e4 toimiva ryhm\u00e4, johon kuuluu 13 lasta ja 3 aikuista.&nbsp;<\/p>\n\n\n\n<div style=\"height:36px\" aria-hidden=\"true\" class=\"wp-block-spacer\"><\/div>\n\n\n\n<p class=\"has-large-font-size\"><strong>Asiantuntijaverkosto (ohjausryhm\u00e4):&nbsp;<\/strong><\/p>\n\n\n\n<p><strong>Virpi Valtonen<\/strong> on kasvatustieteilij\u00e4, joka v\u00e4itteli hiljattain Helsingin yliopistossa Monilajisesta kasvatuksesta. Virpi\u00e4 kiinnostaa erityisesti ihmisten el\u00e4insuhteet ja se, miten voisimme oppia el\u00e4m\u00e4\u00e4n rauhaisampaa yhteiseloa, my\u00f6s ei-toivottujen el\u00e4inten kanssa. H\u00e4n toimii tutkijatohtorina Tampereen yliopistossa.&nbsp;<\/p>\n\n\n\n<p><strong>Mikko Snellman<\/strong> on v\u00e4itellyt taiteen tohtoriksi Aalto-yliopistossa. H\u00e4n on kiinnostunut posthumaanista taidekasvatuksesta, affektiteoriasta, nykytaiteesta, kehollisuudesta ja intra-aktiivisesta pedagogiikasta. Mikko ty\u00f6skentelee yliopistonlehtorina Turun yliopiston OKL:ss\u00e4.&nbsp;<\/p>\n\n\n\n<p><strong>Reetta Karhunkorva<\/strong> ty\u00f6skentelee tutkimusp\u00e4\u00e4llikk\u00f6n\u00e4 valtakunnallisessa mets\u00e4kulttuurin vastuumuseossa Suomen Mets\u00e4museo Lustossa Punkaharjulla. H\u00e4n on museoammattilainen, jonka tausta on paitsi mets\u00e4ss\u00e4, my\u00f6s Suomen historiassa ja folkloristiikassa.T\u00e4ll\u00e4 hetkell\u00e4 Reetta valmistelee perinteentutkimuksen alan v\u00e4it\u00f6skirjaa It\u00e4-Suomen yliopistossa mets\u00e4nomistajien mets\u00e4suhteista.<\/p>\n\n\n\n<p><strong>Veera Tervo<\/strong> on v\u00e4it\u00f6skirjatutkija Helsingin yliopiston kasvatustieteellisess\u00e4 tiedekunnassa ja luokanopettaja Helsingin Montessori-koulussa. Veeraa kiinnostaa erityisesti ep\u00e4j\u00e4rjestys (j\u00e4rjestyksen vastinparina) &#8211;&nbsp; mit\u00e4 on ep\u00e4j\u00e4rjestys kasvatuksessa ja koulussa? T\u00e4h\u00e4n kutkuttavaan kysymykseen Veera ammentaa selkeytt\u00e4 mm. feministisest\u00e4 ja queer-teoriasta<\/p>\n\n\n\n<p><strong>Ilona Lindh<\/strong> on ty\u00f6skennellyt kustannusalalla parikymment\u00e4 vuotta, v\u00e4itellyt matkakirjallisuuden kielest\u00e4 ja kerronnasta vuonna 2021 ja sen j\u00e4lkeen tutkinut vapaa-ajan lukemisen tapoja ja muutoksia SKR:n rahoittamassa Muuttuva lukijuus -hankkeessa. Nyt Ilona ty\u00f6skentelee tutkimuskoordinaattorina Helsingin yliopiston Mind and Matter -profiloitumisalueessa.<\/p>\n\n\n\n<div style=\"height:176px\" aria-hidden=\"true\" class=\"wp-block-spacer\"><\/div>\n\n\n\n<figure class=\"wp-block-image size-large is-resized\"><img loading=\"lazy\" decoding=\"async\" width=\"1024\" height=\"167\" src=\"https:\/\/blogit.utu.fi\/lastenmetsa\/wp-content\/uploads\/sites\/691\/2023\/10\/Koneen_Saatio_logo_fineng_black-1024x167.png\" alt=\"\" class=\"wp-image-108\" style=\"width:379px;height:62px\" srcset=\"https:\/\/blogit.utu.fi\/lastenmetsa\/wp-content\/uploads\/sites\/691\/2023\/10\/Koneen_Saatio_logo_fineng_black-1024x167.png 1024w, https:\/\/blogit.utu.fi\/lastenmetsa\/wp-content\/uploads\/sites\/691\/2023\/10\/Koneen_Saatio_logo_fineng_black-300x49.png 300w, https:\/\/blogit.utu.fi\/lastenmetsa\/wp-content\/uploads\/sites\/691\/2023\/10\/Koneen_Saatio_logo_fineng_black-768x125.png 768w, https:\/\/blogit.utu.fi\/lastenmetsa\/wp-content\/uploads\/sites\/691\/2023\/10\/Koneen_Saatio_logo_fineng_black-1536x251.png 1536w, https:\/\/blogit.utu.fi\/lastenmetsa\/wp-content\/uploads\/sites\/691\/2023\/10\/Koneen_Saatio_logo_fineng_black-2048x334.png 2048w, https:\/\/blogit.utu.fi\/lastenmetsa\/wp-content\/uploads\/sites\/691\/2023\/10\/Koneen_Saatio_logo_fineng_black-432x70.png 432w\" sizes=\"auto, (max-width: 1024px) 100vw, 1024px\" \/><\/figure>\n\n\n\n<div style=\"height:55px\" aria-hidden=\"true\" class=\"wp-block-spacer\"><\/div>\n\n\n\n<figure class=\"wp-block-image size-full is-resized\"><img loading=\"lazy\" decoding=\"async\" width=\"1000\" height=\"495\" src=\"https:\/\/blogit.utu.fi\/lastenmetsa\/wp-content\/uploads\/sites\/691\/2023\/10\/edu-fi-musta.png\" alt=\"\" class=\"wp-image-109\" style=\"width:250px;height:124px\" srcset=\"https:\/\/blogit.utu.fi\/lastenmetsa\/wp-content\/uploads\/sites\/691\/2023\/10\/edu-fi-musta.png 1000w, https:\/\/blogit.utu.fi\/lastenmetsa\/wp-content\/uploads\/sites\/691\/2023\/10\/edu-fi-musta-300x149.png 300w, https:\/\/blogit.utu.fi\/lastenmetsa\/wp-content\/uploads\/sites\/691\/2023\/10\/edu-fi-musta-768x380.png 768w, https:\/\/blogit.utu.fi\/lastenmetsa\/wp-content\/uploads\/sites\/691\/2023\/10\/edu-fi-musta-432x214.png 432w\" sizes=\"auto, (max-width: 1000px) 100vw, 1000px\" \/><\/figure>\n","protected":false},"excerpt":{"rendered":"<p>Mit\u00e4 mets\u00e4 on lapselle ja lapsi mets\u00e4lle?&nbsp; T\u00e4m\u00e4 blogi on osa Lasten mets\u00e4 \u2013 Mets\u00e4eskarin matkassa tutkimushanketta. Hanke toteutetaan Turun yliopistossa Koneen s\u00e4\u00e4ti\u00f6n rahoituksella. Siin\u00e4 &hellip;<\/p>\n","protected":false},"author":44276,"featured_media":0,"parent":0,"menu_order":0,"comment_status":"closed","ping_status":"closed","template":"","meta":{"footnotes":""},"class_list":["post-50","page","type-page","status-publish","hentry"],"_links":{"self":[{"href":"https:\/\/blogit.utu.fi\/lastenmetsa\/wp-json\/wp\/v2\/pages\/50","targetHints":{"allow":["GET"]}}],"collection":[{"href":"https:\/\/blogit.utu.fi\/lastenmetsa\/wp-json\/wp\/v2\/pages"}],"about":[{"href":"https:\/\/blogit.utu.fi\/lastenmetsa\/wp-json\/wp\/v2\/types\/page"}],"author":[{"embeddable":true,"href":"https:\/\/blogit.utu.fi\/lastenmetsa\/wp-json\/wp\/v2\/users\/44276"}],"replies":[{"embeddable":true,"href":"https:\/\/blogit.utu.fi\/lastenmetsa\/wp-json\/wp\/v2\/comments?post=50"}],"version-history":[{"count":24,"href":"https:\/\/blogit.utu.fi\/lastenmetsa\/wp-json\/wp\/v2\/pages\/50\/revisions"}],"predecessor-version":[{"id":239,"href":"https:\/\/blogit.utu.fi\/lastenmetsa\/wp-json\/wp\/v2\/pages\/50\/revisions\/239"}],"wp:attachment":[{"href":"https:\/\/blogit.utu.fi\/lastenmetsa\/wp-json\/wp\/v2\/media?parent=50"}],"curies":[{"name":"wp","href":"https:\/\/api.w.org\/{rel}","templated":true}]}}