{"id":67,"date":"2024-02-05T11:13:24","date_gmt":"2024-02-05T09:13:24","guid":{"rendered":"https:\/\/blogit.utu.fi\/linnakaupunki\/?page_id=67"},"modified":"2024-03-28T10:19:42","modified_gmt":"2024-03-28T08:19:42","slug":"tutustu","status":"publish","type":"page","link":"https:\/\/blogit.utu.fi\/linnakaupunki\/tutustu\/","title":{"rendered":"Meist\u00e4"},"content":{"rendered":"\n<p>T\u00e4m\u00e4 verkkosivu on laadittu Turun yliopiston etnologian ja museologian oppiaineiden projektina kev\u00e4\u00e4ll\u00e4 2024. Projekti on alkanut museologian oppiaineen kurssina syksyll\u00e4 2023. Projektikurssilla perehdyttiin Turun kaupungin Historian ja tulevaisuuden museo -hankkeeseen. K\u00e4ynniss\u00e4 oli kaupungin j\u00e4rjest\u00e4m\u00e4 kansainv\u00e4linen, avoin arkkitehtuurikilpailu Historian ja tulevaisuuden museon uudisrakennuksesta. Samalla tutustuttiin k\u00e4ynniss\u00e4 olevaan Hyvinvoiva Linnakaupunki -tutkimushankkeeseen ja siin\u00e4 tuotettuihin aineistoihin. Projektisivulla tuodaan esille t\u00e4m\u00e4n hankkeen tutkimustuloksia sek\u00e4 Historian ja tulevaisuuden museon suunnitelmia ja arkkitehtuurikilpailun ehdokkaita.&nbsp;<\/p>\n\n\n\n<p>Osallistujat: Chukhina Anna, Drachman Nelly, Hiidensalo Tuuli, Jokinen Salla, Kantoniemi Ira, Kataja Venla, Korhonen Tuomas, K\u00e4renlampi Minna, Laiho Aino, Lindfors Ida, Luhta Kaisa, Muiluvuori Minna, M\u00e4nnikk\u00f6 Emilia, Nilsson Mia, Ruippo Veera, Ruokonen Salka, Sintonen Tessa, Tuhkanen Pihla, Uoti Liisa, Vahteristo Ella, Vieno Ella.&nbsp;&nbsp;<\/p>\n\n\n\n<p><strong>Yhteyshenkil\u00f6t: <\/strong><\/p>\n\n\n\n<p>Museologian yliopistonlehtori Maija M\u00e4ki <a href=\"mailto:maija.j.maki@utu.fi\" target=\"_blank\" rel=\"noreferrer noopener\">maija.j.maki@utu.fi<\/a>\u00a0<\/p>\n\n\n\n<p>Projektitutkija P\u00e4ivi Leinonen, <a href=\"mailto:pailei@utu.fi\" target=\"_blank\" rel=\"noreferrer noopener\">pailei@utu.fi<\/a>&nbsp;<\/p>\n\n\n\n<p><a href=\"https:\/\/www.utu.fi\/fi\/yliopisto\/humanistinen-tiedekunta\/etnologia\" target=\"_blank\" rel=\"noreferrer noopener\">Etnologian oppiaine | Turun yliopisto (utu.fi)<\/a>&nbsp;<\/p>\n\n\n\n<p><a href=\"https:\/\/www.utu.fi\/fi\/yliopisto\/humanistinen-tiedekunta\/museologia\" target=\"_blank\" rel=\"noreferrer noopener\">Museologian oppiaine | Turun yliopisto (utu.fi)<\/a>&nbsp;<\/p>\n\n\n\n<p><strong>Projektin&nbsp; yhteisty\u00f6tahot:<\/strong>&nbsp;<\/p>\n\n\n\n<p>Turun Museokeskus, Historian ja tulevaisuuden museo -hanke&nbsp;<\/p>\n\n\n\n<p>Hyvinvoiva Linnakaupunki, Hyvinvoinnin suunniteltu, koettu ja aistittu sosio-materiaalisuus Turun Linnakaupungissa -hanke 2023\u20132024 (Turun yliopisto ja \u00c5bo Akademi), Turun kaupunkitutkimusohjelma.&nbsp;<\/p>\n\n\n\n<p>Teksti: Mia Nilsson&nbsp;&nbsp;<\/p>\n","protected":false},"excerpt":{"rendered":"<p>T\u00e4m\u00e4 verkkosivu on laadittu Turun yliopiston etnologian ja museologian oppiaineiden projektina kev\u00e4\u00e4ll\u00e4 2024. Projekti on alkanut museologian oppiaineen kurssina syksyll\u00e4 2023. Projektikurssilla perehdyttiin Turun kaupungin Historian ja tulevaisuuden museo -hankkeeseen. K\u00e4ynniss\u00e4 oli kaupungin j\u00e4rjest\u00e4m\u00e4 kansainv\u00e4linen, avoin arkkitehtuurikilpailu Historian ja tulevaisuuden museon uudisrakennuksesta. Samalla tutustuttiin k\u00e4ynniss\u00e4 olevaan Hyvinvoiva Linnakaupunki -tutkimushankkeeseen ja siin\u00e4 tuotettuihin aineistoihin. Projektisivulla tuodaan&#8230; <\/p>\n<div class=\"link-more\"><a href=\"https:\/\/blogit.utu.fi\/linnakaupunki\/tutustu\/\">Read More<\/a><\/div>\n","protected":false},"author":1956,"featured_media":0,"parent":0,"menu_order":0,"comment_status":"closed","ping_status":"closed","template":"","meta":{"footnotes":""},"class_list":["post-67","page","type-page","status-publish","hentry"],"_links":{"self":[{"href":"https:\/\/blogit.utu.fi\/linnakaupunki\/wp-json\/wp\/v2\/pages\/67","targetHints":{"allow":["GET"]}}],"collection":[{"href":"https:\/\/blogit.utu.fi\/linnakaupunki\/wp-json\/wp\/v2\/pages"}],"about":[{"href":"https:\/\/blogit.utu.fi\/linnakaupunki\/wp-json\/wp\/v2\/types\/page"}],"author":[{"embeddable":true,"href":"https:\/\/blogit.utu.fi\/linnakaupunki\/wp-json\/wp\/v2\/users\/1956"}],"replies":[{"embeddable":true,"href":"https:\/\/blogit.utu.fi\/linnakaupunki\/wp-json\/wp\/v2\/comments?post=67"}],"version-history":[{"count":6,"href":"https:\/\/blogit.utu.fi\/linnakaupunki\/wp-json\/wp\/v2\/pages\/67\/revisions"}],"predecessor-version":[{"id":161,"href":"https:\/\/blogit.utu.fi\/linnakaupunki\/wp-json\/wp\/v2\/pages\/67\/revisions\/161"}],"wp:attachment":[{"href":"https:\/\/blogit.utu.fi\/linnakaupunki\/wp-json\/wp\/v2\/media?parent=67"}],"curies":[{"name":"wp","href":"https:\/\/api.w.org\/{rel}","templated":true}]}}