{"id":516,"date":"2017-05-10T13:44:38","date_gmt":"2017-05-10T13:44:38","guid":{"rendered":"https:\/\/blogit.utu.fi\/logistiikkaselvitys\/?page_id=516"},"modified":"2017-05-10T13:44:38","modified_gmt":"2017-05-10T13:44:38","slug":"yhteydenotto","status":"publish","type":"page","link":"https:\/\/blogit.utu.fi\/logistiikkaselvitys\/fi\/yhteydenotto\/","title":{"rendered":"Yhteydenotto"},"content":{"rendered":"<p>Logistiikkaselvityst\u00e4 koskevissa kysymyksiss\u00e4 voit ottaa yhteytt\u00e4<\/p>\n<p>Tomi Solakivi<br \/>\ntomi.solakivi@utu.fi<br \/>\n02 333 9637 \/ 050 502 7071<\/p>\n","protected":false},"excerpt":{"rendered":"<p>Logistiikkaselvityst\u00e4 koskevissa kysymyksiss\u00e4 voit ottaa yhteytt\u00e4 Tomi Solakivi tomi.solakivi@utu.fi 02 333 9637 \/ 050 502 7071<\/p>\n","protected":false},"author":2479,"featured_media":0,"parent":0,"menu_order":0,"comment_status":"closed","ping_status":"closed","template":"","meta":{"footnotes":""},"class_list":["post-516","page","type-page","status-publish","hentry","column","twocol"],"_links":{"self":[{"href":"https:\/\/blogit.utu.fi\/logistiikkaselvitys\/wp-json\/wp\/v2\/pages\/516","targetHints":{"allow":["GET"]}}],"collection":[{"href":"https:\/\/blogit.utu.fi\/logistiikkaselvitys\/wp-json\/wp\/v2\/pages"}],"about":[{"href":"https:\/\/blogit.utu.fi\/logistiikkaselvitys\/wp-json\/wp\/v2\/types\/page"}],"author":[{"embeddable":true,"href":"https:\/\/blogit.utu.fi\/logistiikkaselvitys\/wp-json\/wp\/v2\/users\/2479"}],"replies":[{"embeddable":true,"href":"https:\/\/blogit.utu.fi\/logistiikkaselvitys\/wp-json\/wp\/v2\/comments?post=516"}],"version-history":[{"count":1,"href":"https:\/\/blogit.utu.fi\/logistiikkaselvitys\/wp-json\/wp\/v2\/pages\/516\/revisions"}],"predecessor-version":[{"id":522,"href":"https:\/\/blogit.utu.fi\/logistiikkaselvitys\/wp-json\/wp\/v2\/pages\/516\/revisions\/522"}],"wp:attachment":[{"href":"https:\/\/blogit.utu.fi\/logistiikkaselvitys\/wp-json\/wp\/v2\/media?parent=516"}],"curies":[{"name":"wp","href":"https:\/\/api.w.org\/{rel}","templated":true}]}}