{"id":326,"date":"2019-01-28T15:08:28","date_gmt":"2019-01-28T15:08:28","guid":{"rendered":"https:\/\/blogit.utu.fi\/logonbaltic\/?page_id=326"},"modified":"2019-01-28T15:08:28","modified_gmt":"2019-01-28T15:08:28","slug":"southwest-finland","status":"publish","type":"page","link":"https:\/\/blogit.utu.fi\/logonbaltic\/southwest-finland\/","title":{"rendered":"Southwest Finland"},"content":{"rendered":"<p>Click <u> <span style=\"color: #ffa500\"> <a href=\"http:\/\/tseprojekti.utu.fi\/logonbaltic\/uudetsivut\/files\/LogOn%20Baltic%20Publications.pdf\" target=\"_blank\" rel=\"noopener\">here<\/a><\/span><\/u> for a list of published and upcoming reports<\/p>\n<p>13:2007<br \/>\n<a href=\"http:\/\/info.tse.fi\/logonbaltic\/aspdownload\/download.asp?DownloadID=138\" target=\"_blank\" rel=\"noopener\"> <span style=\"color: #ffa500\">REGIONAL DEVELOPMENT IN SOUTHWEST FINLAND &#8211; Development Measure Impact Analysis (DEMIA) on regional development related to logistics and ICT<\/span><\/a><br \/>\nKaisa Alapartanen and Heidi Leppim\u00e4ki (PDF\/0,4MB)<\/p>\n<p>25:2007<br \/>\n<span style=\"color: #ffa500\"> <a href=\"http:\/\/info.tse.fi\/logonbaltic\/aspdownload\/download.asp?DownloadID=115\" target=\"_blank\" rel=\"noopener\"> ICT SURVEY IN SOUTHWEST FINLAND<\/a><\/span><br \/>\nJuha L\u00e4ikk\u00f6 and Tomi Solakivi (PDF\/0,8MB)<\/p>\n<p>35:2007<br \/>\n<a href=\"http:\/\/info.tse.fi\/logonbaltic\/aspdownload\/download.asp?DownloadID=112\" target=\"_blank\" rel=\"noopener\"> <span style=\"color: #ffa500\">LOGISTICS SURVEY IN SOUTHWEST FINLAND<\/span><\/a><br \/>\nTomi Solakivi (PDF\/0,3MB)<\/p>\n<p>43:2007<br \/>\n<a href=\"http:\/\/info.tse.fi\/logonbaltic\/aspdownload\/download.asp?DownloadID=96\" target=\"_blank\" rel=\"noopener\"> <span style=\"color: #ffa500\">EXPERT INTERVIEWS IN SOUTHWEST FINLAND &#8211; Results and analysis of the intersectoral expert interviews in the field of logistics and ICT<\/span><\/a><br \/>\nMatti Takalokastari, Matias Suhonen, Petri Murto and Hilja-Maria Happonen (PDF\/0,6MB)<\/p>\n<p>53:2007<br \/>\n<a href=\"http:\/\/info.tse.fi\/logonbaltic\/aspdownload\/download.asp?DownloadID=170\" target=\"_blank\" rel=\"noopener\"> <span style=\"color: #ffa500\">REGIONAL LOGISTICS &amp; ICT PROFILE: SOUTHWEST FINLAND<\/span><\/a><br \/>\nJarmo Malmsten and Tomi Solakivi (PDF\/2,27MB)<\/p>\n<p><b>LogOn Baltic other reports<\/b><\/p>\n<p>70(FI):2007<br \/>\n<a href=\"http:\/\/info.tse.fi\/logonbaltic\/aspdownload\/download.asp?DownloadID=135\" target=\"_blank\" rel=\"noopener\"> <span style=\"color: #ffa500\">VARSINAIS-SUOMEN LOGISTINEN KILPAILUKYKY<\/span><\/a><br \/>\nMatti Takalokastari (toim.) (PDF\/0,2MB)<\/p>\n<p>Other reports in the LogOn Baltic publications series (not published by the Turku School of Economics<br \/>\n<a href=\"http:\/\/info.tse.fi\/logonbaltic\/aspdownload\/download.asp?DownloadID=141\" target=\"_blank\" rel=\"noopener\"><span style=\"color: #ffa500\">DEVELOPING PASSENGER AIR TRAFFIC IN TURKU<\/span><\/a><br \/>\nPekka Jaakkola (PDF\/1,5MB)<\/p>\n<p><a href=\"http:\/\/info.tse.fi\/logonbaltic\/aspdownload\/download.asp?DownloadID=150\" target=\"_blank\" rel=\"noopener\"> <span style=\"color: #ffa500\">ENTERPRISE ICT CUSTOMER ENQUIRY &#8211; YRITYS-ICT ASIAKASKYSELY<\/span><\/a><br \/>\nSari Vaihinen and Kalle Luhtinen (PDF\/0,2MB)<\/p>\n<p><a href=\"http:\/\/tseprojekti.utu.fi\/logonbaltic\/uudetsivut\/files\/LB_other_reports_3.pdf\" target=\"_blank\" rel=\"noopener\"> <span style=\"color: #ffa500\">TURKU-LOIMAA-TAMPERE KEHITYSK\u00c4YT\u00c4V\u00c4<\/span><\/a><br \/>\nLoimaan seutukunnan kehitt\u00e4miskeskus ja FCG Suunnittelukeskus Oy (PDF\/7,6MB)<\/p>\n<p><a href=\"https:\/\/blogit.utu.fi\/logonbaltic\/logon-baltic-reports-by-country-region\/\">Back&#8230;<\/a><\/p>\n","protected":false},"excerpt":{"rendered":"<p>Click here for a list of published and upcoming reports 13:2007 REGIONAL DEVELOPMENT IN SOUTHWEST FINLAND &#8211; Development Measure Impact Analysis (DEMIA) on regional development related to logistics and ICT Kaisa Alapartanen and Heidi Leppim\u00e4ki (PDF\/0,4MB) 25:2007 ICT SURVEY IN &hellip; <a href=\"https:\/\/blogit.utu.fi\/logonbaltic\/southwest-finland\/\">Continue reading <span class=\"meta-nav\">&rarr;<\/span><\/a><\/p>\n","protected":false},"author":2129,"featured_media":0,"parent":0,"menu_order":0,"comment_status":"closed","ping_status":"closed","template":"","meta":{"footnotes":""},"class_list":["post-326","page","type-page","status-publish","hentry"],"_links":{"self":[{"href":"https:\/\/blogit.utu.fi\/logonbaltic\/wp-json\/wp\/v2\/pages\/326","targetHints":{"allow":["GET"]}}],"collection":[{"href":"https:\/\/blogit.utu.fi\/logonbaltic\/wp-json\/wp\/v2\/pages"}],"about":[{"href":"https:\/\/blogit.utu.fi\/logonbaltic\/wp-json\/wp\/v2\/types\/page"}],"author":[{"embeddable":true,"href":"https:\/\/blogit.utu.fi\/logonbaltic\/wp-json\/wp\/v2\/users\/2129"}],"replies":[{"embeddable":true,"href":"https:\/\/blogit.utu.fi\/logonbaltic\/wp-json\/wp\/v2\/comments?post=326"}],"version-history":[{"count":1,"href":"https:\/\/blogit.utu.fi\/logonbaltic\/wp-json\/wp\/v2\/pages\/326\/revisions"}],"predecessor-version":[{"id":329,"href":"https:\/\/blogit.utu.fi\/logonbaltic\/wp-json\/wp\/v2\/pages\/326\/revisions\/329"}],"wp:attachment":[{"href":"https:\/\/blogit.utu.fi\/logonbaltic\/wp-json\/wp\/v2\/media?parent=326"}],"curies":[{"name":"wp","href":"https:\/\/api.w.org\/{rel}","templated":true}]}}