{"id":332,"date":"2019-01-28T15:09:53","date_gmt":"2019-01-28T15:09:53","guid":{"rendered":"https:\/\/blogit.utu.fi\/logonbaltic\/?page_id=332"},"modified":"2019-01-28T15:09:53","modified_gmt":"2019-01-28T15:09:53","slug":"ostergotland-sweden","status":"publish","type":"page","link":"https:\/\/blogit.utu.fi\/logonbaltic\/ostergotland-sweden\/","title":{"rendered":"\u00d6sterg\u00f6tland, Sweden"},"content":{"rendered":"<p>Click <u> <span style=\"color: #ffa500\"> <a href=\"http:\/\/tseprojekti.utu.fi\/logonbaltic\/uudetsivut\/files\/LogOn%20Baltic%20Publications.pdf\" target=\"_blank\" rel=\"noopener\">here<\/a><\/span><\/u> for a list of published and upcoming reports<\/p>\n<p>18:2007<br \/>\n<a href=\"http:\/\/info.tse.fi\/logonbaltic\/aspdownload\/download.asp?DownloadID=143\" target=\"_blank\" rel=\"noopener\"> <span style=\"color: #ffa500\">REGIONAL DEVELOPMENT IN \u00d6STERG\u00d6TLAND, SWEDEN Development Measure Impact Analysis (DEMIA) on regional development related to logistics and ICT<\/span><\/a><br \/>\nH\u00e5kan Aronsson and Staffan Eklind (PDF\/0,4MB)<\/p>\n<p>28:2007<br \/>\n<a href=\"http:\/\/info.tse.fi\/logonbaltic\/aspdownload\/download.asp?DownloadID=118\" target=\"_blank\" rel=\"noopener\"> <span style=\"color: #ffa500\">ICT SURVEY IN \u00d6STERGOTLAND, SWEDEN<\/span><\/a><br \/>\nNaveen Kumar, H\u00e5kan Aronsson and Tomi Solakivi (PDF\/0,8MB<\/p>\n<p>38:2007<br \/>\n<a href=\"http:\/\/info.tse.fi\/logonbaltic\/aspdownload\/download.asp?DownloadID=119\" target=\"_blank\" rel=\"noopener\"> <span style=\"color: #ffa500\">LOGISTICS SURVEY IN \u00d6STERG\u00d6TLAND, SWEDEN<\/span><\/a><br \/>\nH\u00e5kan Aronsson, Naveen Kumar and Tomi Solakivi (PDF\/0,3MB)<\/p>\n<p>48:2007<br \/>\n<a href=\"http:\/\/info.tse.fi\/logonbaltic\/aspdownload\/download.asp?DownloadID=99\" target=\"_blank\" rel=\"noopener\"> <span style=\"color: #ffa500\">EXPERT INTERVIEWS IN \u00d6STERG\u00d6TLAND, SWEDEN &#8211; Results and analysis of the intersectoral expert interviews in the field of logistics and ICT <\/span><\/a><br \/>\nH\u00e5kan Aronsson, Staffan Eklind and Naveen Kumar (PDF\/0,6MB)<\/p>\n<p>58:2007<br \/>\n<a href=\"http:\/\/info.tse.fi\/logonbaltic\/aspdownload\/download.asp?DownloadID=151\" target=\"_blank\" rel=\"noopener\"> <span style=\"color: #ffa500\">REGIONAL LOGISTICS &amp; ICT PROFILE:<br \/>\n\u00d6STERG\u00d6TLAND, SWEDEN<\/span><\/a><br \/>\nH\u00e5kan Aronsson, Naveen Kumar and Staffan Eklind(PDF\/0,5MB)<\/p>\n<p><a href=\"https:\/\/blogit.utu.fi\/logonbaltic\/logon-baltic-reports-by-country-region\/\">Back&#8230;<\/a><\/p>\n","protected":false},"excerpt":{"rendered":"<p>Click here for a list of published and upcoming reports 18:2007 REGIONAL DEVELOPMENT IN \u00d6STERG\u00d6TLAND, SWEDEN Development Measure Impact Analysis (DEMIA) on regional development related to logistics and ICT H\u00e5kan Aronsson and Staffan Eklind (PDF\/0,4MB) 28:2007 ICT SURVEY IN \u00d6STERGOTLAND, &hellip; <a href=\"https:\/\/blogit.utu.fi\/logonbaltic\/ostergotland-sweden\/\">Continue reading <span class=\"meta-nav\">&rarr;<\/span><\/a><\/p>\n","protected":false},"author":2129,"featured_media":0,"parent":0,"menu_order":0,"comment_status":"closed","ping_status":"closed","template":"","meta":{"footnotes":""},"class_list":["post-332","page","type-page","status-publish","hentry"],"_links":{"self":[{"href":"https:\/\/blogit.utu.fi\/logonbaltic\/wp-json\/wp\/v2\/pages\/332","targetHints":{"allow":["GET"]}}],"collection":[{"href":"https:\/\/blogit.utu.fi\/logonbaltic\/wp-json\/wp\/v2\/pages"}],"about":[{"href":"https:\/\/blogit.utu.fi\/logonbaltic\/wp-json\/wp\/v2\/types\/page"}],"author":[{"embeddable":true,"href":"https:\/\/blogit.utu.fi\/logonbaltic\/wp-json\/wp\/v2\/users\/2129"}],"replies":[{"embeddable":true,"href":"https:\/\/blogit.utu.fi\/logonbaltic\/wp-json\/wp\/v2\/comments?post=332"}],"version-history":[{"count":1,"href":"https:\/\/blogit.utu.fi\/logonbaltic\/wp-json\/wp\/v2\/pages\/332\/revisions"}],"predecessor-version":[{"id":335,"href":"https:\/\/blogit.utu.fi\/logonbaltic\/wp-json\/wp\/v2\/pages\/332\/revisions\/335"}],"wp:attachment":[{"href":"https:\/\/blogit.utu.fi\/logonbaltic\/wp-json\/wp\/v2\/media?parent=332"}],"curies":[{"name":"wp","href":"https:\/\/api.w.org\/{rel}","templated":true}]}}