{"id":728,"date":"2019-01-29T12:48:39","date_gmt":"2019-01-29T12:48:39","guid":{"rendered":"https:\/\/blogit.utu.fi\/logonbaltic\/?page_id=728"},"modified":"2019-01-29T12:53:59","modified_gmt":"2019-01-29T12:53:59","slug":"logon-baltic-other-reports","status":"publish","type":"page","link":"https:\/\/blogit.utu.fi\/logonbaltic\/logon-baltic-other-reports\/","title":{"rendered":"LogOn Baltic other reports"},"content":{"rendered":"<p>Click <u> <a href=\"https:\/\/blogit.utu.fi\/logonbaltic\/wp-content\/uploads\/sites\/269\/2019\/01\/LogOn-Baltic-Publications.pdf\" target=\"_blank\" rel=\"noopener\">here<\/a><\/u> for a list of published and upcoming reports<\/p>\n<p><b>LogOn Baltic other reports<\/b><\/p>\n<p>70(FI):2007<br \/>\n<a href=\"https:\/\/blogit.utu.fi\/logonbaltic\/wp-content\/uploads\/sites\/269\/2019\/01\/LB_Regional_reports_70FI_2007.pdf\" target=\"_blank\" rel=\"noopener\"> <span style=\"color: #ffa500\">VARSINAIS-SUOMEN LOGISTINEN KILPAILUKYKY<\/span><\/a><br \/>\nMatti Takalokastari (toim.) (PDF\/0,2MB<\/p>\n<p>71:2007<br \/>\nN\/A<\/p>\n<p>72:2007<br \/>\nN\/A<\/p>\n<p>Other reports in the LogOn Baltic publications series (not published by the Turku School of Economics)<\/p>\n<p><a href=\"https:\/\/blogit.utu.fi\/logonbaltic\/wp-content\/uploads\/sites\/269\/2019\/01\/LB_other_reports_1.pdf\" target=\"_blank\" rel=\"noopener\"> <span style=\"color: #ffa500\">DEVELOPING PASSENGER AIR TRAFFIC IN TURKU<\/span><\/a><br \/>\nPekka Jaakkola (PDF\/1,5MB)<\/p>\n<p><a href=\"https:\/\/blogit.utu.fi\/logonbaltic\/wp-content\/uploads\/sites\/269\/2019\/01\/LB_other_reports_2.pdf\" target=\"_blank\" rel=\"noopener\"> <span style=\"color: #ffa500\">ENTERPRISE ICT CUSTOMER ENQUIRY &#8211; YRITYS-ICT ASIAKASKYSELY<\/span><\/a><br \/>\nSari Vaihinen and Kalle Luhtinen (PDF\/0,2MB)<\/p>\n<p><a href=\"https:\/\/blogit.utu.fi\/logonbaltic\/wp-content\/uploads\/sites\/269\/2019\/01\/LB_other_reports_3.pdf\" target=\"_blank\" rel=\"noopener\"> <span style=\"color: #ffa500\">TURKU-LOIMAA-TAMPERE KEHITYSK\u00c4YT\u00c4V\u00c4<\/span><\/a><br \/>\nLoimaan seutukunnan kehitt\u00e4miskeskus ja FCG Suunnittelukeskus Oy (PDF\/7,6MB)<\/p>\n<p><a href=\"https:\/\/blogit.utu.fi\/logonbaltic\/logon-baltic-reports\/\">Back&#8230;<\/a><\/p>\n","protected":false},"excerpt":{"rendered":"<p>Click here for a list of published and upcoming reports LogOn Baltic other reports 70(FI):2007 VARSINAIS-SUOMEN LOGISTINEN KILPAILUKYKY Matti Takalokastari (toim.) (PDF\/0,2MB 71:2007 N\/A 72:2007 N\/A Other reports in the LogOn Baltic publications series (not published by the Turku School &hellip; <a href=\"https:\/\/blogit.utu.fi\/logonbaltic\/logon-baltic-other-reports\/\">Continue reading <span class=\"meta-nav\">&rarr;<\/span><\/a><\/p>\n","protected":false},"author":2129,"featured_media":0,"parent":0,"menu_order":0,"comment_status":"closed","ping_status":"closed","template":"","meta":{"footnotes":""},"class_list":["post-728","page","type-page","status-publish","hentry"],"_links":{"self":[{"href":"https:\/\/blogit.utu.fi\/logonbaltic\/wp-json\/wp\/v2\/pages\/728","targetHints":{"allow":["GET"]}}],"collection":[{"href":"https:\/\/blogit.utu.fi\/logonbaltic\/wp-json\/wp\/v2\/pages"}],"about":[{"href":"https:\/\/blogit.utu.fi\/logonbaltic\/wp-json\/wp\/v2\/types\/page"}],"author":[{"embeddable":true,"href":"https:\/\/blogit.utu.fi\/logonbaltic\/wp-json\/wp\/v2\/users\/2129"}],"replies":[{"embeddable":true,"href":"https:\/\/blogit.utu.fi\/logonbaltic\/wp-json\/wp\/v2\/comments?post=728"}],"version-history":[{"count":6,"href":"https:\/\/blogit.utu.fi\/logonbaltic\/wp-json\/wp\/v2\/pages\/728\/revisions"}],"predecessor-version":[{"id":761,"href":"https:\/\/blogit.utu.fi\/logonbaltic\/wp-json\/wp\/v2\/pages\/728\/revisions\/761"}],"wp:attachment":[{"href":"https:\/\/blogit.utu.fi\/logonbaltic\/wp-json\/wp\/v2\/media?parent=728"}],"curies":[{"name":"wp","href":"https:\/\/api.w.org\/{rel}","templated":true}]}}