{"id":522,"date":"2025-01-15T09:19:33","date_gmt":"2025-01-15T09:19:33","guid":{"rendered":"https:\/\/blogit.utu.fi\/luha\/?page_id=522"},"modified":"2025-12-04T11:56:22","modified_gmt":"2025-12-04T11:56:22","slug":"yleista","status":"publish","type":"page","link":"https:\/\/blogit.utu.fi\/luha\/","title":{"rendered":"Yleisesti"},"content":{"rendered":"\n<p><\/p>\n\n\n\n<p><strong>Tutkimme Turun yliopistossa eri projekteissa ihmisten v\u00e4list\u00e4 yhteisty\u00f6t\u00e4 ja luonnonvarojen hallintaa sek\u00e4 mets\u00e4st\u00e4jien jakaumaa ja asenteita mets\u00e4styst\u00e4 kohtaan. Etsimme vastauksia muun muassa seuraaviin kysymyksiin: milloin onnistumme hallitsemaan yhteisi\u00e4 luonnonvarojamme kest\u00e4v\u00e4sti? Miten mets\u00e4stys, mets\u00e4st\u00e4j\u00e4t ja hirviel\u00e4imet sijoittuvat nyky-yhteiskuntaamme?<\/strong><\/p>\n\n\n\n<p><strong>Perehdymme useisiin tapaustutkimuksiin, kuten kaupunkiviljelylaatikoiden hoitoon, yhteismetsiin sek\u00e4 hirven ja valkoh\u00e4nt\u00e4peuran mets\u00e4stykseen. Lis\u00e4ksi tarkastelemme mets\u00e4st\u00e4jien m\u00e4\u00e4r\u00e4\u00e4, yhteiskunnan suhtautumista mets\u00e4stykseen, mets\u00e4styksen jatkuvuutta ja sosiaalista kest\u00e4vyytt\u00e4 sek\u00e4 sit\u00e4, miten media esitt\u00e4\u00e4 mets\u00e4styksen ja hirviel\u00e4imet.<\/strong><\/p>\n\n\n\n<p><strong>L\u00e4hestymme aihetta monitieteisesti yhdist\u00e4en luonnontieteellisen evoluutiobiologian, yhteiskuntatieteellisen n\u00e4k\u00f6kulman ja sosiologian. N\u00e4in voimme ymm\u00e4rt\u00e4\u00e4 sek\u00e4 ekologisia ett\u00e4 yhteiskunnallisia prosesseja, jotka muovaavat luonnonvarojen hallintaa ja ihmisten toimintaa niiden parissa. <\/strong><\/p>\n\n\n\n<p><strong>Projekteista julkaistaan tieteellisi\u00e4 artikkeleita sek\u00e4 uutisia, ja tutkimustuloksista raportoidaan my\u00f6s t\u00e4ll\u00e4 alustalla. N\u00e4in edist\u00e4mme tutkimustiedon saavutettavuutta ja sen hy\u00f6dynt\u00e4mist\u00e4 niin akateemisessa yhteis\u00f6ss\u00e4 kuin laajemmin yhteiskunnallisessa p\u00e4\u00e4t\u00f6ksenteossa ja kansalaiskeskustelussa<\/strong><\/p>\n\n\n\n<p>&#8212;&#8212;&#8212;&#8212;&#8212;&#8212;&#8212;&#8212;&#8212;&#8212;&#8212;&#8212;&#8212;&#8212;&#8212;&#8212;&#8212;&#8212;&#8212;&#8212;&#8212;&#8212;&#8212;&#8212;&#8212;&#8212;&#8212;&#8212;&#8212;&#8212;&#8212;&#8212;&#8212;&#8212;<\/p>\n\n\n\n<p><strong>At the University of Turku, we conduct research in various projects on human collaboration, natural resource management, and the distribution of hunters and attitudes towards hunting. Our research seeks to answer key questions such as: Under what conditions can we sustainably manage shared natural resources? How do hunting, hunters, and cervids fit into contemporary society?<\/strong><\/p>\n\n\n\n<p><strong>We examine several case studies, including the management of urban garden boxes, jointly owned forests, and the hunting of moose and white-tailed deer. Additionally, we analyse the number of hunters, societal acceptance of hunting, the continuity and social sustainability of hunting, and how the media portrays hunting and cervids.<\/strong><\/p>\n\n\n\n<p><strong>Our research takes a multidisciplinary approach, combining perspectives from evolutionary biology, social sciences, and sociology. This allows us to understand both ecological and societal processes that shape natural resource management and human interactions with these resources.<\/strong><\/p>\n\n\n\n<p><strong>Our projects result in scientific publications and news articles, and research findings are also reported on this platform. In doing so, we promote the accessibility of research knowledge and its application not only within the academic community but also in broader societal decision-making and public discourse.<\/strong><\/p>\n\n\n\n<p><\/p>\n\n\n\n<h2 class=\"wp-block-heading\"><strong>Julkaisut<\/strong>:<\/h2>\n\n\n\n<h4 class=\"wp-block-heading\">Tieteelliset julkaisut<\/h4>\n\n\n\n<ul class=\"wp-block-list\">\n<li>Tuominen, L. S., Helanter\u00e4, H., Karell, P., Rapeli, L., Vuorisalo, T., &amp; Brommer, J. E. (<strong>2024<\/strong>). Evidence of COVID-19 pandemic influence on well-being produced by urban gardening: a before-after study. npj Urban Sustainability, 4(1), 40.<\/li>\n\n\n\n<li>Tuominen, L. S., Wikstr\u00f6m, M., Helanter\u00e4, H., Karell, P., Pusenius, J., Rapeli, L., &#8230; &amp; Brommer, J. E. (<strong>2023<\/strong>). Factors promoting hunting groups\u2019 sustainable harvest of moose in a co-management system. Scientific Reports, 13(1), 21076.<\/li>\n\n\n\n<li>Tuominen, L. S., Helle, S., Helanter\u00e4, H., Karell, P., Rapeli, L., Richmond, D., Vuorisalo T. &amp; Brommer, J. E. (<strong>2022<\/strong>). Structural equation modeling reveals decoupling of ecological and self-perceived outcomes in a garden box social-ecological system. Scientific Reports, 12(1), 6425.<\/li>\n<\/ul>\n\n\n\n<h4 class=\"wp-block-heading\">Muut julkaisut<\/h4>\n\n\n\n<ul class=\"wp-block-list\">\n<li>Perkkola M., Tuominen L., Wikstr\u00f6m M. &amp; Brommer J. (2025). Mets\u00e4stys ja hirviel\u00e4imet suomalaisessa mediassa. UTUPub, Turun yliopisto &amp; Suomen riistakeskus.<a href=\"https:\/\/urn.fi\/URN:ISBN:978-952-02-0472-3\"> https:\/\/urn.fi\/URN:ISBN:978-952-02-0472-3<\/a><\/li>\n\n\n\n<li>Perkkola M., Wikstr\u00f6m M. &amp; Brommer J. (2025). Yhteiskunnan suhtautuminen mets\u00e4stykseen. UTUPub, Turun yliopisto &amp; Suomen riistakeskus. <a href=\"https:\/\/urn.fi\/URN:ISBN:978-952-02-0086-2\">https:\/\/urn.fi\/URN:ISBN:978-952-02-0086-2<\/a><\/li>\n\n\n\n<li>Perkkola M., Tuominen L., Wikstr\u00f6m M. &amp; Brommer J. E. (2024). Suomen mets\u00e4st\u00e4j\u00e4m\u00e4\u00e4rien taustatekij\u00f6iden selvitt\u00e4minen: m\u00e4\u00e4r\u00e4n vaihtelu riistakeskusalueittain. Turun yliopisto &amp; Suomen Riistakeskus. <a href=\"https:\/\/www.utupub.fi\/handle\/10024\/179001\">https:\/\/www.utupub.fi\/handle\/10024\/179001<\/a><\/li>\n\n\n\n<li>Tuominen L., Wikstr\u00f6m M., &amp; Brommer J. (2022) Maanomistajien suhtautuminen kaupalliseen mets\u00e4stykseen. Turun Yliopisto &amp; Suomen Riistakeskus. <em>Julkaistu kehitt\u00e4mis- tai tutkimusraportti taikka<br>-selvitys<\/em><a href=\"https:\/\/urn.fi\/URN:ISBN:978-951-29-9443-4\"><em>https:\/\/urn.fi\/URN:ISBN:978-951-29-9443-4<\/em><\/a><\/li>\n\n\n\n<li>Tuominen L., Wikstr\u00f6m M., &amp; Brommer J. (2022) Mets\u00e4stysseurojen ja -seurueiden n\u00e4kemykset valkoh\u00e4nt\u00e4peuranlihan myymisest\u00e4 ja mets\u00e4stysvieraiden vastaanottamisesta. Turun Yliopisto &amp; Suomen Riistakeskus. <em>Artikkeli ammatillisessa kokoomateoksessa<\/em> <a href=\"http:\/\/www.theseus.fi\/handle\/10024\/780508\">http:\/\/www.theseus.fi\/handle\/10024\/780508<\/a><\/li>\n\n\n\n<li>Tuominen L., Wikstr\u00f6m M., &amp; Brommer J. (2022) Hirviel\u00e4inmets\u00e4styksen arvo maanomistajille taloudellisesta n\u00e4k\u00f6kulmasta. Turun Yliopisto &amp; Suomen Riistakeskus. <em>Julkaistu kehitt\u00e4mis- tai tutkimusraportti taikka -selvitys. <\/em><a href=\"https:\/\/urn.fi\/URN:ISBN:978-951-29-9441-0\"><em>https:\/\/urn.fi\/URN:ISBN:978-951-29-9441-0<\/em><\/a><\/li>\n\n\n\n<li>Tuominen L., Wikstr\u00f6m M., &amp; Brommer J. (2022) Mets\u00e4stysseurojen ja -seurueiden n\u00e4kemykset hirviel\u00e4inkantojen hoidosta ja p\u00e4\u00e4t\u00f6ksenteosta. Turun Yliopisto &amp; Suomen Riistakeskus.<em> Julkaistu kehitt\u00e4mis- tai tutkimusraportti taikka -selvitys. <\/em><a href=\"https:\/\/urn.fi\/URN:ISBN:978-951-29-9440-3\"><em>https:\/\/urn.fi\/URN:ISBN:978-951-29-9440-3<\/em><\/a><\/li>\n\n\n\n<li>Tuominen L., Wikstr\u00f6m M., &amp; Brommer J. (2022) Maanomistajien aktiivisuus hirviel\u00e4invahinkojen ennaltaehk\u00e4isemisess\u00e4. Turun Yliopisto &amp; Suomen Riistakeskus. <em>Julkaistu kehitt\u00e4mis- tai tutkimusraportti taikka -selvitys. <\/em><a href=\"https:\/\/urn.fi\/URN:ISBN:978-951-29-9442-7\"><em>https:\/\/urn.fi\/URN:ISBN:978-951-29-9442-7<\/em><\/a><\/li>\n\n\n\n<li>Tuominen L., Wikstr\u00f6m M., &amp; Brommer J. (2022) Maanomistajien suhtautuminen hirviel\u00e4imiin. Turun Yliopisto &amp; Suomen Riistakeskus. <em>Julkaistu kehitt\u00e4mis- tai tutkimusraportti taikka -selvitys.<\/em> <a href=\"https:\/\/urn.fi\/URN:ISBN:978-951-29-9444-1\"><em>https:\/\/urn.fi\/URN:ISBN:978-951-29-9444-1<\/em><\/a><\/li>\n<\/ul>\n\n\n\n<h4 class=\"wp-block-heading\">Uutiset<\/h4>\n\n\n\n<ul class=\"wp-block-list\">\n<li>Vallinheimo E. (2025). Joka nelj\u00e4s suomalainen ei tunne yht\u00e4\u00e4n mets\u00e4st\u00e4j\u00e4\u00e4 \u2013 t\u00e4m\u00e4 vaikutus sill\u00e4 on asenteisiin mets\u00e4styst\u00e4 kohtaan. <em>Maaseudun Tulevaisuus<\/em>. <a href=\"https:\/\/www.maaseuduntulevaisuus.fi\/metsa\/aa4aa8d7-1aba-425d-bc70-8ad39b71a0f2\">https:\/\/www.maaseuduntulevaisuus.fi\/metsa\/aa4aa8d7-1aba-425d-bc70-8ad39b71a0f2<\/a><\/li>\n\n\n\n<li>Wikstr\u00f6m M., Perkkola M. &amp; Brommer J. E. (2025). Muuttaako kaupungistuminen suhtautumista mets\u00e4stykseen? <em>Mets\u00e4st\u00e4j\u00e4<\/em>.<a href=\"https:\/\/metsastajalehti.fi\/ajankohtaista\/muuttaako-kaupungistuminen-suhtautumista-metsastykseen\/\"> https:\/\/metsastajalehti.fi\/ajankohtaista\/muuttaako-kaupungistuminen-suhtautumista-metsastykseen\/<\/a><\/li>\n\n\n\n<li>Perkkola M., Wikstr\u00f6m M. &amp; Brommer J. E. (2025). Mets\u00e4st\u00e4j\u00e4m\u00e4\u00e4r\u00e4 hupenee, jos riistakannat hupenevat. <em>Mets\u00e4st\u00e4j\u00e4<\/em>. <a href=\"https:\/\/metsastajalehti.fi\/tutkittua\/metsastajamaara-hupenee-jos-riistakannat-hupenevat\/\">https:\/\/metsastajalehti.fi\/tutkittua\/metsastajamaara-hupenee-jos-riistakannat-hupenevat\/<\/a><\/li>\n\n\n\n<li>Tuominen L. (2024). Kaupunkiviljely helpotti koronapandemian aikaista ahdistusta. <em>Yle<\/em>. <a href=\"https:\/\/yle.fi\/a\/74-20103596\">https:\/\/yle.fi\/a\/74-20103596<\/a><\/li>\n\n\n\n<li>Tuominen L. (2024). Tutkimus: Kest\u00e4v\u00e4 mets\u00e4stys nojaa luottamukseen, toimivaan mets\u00e4stysryhm\u00e4\u00e4n ja vakaisiin saalism\u00e4\u00e4riin. <em>Maaseudun Tulevaisuus<\/em>. <a href=\"https:\/\/www.maaseuduntulevaisuus.fi\/metsa\/c8bbdd5b-52a9-4c2f-8c30-66a1c90f011d\">https:\/\/www.maaseuduntulevaisuus.fi\/metsa\/c8bbdd5b-52a9-4c2f-8c30-66a1c90f011d<\/a><\/li>\n\n\n\n<li>Wikstr\u00f6m M., Tuominen L. &amp; Brommer J. E. (2023). Maanomistajat hy\u00f6tyv\u00e4t suurista hirviel\u00e4inm\u00e4\u00e4rist\u00e4. <em>Mets\u00e4st\u00e4j\u00e4<\/em>. <a href=\"https:\/\/metsastajalehti.fi\/riista\/maanomistajat-hyotyvat-suurista-hirvielainmaarista\/\">https:\/\/metsastajalehti.fi\/riista\/maanomistajat-hyotyvat-suurista-hirvielainmaarista\/<\/a><\/li>\n\n\n\n<li>PODCAST: Tuominen L. (2023). Tiedelinja: Ketokukista laatikkoviljelyyn &#8211; miten hy\u00f6dymme kaupunkien vehreydest\u00e4? <a href=\"https:\/\/sites.utu.fi\/landscape\/kuuntele-tiedelinja-ketokukista-laatikkoviljelyyn-miten-hyodymme-kaupunkien-vehreydesta\/\">https:\/\/sites.utu.fi\/landscape\/kuuntele-tiedelinja-ketokukista-laatikkoviljelyyn-miten-hyodymme-kaupunkien-vehreydesta\/<\/a><\/li>\n\n\n\n<li>Tuominen L. (2022) Viljelylaatikot luonnonvarana &#8211; monimuotoisuutta, rentoutumista ja mielihyv\u00e4\u00e4 kaupungissa. <a href=\"https:\/\/www.turku.fi\/uutinen\/2022-02-28_viljelylaatikot-luonnonvarana-monimuotoisuutta-rentoutumista-ja-mielihyvaa\">https:\/\/www.turku.fi\/uutinen\/2022-02-28_viljelylaatikot-luonnonvarana-monimuotoisuutta-rentoutumista-ja-mielihyvaa<\/a><\/li>\n<\/ul>\n\n\n\n<h4 class=\"wp-block-heading\">V\u00e4it\u00f6skirjat<\/h4>\n\n\n\n<ul class=\"wp-block-list\">\n<li>Tuominen L. (2024). Sustainable Management of Social-Ecological Systems &#8211; Insights into the importance of resource users. <em>University of Turku<\/em>. <a href=\"https:\/\/www.utupub.fi\/handle\/10024\/178122\">https:\/\/www.utupub.fi\/handle\/10024\/178122<\/a><\/li>\n<\/ul>\n\n\n\n<p><\/p>\n","protected":false},"excerpt":{"rendered":"<p>Tutkimme Turun yliopistossa eri projekteissa ihmisten v\u00e4list\u00e4 yhteisty\u00f6t\u00e4 ja luonnonvarojen hallintaa sek\u00e4 mets\u00e4st\u00e4jien jakaumaa ja asenteita mets\u00e4styst\u00e4 kohtaan. Etsimme vastauksia muun muassa seuraaviin kysymyksiin: milloin onnistumme hallitsemaan yhteisi\u00e4 luonnonvarojamme kest\u00e4v\u00e4sti? Miten mets\u00e4stys, mets\u00e4st\u00e4j\u00e4t ja hirviel\u00e4imet sijoittuvat nyky-yhteiskuntaamme? Perehdymme useisiin tapaustutkimuksiin, kuten kaupunkiviljelylaatikoiden hoitoon, yhteismetsiin sek\u00e4 hirven ja valkoh\u00e4nt\u00e4peuran mets\u00e4stykseen. Lis\u00e4ksi tarkastelemme mets\u00e4st\u00e4jien m\u00e4\u00e4r\u00e4\u00e4, yhteiskunnan suhtautumista [&hellip;]<\/p>\n","protected":false},"author":17951,"featured_media":0,"parent":0,"menu_order":0,"comment_status":"closed","ping_status":"closed","template":"","meta":{"footnotes":""},"class_list":["post-522","page","type-page","status-publish","hentry","post-preview"],"_links":{"self":[{"href":"https:\/\/blogit.utu.fi\/luha\/wp-json\/wp\/v2\/pages\/522","targetHints":{"allow":["GET"]}}],"collection":[{"href":"https:\/\/blogit.utu.fi\/luha\/wp-json\/wp\/v2\/pages"}],"about":[{"href":"https:\/\/blogit.utu.fi\/luha\/wp-json\/wp\/v2\/types\/page"}],"author":[{"embeddable":true,"href":"https:\/\/blogit.utu.fi\/luha\/wp-json\/wp\/v2\/users\/17951"}],"replies":[{"embeddable":true,"href":"https:\/\/blogit.utu.fi\/luha\/wp-json\/wp\/v2\/comments?post=522"}],"version-history":[{"count":14,"href":"https:\/\/blogit.utu.fi\/luha\/wp-json\/wp\/v2\/pages\/522\/revisions"}],"predecessor-version":[{"id":631,"href":"https:\/\/blogit.utu.fi\/luha\/wp-json\/wp\/v2\/pages\/522\/revisions\/631"}],"wp:attachment":[{"href":"https:\/\/blogit.utu.fi\/luha\/wp-json\/wp\/v2\/media?parent=522"}],"curies":[{"name":"wp","href":"https:\/\/api.w.org\/{rel}","templated":true}]}}