{"id":612,"date":"2025-02-11T09:16:27","date_gmt":"2025-02-11T09:16:27","guid":{"rendered":"https:\/\/blogit.utu.fi\/luha\/?page_id=612"},"modified":"2025-12-04T12:02:28","modified_gmt":"2025-12-04T12:02:28","slug":"media-metsastys-ja-riistakannat","status":"publish","type":"page","link":"https:\/\/blogit.utu.fi\/luha\/media-metsastys-ja-riistakannat\/","title":{"rendered":"Media, mets\u00e4stys ja riistakannat"},"content":{"rendered":"\n<p>Raportti:<\/p>\n\n\n\n<ul class=\"wp-block-list\">\n<li>Perkkola M., Tuominen L., Wikstr\u00f6m M. &amp; Brommer J. (2025). Mets\u00e4stys ja hirviel\u00e4imet suomalaisessa mediassa. UTUPub, Turun yliopisto &amp; Suomen riistakeskus.<a href=\"https:\/\/urn.fi\/URN:ISBN:978-952-02-0472-3\"> https:\/\/urn.fi\/URN:ISBN:978-952-02-0472-3<\/a><\/li>\n<\/ul>\n\n\n\n<p>Uutiset:<\/p>\n\n\n\n<ul class=\"wp-block-list\">\n<li>Perkkola M., Tuominen L., Wikstr\u00f6m M. &amp; Brommer J. (2025). Sanomalehdet kertovat hirviel\u00e4imist\u00e4 ja mets\u00e4styksest\u00e4 eri tavoin. Turun yliopisto, uutinen. <a href=\"https:\/\/www.utu.fi\/fi\/ajankohtaista\/uutinen\/sanomalehdet-kertovat-hirvielaimista-ja-metsastyksesta-eri-tavoin\">https:\/\/www.utu.fi\/fi\/ajankohtaista\/uutinen\/sanomalehdet-kertovat-hirvielaimista-ja-metsastyksesta-eri-tavoin<\/a><\/li>\n<\/ul>\n\n\n\n<p><\/p>\n","protected":false},"excerpt":{"rendered":"<p>Raportti: Uutiset:<\/p>\n","protected":false},"author":17951,"featured_media":0,"parent":0,"menu_order":0,"comment_status":"closed","ping_status":"closed","template":"","meta":{"footnotes":""},"class_list":["post-612","page","type-page","status-publish","hentry","post-preview"],"_links":{"self":[{"href":"https:\/\/blogit.utu.fi\/luha\/wp-json\/wp\/v2\/pages\/612","targetHints":{"allow":["GET"]}}],"collection":[{"href":"https:\/\/blogit.utu.fi\/luha\/wp-json\/wp\/v2\/pages"}],"about":[{"href":"https:\/\/blogit.utu.fi\/luha\/wp-json\/wp\/v2\/types\/page"}],"author":[{"embeddable":true,"href":"https:\/\/blogit.utu.fi\/luha\/wp-json\/wp\/v2\/users\/17951"}],"replies":[{"embeddable":true,"href":"https:\/\/blogit.utu.fi\/luha\/wp-json\/wp\/v2\/comments?post=612"}],"version-history":[{"count":2,"href":"https:\/\/blogit.utu.fi\/luha\/wp-json\/wp\/v2\/pages\/612\/revisions"}],"predecessor-version":[{"id":636,"href":"https:\/\/blogit.utu.fi\/luha\/wp-json\/wp\/v2\/pages\/612\/revisions\/636"}],"wp:attachment":[{"href":"https:\/\/blogit.utu.fi\/luha\/wp-json\/wp\/v2\/media?parent=612"}],"curies":[{"name":"wp","href":"https:\/\/api.w.org\/{rel}","templated":true}]}}