{"id":89,"date":"2019-05-23T21:09:56","date_gmt":"2019-05-23T21:09:56","guid":{"rendered":"https:\/\/blogit.utu.fi\/luha\/?page_id=89"},"modified":"2025-02-11T08:50:49","modified_gmt":"2025-02-11T08:50:49","slug":"about-us","status":"publish","type":"page","link":"https:\/\/blogit.utu.fi\/luha\/about-us\/","title":{"rendered":"Tietoa meist\u00e4"},"content":{"rendered":"\n<p><\/p>\n\n\n<h3><strong>Tutkimusryhm\u00e4n vet\u00e4j\u00e4<\/strong><\/h3>\n<p><strong>Jon Brommer\u00a0<\/strong>(Professori, Turun yliopisto \/ Professor at University of Turku)<\/p>\n<p>Olen evoluutioekologi, ja minua kiehtoo evoluution rooli luonnon muokkaajana ymp\u00e4rill\u00e4mme. Biologina n\u00e4en monien biologisten tekij\u00f6iden ohjaavan yhteisty\u00f6t\u00e4 luonnossa. Kiinnostukseni LuHa-hankkeeseen, joka k\u00e4sittelee evoluutiota ja yhteisty\u00f6t\u00e4 luonnonvarojen hallinnassa, kumpuaa erityisesti halustani tutkia, vaikuttavatko n\u00e4m\u00e4 luonnossa yhteisty\u00f6t\u00e4 ohjaavat biologiset voimat my\u00f6s ihmisten yhteiskunnallisiin vuorovaikutuksiin.<\/p>\n<p>I am an evolutionary ecologist, fascinated by the role of evolution in shaping the natural world around us. As a biologist, I see many biological factors driving cooperation in nature. My interest in the LuHa project on Evolution and Cooperation in natural resource management is primarily a desire to test if these biological forces known to drive cooperation in nature play also a role in human societal interactions.<\/p>\n<h3>Tutkimusryhm\u00e4n j\u00e4senet<\/h3>\n<p><strong><img loading=\"lazy\" decoding=\"async\" class=\"wp-image-565 alignleft\" src=\"https:\/\/blogit.utu.fi\/luha\/wp-content\/uploads\/sites\/359\/2025\/02\/20240628_134631-300x292.jpg\" alt=\"\" width=\"153\" height=\"149\" srcset=\"https:\/\/blogit.utu.fi\/luha\/wp-content\/uploads\/sites\/359\/2025\/02\/20240628_134631-300x292.jpg 300w, https:\/\/blogit.utu.fi\/luha\/wp-content\/uploads\/sites\/359\/2025\/02\/20240628_134631-768x747.jpg 768w, https:\/\/blogit.utu.fi\/luha\/wp-content\/uploads\/sites\/359\/2025\/02\/20240628_134631-676x657.jpg 676w, https:\/\/blogit.utu.fi\/luha\/wp-content\/uploads\/sites\/359\/2025\/02\/20240628_134631.jpg 941w\" sizes=\"auto, (max-width: 153px) 100vw, 153px\" \/>Laura Tuominen<\/strong> (PhD)<\/p>\n<p>I did my doctoral thesis on the project &#8220;Cooperation, evolution, and natural resource management&#8221; \/ &#8220;Yhteisty\u00f6, evoluutio ja luonnonvarojen hallinta&#8221; studying sustainable management of natural resources and human cooperative behavior. Now I continue as the second supervisor of Maria Perkkola. Transdisciplinary science and research are close to my heart and I think we can find solutions to sustainability challenges only by combining different types of knowledge from several fields. I am especially fascinated by the mechanisms behind self-organization, grassroots movements, and sustainable multi-level governance. I am always curious to learn new methods and modeling techniques to analyze systems, social-ecological interactions, and drivers for sustainability.<\/p>\n<p>I am an ecologist \/ environmental scientist by training but have my other foot steadily in social sciences.<\/p>\n<p>e-mail: laura.s.tuominen@utu.fi<\/p>\n<p>\u00a0<\/p>\n<p><img loading=\"lazy\" decoding=\"async\" class=\"wp-image-547 alignleft\" src=\"https:\/\/blogit.utu.fi\/luha\/wp-content\/uploads\/sites\/359\/2025\/01\/Me-240x300.jpg\" alt=\"\" width=\"143\" height=\"179\" srcset=\"https:\/\/blogit.utu.fi\/luha\/wp-content\/uploads\/sites\/359\/2025\/01\/Me-240x300.jpg 240w, https:\/\/blogit.utu.fi\/luha\/wp-content\/uploads\/sites\/359\/2025\/01\/Me.jpg 263w\" sizes=\"auto, (max-width: 143px) 100vw, 143px\" \/><\/p>\n<p><strong>Maria Perkkola<\/strong> (Doctoral Researcher)<\/p>\n<p data-start=\"97\" data-end=\"343\">I completed my bachelor&#8217;s and master&#8217;s studies at the University of Turku, majoring in ecology, and I am now continuing my PhD here. As an ecologist, my main research interests lie in alien species, game biology, and hunting-related topics, but I&#8217;m open for learning about various subjects.<\/p>\n<p data-start=\"345\" data-end=\"655\" data-is-last-node=\"\">I am particularly inspired by multidisciplinary research, as I believe that in today\u2019s interconnected world, everything is linked in complex ways. Addressing ecological and societal challenges requires integrating knowledge from multiple fields, and I am eager to explore these connections through my work.<\/p>\n<p>e-mail: maria.v.perkkola@utu.fi<\/p>\n<p>\u00a0<\/p>\n<p><strong>Mikael Wikstr\u00f6m<\/strong><\/p>\n<p>\u00a0<\/p>\n<p><strong>Timo Vuorisalo<\/strong> is Senior Lecturer of Environmental Science at the University of Turku, Finland, since 1992. His PhD in ecological zoology is from the University of Turku in 1989. In 1989-1990 he was a Postdoctoral Fellow at Indiana University, Bloomington, and before that a Research Assistant of the Academy in Finland. Vuorisalo has written many papers on evolutionary ecology, urban ecology, and environmental history. He has co-edited several books, including <em>Life History Evolution in Plants<\/em> (Kluwer Academic Publishers, Dordrecht, 1999, with Pia Mutikainen), <em>The Long Shadows. A global environmental history of the Second World War<\/em> (Oregon State University Press, Corvallis, 2017, with Simo Laakkonen and Richard Tucker), and <em>The Resilient City in World War II. Urban Environmental Histories (<\/em>Palgrave Macmillan, Cham, 2019, with Simo Laakkonen, John McNeill and Richard Tucker).<\/p>\n<p>\u00a0<\/p>\n<p><strong>Heikki Helanter\u00e4<\/strong><\/p>\n<p>I am interested in social evolution in all its forms. My main research topics have been behavior, genetics and evolutionary ecology of ants, and theoretical and conceptual aspects of social evolution. I find expanding the same themes to human natural resource use problems a very exciting prospect!<\/p>\n<p>I am an associate professor (tenure track) at the University of Oulu, Ecology and Genetics research unit.<\/p>\n<p>Sosiaalinen evoluutio kiinnostaa minua kaikissa muodoissaan. Tutkimukseni ovat keskittyneet muurahaisten k\u00e4ytt\u00e4ytymiseen, genetiikkaan ja evoluutioekologiaan sek\u00e4 sosiaalisen evoluution teoreettisiin ja filosofisiin puoliin. Ihmisten luonnonvarojen k\u00e4yt\u00f6n tutkimus on minulle uusi ja kiehtova kohde samojen teemojen parissa.<\/p>\n<p>Toimin yliopistotutkijana (tenure track) Oulun yliopiston Ekologian ja genetiikan tutkimusyksik\u00f6ss\u00e4.<\/p>\n<p>\u00a0<\/p>\n<p><strong>Lauri Rapeli<br \/><\/strong><\/p>\n<p>I study the political behavior of both ordinary citizens and societal elites, mainly using various types of survey data. LuHa offers a great opportunity to test and\u00a0examine political\u00a0behavior patterns in a slightly different context. I believe the study of political behavior has a lot to learn from ecological and biological approaches and LuHa will help bring these two disciplines together.<\/p>\n<p>I am the research director of the Social Science Research Institute at \u00c5bo Akademi University.<\/p>\n<p>\u00a0<\/p>\n<p><strong>Patrik Karell <\/strong><\/p>\n<p>My main\u00a0research interest deals with\u00a0evolutionary ecology of wild (bird) populations, but recently I have become interested also\u00a0in\u00a0more applied and interdisciplinary questions concerning sustainability issues in natural resource management and impacts of environmental quality on society. The approach in the LuHa project bridges my research interests in a very exciting way as it combines evolutionary and social scientific approaches to answer topical questions in natural resource management: how can humans cooperate and manage common resources in a sustainable way?<\/p>\n<p>I am an Academy Research Fellow at Novia University of Applied Sciences.<\/p>\n<p>\u00a0<\/p>\n<h3><strong>\u00a0Entiset j\u00e4senet<\/strong><\/h3>\n<p><strong>Douglas Richmond<\/strong> (Doctoral Candidate)<\/p>\n<p>I&#8217;m a doctoral student working on the topic of the evolutionary and social factors that influence sustainable natural resource management. The project involves the incorporation of many fascinating topics from different disciplines, such as evolutionary biology, social science, ecology, and economics. I am interested in the ways that evolved human behaviours relating to chore concepts such as survival and social behaviour affect the way that resources are managed today, as well as how cultural and social evolution affect our perception of natural resources and their influence on how resources are utilised or protected.<\/p>\n<p>I did my bachelor&#8217;s degree in Biology at the University of Nottingham, and my master&#8217;s in Nature Management at the University of Copenhagen.<\/p>","protected":false},"excerpt":{"rendered":"<p>Tutkimusryhm\u00e4n vet\u00e4j\u00e4 Jon Brommer\u00a0(Professori, Turun yliopisto \/ Professor at University of Turku) Olen evoluutioekologi, ja minua kiehtoo evoluution rooli luonnon muokkaajana ymp\u00e4rill\u00e4mme. Biologina n\u00e4en monien biologisten tekij\u00f6iden ohjaavan yhteisty\u00f6t\u00e4 luonnossa. Kiinnostukseni LuHa-hankkeeseen, joka k\u00e4sittelee evoluutiota ja yhteisty\u00f6t\u00e4 luonnonvarojen hallinnassa, kumpuaa erityisesti halustani tutkia, vaikuttavatko n\u00e4m\u00e4 luonnossa yhteisty\u00f6t\u00e4 ohjaavat biologiset voimat my\u00f6s ihmisten yhteiskunnallisiin vuorovaikutuksiin. I [&hellip;]<\/p>\n","protected":false},"author":14099,"featured_media":0,"parent":0,"menu_order":0,"comment_status":"closed","ping_status":"closed","template":"","meta":{"footnotes":""},"class_list":["post-89","page","type-page","status-publish","hentry","post-preview"],"_links":{"self":[{"href":"https:\/\/blogit.utu.fi\/luha\/wp-json\/wp\/v2\/pages\/89","targetHints":{"allow":["GET"]}}],"collection":[{"href":"https:\/\/blogit.utu.fi\/luha\/wp-json\/wp\/v2\/pages"}],"about":[{"href":"https:\/\/blogit.utu.fi\/luha\/wp-json\/wp\/v2\/types\/page"}],"author":[{"embeddable":true,"href":"https:\/\/blogit.utu.fi\/luha\/wp-json\/wp\/v2\/users\/14099"}],"replies":[{"embeddable":true,"href":"https:\/\/blogit.utu.fi\/luha\/wp-json\/wp\/v2\/comments?post=89"}],"version-history":[{"count":19,"href":"https:\/\/blogit.utu.fi\/luha\/wp-json\/wp\/v2\/pages\/89\/revisions"}],"predecessor-version":[{"id":587,"href":"https:\/\/blogit.utu.fi\/luha\/wp-json\/wp\/v2\/pages\/89\/revisions\/587"}],"wp:attachment":[{"href":"https:\/\/blogit.utu.fi\/luha\/wp-json\/wp\/v2\/media?parent=89"}],"curies":[{"name":"wp","href":"https:\/\/api.w.org\/{rel}","templated":true}]}}