{"id":2102,"date":"2019-01-08T10:19:38","date_gmt":"2019-01-08T08:19:38","guid":{"rendered":"https:\/\/blogit.utu.fi\/meriosaajat\/?page_id=2102"},"modified":"2019-01-15T16:14:36","modified_gmt":"2019-01-15T14:14:36","slug":"tuotannonjohtaminen","status":"publish","type":"page","link":"https:\/\/blogit.utu.fi\/meriosaajat\/verkko-oppimateriaalit\/tuotannonjohtaminen\/","title":{"rendered":"TUOTANNON JOHTAMINEN"},"content":{"rendered":"<div><\/div>\n<div class=\"navtop clearfix navimages\"><img loading=\"lazy\" decoding=\"async\" id=\"yui_3_17_2_1_1547039790071_24\" class=\"img-responsive atto_image_button_text-bottom\" role=\"presentation\" src=\"https:\/\/moodle.utu.fi\/pluginfile.php\/607129\/course\/section\/129026\/Tuotantopross%20etusivu%20Moodle.jpg\" alt=\"\" width=\"801\" height=\"459\" \/><\/div>\n<div id=\"yui_3_17_2_1_1546935334333_28\" class=\"box generalbox book_content p-y-1\">\n<h4><\/h4>\n<\/div>\n<h4><\/h4>\n<p>&nbsp;<\/p>\n<div id=\"yui_3_17_2_1_1546935334333_28\" class=\"box generalbox book_content p-y-1\">\n<div id=\"yui_3_17_2_1_1546935334333_27\" class=\"no-overflow\">\n<h4><a href=\"https:\/\/blogit.utu.fi\/meriosaajat\/verkko-oppimateriaalit\/tuotannonjohtaminen\/1-tuotannon-johtamisen-perusteita\/\">1. Tuotannon johtamisen perusteita<\/a><\/h4>\n<h4><a href=\"https:\/\/blogit.utu.fi\/meriosaajat\/verkko-oppimateriaalit\/tuotannonjohtaminen\/2-strategia-tuotannon-tavoitetekijat-ja-tuotantomuodot-toimitusketjun-hallinta\/\">2. Strategia, tuotannon tavoitetekij\u00e4t ja tuotantomuodot, toimitusketjun hallinta<\/a><\/h4>\n<h4><a href=\"https:\/\/blogit.utu.fi\/meriosaajat\/verkko-oppimateriaalit\/tuotannonjohtaminen\/3-tuotannon-suunnittelu-ja-toimittajana-toimiminen\/\">3. Tuotannon suunnittelu ja toimittajana toimiminen<\/a><\/h4>\n<h4><a href=\"https:\/\/blogit.utu.fi\/meriosaajat\/verkko-oppimateriaalit\/tuotannonjohtaminen\/4-laatujohtaminen\/\">4. Laatujohtaminen<\/a><\/h4>\n<h4><a href=\"https:\/\/blogit.utu.fi\/meriosaajat\/verkko-oppimateriaalit\/tuotannonjohtaminen\/5-varastonhallinta\/\">5. Varastonhallinta<\/a><\/h4>\n<h4><a href=\"https:\/\/blogit.utu.fi\/meriosaajat\/verkko-oppimateriaalit\/tuotannonjohtaminen\/6-tuotannon-johtamisen-tyokaluja\/\">6. Tuotannon johtamisen ty\u00f6kaluja<\/a><\/h4>\n<\/div>\n<\/div>\n<h3><\/h3>\n<p>&nbsp;<\/p>\n<div id=\"yui_3_17_2_1_1546935334333_28\" class=\"box generalbox book_content p-y-1\">\n<div id=\"yui_3_17_2_1_1546935334333_27\" class=\"no-overflow\">\n<h4>Pk-yrityksen johtamis- ja kehitt\u00e4misty\u00f6kalupakki<\/h4>\n<div id=\"urlintro\" class=\"box mod_introbox p-y-1\">\n<div class=\"no-overflow\">\n<p><i>Pk-yritysten johtamisty\u00f6kalupakki pit\u00e4\u00e4 sis\u00e4ll\u00e4\u00e4n pienten yritysten tarpeisiin r\u00e4\u00e4t\u00e4l\u00f6ityj\u00e4 menetelmi\u00e4 ja ty\u00f6kaluja, joiden avulla yritykset voivat itsen\u00e4isesti kehitt\u00e4\u00e4 liiketoimintaansa ja henkil\u00f6st\u00f6\u00e4\u00e4<\/i><i>n.(L\u00e4hde: OAMK ja Oulun l\u00e4\u00e4ninhallitus)<\/i><\/p>\n<\/div>\n<\/div>\n<div class=\"urlworkaround\">Klikkaa <a href=\"http:\/\/www.oamk.fi\/hankkeet\/pkk\/pakki\/mittaristo.htm\">http:\/\/www.oamk.fi\/hankkeet\/pkk\/pakki\/mittaristo.htm<\/a> linkki\u00e4 avataksesi resurssin.<\/div>\n<\/div>\n<\/div>\n","protected":false},"excerpt":{"rendered":"<p>&nbsp; 1. Tuotannon johtamisen perusteita 2. Strategia, tuotannon tavoitetekij\u00e4t ja tuotantomuodot, toimitusketjun hallinta 3. Tuotannon suunnittelu ja toimittajana toimiminen 4. Laatujohtaminen 5. Varastonhallinta 6. Tuotannon johtamisen ty\u00f6kaluja &nbsp; Pk-yrityksen johtamis- ja kehitt\u00e4misty\u00f6kalupakki Pk-yritysten johtamisty\u00f6kalupakki pit\u00e4\u00e4 sis\u00e4ll\u00e4\u00e4n pienten yritysten tarpeisiin r\u00e4\u00e4t\u00e4l\u00f6ityj\u00e4 &hellip;<\/p>\n<p class=\"read-more\"> <a class=\"more-link\" href=\"https:\/\/blogit.utu.fi\/meriosaajat\/verkko-oppimateriaalit\/tuotannonjohtaminen\/\"> <span class=\"screen-reader-text\">TUOTANNON JOHTAMINEN<\/span> Lue lis\u00e4\u00e4 &raquo;<\/a><\/p>\n","protected":false},"author":1078,"featured_media":0,"parent":292,"menu_order":0,"comment_status":"closed","ping_status":"closed","template":"full-width-page.php","meta":{"footnotes":""},"class_list":["post-2102","page","type-page","status-publish","hentry"],"_links":{"self":[{"href":"https:\/\/blogit.utu.fi\/meriosaajat\/wp-json\/wp\/v2\/pages\/2102","targetHints":{"allow":["GET"]}}],"collection":[{"href":"https:\/\/blogit.utu.fi\/meriosaajat\/wp-json\/wp\/v2\/pages"}],"about":[{"href":"https:\/\/blogit.utu.fi\/meriosaajat\/wp-json\/wp\/v2\/types\/page"}],"author":[{"embeddable":true,"href":"https:\/\/blogit.utu.fi\/meriosaajat\/wp-json\/wp\/v2\/users\/1078"}],"replies":[{"embeddable":true,"href":"https:\/\/blogit.utu.fi\/meriosaajat\/wp-json\/wp\/v2\/comments?post=2102"}],"version-history":[{"count":31,"href":"https:\/\/blogit.utu.fi\/meriosaajat\/wp-json\/wp\/v2\/pages\/2102\/revisions"}],"predecessor-version":[{"id":3071,"href":"https:\/\/blogit.utu.fi\/meriosaajat\/wp-json\/wp\/v2\/pages\/2102\/revisions\/3071"}],"up":[{"embeddable":true,"href":"https:\/\/blogit.utu.fi\/meriosaajat\/wp-json\/wp\/v2\/pages\/292"}],"wp:attachment":[{"href":"https:\/\/blogit.utu.fi\/meriosaajat\/wp-json\/wp\/v2\/media?parent=2102"}],"curies":[{"name":"wp","href":"https:\/\/api.w.org\/{rel}","templated":true}]}}