{"id":2120,"date":"2019-01-08T10:26:16","date_gmt":"2019-01-08T08:26:16","guid":{"rendered":"https:\/\/blogit.utu.fi\/meriosaajat\/?page_id=2120"},"modified":"2019-01-14T10:13:44","modified_gmt":"2019-01-14T08:13:44","slug":"2-strategia-tuotannon-tavoitetekijat-ja-tuotantomuodot-toimitusketjun-hallinta","status":"publish","type":"page","link":"https:\/\/blogit.utu.fi\/meriosaajat\/verkko-oppimateriaalit\/tuotannonjohtaminen\/2-strategia-tuotannon-tavoitetekijat-ja-tuotantomuodot-toimitusketjun-hallinta\/","title":{"rendered":"2. Strategia, tuotannon tavoitetekij\u00e4t ja tuotantomuodot, toimitusketjun hallinta"},"content":{"rendered":"<div class=\"box generalbox book_content p-y-1\">\n<div class=\"no-overflow\">\n<p>T\u00e4ss\u00e4 luvussa esitell\u00e4\u00e4n strategian yhteytt\u00e4 yrityksen tuotantoon, tuotannon tavoitetekij\u00f6it\u00e4 ja eri tuotantomuotoja sek\u00e4 toimitusketjun hallintaa. Materiaalit ja video aukeavat klikkaamalla linkkej\u00e4.<\/p>\n<p><a href=\"https:\/\/blogit.utu.fi\/meriosaajat\/wp-content\/uploads\/sites\/76\/2019\/01\/Strateginen-johtaminen-ja-sen-merkitys-tuotannon-johtamisessa.pdf\">Strateginen johtaminen<\/a><\/p>\n<\/div>\n<p><a href=\"https:\/\/youtu.be\/-0g11DO1qLs\"><span style=\"color: #800080\"><span style=\"color: #0000ff\">&#8221;Tuotannon tavoitetekij\u00e4t ja tuotantomuodot&#8221; -video<\/span><\/span><\/a><\/p>\n<\/div>\n<p><a href=\"https:\/\/blogit.utu.fi\/meriosaajat\/wp-content\/uploads\/sites\/76\/2019\/01\/Toimituslausekkeet.pdf\">Toimituslausekkeet<\/a> eli INCOTERMsit ovat Kansainv\u00e4lisen Kauppakamarin yll\u00e4pit\u00e4m\u00e4 toimituslausekekokoelma. Toimituslausekkeet m\u00e4\u00e4rittelev\u00e4t kustannusten, vastuiden ja vakuutusten siirtymisen myyj\u00e4lt\u00e4 ostajalle prosessin eri vaiheissa. Siksi on hyv\u00e4 tutustua my\u00f6s erilaisiin kauppasopimuksessa oleviin toimituslausekkeisiin. M\u00e4\u00e4ritellyll\u00e4 toimituslausekkeella on huomattavia kustannusvaikutuksia muun muassa vienti- tai toisaalta tuontitoimituksissa.<\/p>\n<p>Kivaa lis\u00e4tietoa kahvitauon piristykseksi strategisesta johtamisesta:<\/p>\n<p><a href=\"https:\/\/blogit.utu.fi\/meriosaajat\/wp-content\/uploads\/sites\/76\/2019\/01\/Johtamistieteen-suuret_I_Frederick-Winslow-Taylor.pdf\">Johtamistieteen suuret: Frederick Winslow Taylor<\/a><\/p>\n<p><a href=\"https:\/\/blogit.utu.fi\/meriosaajat\/wp-content\/uploads\/sites\/76\/2019\/01\/Johtamistieteen-suuret_II_Kenneth-Richmond-Andrews.pdf\">Johtamistieteen suuret: Kenneth Richmond Andrews<\/a><\/p>\n<p><a href=\"https:\/\/blogit.utu.fi\/meriosaajat\/wp-content\/uploads\/sites\/76\/2019\/01\/Johtamistieteen-suuret_III_Peter-Fredinand-Drucker.pdf\">Johtamistieteen suuret: Peter Fredinand Drucker<\/a><\/p>\n<p><a href=\"https:\/\/blogit.utu.fi\/meriosaajat\/wp-content\/uploads\/sites\/76\/2019\/01\/Johtamistieteen-suuret_IV_H.-Igor-Ansoff.pdf\">Johtamistieteen suuret: H. Igor Ansoff<\/a><\/p>\n","protected":false},"excerpt":{"rendered":"<p>T\u00e4ss\u00e4 luvussa esitell\u00e4\u00e4n strategian yhteytt\u00e4 yrityksen tuotantoon, tuotannon tavoitetekij\u00f6it\u00e4 ja eri tuotantomuotoja sek\u00e4 toimitusketjun hallintaa. Materiaalit ja video aukeavat klikkaamalla linkkej\u00e4. Strateginen johtaminen &#8221;Tuotannon tavoitetekij\u00e4t ja tuotantomuodot&#8221; -video Toimituslausekkeet eli INCOTERMsit ovat Kansainv\u00e4lisen Kauppakamarin yll\u00e4pit\u00e4m\u00e4 toimituslausekekokoelma. Toimituslausekkeet m\u00e4\u00e4rittelev\u00e4t kustannusten, vastuiden &hellip;<\/p>\n<p class=\"read-more\"> <a class=\"more-link\" href=\"https:\/\/blogit.utu.fi\/meriosaajat\/verkko-oppimateriaalit\/tuotannonjohtaminen\/2-strategia-tuotannon-tavoitetekijat-ja-tuotantomuodot-toimitusketjun-hallinta\/\"> <span class=\"screen-reader-text\">2. Strategia, tuotannon tavoitetekij\u00e4t ja tuotantomuodot, toimitusketjun hallinta<\/span> Lue lis\u00e4\u00e4 &raquo;<\/a><\/p>\n","protected":false},"author":1078,"featured_media":0,"parent":2102,"menu_order":0,"comment_status":"closed","ping_status":"closed","template":"full-width-page.php","meta":{"footnotes":""},"class_list":["post-2120","page","type-page","status-publish","hentry"],"_links":{"self":[{"href":"https:\/\/blogit.utu.fi\/meriosaajat\/wp-json\/wp\/v2\/pages\/2120","targetHints":{"allow":["GET"]}}],"collection":[{"href":"https:\/\/blogit.utu.fi\/meriosaajat\/wp-json\/wp\/v2\/pages"}],"about":[{"href":"https:\/\/blogit.utu.fi\/meriosaajat\/wp-json\/wp\/v2\/types\/page"}],"author":[{"embeddable":true,"href":"https:\/\/blogit.utu.fi\/meriosaajat\/wp-json\/wp\/v2\/users\/1078"}],"replies":[{"embeddable":true,"href":"https:\/\/blogit.utu.fi\/meriosaajat\/wp-json\/wp\/v2\/comments?post=2120"}],"version-history":[{"count":18,"href":"https:\/\/blogit.utu.fi\/meriosaajat\/wp-json\/wp\/v2\/pages\/2120\/revisions"}],"predecessor-version":[{"id":2618,"href":"https:\/\/blogit.utu.fi\/meriosaajat\/wp-json\/wp\/v2\/pages\/2120\/revisions\/2618"}],"up":[{"embeddable":true,"href":"https:\/\/blogit.utu.fi\/meriosaajat\/wp-json\/wp\/v2\/pages\/2102"}],"wp:attachment":[{"href":"https:\/\/blogit.utu.fi\/meriosaajat\/wp-json\/wp\/v2\/media?parent=2120"}],"curies":[{"name":"wp","href":"https:\/\/api.w.org\/{rel}","templated":true}]}}