{"id":2195,"date":"2019-01-08T13:20:20","date_gmt":"2019-01-08T11:20:20","guid":{"rendered":"https:\/\/blogit.utu.fi\/meriosaajat\/?page_id=2195"},"modified":"2019-04-17T14:38:30","modified_gmt":"2019-04-17T12:38:30","slug":"3-tuotannon-suunnittelu-ja-toimittajana-toimiminen","status":"publish","type":"page","link":"https:\/\/blogit.utu.fi\/meriosaajat\/verkko-oppimateriaalit\/tuotannonjohtaminen\/3-tuotannon-suunnittelu-ja-toimittajana-toimiminen\/","title":{"rendered":"3. Tuotannon suunnittelu ja toimittajana toimiminen"},"content":{"rendered":"<div class=\"box generalbox book_content p-y-1\">\n<div class=\"no-overflow\">\n<p>T\u00e4ss\u00e4 luvussa esitell\u00e4\u00e4n tuotannon johtamisen suunnitteluun liittyvi\u00e4 asioita toimitusketjun n\u00e4k\u00f6kulmasta.<\/p>\n<p>Oman yrityksen toimitus- tai arvoketjua voi pohtia k\u00e4ytt\u00e4m\u00e4ll\u00e4 mm. Ketju-ty\u00f6kalua. Ketjun avulla pohditaan eri toimijoiden vaatimuksia toistensa suhteen. Oletko koskaan miettinyt mit\u00e4 asioita asiakkaasi sinulta ja muilta toimitusketjunne toimijoilta haluaa ja tarvitsee tuotteen lis\u00e4ksi? Oikean tuotteen, tuotteeseen liittyvi\u00e4 palveluita, oikean laatuisen tuotteen, tuotteen oikeaan aikaan, sopivan hintaisen tuotteen jne. Asiakas voi tarvita tuotteen lis\u00e4ksi tukun tietoa ja my\u00f6s dokumentteja tuotteeseen liittyen. Toisaalta \u00a0omalla yrityksell\u00e4nne on varmasti vastaavia tuote-, palvelu- ja tietotarpeita toisilta toimitusketjuun kuuluvilta toimijoilta.<\/p>\n<p><a href=\"https:\/\/blogit.utu.fi\/meriosaajat\/wp-content\/uploads\/sites\/76\/2019\/01\/Ketju-excel.xlsx\">Ketju-excel<\/a>\u00a0on ty\u00f6kalu toimitusketjun tai -arvoketjun m\u00e4\u00e4ritt\u00e4miseksi.\u00a0<a href=\"https:\/\/blogit.utu.fi\/meriosaajat\/wp-content\/uploads\/sites\/76\/2019\/01\/Ketju-ohjeet.pdf\">Ketju-ohjeet -pdf:ss\u00e4<\/a> on ohjeet Ketju-excel-ty\u00f6kalun k\u00e4ytt\u00f6\u00f6n.<\/p>\n<p>Toisaalta t\u00e4ss\u00e4 luvussa otetaan asiakkaamme ostajan n\u00e4k\u00f6vinkkeli ja tarkastellaan miten hankintatoiminto tapahtuu strategisella ja operatiivisella tasolla. Samalla logiikalla voi tarkastella my\u00f6s omia toimittajiaan ja alihankkijoitaan. Lopuksi viel\u00e4 k\u00e4tev\u00e4 muistilista toimittajan valintaan.<\/p>\n<p><a href=\"https:\/\/blogit.utu.fi\/meriosaajat\/wp-content\/uploads\/sites\/76\/2019\/01\/Osto-ja-hankintatoiminta_1.pdf\">Osto- ja hankintatoiminta 1: trendit, oston rooli arvoketjussa, k\u00e4sitteit\u00e4 ja tuoteluokitus<\/a><\/p>\n<p><a href=\"https:\/\/blogit.utu.fi\/meriosaajat\/wp-content\/uploads\/sites\/76\/2019\/01\/Osto-ja-hankintatoiminta_2.pdf\">Osto- ja hankintatoiminta 2: Teollisen ostamisen erityispiirteit\u00e4, ostoprosessi yleisesti sek\u00e4 kolmen tyyppiset ostotilanteet<\/a><\/p>\n<p><a href=\"https:\/\/blogit.utu.fi\/meriosaajat\/wp-content\/uploads\/sites\/76\/2019\/04\/Osto-ja-hankintatoiminta_3.pdf\">Osto- ja hankintatoiminta_3: Ostoprosessin askel 1. Ostotilauksen spesifikaatioiden m\u00e4\u00e4ritt\u00e4minen ja Askel 2. Toimittajan valinta<\/a><\/p>\n<ul>\n<li>Toimittajan valintaa varten excel-taulukkomuotoinen <a href=\"https:\/\/blogit.utu.fi\/meriosaajat\/wp-content\/uploads\/sites\/76\/2019\/01\/Muistilista_Toimittajavalinta.xlsx\">Muistilista<\/a>.<\/li>\n<\/ul>\n<p><a href=\"https:\/\/blogit.utu.fi\/meriosaajat\/wp-content\/uploads\/sites\/76\/2019\/01\/Osto-ja-hankintatoiminta_4.pdf\">Osto- ja hankintatoiminta 4: Ostoprosessin askel 3. Ostosopimus &#8211; kiinte\u00e4 hinta vai kustannusten korvaus <\/a><\/p>\n<p><a href=\"https:\/\/blogit.utu.fi\/meriosaajat\/wp-content\/uploads\/sites\/76\/2019\/01\/Osto-ja-hankintatoiminta_5.pdf\">Osto- ja hankintatoiminta 5: Askelet 4.ja 5. Tilaaminen ja tilauksen valvonta sek\u00e4 Askel 6. Seuranta ja arviointi<\/a><\/p>\n<p>Pohdinta-artikkeli ulkoistamisen varjopuolista iltap\u00e4iv\u00e4kahvin kyytipojaksi <a href=\"https:\/\/blogit.utu.fi\/meriosaajat\/wp-content\/uploads\/sites\/76\/2019\/01\/Sepp\u00e4nen-Lahikainen-2004-Ulkoistamisen-var.pdf\">Sepp\u00e4nen ja Lahikainen 2004 Ulkoistamisen varjopuoli<\/a>.<\/p>\n<\/div>\n<\/div>\n","protected":false},"excerpt":{"rendered":"<p>T\u00e4ss\u00e4 luvussa esitell\u00e4\u00e4n tuotannon johtamisen suunnitteluun liittyvi\u00e4 asioita toimitusketjun n\u00e4k\u00f6kulmasta. Oman yrityksen toimitus- tai arvoketjua voi pohtia k\u00e4ytt\u00e4m\u00e4ll\u00e4 mm. Ketju-ty\u00f6kalua. Ketjun avulla pohditaan eri toimijoiden vaatimuksia toistensa suhteen. Oletko koskaan miettinyt mit\u00e4 asioita asiakkaasi sinulta ja muilta toimitusketjunne toimijoilta haluaa &hellip;<\/p>\n<p class=\"read-more\"> <a class=\"more-link\" href=\"https:\/\/blogit.utu.fi\/meriosaajat\/verkko-oppimateriaalit\/tuotannonjohtaminen\/3-tuotannon-suunnittelu-ja-toimittajana-toimiminen\/\"> <span class=\"screen-reader-text\">3. Tuotannon suunnittelu ja toimittajana toimiminen<\/span> Lue lis\u00e4\u00e4 &raquo;<\/a><\/p>\n","protected":false},"author":1078,"featured_media":0,"parent":2102,"menu_order":0,"comment_status":"closed","ping_status":"closed","template":"full-width-page.php","meta":{"footnotes":""},"class_list":["post-2195","page","type-page","status-publish","hentry"],"_links":{"self":[{"href":"https:\/\/blogit.utu.fi\/meriosaajat\/wp-json\/wp\/v2\/pages\/2195","targetHints":{"allow":["GET"]}}],"collection":[{"href":"https:\/\/blogit.utu.fi\/meriosaajat\/wp-json\/wp\/v2\/pages"}],"about":[{"href":"https:\/\/blogit.utu.fi\/meriosaajat\/wp-json\/wp\/v2\/types\/page"}],"author":[{"embeddable":true,"href":"https:\/\/blogit.utu.fi\/meriosaajat\/wp-json\/wp\/v2\/users\/1078"}],"replies":[{"embeddable":true,"href":"https:\/\/blogit.utu.fi\/meriosaajat\/wp-json\/wp\/v2\/comments?post=2195"}],"version-history":[{"count":13,"href":"https:\/\/blogit.utu.fi\/meriosaajat\/wp-json\/wp\/v2\/pages\/2195\/revisions"}],"predecessor-version":[{"id":3455,"href":"https:\/\/blogit.utu.fi\/meriosaajat\/wp-json\/wp\/v2\/pages\/2195\/revisions\/3455"}],"up":[{"embeddable":true,"href":"https:\/\/blogit.utu.fi\/meriosaajat\/wp-json\/wp\/v2\/pages\/2102"}],"wp:attachment":[{"href":"https:\/\/blogit.utu.fi\/meriosaajat\/wp-json\/wp\/v2\/media?parent=2195"}],"curies":[{"name":"wp","href":"https:\/\/api.w.org\/{rel}","templated":true}]}}