{"id":2267,"date":"2019-01-09T13:52:02","date_gmt":"2019-01-09T11:52:02","guid":{"rendered":"https:\/\/blogit.utu.fi\/meriosaajat\/?page_id=2267"},"modified":"2019-01-16T18:34:19","modified_gmt":"2019-01-16T16:34:19","slug":"4-laatujohtaminen","status":"publish","type":"page","link":"https:\/\/blogit.utu.fi\/meriosaajat\/verkko-oppimateriaalit\/tuotannonjohtaminen\/4-laatujohtaminen\/","title":{"rendered":"4. Laatujohtaminen"},"content":{"rendered":"<div id=\"yui_3_17_2_1_1547034670129_26\" class=\"no-overflow\">\n<p>Laatujohtaminen on merkitt\u00e4v\u00e4ss\u00e4 roolissa tuotannollisessa yrityksess\u00e4. Laatuj\u00e4rjestelm\u00e4t luovat raamit yrityksen laatujohtamiselle ja laadun j\u00e4rjestelm\u00e4lliselle kehitt\u00e4miselle yrityksiss\u00e4. Monet asiakasyritykset vaativat toimittajiltaan standardien mukaisesti sertifioituja laatuj\u00e4rjestelmi\u00e4. Katso video:\u00a0<a href=\"https:\/\/moodle.utu.fi\/pluginfile.php\/711043\/mod_book\/chapter\/8240\/Pieni%20johdatus%20laatujohtamisen%20historiaan-video.mp4\"><span style=\"color: #0000ff\">Pieni johdatus laatujohtamisen historiaan.<\/span><\/a><\/p>\n<div id=\"yui_3_17_2_1_1547034670129_25\" class=\"mediaplugin mediaplugin_videojs\">\n<div>\n<div lang=\"en\" title=\"Pieni johdatus laatujohtamisen historiaan\" role=\"region\"><\/div>\n<\/div>\n<\/div>\n<\/div>\n<p>Suomen Standardoimisliitto SFS ry:st\u00e4 saa paljon tietoa laatustandardeista ja laatuj\u00e4rjestelmien standardisoinnista. Otsikoihin linkitetyt materiaalit saa auki klikkaamalla sinisi\u00e4 tekstej\u00e4.<\/p>\n<p><a href=\"https:\/\/blogit.utu.fi\/meriosaajat\/wp-content\/uploads\/sites\/76\/2019\/01\/ISO-9000-kalvosarja-oppilaitoksille.pdf\">ISO 9000 kalvosarja oppilaitoksille<\/a>\u00a0kokonaisuudessaan<\/p>\n<div class=\"editor-indent\">\n<div>\n<ol>\n<li><a href=\"https:\/\/blogit.utu.fi\/meriosaajat\/wp-content\/uploads\/sites\/76\/2019\/01\/1.-ISO-9000-kalvosarja.pdf\">ISO 9000 kalvosarja oppilaitoksille osa 1.Johdatus ISO 9000 -standardeihin<\/a><\/li>\n<li><a href=\"https:\/\/blogit.utu.fi\/meriosaajat\/wp-content\/uploads\/sites\/76\/2019\/01\/2.-ISO-9000-kalvosarja.pdf\">ISO 9000 kalvosarja oppilaitoksille osa 2.ISO 9000 -standardien laadinta<\/a><\/li>\n<li><a href=\"https:\/\/blogit.utu.fi\/meriosaajat\/wp-content\/uploads\/sites\/76\/2019\/01\/3.-ISO-9000-kalvosarja.pdf\">ISO 9000 kalvosarja oppilaitoksille osa 3.Laadunhallinnan keskeiset k\u00e4sitteet<\/a><\/li>\n<li><a href=\"https:\/\/blogit.utu.fi\/meriosaajat\/wp-content\/uploads\/sites\/76\/2019\/01\/4.-ISO-9000-kalvosarja.pdf\">ISO 9000 kalvosarja oppilaitoksille osa 4.Laadunhallinnan periaatteet<\/a><\/li>\n<li><a href=\"https:\/\/blogit.utu.fi\/meriosaajat\/wp-content\/uploads\/sites\/76\/2019\/01\/5.-ISO-9000-kalvosarja.pdf\">ISO 9000 kalvosarja oppilaitoksille osa 5.Laadunhallinnan toimintoja<\/a><\/li>\n<li><a href=\"https:\/\/blogit.utu.fi\/meriosaajat\/wp-content\/uploads\/sites\/76\/2019\/01\/6.-ISO-9000-kalvosarja.pdf\">ISO 9000 kalvosarja oppilaitoksille osa 6.Laadunhallintaj\u00e4rjestelm\u00e4n parantaminen<\/a><\/li>\n<li><a id=\"yui_3_17_2_1_1547629512749_46\" href=\"https:\/\/moodle.utu.fi\/pluginfile.php\/711043\/mod_book\/chapter\/8240\/ISO%209000%20osa%207.ppt\" target=\"_blank\" rel=\"noopener\">ISO 9000 kalvosarja oppilaitoksille\u00a0osa\u00a07.ISO 9004 ja johtaminen jatkuvaan menestykseen<\/a><\/li>\n<li><a href=\"https:\/\/blogit.utu.fi\/meriosaajat\/wp-content\/uploads\/sites\/76\/2019\/01\/8.-ISO-9000-kalvosarja.pdf\">ISO 9000 kalvosarja oppilaitoksille osa 8.ISO 9001 ja laadunhallintaj\u00e4rjestelmi\u00e4 koskevia vaatimuksia<\/a><\/li>\n<\/ol>\n<\/div>\n<div><\/div>\n<\/div>\n<div>N\u00e4kemyksi\u00e4 siihen, mit\u00e4 ISO 9000 uudessa standardissa muuttuu:<\/div>\n<div>\n<ul>\n<li><a href=\"http:\/\/www.bureauveritas.fi\/home\/news\/latest-news\/uusi+standardiversio+-+suurimmat+uudistukset\" target=\"_blank\" rel=\"noopener\">Bureau Veritas<\/a><\/li>\n<li><a href=\"https:\/\/blogit.utu.fi\/meriosaajat\/wp-content\/uploads\/sites\/76\/2019\/01\/MKC-Finland-Oy.pdf\">MKC Finland Oy<\/a><\/li>\n<li><a href=\"https:\/\/www.linkedin.com\/pulse\/valmistaudu-iso-90012015-muutokseen-sis%C3%A4inen-tapio-hirvonen\" target=\"_blank\" rel=\"noopener\">Tapio Hirvonen: Valmistaudu ISO 9001 2015 muutokseen<\/a><\/li>\n<\/ul>\n<\/div>\n<p>Muita Suomen Standardoimisliitto SFS ry:n opetusaineistoja voi ladata linkist\u00e4 <a href=\"http:\/\/www.sfsedu.fi\/opetusaineistot\" target=\"_blank\" rel=\"noopener\">http:\/\/www.sfsedu.fi\/opetusaineistot<\/a><\/p>\n<p>LEAN johtaminen on osa laatujohtamista.<\/p>\n<p><a href=\"https:\/\/blogit.utu.fi\/meriosaajat\/wp-content\/uploads\/sites\/76\/2019\/01\/Ceriffi-Oy-Lean-Six-Sigma-tietopaketti.pdf\">Ceriffi Oy Lean Six Sigma tietopaketti<\/a><\/p>\n","protected":false},"excerpt":{"rendered":"<p>Laatujohtaminen on merkitt\u00e4v\u00e4ss\u00e4 roolissa tuotannollisessa yrityksess\u00e4. Laatuj\u00e4rjestelm\u00e4t luovat raamit yrityksen laatujohtamiselle ja laadun j\u00e4rjestelm\u00e4lliselle kehitt\u00e4miselle yrityksiss\u00e4. Monet asiakasyritykset vaativat toimittajiltaan standardien mukaisesti sertifioituja laatuj\u00e4rjestelmi\u00e4. Katso video:\u00a0Pieni johdatus laatujohtamisen historiaan. Suomen Standardoimisliitto SFS ry:st\u00e4 saa paljon tietoa laatustandardeista ja laatuj\u00e4rjestelmien standardisoinnista. &hellip;<\/p>\n<p class=\"read-more\"> <a class=\"more-link\" href=\"https:\/\/blogit.utu.fi\/meriosaajat\/verkko-oppimateriaalit\/tuotannonjohtaminen\/4-laatujohtaminen\/\"> <span class=\"screen-reader-text\">4. Laatujohtaminen<\/span> Lue lis\u00e4\u00e4 &raquo;<\/a><\/p>\n","protected":false},"author":1078,"featured_media":0,"parent":2102,"menu_order":0,"comment_status":"closed","ping_status":"closed","template":"full-width-page.php","meta":{"footnotes":""},"class_list":["post-2267","page","type-page","status-publish","hentry"],"_links":{"self":[{"href":"https:\/\/blogit.utu.fi\/meriosaajat\/wp-json\/wp\/v2\/pages\/2267","targetHints":{"allow":["GET"]}}],"collection":[{"href":"https:\/\/blogit.utu.fi\/meriosaajat\/wp-json\/wp\/v2\/pages"}],"about":[{"href":"https:\/\/blogit.utu.fi\/meriosaajat\/wp-json\/wp\/v2\/types\/page"}],"author":[{"embeddable":true,"href":"https:\/\/blogit.utu.fi\/meriosaajat\/wp-json\/wp\/v2\/users\/1078"}],"replies":[{"embeddable":true,"href":"https:\/\/blogit.utu.fi\/meriosaajat\/wp-json\/wp\/v2\/comments?post=2267"}],"version-history":[{"count":14,"href":"https:\/\/blogit.utu.fi\/meriosaajat\/wp-json\/wp\/v2\/pages\/2267\/revisions"}],"predecessor-version":[{"id":3083,"href":"https:\/\/blogit.utu.fi\/meriosaajat\/wp-json\/wp\/v2\/pages\/2267\/revisions\/3083"}],"up":[{"embeddable":true,"href":"https:\/\/blogit.utu.fi\/meriosaajat\/wp-json\/wp\/v2\/pages\/2102"}],"wp:attachment":[{"href":"https:\/\/blogit.utu.fi\/meriosaajat\/wp-json\/wp\/v2\/media?parent=2267"}],"curies":[{"name":"wp","href":"https:\/\/api.w.org\/{rel}","templated":true}]}}