{"id":2345,"date":"2019-01-09T14:21:29","date_gmt":"2019-01-09T12:21:29","guid":{"rendered":"https:\/\/blogit.utu.fi\/meriosaajat\/?page_id=2345"},"modified":"2019-01-16T18:41:31","modified_gmt":"2019-01-16T16:41:31","slug":"5-varastonhallinta","status":"publish","type":"page","link":"https:\/\/blogit.utu.fi\/meriosaajat\/verkko-oppimateriaalit\/tuotannonjohtaminen\/5-varastonhallinta\/","title":{"rendered":"5. Varastonhallinta"},"content":{"rendered":"<p><span lang=\"FI\">T\u00e4ss\u00e4 luvussa\u00a0k\u00e4sitell\u00e4\u00e4n tuotannon\u00a0johtamisen toteutusta ja hallintaa erityisesti varastonhallinnan n\u00e4k\u00f6kulmasta ja esitell\u00e4\u00e4n seuraavia asioita:\u00a0<\/span><\/p>\n<div class=\"no-overflow\">\n<p><a href=\"https:\/\/blogit.utu.fi\/meriosaajat\/wp-content\/uploads\/sites\/76\/2019\/01\/Vaihto-omaisuus-ja-sen-merkitys.pdf\">Vaihto-omaisuus ja sen merkitys<\/a><\/p>\n<ul>\n<li>ROI return on investment<\/li>\n<li>Du Pont \u2013kaavio: oston merkitys liiketoiminnalle<\/li>\n<\/ul>\n<p><a href=\"https:\/\/blogit.utu.fi\/meriosaajat\/wp-content\/uploads\/sites\/76\/2019\/01\/Varastoiden-luokittelu-ja-tyypit.pdf\">Varastoiden luokittelu ja tyypit<\/a><\/p>\n<p><a href=\"https:\/\/blogit.utu.fi\/meriosaajat\/wp-content\/uploads\/sites\/76\/2019\/01\/Varastojen-analyysi.pdf\">Varastojen analyysi<\/a><\/p>\n<ul>\n<li>Varaston kierto<\/li>\n<li>Pareto-analyysi<\/li>\n<li>ABC-analyysi<\/li>\n<\/ul>\n<p><a href=\"https:\/\/blogit.utu.fi\/meriosaajat\/wp-content\/uploads\/sites\/76\/2019\/01\/Varaston-ohjaus.pdf\">Varaston ohjaus<\/a><\/p>\n<ul>\n<li>Logistiset perussyklit<\/li>\n<li>Taloudellisen er\u00e4koon malli<\/li>\n<li>P\u00e4\u00e4t\u00f6svaihtoehdot t\u00e4ydennyksille<\/li>\n<li>Wilsonin kaava<\/li>\n<li>Satunnaisen kysynn\u00e4n tyydytt\u00e4minen<\/li>\n<li>Tilauspistemallit<\/li>\n<li>Perioditarkastus<\/li>\n<li>Varasto-ohjauksen arviointia<\/li>\n<li>Varasto-ongelmat<\/li>\n<\/ul>\n<p>&nbsp;<\/p>\n<p>L\u00e4hteet<\/p>\n<ul>\n<li>Bragg, S. (2005) Inventory accounting: a comprehensive guide <a href=\"http:\/\/www.google.fi\/books?hl=fi&amp;lr=&amp;id=NMxQ2l2z07wC&amp;oi=fnd&amp;pg=PR7&amp;dq=Bragg+2005+Inventory+accounting:+a+comprehensive+guide+&amp;ots=g6f5gGl8ih&amp;sig=jI0E4Ki5utmV2RdsSMlwAlhkzRE&amp;redir_esc=y\">http:\/\/www.google.fi\/books?hl=fi&amp;lr=&amp;id=NMxQ2l2z07wC&amp;oi=fnd&amp;pg=PR7&amp;dq=Bragg+2005+Inventory+accounting:+a+comprehensive+guide+&amp;ots=g6f5gGl8ih&amp;sig=jI0E4Ki5utmV2RdsSMlwAlhkzRE&amp;redir_esc=y#v=onepage&amp;q=Bragg%202005%20Inventory%20accounting%3A%20a%20comprehensive%20guide&amp;f=false<\/a><\/li>\n<li>Elinkeinotulon verottamisen laki <a href=\"http:\/\/www.finlex.fi\/fi\/laki\/alkup\/1968\/19680360\">http:\/\/www.finlex.fi\/fi\/laki\/alkup\/1968\/1968036<\/a><\/li>\n<li><a href=\"https:\/\/blogit.utu.fi\/meriosaajat\/wp-content\/uploads\/sites\/76\/2019\/01\/Gul-2001.pdf\">Gul, F. (2001) Free cash flow, debt-monitoring and managers\u2019 LIFO\/FIFO policy choice, Journal of Corporate Finance, 7 (4), 475-492<\/a><\/li>\n<li>Harris, P. (2011) Should last in first out inventory valuation methods be eliminated? Global Journal of Business Research, 5 (4), 54-68.<\/li>\n<li>Henry, E. &amp; Holzmann O.J., (2010) LIFO costing for inventory: A key area of nonconvergence, Journal of Corporate Accounting &amp; Finance, 21 (5), 73-78<\/li>\n<li>Iloranta, K. &amp; Pajunen-Muhonen, H. 2008. Hankintojen johtaminen \u2013 ostamisesta toimittajamarkkinoiden hallintaan. Jyv\u00e4skyl\u00e4. Gummerus Kirjapaino Oy.<\/li>\n<li>Jalanka, J. &amp; Salmenkari, R. &amp; Winqvist, B. 2003. Logistiikan ulkoistaminen. K\u00e4sikirja ulkoistamisprosessista. Helsinki. Logy.<\/li>\n<li>Karrus, K. E. (2001). Logistiikka. WSOY. Juva<\/li>\n<li>Kirjanpitoasetus <a href=\"http:\/\/www.finlex.fi\/fi\/laki\/ajantasa\/1997\/19971339\">http:\/\/www.finlex.fi\/fi\/laki\/ajantasa\/1997\/19971339<\/a><\/li>\n<li>Kirjanpitolaki <a href=\"http:\/\/www.finlex.fi\/fi\/laki\/ajantasa\/1997\/19971336\">http:\/\/www.finlex.fi\/fi\/laki\/ajantasa\/1997\/19971336<\/a><\/li>\n<li>Kuntalehti 4\/2011<\/li>\n<li>Logistiikan maailma. <a href=\"http:\/\/www.logistiikanmaailma.fi\/\">http:\/\/www.logistiikanmaailma.fi<\/a><a href=\"http:\/\/www.logistiikanmaailma.fi\/\">\/<\/a><\/li>\n<li>Parlar, M., Perry D. &amp; Stadje W. (2010) FIFO versus LIFO issuing policies for sto-chastic perishable inventory systems, Methodology &amp; Computing in Applied Probalitity, 13 (2), 405-417<\/li>\n<li>Plummer E. &amp; Vigeland R. (2011) Considering life after LIFO, CPAJournal, 81 (11), 26-33<\/li>\n<li>Sakki, J. <span lang=\"FI\">(2003) Tilaus-toimitusketjun hallinta, 6 painos, Espoo, Sakki<\/span><\/li>\n<li>Sakki, J. 2003. Tilaus-toimitusketjun hallinta. Logistinen B- to -B \u2013 prosessi. Ha-kapaino Oy. Helsinki.<\/li>\n<li>Tieva, A. 2009. Sopimushallinta ja pitk\u00e4kestoiset liikesopimukset. Saatavissa: <span lang=\"EN-GB\"><a href=\"http:\/\/www.edilex.fi\/lakikirjasto\/defensor_legis\/5938\" target=\"_blank\" rel=\"noopener\">http:\/\/www.edilex.fi\/lakikirjasto\/defensor_legis\/5938<\/a>.<\/span><\/li>\n<li>Uusi-Rauva E., Haverila M., Kouri I. &amp; Miettinen A. <span lang=\"FI\">(2003) Teollisuustalous, 4. painos, Tampere, Infacs Johtamistekniikka<\/span><\/li>\n<li>van Weele, A. Purhasing and Supply Chain Management.<\/li>\n<\/ul>\n<\/div>\n","protected":false},"excerpt":{"rendered":"<p>T\u00e4ss\u00e4 luvussa\u00a0k\u00e4sitell\u00e4\u00e4n tuotannon\u00a0johtamisen toteutusta ja hallintaa erityisesti varastonhallinnan n\u00e4k\u00f6kulmasta ja esitell\u00e4\u00e4n seuraavia asioita:\u00a0 Vaihto-omaisuus ja sen merkitys ROI return on investment Du Pont \u2013kaavio: oston merkitys liiketoiminnalle Varastoiden luokittelu ja tyypit Varastojen analyysi Varaston kierto Pareto-analyysi ABC-analyysi Varaston ohjaus Logistiset &hellip;<\/p>\n<p class=\"read-more\"> <a class=\"more-link\" href=\"https:\/\/blogit.utu.fi\/meriosaajat\/verkko-oppimateriaalit\/tuotannonjohtaminen\/5-varastonhallinta\/\"> <span class=\"screen-reader-text\">5. Varastonhallinta<\/span> Lue lis\u00e4\u00e4 &raquo;<\/a><\/p>\n","protected":false},"author":1078,"featured_media":0,"parent":2102,"menu_order":0,"comment_status":"closed","ping_status":"closed","template":"full-width-page.php","meta":{"footnotes":""},"class_list":["post-2345","page","type-page","status-publish","hentry"],"_links":{"self":[{"href":"https:\/\/blogit.utu.fi\/meriosaajat\/wp-json\/wp\/v2\/pages\/2345","targetHints":{"allow":["GET"]}}],"collection":[{"href":"https:\/\/blogit.utu.fi\/meriosaajat\/wp-json\/wp\/v2\/pages"}],"about":[{"href":"https:\/\/blogit.utu.fi\/meriosaajat\/wp-json\/wp\/v2\/types\/page"}],"author":[{"embeddable":true,"href":"https:\/\/blogit.utu.fi\/meriosaajat\/wp-json\/wp\/v2\/users\/1078"}],"replies":[{"embeddable":true,"href":"https:\/\/blogit.utu.fi\/meriosaajat\/wp-json\/wp\/v2\/comments?post=2345"}],"version-history":[{"count":4,"href":"https:\/\/blogit.utu.fi\/meriosaajat\/wp-json\/wp\/v2\/pages\/2345\/revisions"}],"predecessor-version":[{"id":3086,"href":"https:\/\/blogit.utu.fi\/meriosaajat\/wp-json\/wp\/v2\/pages\/2345\/revisions\/3086"}],"up":[{"embeddable":true,"href":"https:\/\/blogit.utu.fi\/meriosaajat\/wp-json\/wp\/v2\/pages\/2102"}],"wp:attachment":[{"href":"https:\/\/blogit.utu.fi\/meriosaajat\/wp-json\/wp\/v2\/media?parent=2345"}],"curies":[{"name":"wp","href":"https:\/\/api.w.org\/{rel}","templated":true}]}}