{"id":2438,"date":"2019-01-09T15:22:43","date_gmt":"2019-01-09T13:22:43","guid":{"rendered":"https:\/\/blogit.utu.fi\/meriosaajat\/?page_id=2438"},"modified":"2019-01-11T09:17:42","modified_gmt":"2019-01-11T07:17:42","slug":"1-tuotannon-johtamisen-perusteita","status":"publish","type":"page","link":"https:\/\/blogit.utu.fi\/meriosaajat\/verkko-oppimateriaalit\/tuotannonjohtaminen\/1-tuotannon-johtamisen-perusteita\/","title":{"rendered":"1. Tuotannon johtamisen perusteita"},"content":{"rendered":"<h3><b>T\u00e4ss\u00e4 viidest\u00e4 luvusta koostuvassa oppimateriaalissa on koottu tuotannon johtamisen perusteita tuotannollisen yrityksen n\u00e4k\u00f6kulmasta.\u00a0<\/b><\/h3>\n<div id=\"yui_3_17_2_1_1546935334333_27\" class=\"no-overflow\">\n<p>Tuotannollisessa yrityksess\u00e4 tuotanto perustuu yrityksen strategiaan eli pitk\u00e4n aikav\u00e4lin tavoiteasetantaan. Materiaalin ensimm\u00e4isess\u00e4 luvussa k\u00e4sitell\u00e4\u00e4nkin lyhyesti strategisen johtamisen yhteytt\u00e4 tuotannon johtamiseen. Jotta yritys voisi saavuttaa tekem\u00e4ns\u00e4 tavoitteet, esitell\u00e4\u00e4n lis\u00e4ksi tuotannon tavoitetekij\u00f6it\u00e4 ja tuotantomuotoja. Erityisesti tuotannolliset yritykset ovat osa toimitusketjua, joten my\u00f6s sit\u00e4 pit\u00e4\u00e4 hallita sek\u00e4 toimitusketjun yl\u00e4virtaan eli toimittajiin ja alavirtaan eli asiakkaisiin p\u00e4in.<\/p>\n<p id=\"yui_3_17_2_1_1546935334333_26\"><img loading=\"lazy\" decoding=\"async\" id=\"yui_3_17_2_1_1546935334333_25\" class=\"atto_image_button_left\" src=\"https:\/\/moodle.utu.fi\/pluginfile.php\/711043\/mod_book\/chapter\/8219\/Yl%C3%A4-%20ja%20alavirta.jpg\" alt=\"Yl\u00e4- ja alavirta\" width=\"540\" height=\"253\" \/><\/p>\n<p>Tuotannon suunnittelu on t\u00e4rke\u00e4 kokonaisuus, joka sis\u00e4lt\u00e4\u00e4 monia johtamisen alalajeja ja suuntauksia sis\u00e4lt\u00e4en niin yrityksen talouden, hankitatoiminnan kuin laadun suunnittelua. T\u00e4ss\u00e4 oppimateriaalissa tuotannon suunnittelua on l\u00e4hestytty toimitusketjun ja sen hahmoittamisen n\u00e4k\u00f6kulmasta. Lis\u00e4ksi tuotannon suunnitteluosiossa valotetaan asiakkaan ostajan n\u00e4k\u00f6kulmaa.<\/p>\n<p>Laatujohtamisella on keskeinen rooli tuotannollisen yrityksen toiminnassa ja erityisesti toiminnan kehitt\u00e4misess\u00e4. Siksi nelj\u00e4nness\u00e4 luvussa kuvataan aluksi laatujohtamisen historiaa, jonka j\u00e4lkeen on materiaaleja laatustandardeja ja laadun hallintaa koskien. Lis\u00e4ksi on valotettu viimeisen 2015 tapahtuneen ISO 9000 standardimuutoksen vaikutuksia.<\/p>\n<p>Varaston hallinta on yksi haaste tuotannollisen yrityksen k\u00e4yt\u00e4nn\u00f6n toiminnassa. Siksi viidenness\u00e4 luvussa k\u00e4yd\u00e4\u00e4n l\u00e4pi varastoa sek\u00e4 taloudellisesta ett\u00e4 ohjaus n\u00e4k\u00f6kulmista. Lis\u00e4ksi luvussa tuodaan esiin sopimusteknisi\u00e4 seikkoja.<\/p>\n<p>Viimeisess\u00e4 kuudennessa luvussa kootaan ja esitell\u00e4\u00e4n materiaalissa esiintulleita tuotannon johtamisen ty\u00f6kaluja.<\/p>\n<\/div>\n","protected":false},"excerpt":{"rendered":"<p>T\u00e4ss\u00e4 viidest\u00e4 luvusta koostuvassa oppimateriaalissa on koottu tuotannon johtamisen perusteita tuotannollisen yrityksen n\u00e4k\u00f6kulmasta.\u00a0 Tuotannollisessa yrityksess\u00e4 tuotanto perustuu yrityksen strategiaan eli pitk\u00e4n aikav\u00e4lin tavoiteasetantaan. Materiaalin ensimm\u00e4isess\u00e4 luvussa k\u00e4sitell\u00e4\u00e4nkin lyhyesti strategisen johtamisen yhteytt\u00e4 tuotannon johtamiseen. Jotta yritys voisi saavuttaa tekem\u00e4ns\u00e4 tavoitteet, esitell\u00e4\u00e4n &hellip;<\/p>\n<p class=\"read-more\"> <a class=\"more-link\" href=\"https:\/\/blogit.utu.fi\/meriosaajat\/verkko-oppimateriaalit\/tuotannonjohtaminen\/1-tuotannon-johtamisen-perusteita\/\"> <span class=\"screen-reader-text\">1. Tuotannon johtamisen perusteita<\/span> Lue lis\u00e4\u00e4 &raquo;<\/a><\/p>\n","protected":false},"author":1078,"featured_media":0,"parent":2102,"menu_order":0,"comment_status":"closed","ping_status":"closed","template":"full-width-page.php","meta":{"footnotes":""},"class_list":["post-2438","page","type-page","status-publish","hentry"],"_links":{"self":[{"href":"https:\/\/blogit.utu.fi\/meriosaajat\/wp-json\/wp\/v2\/pages\/2438","targetHints":{"allow":["GET"]}}],"collection":[{"href":"https:\/\/blogit.utu.fi\/meriosaajat\/wp-json\/wp\/v2\/pages"}],"about":[{"href":"https:\/\/blogit.utu.fi\/meriosaajat\/wp-json\/wp\/v2\/types\/page"}],"author":[{"embeddable":true,"href":"https:\/\/blogit.utu.fi\/meriosaajat\/wp-json\/wp\/v2\/users\/1078"}],"replies":[{"embeddable":true,"href":"https:\/\/blogit.utu.fi\/meriosaajat\/wp-json\/wp\/v2\/comments?post=2438"}],"version-history":[{"count":2,"href":"https:\/\/blogit.utu.fi\/meriosaajat\/wp-json\/wp\/v2\/pages\/2438\/revisions"}],"predecessor-version":[{"id":2450,"href":"https:\/\/blogit.utu.fi\/meriosaajat\/wp-json\/wp\/v2\/pages\/2438\/revisions\/2450"}],"up":[{"embeddable":true,"href":"https:\/\/blogit.utu.fi\/meriosaajat\/wp-json\/wp\/v2\/pages\/2102"}],"wp:attachment":[{"href":"https:\/\/blogit.utu.fi\/meriosaajat\/wp-json\/wp\/v2\/media?parent=2438"}],"curies":[{"name":"wp","href":"https:\/\/api.w.org\/{rel}","templated":true}]}}