{"id":2465,"date":"2019-01-09T15:45:50","date_gmt":"2019-01-09T13:45:50","guid":{"rendered":"https:\/\/blogit.utu.fi\/meriosaajat\/?page_id=2465"},"modified":"2019-01-15T15:19:55","modified_gmt":"2019-01-15T13:19:55","slug":"riskienhallinta","status":"publish","type":"page","link":"https:\/\/blogit.utu.fi\/meriosaajat\/verkko-oppimateriaalit\/riskienhallinta\/","title":{"rendered":"Riskienhallinta"},"content":{"rendered":"<div class=\"summary\">\n<div class=\"no-overflow\">\n<p>Riskit eli vahingonuhat merkitsev\u00e4t vaaratekij\u00f6it\u00e4, joille yritykset henkil\u00f6kuntineen ovat v\u00e4\u00e4j\u00e4\u00e4m\u00e4tt\u00e4 alttiina. Riskej\u00e4 ei voi kokonaan poistaa, mutta niiden m\u00e4\u00e4r\u00e4\u00e4, todenn\u00e4k\u00f6isyyksi\u00e4 ja vaikutuksia voidaan minimoida varsin pienin huomioivin toimin. Pienyrityksenkin on tarpeen pohtia itselle soveltuvaa riskienhallinnan kokonaisuutta.<\/p>\n<p><img loading=\"lazy\" decoding=\"async\" class=\"size-full wp-image-2522 alignright\" src=\"https:\/\/blogit.utu.fi\/meriosaajat\/wp-content\/uploads\/sites\/76\/2019\/01\/kuva.png\" alt=\"\" width=\"297\" height=\"170\" srcset=\"https:\/\/blogit.utu.fi\/meriosaajat\/wp-content\/uploads\/sites\/76\/2019\/01\/kuva.png 297w, https:\/\/blogit.utu.fi\/meriosaajat\/wp-content\/uploads\/sites\/76\/2019\/01\/kuva-100x57.png 100w, https:\/\/blogit.utu.fi\/meriosaajat\/wp-content\/uploads\/sites\/76\/2019\/01\/kuva-150x86.png 150w, https:\/\/blogit.utu.fi\/meriosaajat\/wp-content\/uploads\/sites\/76\/2019\/01\/kuva-200x114.png 200w\" sizes=\"auto, (max-width: 297px) 100vw, 297px\" \/><\/p>\n<\/div>\n<\/div>\n<div>\n<div class=\"mod-indent-outer\">\n<div class=\"mod-indent\"><\/div>\n<div>\n<div class=\"contentwithoutlink \">\n<div class=\"no-overflow\">\n<div class=\"no-overflow\">\n<p><i><b>Mik\u00e4 on sinulle hyv\u00e4 toimintatapa ja keinovalikoima, jonka avulla voit tunnistaa ja arvioida teille olennaisia riskej\u00e4?<br \/>\nEnt\u00e4 miten helposti voit v\u00e4hent\u00e4\u00e4 todenn\u00e4k\u00f6isten vaaratekij\u00f6iden seurauksia? <\/b><\/i><\/p>\n<p>Riskienhallinta ei ole erillinen toiminto vaan on kiinte\u00e4 osa my\u00f6s pienyrityksen taloudenpitoa, hallintoa ja toimintojen ohjausta.<\/p>\n<h5><b>Riskienhallinnan materiaali sis\u00e4lt\u00e4\u00e4:<br \/>\n<\/b><\/h5>\n<ol>\n<li>Riski ja riskienhallinta- ennakointi ja kokonaisprosessi<\/li>\n<li>Riskiluokittelu &#8211; luokittelu yksinkertaistaa vertailua ja lis\u00e4\u00e4 tietoisuutta<\/li>\n<li>Riskienhallintakeinot ja toimenpiteet &#8211; v\u00e4lt\u00e4, pienenn\u00e4, jaa, siirr\u00e4 vai hyv\u00e4ksy?<\/li>\n<li>Riskianalyysit &#8211; vaikutusten ja todenn\u00e4k\u00f6isyyksien arviointia<\/li>\n<li>Teht\u00e4vi\u00e4 ja pohdintaa<\/li>\n<\/ol>\n<p>Materiaalin l\u00e4pik\u00e4yty\u00e4si kiinnit\u00e4t huomiota ja pystyt analysoimaan yrityksellesi merkityksellisi\u00e4 riskitekij\u00f6it\u00e4 osana normaalia tuotannon- ja talouden hallintaa. Samalla pystyt luontevammin osallistamaan my\u00f6s muun henkil\u00f6st\u00f6n arkip\u00e4iv\u00e4n riskienhallintaan osana normaaleja ty\u00f6rutiineja ja toimitapoja.<\/p>\n<\/div>\n<h3><img loading=\"lazy\" decoding=\"async\" class=\"aligncenter wp-image-2534 size-full\" src=\"https:\/\/blogit.utu.fi\/meriosaajat\/wp-content\/uploads\/sites\/76\/2019\/01\/pommisarjakuva.jpg\" alt=\"\" width=\"2655\" height=\"1877\" srcset=\"https:\/\/blogit.utu.fi\/meriosaajat\/wp-content\/uploads\/sites\/76\/2019\/01\/pommisarjakuva.jpg 2655w, https:\/\/blogit.utu.fi\/meriosaajat\/wp-content\/uploads\/sites\/76\/2019\/01\/pommisarjakuva-300x212.jpg 300w, https:\/\/blogit.utu.fi\/meriosaajat\/wp-content\/uploads\/sites\/76\/2019\/01\/pommisarjakuva-768x543.jpg 768w, https:\/\/blogit.utu.fi\/meriosaajat\/wp-content\/uploads\/sites\/76\/2019\/01\/pommisarjakuva-1024x724.jpg 1024w, https:\/\/blogit.utu.fi\/meriosaajat\/wp-content\/uploads\/sites\/76\/2019\/01\/pommisarjakuva-100x71.jpg 100w, https:\/\/blogit.utu.fi\/meriosaajat\/wp-content\/uploads\/sites\/76\/2019\/01\/pommisarjakuva-150x106.jpg 150w, https:\/\/blogit.utu.fi\/meriosaajat\/wp-content\/uploads\/sites\/76\/2019\/01\/pommisarjakuva-200x141.jpg 200w, https:\/\/blogit.utu.fi\/meriosaajat\/wp-content\/uploads\/sites\/76\/2019\/01\/pommisarjakuva-450x318.jpg 450w, https:\/\/blogit.utu.fi\/meriosaajat\/wp-content\/uploads\/sites\/76\/2019\/01\/pommisarjakuva-600x424.jpg 600w, https:\/\/blogit.utu.fi\/meriosaajat\/wp-content\/uploads\/sites\/76\/2019\/01\/pommisarjakuva-900x636.jpg 900w\" sizes=\"auto, (max-width: 2655px) 100vw, 2655px\" \/><b>RISKIENHALLINNAN MATERIAALIT:<\/b><\/h3>\n<div class=\"box generalbox foldertree p-y-1\">\n<div id=\"folder_tree0\" class=\"filemanager\">\n<div id=\"ygtv0\" class=\"ygtvitem\">\n<div id=\"ygtvc0\" class=\"ygtvchildren\">\n<div id=\"ygtv1\" class=\"ygtvitem\">\n<div id=\"ygtvc1\" class=\"ygtvchildren\">\n<h4><a href=\"https:\/\/blogit.utu.fi\/meriosaajat\/wp-content\/uploads\/sites\/76\/2019\/01\/2.-Riskiluokittelua.pdf\">2. Riskiluokittelua<\/a><\/h4>\n<h4><a href=\"https:\/\/blogit.utu.fi\/meriosaajat\/wp-content\/uploads\/sites\/76\/2019\/01\/2.-Riskiluokittelua-elinkaari-ja-verkostoriskit.pdf\">2. Riskiluokittelua-elinkaari- ja verkostoriskit<\/a><\/h4>\n<h4><a href=\"https:\/\/blogit.utu.fi\/meriosaajat\/wp-content\/uploads\/sites\/76\/2019\/01\/3.-Riskienhallinta_keinot-ja-toimenpiteet.pdf\">3. Riskienhallinta keinot ja toimenpiteet<\/a><\/h4>\n<h4><a href=\"https:\/\/blogit.utu.fi\/meriosaajat\/wp-content\/uploads\/sites\/76\/2019\/01\/4.-Riskianalyysit.pdf\">4. Riskianalyysit<\/a><\/h4>\n<h4><a href=\"https:\/\/blogit.utu.fi\/meriosaajat\/wp-content\/uploads\/sites\/76\/2019\/01\/5.-Riskienhallinnan-teht\u00e4vi\u00e4.pdf\">5. Riskienhallinnan teht\u00e4vi\u00e4<\/a><\/h4>\n<\/div>\n<\/div>\n<\/div>\n<\/div>\n<div>\n<h4 id=\"yui_3_17_2_1_1547450710983_20\" class=\"sectionname\"><span id=\"yui_3_17_2_1_1547450710983_19\">Lis\u00e4- ja oheismateriaalia:<\/span><\/h4>\n<h4><a href=\"https:\/\/blogit.utu.fi\/meriosaajat\/wp-content\/uploads\/sites\/76\/2019\/01\/Kokonaisvaltainen-riskienhallinta_Leijala-Leena-201.pdf\">Kokonaisvaltainen riskienhallinta<\/a><\/h4>\n<p>Riskienhallinnan asiantuntija Leena Leijalan yhteenvet\u00e4v\u00e4 kalvosarja kokonaisvaltaisesta riskienhallinnasta.<\/p>\n<div>\n<div class=\"mod-indent-outer\">\n<div>\n<div class=\"activityinstance\">\n<div class=\"no-overflow\">\n<div class=\"no-overflow\">\n<h4><a href=\"https:\/\/riskikompassi.fi\/\">Riskikompassi -uutta suuntaa riskienhallintaan -verkkosivut<\/a><\/h4>\n<\/div>\n<\/div>\n<\/div>\n<\/div>\n<\/div>\n<\/div>\n<div>\n<div class=\"mod-indent-outer\">\n<div>\n<div class=\"activityinstance\">\n<div class=\"no-overflow\">\n<div class=\"no-overflow\">\n<p>Suomen Riskienhallintayhdistyksen kokoama ja yll\u00e4pit\u00e4m\u00e4 riskienhallinnan verkkosivusto. Sivuilta l\u00f6yd\u00e4t lis\u00e4\u00e4 teht\u00e4vi\u00e4 ja teoriamateriaalia riskienhallinnan opiskeluun.<\/p>\n<h4><a href=\"https:\/\/blogit.utu.fi\/meriosaajat\/wp-content\/uploads\/sites\/76\/2019\/01\/Lis\u00e4materiaali_Riskienhallinta-kilpailuetuna.pdf\">Riskienhallinta kilpailuetuna<\/a><\/h4>\n<\/div>\n<\/div>\n<\/div>\n<\/div>\n<\/div>\n<\/div>\n<div id=\"yui_3_17_2_1_1547450710983_32\">\n<div id=\"yui_3_17_2_1_1547450710983_31\" class=\"mod-indent-outer\">\n<div id=\"yui_3_17_2_1_1547450710983_30\">\n<div id=\"yui_3_17_2_1_1547450710983_29\" class=\"contentafterlink\">\n<div id=\"yui_3_17_2_1_1547450710983_28\" class=\"no-overflow\">\n<div id=\"yui_3_17_2_1_1547450710983_27\" class=\"no-overflow\">\n<p id=\"yui_3_17_2_1_1547450710983_26\">Riski ei ole vain uhka ja negatiivinen pelote. Riskienhallinta on samoin mahdollisuus panostaa laatuun ja turvallisuuteen sek\u00e4 sit\u00e4 kautta toiminnan tehokkuuteen. T\u00e4m\u00e4 puolestaan johtaa parempaan tuottavuuteen ja kasvavaan kilpailukykyyn. Lis\u00e4\u00e4 pohdittavaa oheisesta artikkelista.<\/p>\n<\/div>\n<\/div>\n<\/div>\n<\/div>\n<\/div>\n<\/div>\n<p>&nbsp;<\/p>\n<\/div>\n<div id=\"ygtv0\" class=\"ygtvitem\">\n<h4><a href=\"https:\/\/blogit.utu.fi\/meriosaajat\/riskienhallinnan-testi\/\"><span style=\"color: #0000ff\"><span style=\"color: #3366ff\"><span style=\"color: #0000ff\"><span style=\"color: #333399\">LOPPUTESTI<\/span><\/span><\/span><\/span><\/a> &#8211; Testaa mit\u00e4 j\u00e4i mieleen t\u00e4st\u00e4 osiosta!<\/h4>\n<\/div>\n<\/div>\n<\/div>\n<\/div>\n<\/div>\n<\/div>\n<\/div>\n<\/div>\n","protected":false},"excerpt":{"rendered":"<p>Riskit eli vahingonuhat merkitsev\u00e4t vaaratekij\u00f6it\u00e4, joille yritykset henkil\u00f6kuntineen ovat v\u00e4\u00e4j\u00e4\u00e4m\u00e4tt\u00e4 alttiina. Riskej\u00e4 ei voi kokonaan poistaa, mutta niiden m\u00e4\u00e4r\u00e4\u00e4, todenn\u00e4k\u00f6isyyksi\u00e4 ja vaikutuksia voidaan minimoida varsin pienin huomioivin toimin. Pienyrityksenkin on tarpeen pohtia itselle soveltuvaa riskienhallinnan kokonaisuutta. Mik\u00e4 on sinulle hyv\u00e4 &hellip;<\/p>\n<p class=\"read-more\"> <a class=\"more-link\" href=\"https:\/\/blogit.utu.fi\/meriosaajat\/verkko-oppimateriaalit\/riskienhallinta\/\"> <span class=\"screen-reader-text\">Riskienhallinta<\/span> Lue lis\u00e4\u00e4 &raquo;<\/a><\/p>\n","protected":false},"author":1078,"featured_media":0,"parent":292,"menu_order":0,"comment_status":"closed","ping_status":"closed","template":"full-width-page.php","meta":{"footnotes":""},"class_list":["post-2465","page","type-page","status-publish","hentry"],"_links":{"self":[{"href":"https:\/\/blogit.utu.fi\/meriosaajat\/wp-json\/wp\/v2\/pages\/2465","targetHints":{"allow":["GET"]}}],"collection":[{"href":"https:\/\/blogit.utu.fi\/meriosaajat\/wp-json\/wp\/v2\/pages"}],"about":[{"href":"https:\/\/blogit.utu.fi\/meriosaajat\/wp-json\/wp\/v2\/types\/page"}],"author":[{"embeddable":true,"href":"https:\/\/blogit.utu.fi\/meriosaajat\/wp-json\/wp\/v2\/users\/1078"}],"replies":[{"embeddable":true,"href":"https:\/\/blogit.utu.fi\/meriosaajat\/wp-json\/wp\/v2\/comments?post=2465"}],"version-history":[{"count":25,"href":"https:\/\/blogit.utu.fi\/meriosaajat\/wp-json\/wp\/v2\/pages\/2465\/revisions"}],"predecessor-version":[{"id":3047,"href":"https:\/\/blogit.utu.fi\/meriosaajat\/wp-json\/wp\/v2\/pages\/2465\/revisions\/3047"}],"up":[{"embeddable":true,"href":"https:\/\/blogit.utu.fi\/meriosaajat\/wp-json\/wp\/v2\/pages\/292"}],"wp:attachment":[{"href":"https:\/\/blogit.utu.fi\/meriosaajat\/wp-json\/wp\/v2\/media?parent=2465"}],"curies":[{"name":"wp","href":"https:\/\/api.w.org\/{rel}","templated":true}]}}