{"id":261,"date":"2016-09-13T12:22:31","date_gmt":"2016-09-13T10:22:31","guid":{"rendered":"https:\/\/blogit.utu.fi\/meriosaajat\/?page_id=261"},"modified":"2019-04-11T13:09:43","modified_gmt":"2019-04-11T11:09:43","slug":"tutustu-hankkeeseen","status":"publish","type":"page","link":"https:\/\/blogit.utu.fi\/meriosaajat\/tutustu-hankkeeseen\/","title":{"rendered":"Tutustu hankkeeseen"},"content":{"rendered":"<h2><strong>MERIOSAAJAT 09\/2016 &#8211; 02\/2019<\/strong><\/h2>\n<p><strong>MERIOSAAJAT\u00a0<em>-hankkeessa saatettiin korkeakouluverkostossa syntyneen uusimman TKI-toiminnan ja osaamisen johtamiseen liittyv\u00e4n tiedon\u00a0 Satakunnan alueen pienyritysten hy\u00f6dyksi. <\/em><\/strong><em>I<\/em><em>deana oli yhdist\u00e4\u00e4 yritysten omaa alakohtaista teknist\u00e4 osaamista, korkeakoulujen menetelm\u00e4- ja toiminnanohjausosaamista sek\u00e4 teknologisten innovaatioiden pilottitoteutuksia, niin ett\u00e4 yhteisen asiantuntijuuden ja osaamisen keskittym\u00e4n kautta saadaan aktivoitua pienten yritysten TKI-toimintaa.\u00a0<strong>Yhdess\u00e4 toimivat ovat vahvempia ja osaavampia.\u00a0<\/strong><\/em><\/p>\n<p><strong>Tulosta esite t\u00e4st\u00e4:<\/strong> <a href=\"http:\/\/blogit.utu.fi\/meriosaajat\/wp-content\/uploads\/sites\/76\/2016\/11\/meriosaajat-esite.pdf\">MERIOSAAJAT esite<\/a><\/p>\n<p><em><strong>Tiivistetysti tarkoituksena oli aktivoida yritysten omien prosessien ja palveluiden kehitt\u00e4mist\u00e4<\/strong>\u00a0<strong>ja kannustaa meriklusterisidonnaisia mikro- ja pk-yrityksi\u00e4 \u00e4lykk\u00e4\u00e4seen erikoistumiseen omien vahvuusalueiden l\u00f6yt\u00e4miseksi ja ter\u00e4v\u00f6itt\u00e4miseksi.<\/strong><\/em><\/p>\n<p><em>Yhteisty\u00f6n jatkuvuuden turvaamiseksi hanke pyrki l\u00f6yt\u00e4m\u00e4\u00e4n toimivan ja k\u00e4yt\u00e4nn\u00f6n yhteisty\u00f6t\u00e4 helpottavan toimintamallin ja p\u00e4\u00e4navauksen siihen, miten Satakunnan alueen korkeakoulut ja pk-yritykset voivat luontevasti hy\u00f6dynt\u00e4\u00e4 toinen toistensa osaamista vastaisuudessakin. Samalla korkeakoulujen osaaminen pk-sektorin yritysten parissa tehtiin n\u00e4kyv\u00e4ksi ja helpommin l\u00e4hestytt\u00e4v\u00e4ksi.<br \/>\n<\/em><\/p>\n<p><em> <strong>MERIOSAAJAT kokosi osaajat ja tarvittavat resurssit yhteen, jotta kukin taho voi keskitty\u00e4 omiin ydinosaamisalueisiinsa. Henkil\u00f6st\u00f6n kouluttamisen kautta hankkeessa tuotettu verkko-oppimateriaali edesauttaa kehitt\u00e4m\u00e4\u00e4n yritysten toiminta- ja palveluprosesseja.\u00a0<\/strong><\/em><\/p>\n<p style=\"text-align: left\"><strong>TEKNOLOGIAESITTELYT<\/strong><\/p>\n<p>Uusimpien teknologioiden k\u00e4ytt\u00f6\u00f6nottoa ja palveluiden kehitt\u00e4mist\u00e4 edistetettiin <strong>demoamalla k\u00e4yt\u00e4nn\u00f6llisi\u00e4 ja tuotantomenetelmi\u00e4 kehitt\u00e4vi\u00e4 protototeutuksia<\/strong>\u00a0sek\u00e4 kannustamalla niist\u00e4 varioitavia ratkaisuja pienyrityksille edelleen jalostettavaksi, esimerkiksi aiemmin Turun yliopistossa SensiLab-projektissa tuotettuja pilotteja.<\/p>\n<p><strong>OSAAMISEN KEHITT\u00c4MINEN &#8211; VERKKO-OPPIMATERIAALI<\/strong><\/p>\n<p>TKI-toiminnan tukemiseksi hankkeessa tuotettiin <strong>verkko-oppimateriaalia tuotannonjohtamisesta, projektin- ja riskienhallinnasta, rahoituslaskelmista ja hinnoittelusta<\/strong>. Itseopiskeluun sopivan materiaalin haltuunotto mahdollistaa yritysten omien toiminta- ja palveluprosessien kehitt\u00e4misen, joko yksitt\u00e4isten ty\u00f6ntekij\u00f6iden tai koko henkil\u00f6st\u00f6n kouluttamisen kautta.<\/p>\n<p><strong>YHTEISTY\u00d6KORKEAKOULUT:\u00a0<\/strong><\/p>\n<ul>\n<li>Turun Yliopiston Brahea-keskuksen Merenkulkualan koulutus- ja tutkimuskeskus sek\u00e4 Kauppakorkeakoulun Porin yksikk\u00f6 ja Tulevaisuuden teknologioiden laitos<\/li>\n<li>Tampereen teknillisen yliopiston Porin yksikkk\u00f6<\/li>\n<li>Satakunnan ammattikorkeakoulu<\/li>\n<\/ul>\n<p><strong>TAUSTA JA PERUSTELUT<\/strong><\/p>\n<p style=\"text-align: left\">Hankkeen taustalla oli meriteollisuuden veturiyritysten n\u00e4kemykset alan pienempien alihankkijoiden kehitystarpeista. Ajatukset julkaistiin syksyll\u00e4 2015\u00a0 ilmestyneess\u00e4 MERITEOLLISUUDEN ALIHANKKIJAVERKOSTOT 2015- selvityksess\u00e4. Julkaisun on tuottanut Turun yliopiston\u00a0Brahea-keskuksen Merenkulkualan koulutus- ja tutkimuskeskus.<\/p>\n<p><strong>Rahoittajina hankkeen mahdollistivat<\/strong><strong> Kest\u00e4v\u00e4\u00e4 kasvua ja ty\u00f6t\u00e4 2014\u20132020, Suomen rakennerahasto-ohjelma\u00a0sek\u00e4 Rauman kaupunki.<\/strong><\/p>\n","protected":false},"excerpt":{"rendered":"<p>MERIOSAAJAT 09\/2016 &#8211; 02\/2019 MERIOSAAJAT\u00a0-hankkeessa saatettiin korkeakouluverkostossa syntyneen uusimman TKI-toiminnan ja osaamisen johtamiseen liittyv\u00e4n tiedon\u00a0 Satakunnan alueen pienyritysten hy\u00f6dyksi. Ideana oli yhdist\u00e4\u00e4 yritysten omaa alakohtaista teknist\u00e4 osaamista, korkeakoulujen menetelm\u00e4- ja toiminnanohjausosaamista sek\u00e4 teknologisten innovaatioiden pilottitoteutuksia, niin ett\u00e4 yhteisen asiantuntijuuden ja &hellip;<\/p>\n<p class=\"read-more\"> <a class=\"more-link\" href=\"https:\/\/blogit.utu.fi\/meriosaajat\/tutustu-hankkeeseen\/\"> <span class=\"screen-reader-text\">Tutustu hankkeeseen<\/span> Lue lis\u00e4\u00e4 &raquo;<\/a><\/p>\n","protected":false},"author":166,"featured_media":0,"parent":0,"menu_order":0,"comment_status":"closed","ping_status":"closed","template":"full-width-page.php","meta":{"footnotes":""},"class_list":["post-261","page","type-page","status-publish","hentry"],"_links":{"self":[{"href":"https:\/\/blogit.utu.fi\/meriosaajat\/wp-json\/wp\/v2\/pages\/261","targetHints":{"allow":["GET"]}}],"collection":[{"href":"https:\/\/blogit.utu.fi\/meriosaajat\/wp-json\/wp\/v2\/pages"}],"about":[{"href":"https:\/\/blogit.utu.fi\/meriosaajat\/wp-json\/wp\/v2\/types\/page"}],"author":[{"embeddable":true,"href":"https:\/\/blogit.utu.fi\/meriosaajat\/wp-json\/wp\/v2\/users\/166"}],"replies":[{"embeddable":true,"href":"https:\/\/blogit.utu.fi\/meriosaajat\/wp-json\/wp\/v2\/comments?post=261"}],"version-history":[{"count":35,"href":"https:\/\/blogit.utu.fi\/meriosaajat\/wp-json\/wp\/v2\/pages\/261\/revisions"}],"predecessor-version":[{"id":3347,"href":"https:\/\/blogit.utu.fi\/meriosaajat\/wp-json\/wp\/v2\/pages\/261\/revisions\/3347"}],"wp:attachment":[{"href":"https:\/\/blogit.utu.fi\/meriosaajat\/wp-json\/wp\/v2\/media?parent=261"}],"curies":[{"name":"wp","href":"https:\/\/api.w.org\/{rel}","templated":true}]}}