{"id":2699,"date":"2019-01-14T13:58:24","date_gmt":"2019-01-14T11:58:24","guid":{"rendered":"https:\/\/blogit.utu.fi\/meriosaajat\/?page_id=2699"},"modified":"2019-04-11T12:04:44","modified_gmt":"2019-04-11T10:04:44","slug":"rahoituslaskelmat","status":"publish","type":"page","link":"https:\/\/blogit.utu.fi\/meriosaajat\/verkko-oppimateriaalit\/rahoituslaskelmat\/","title":{"rendered":"RAHOITUSLASKELMAT"},"content":{"rendered":"<div class=\"summary\">\n<div class=\"no-overflow\">\n<div>\n<p>Pk-yrityksen johtaminen edellytt\u00e4\u00e4 yritt\u00e4j\u00e4lt\u00e4 aktiivista taloudellisen tilanteen seurantaa ja hallintaa. T\u00e4ll\u00f6in toiminnasta ei aiheudu yll\u00e4tt\u00e4vi\u00e4 kriisej\u00e4, tulot riitt\u00e4v\u00e4t kattamaan laskuja tulevien viikkojen ja kuukausien aikana. Taloudellisen tilanteen arkip\u00e4iv\u00e4isess\u00e4 seurannassa yritt\u00e4j\u00e4\u00e4 auttavat kassavirtalaskelmat.\u00a0Rahavirtojen tarkastelu auttaa yritt\u00e4j\u00e4\u00e4 puolestaan hahmottamaan kokonaiskuvaa liiketoiminnan, investointien sek\u00e4 rahoituksen rahavirtojen liikkeist\u00e4. Rahoituslaskelma on pakollinen osana tilinp\u00e4\u00e4t\u00f6st\u00e4 vain suuryrityksill\u00e4 tai yleisen edun kannalta merkitt\u00e4vill\u00e4 yrityksill\u00e4.<\/p>\n<\/div>\n<\/div>\n<\/div>\n<div>\n<div class=\"mod-indent-outer\">\n<div class=\"mod-indent\"><\/div>\n<div>\n<div class=\"contentwithoutlink \">\n<div class=\"no-overflow\">\n<div class=\"no-overflow\">\n<div>Rahoituslaskelmat -materiaalin tavoitteena on antaa yritt\u00e4j\u00e4lle n\u00e4kemyst\u00e4 kassavirtalaskelman ja rahoituslaskelman sis\u00e4ll\u00f6st\u00e4 sek\u00e4 niihin kuuluvista erist\u00e4.<\/div>\n<div>Tuloslaskelma ja tase -materiaali kuvaa tilinp\u00e4\u00e4t\u00f6kseen kuuluvien tuloslaskelman ja taseen sis\u00e4lt\u00f6\u00e4 ja niihin kuuluvia eri\u00e4.<\/div>\n<div>Lis\u00e4ksi mukana on esimerkki kassavirtalaskelmasta.<\/div>\n<div><\/div>\n<div>Lis\u00e4tietoa l\u00f6ytyy Kirjanpitolautakunnan yleisohjeesta sek\u00e4 Valtioneuvoston asetus pien- ja mikroyrityksen tilinp\u00e4\u00e4t\u00f6ksess\u00e4 esitett\u00e4vist\u00e4 liitetiedoista -asiakirjasta.<\/div>\n<\/div>\n<\/div>\n<div><\/div>\n<h3>Rahoituslaskelmat<\/h3>\n<h4><a href=\"https:\/\/blogit.utu.fi\/meriosaajat\/wp-content\/uploads\/sites\/76\/2019\/01\/1.-Rahoituslaskelmat.pdf\">1. Rahoituslaskelmat<\/a><\/h4>\n<h4><a href=\"https:\/\/blogit.utu.fi\/meriosaajat\/wp-content\/uploads\/sites\/76\/2019\/01\/2.-Tuloslaskelma-ja-tase.pdf\">2. Tuloslaskelma ja tase<\/a><\/h4>\n<h4><a href=\"https:\/\/blogit.utu.fi\/meriosaajat\/wp-content\/uploads\/sites\/76\/2019\/01\/Kassavirtalaskelma_esimerkki.pdf\">3. Kassavirtalaskelma_esimerkki<\/a><\/h4>\n<\/div>\n<div><\/div>\n<div><a href=\"https:\/\/blogit.utu.fi\/meriosaajat\/wp-content\/uploads\/sites\/76\/2019\/01\/Kirjanpitolautakunnan-yleisohje.pdf\">Kirjanpitolautakunnan yleisohje<\/a><\/div>\n<div>Kirjanpitolautakunnan yleisohjeesta l\u00f6ytyy tilinp\u00e4\u00e4t\u00f6ksess\u00e4 <b>suuryritykselt\u00e4 vaadittavan suoran ja ep\u00e4suoran rahoituslaskelman kaavat<\/b> sivuilta 14-17.<\/div>\n<div><\/div>\n<div><a href=\"https:\/\/www.finlex.fi\/fi\/laki\/alkup\/2015\/20151753#Pidp3052352\">Pien- ja mikroyrityksen tuloslaskelman ja taseen kaavat<\/a><\/div>\n<\/div>\n<div>\n<div id=\"yui_3_17_2_1_1547467283911_27\" class=\"contentafterlink\">\n<div id=\"yui_3_17_2_1_1547467283911_26\" class=\"no-overflow\">\n<div id=\"yui_3_17_2_1_1547467283911_25\" class=\"no-overflow\">\n<p id=\"yui_3_17_2_1_1547467283911_24\">Pien- ja mikroyrityksen <b>tuloslaskelman ja taseen<\/b> <b id=\"yui_3_17_2_1_1547467283911_23\">tarkemmat kaavat<\/b> l\u00f6ytyv\u00e4t Valtioneuvoston asetus pien- ja mikroyrityksen tilinp\u00e4\u00e4t\u00f6ksess\u00e4 esitett\u00e4vist\u00e4 liitetiedoista -asiakirjasta (2015\/1753), joka l\u00f6ytyy linkin takaa.<\/p>\n<p>Liite I &#8211; Pienyrityksen kululajikohtainen tuloslaskelma<\/p>\n<p>Liite II &#8211; Pienyrityksen toimintokohtainen tuloslaskelma<\/p>\n<p id=\"yui_3_17_2_1_1547467283911_38\">Liite V &#8211; Pienyrityksen tasekaava<\/p>\n<h4><a href=\"https:\/\/blogit.utu.fi\/meriosaajat\/rahoituslaskelmat-lopputesti\/\">LOPPUTESTI<\/a> \u2013 Testaa mit\u00e4 j\u00e4i mieleen t\u00e4st\u00e4 osiosta!<\/h4>\n<\/div>\n<\/div>\n<\/div>\n<\/div>\n<\/div>\n<\/div>\n","protected":false},"excerpt":{"rendered":"<p>Pk-yrityksen johtaminen edellytt\u00e4\u00e4 yritt\u00e4j\u00e4lt\u00e4 aktiivista taloudellisen tilanteen seurantaa ja hallintaa. T\u00e4ll\u00f6in toiminnasta ei aiheudu yll\u00e4tt\u00e4vi\u00e4 kriisej\u00e4, tulot riitt\u00e4v\u00e4t kattamaan laskuja tulevien viikkojen ja kuukausien aikana. Taloudellisen tilanteen arkip\u00e4iv\u00e4isess\u00e4 seurannassa yritt\u00e4j\u00e4\u00e4 auttavat kassavirtalaskelmat.\u00a0Rahavirtojen tarkastelu auttaa yritt\u00e4j\u00e4\u00e4 puolestaan hahmottamaan kokonaiskuvaa liiketoiminnan, investointien &hellip;<\/p>\n<p class=\"read-more\"> <a class=\"more-link\" href=\"https:\/\/blogit.utu.fi\/meriosaajat\/verkko-oppimateriaalit\/rahoituslaskelmat\/\"> <span class=\"screen-reader-text\">RAHOITUSLASKELMAT<\/span> Lue lis\u00e4\u00e4 &raquo;<\/a><\/p>\n","protected":false},"author":1078,"featured_media":0,"parent":292,"menu_order":0,"comment_status":"closed","ping_status":"closed","template":"full-width-page.php","meta":{"footnotes":""},"class_list":["post-2699","page","type-page","status-publish","hentry"],"_links":{"self":[{"href":"https:\/\/blogit.utu.fi\/meriosaajat\/wp-json\/wp\/v2\/pages\/2699","targetHints":{"allow":["GET"]}}],"collection":[{"href":"https:\/\/blogit.utu.fi\/meriosaajat\/wp-json\/wp\/v2\/pages"}],"about":[{"href":"https:\/\/blogit.utu.fi\/meriosaajat\/wp-json\/wp\/v2\/types\/page"}],"author":[{"embeddable":true,"href":"https:\/\/blogit.utu.fi\/meriosaajat\/wp-json\/wp\/v2\/users\/1078"}],"replies":[{"embeddable":true,"href":"https:\/\/blogit.utu.fi\/meriosaajat\/wp-json\/wp\/v2\/comments?post=2699"}],"version-history":[{"count":10,"href":"https:\/\/blogit.utu.fi\/meriosaajat\/wp-json\/wp\/v2\/pages\/2699\/revisions"}],"predecessor-version":[{"id":2708,"href":"https:\/\/blogit.utu.fi\/meriosaajat\/wp-json\/wp\/v2\/pages\/2699\/revisions\/2708"}],"up":[{"embeddable":true,"href":"https:\/\/blogit.utu.fi\/meriosaajat\/wp-json\/wp\/v2\/pages\/292"}],"wp:attachment":[{"href":"https:\/\/blogit.utu.fi\/meriosaajat\/wp-json\/wp\/v2\/media?parent=2699"}],"curies":[{"name":"wp","href":"https:\/\/api.w.org\/{rel}","templated":true}]}}