{"id":2738,"date":"2019-01-14T14:10:00","date_gmt":"2019-01-14T12:10:00","guid":{"rendered":"https:\/\/blogit.utu.fi\/meriosaajat\/?page_id=2738"},"modified":"2019-01-15T14:30:03","modified_gmt":"2019-01-15T12:30:03","slug":"projektinhallinta","status":"publish","type":"page","link":"https:\/\/blogit.utu.fi\/meriosaajat\/verkko-oppimateriaalit\/projektinhallinta\/","title":{"rendered":"Projektinhallinta"},"content":{"rendered":"<div id=\"yui_3_17_2_1_1547467746272_30\" class=\"content\">\n<div id=\"yui_3_17_2_1_1547467746272_29\" class=\"summary\">\n<div id=\"yui_3_17_2_1_1547467746272_28\" class=\"no-overflow\">\n<p>&nbsp;<\/p>\n<p id=\"yui_3_17_2_1_1547467746272_27\"><img loading=\"lazy\" decoding=\"async\" id=\"yui_3_17_2_1_1547467746272_26\" class=\"img-responsive atto_image_button_text-bottom\" role=\"presentation\" src=\"https:\/\/moodle.utu.fi\/pluginfile.php\/607129\/course\/section\/129027\/Projektin%20hallinta%20etusivu%20Moodle%20uusi.jpg\" alt=\"Projektinhallinta etusivu\" width=\"1101\" height=\"709\" \/><\/p>\n<\/div>\n<\/div>\n<\/div>\n<div class=\"box generalbox book_content p-y-1\">\n<h4><a href=\"https:\/\/blogit.utu.fi\/meriosaajat\/verkko-oppimateriaalit\/projektinhallinta\/1-maaritelmat\/\">1. M\u00e4\u00e4ritelm\u00e4t<\/a><\/h4>\n<h4><a href=\"https:\/\/blogit.utu.fi\/meriosaajat\/verkko-oppimateriaalit\/projektinhallinta\/2-projektisalkku\/\">2. Projektisalkku<\/a><\/h4>\n<\/div>\n<div class=\"box generalbox book_content p-y-1\">\n<div class=\"no-overflow\">\n<div class=\"box generalbox book_content p-y-1\">\n<div class=\"no-overflow\">\n<div class=\"box generalbox book_content p-y-1\">\n<h4><a href=\"https:\/\/blogit.utu.fi\/meriosaajat\/verkko-oppimateriaalit\/projektinhallinta\/3-sopimusmuodot\/\">3. Sopimusmuodot<\/a><\/h4>\n<h4><a href=\"https:\/\/blogit.utu.fi\/meriosaajat\/verkko-oppimateriaalit\/projektinhallinta\/4-suunnittelu\/\">4. Suunnittelu<\/a><\/h4>\n<h4 id=\"yui_3_17_2_1_1547468054090_25\"><a href=\"https:\/\/blogit.utu.fi\/meriosaajat\/verkko-oppimateriaalit\/projektinhallinta\/5-toteutus-ja-hallinta\/\">5. Toteutus ja hallinta<\/a><\/h4>\n<h4><a href=\"https:\/\/blogit.utu.fi\/meriosaajat\/verkko-oppimateriaalit\/projektinhallinta\/6-tyokalut\/\">6. Ty\u00f6kalut<\/a><\/h4>\n<\/div>\n<\/div>\n<\/div>\n<\/div>\n<\/div>\n","protected":false},"excerpt":{"rendered":"<p>&nbsp; 1. M\u00e4\u00e4ritelm\u00e4t 2. Projektisalkku 3. Sopimusmuodot 4. Suunnittelu 5. Toteutus ja hallinta 6. Ty\u00f6kalut<\/p>\n","protected":false},"author":1078,"featured_media":0,"parent":292,"menu_order":0,"comment_status":"closed","ping_status":"closed","template":"full-width-page.php","meta":{"footnotes":""},"class_list":["post-2738","page","type-page","status-publish","hentry"],"_links":{"self":[{"href":"https:\/\/blogit.utu.fi\/meriosaajat\/wp-json\/wp\/v2\/pages\/2738","targetHints":{"allow":["GET"]}}],"collection":[{"href":"https:\/\/blogit.utu.fi\/meriosaajat\/wp-json\/wp\/v2\/pages"}],"about":[{"href":"https:\/\/blogit.utu.fi\/meriosaajat\/wp-json\/wp\/v2\/types\/page"}],"author":[{"embeddable":true,"href":"https:\/\/blogit.utu.fi\/meriosaajat\/wp-json\/wp\/v2\/users\/1078"}],"replies":[{"embeddable":true,"href":"https:\/\/blogit.utu.fi\/meriosaajat\/wp-json\/wp\/v2\/comments?post=2738"}],"version-history":[{"count":19,"href":"https:\/\/blogit.utu.fi\/meriosaajat\/wp-json\/wp\/v2\/pages\/2738\/revisions"}],"predecessor-version":[{"id":2996,"href":"https:\/\/blogit.utu.fi\/meriosaajat\/wp-json\/wp\/v2\/pages\/2738\/revisions\/2996"}],"up":[{"embeddable":true,"href":"https:\/\/blogit.utu.fi\/meriosaajat\/wp-json\/wp\/v2\/pages\/292"}],"wp:attachment":[{"href":"https:\/\/blogit.utu.fi\/meriosaajat\/wp-json\/wp\/v2\/media?parent=2738"}],"curies":[{"name":"wp","href":"https:\/\/api.w.org\/{rel}","templated":true}]}}