{"id":2807,"date":"2019-01-14T15:49:39","date_gmt":"2019-01-14T13:49:39","guid":{"rendered":"https:\/\/blogit.utu.fi\/meriosaajat\/?page_id=2807"},"modified":"2019-01-14T15:53:44","modified_gmt":"2019-01-14T13:53:44","slug":"2-projektisalkku","status":"publish","type":"page","link":"https:\/\/blogit.utu.fi\/meriosaajat\/verkko-oppimateriaalit\/projektinhallinta\/2-projektisalkku\/","title":{"rendered":"2. Projektisalkku"},"content":{"rendered":"<div class=\"no-overflow\">\n<p>T\u00e4h\u00e4n luvussa esitell\u00e4\u00e4n projektisalkkuun liittyvi\u00e4 asioita.<\/p>\n<p><a href=\"https:\/\/blogit.utu.fi\/meriosaajat\/wp-content\/uploads\/sites\/76\/2019\/01\/Projektisalkun-hallinta.pdf\">Projektisalkun hallinta<\/a> kuvaa, mit\u00e4 yrityksen tulee huomioida, kun sen toiminta sis\u00e4lt\u00e4\u00e4 useita eri projekteja. Projektit voivat olla suuria tai pieni\u00e4. Mit\u00e4 enemm\u00e4n projekteja on, sit\u00e4 t\u00e4rke\u00e4mp\u00e4\u00e4 on ymm\u00e4rt\u00e4\u00e4, miten resursseja hallitaan moniprojektiymp\u00e4rist\u00f6ss\u00e4.<\/p>\n<\/div>\n","protected":false},"excerpt":{"rendered":"<p>T\u00e4h\u00e4n luvussa esitell\u00e4\u00e4n projektisalkkuun liittyvi\u00e4 asioita. Projektisalkun hallinta kuvaa, mit\u00e4 yrityksen tulee huomioida, kun sen toiminta sis\u00e4lt\u00e4\u00e4 useita eri projekteja. Projektit voivat olla suuria tai pieni\u00e4. Mit\u00e4 enemm\u00e4n projekteja on, sit\u00e4 t\u00e4rke\u00e4mp\u00e4\u00e4 on ymm\u00e4rt\u00e4\u00e4, miten resursseja hallitaan moniprojektiymp\u00e4rist\u00f6ss\u00e4.<\/p>\n","protected":false},"author":1078,"featured_media":0,"parent":2738,"menu_order":0,"comment_status":"closed","ping_status":"closed","template":"full-width-page.php","meta":{"footnotes":""},"class_list":["post-2807","page","type-page","status-publish","hentry"],"_links":{"self":[{"href":"https:\/\/blogit.utu.fi\/meriosaajat\/wp-json\/wp\/v2\/pages\/2807","targetHints":{"allow":["GET"]}}],"collection":[{"href":"https:\/\/blogit.utu.fi\/meriosaajat\/wp-json\/wp\/v2\/pages"}],"about":[{"href":"https:\/\/blogit.utu.fi\/meriosaajat\/wp-json\/wp\/v2\/types\/page"}],"author":[{"embeddable":true,"href":"https:\/\/blogit.utu.fi\/meriosaajat\/wp-json\/wp\/v2\/users\/1078"}],"replies":[{"embeddable":true,"href":"https:\/\/blogit.utu.fi\/meriosaajat\/wp-json\/wp\/v2\/comments?post=2807"}],"version-history":[{"count":3,"href":"https:\/\/blogit.utu.fi\/meriosaajat\/wp-json\/wp\/v2\/pages\/2807\/revisions"}],"predecessor-version":[{"id":2822,"href":"https:\/\/blogit.utu.fi\/meriosaajat\/wp-json\/wp\/v2\/pages\/2807\/revisions\/2822"}],"up":[{"embeddable":true,"href":"https:\/\/blogit.utu.fi\/meriosaajat\/wp-json\/wp\/v2\/pages\/2738"}],"wp:attachment":[{"href":"https:\/\/blogit.utu.fi\/meriosaajat\/wp-json\/wp\/v2\/media?parent=2807"}],"curies":[{"name":"wp","href":"https:\/\/api.w.org\/{rel}","templated":true}]}}