{"id":2837,"date":"2019-01-14T15:57:24","date_gmt":"2019-01-14T13:57:24","guid":{"rendered":"https:\/\/blogit.utu.fi\/meriosaajat\/?page_id=2837"},"modified":"2019-01-17T08:50:00","modified_gmt":"2019-01-17T06:50:00","slug":"3-sopimusmuodot","status":"publish","type":"page","link":"https:\/\/blogit.utu.fi\/meriosaajat\/verkko-oppimateriaalit\/projektinhallinta\/3-sopimusmuodot\/","title":{"rendered":"3. Sopimusmuodot"},"content":{"rendered":"<p>T\u00e4h\u00e4n luvussa esitell\u00e4\u00e4n sopimusmuotoihin liittyvi\u00e4 asioita.<\/p>\n<p><a href=\"https:\/\/blogit.utu.fi\/meriosaajat\/wp-content\/uploads\/sites\/76\/2019\/01\/Sopimusmuodot-1.pdf\">Projektitoimitusten tyypilliset sopimusmuodot<\/a> l\u00f6ytyv\u00e4t aineistosta. Oikean muodon valinta perustuu projektin tyyppiin sek\u00e4 riskinhallinnan vaatimuksiin. Kullakin tyypill\u00e4 on omat vahvuutensa.<\/p>\n","protected":false},"excerpt":{"rendered":"<p>T\u00e4h\u00e4n luvussa esitell\u00e4\u00e4n sopimusmuotoihin liittyvi\u00e4 asioita. Projektitoimitusten tyypilliset sopimusmuodot l\u00f6ytyv\u00e4t aineistosta. Oikean muodon valinta perustuu projektin tyyppiin sek\u00e4 riskinhallinnan vaatimuksiin. Kullakin tyypill\u00e4 on omat vahvuutensa.<\/p>\n","protected":false},"author":1078,"featured_media":0,"parent":2738,"menu_order":0,"comment_status":"closed","ping_status":"closed","template":"full-width-page.php","meta":{"footnotes":""},"class_list":["post-2837","page","type-page","status-publish","hentry"],"_links":{"self":[{"href":"https:\/\/blogit.utu.fi\/meriosaajat\/wp-json\/wp\/v2\/pages\/2837","targetHints":{"allow":["GET"]}}],"collection":[{"href":"https:\/\/blogit.utu.fi\/meriosaajat\/wp-json\/wp\/v2\/pages"}],"about":[{"href":"https:\/\/blogit.utu.fi\/meriosaajat\/wp-json\/wp\/v2\/types\/page"}],"author":[{"embeddable":true,"href":"https:\/\/blogit.utu.fi\/meriosaajat\/wp-json\/wp\/v2\/users\/1078"}],"replies":[{"embeddable":true,"href":"https:\/\/blogit.utu.fi\/meriosaajat\/wp-json\/wp\/v2\/comments?post=2837"}],"version-history":[{"count":3,"href":"https:\/\/blogit.utu.fi\/meriosaajat\/wp-json\/wp\/v2\/pages\/2837\/revisions"}],"predecessor-version":[{"id":3158,"href":"https:\/\/blogit.utu.fi\/meriosaajat\/wp-json\/wp\/v2\/pages\/2837\/revisions\/3158"}],"up":[{"embeddable":true,"href":"https:\/\/blogit.utu.fi\/meriosaajat\/wp-json\/wp\/v2\/pages\/2738"}],"wp:attachment":[{"href":"https:\/\/blogit.utu.fi\/meriosaajat\/wp-json\/wp\/v2\/media?parent=2837"}],"curies":[{"name":"wp","href":"https:\/\/api.w.org\/{rel}","templated":true}]}}