{"id":2852,"date":"2019-01-14T15:59:55","date_gmt":"2019-01-14T13:59:55","guid":{"rendered":"https:\/\/blogit.utu.fi\/meriosaajat\/?page_id=2852"},"modified":"2019-04-17T14:34:21","modified_gmt":"2019-04-17T12:34:21","slug":"4-suunnittelu","status":"publish","type":"page","link":"https:\/\/blogit.utu.fi\/meriosaajat\/verkko-oppimateriaalit\/projektinhallinta\/4-suunnittelu\/","title":{"rendered":"4. Suunnittelu"},"content":{"rendered":"<div class=\"box generalbox book_content p-y-1\">\n<div class=\"no-overflow\">\n<p>T\u00e4ss\u00e4 osuudess\u00e4 k\u00e4sitell\u00e4\u00e4n projektin hallinnan suunnitteluun liittyvi\u00e4 asioita.<\/p>\n<p><a href=\"https:\/\/blogit.utu.fi\/meriosaajat\/wp-content\/uploads\/sites\/76\/2019\/04\/Projektisuunnitelma-2.pdf\">Projektisuunnitelma<\/a>n laatiminen v\u00e4hent\u00e4\u00e4 projektin ep\u00e4onnistumisen riski\u00e4. Vanha sanonta &#8221;hyvin suunniteltu, on puoliksi tehty&#8221; pit\u00e4\u00e4 projekteissa hyvin paikkansa.<\/p>\n<\/div>\n<\/div>\n<div class=\"navbottom clearfix navimages\">\n<div class=\"box generalbox book_content p-y-1\">\n<h4>4.1. Ositus<\/h4>\n<div class=\"no-overflow\">\n<p>Projektin\u00a0<a href=\"https:\/\/blogit.utu.fi\/meriosaajat\/wp-content\/uploads\/sites\/76\/2019\/04\/Projektin-ositus.pdf\">ositus<\/a> projektisuunnitelman perusta. Sen avulla projekti jaetaan hallittaviin osakokonaisuuksiin.<\/p>\n<\/div>\n<\/div>\n<\/div>\n<div class=\"navbottom clearfix navimages\">\n<h4>4.2. Vaiheistus<\/h4>\n<div class=\"no-overflow\">\n<p>Osituksen j\u00e4lkeen tehd\u00e4\u00e4n\u00a0<a href=\"https:\/\/blogit.utu.fi\/meriosaajat\/wp-content\/uploads\/sites\/76\/2019\/04\/Projektin-vaiheistus.pdf\">vaiheistus<\/a>, jolla varmistetaan projektin aikataulutus. Vaiheistukseen liittyvi\u00e4 ty\u00f6kaluja l\u00f6yd\u00e4t kappaleesta 6 Ty\u00f6kalut.<\/p>\n<h4>4.3. Kustannusohjaus<\/h4>\n<div class=\"no-overflow\">\n<p><a href=\"https:\/\/blogit.utu.fi\/meriosaajat\/wp-content\/uploads\/sites\/76\/2019\/04\/Kustannusohjaus.pdf\">Kustannusohjaus<\/a> on projektin kannattavuuden kannalta hyvin t\u00e4rke\u00e4 osuus suunnittelua ja toteutumisen mittaamista. Alla on kuvattuna projektin eri vaiheisiin liittyvi\u00e4 kustannusohjauksen elementtej\u00e4.<\/p>\n<p><a href=\"https:\/\/blogit.utu.fi\/meriosaajat\/wp-content\/uploads\/sites\/76\/2019\/04\/Kustannustavoitteellinen-suunnittelu.pdf\">Kustannustavoitteellinen suunnittelu<\/a><\/p>\n<p><a href=\"https:\/\/blogit.utu.fi\/meriosaajat\/wp-content\/uploads\/sites\/76\/2019\/04\/Budjetointi.pdf\">Budjetointi<\/a><\/p>\n<p><a href=\"https:\/\/blogit.utu.fi\/meriosaajat\/wp-content\/uploads\/sites\/76\/2019\/04\/Kustannusvalvonta.pdf\">Kustannusvalvonta<\/a><\/p>\n<p><a href=\"https:\/\/blogit.utu.fi\/meriosaajat\/wp-content\/uploads\/sites\/76\/2019\/04\/Optimointi.pdf\">Optimointi<\/a><\/p>\n<\/div>\n<\/div>\n<\/div>\n","protected":false},"excerpt":{"rendered":"<p>T\u00e4ss\u00e4 osuudess\u00e4 k\u00e4sitell\u00e4\u00e4n projektin hallinnan suunnitteluun liittyvi\u00e4 asioita. Projektisuunnitelman laatiminen v\u00e4hent\u00e4\u00e4 projektin ep\u00e4onnistumisen riski\u00e4. Vanha sanonta &#8221;hyvin suunniteltu, on puoliksi tehty&#8221; pit\u00e4\u00e4 projekteissa hyvin paikkansa. 4.1. Ositus Projektin\u00a0ositus projektisuunnitelman perusta. Sen avulla projekti jaetaan hallittaviin osakokonaisuuksiin. 4.2. Vaiheistus Osituksen j\u00e4lkeen &hellip;<\/p>\n<p class=\"read-more\"> <a class=\"more-link\" href=\"https:\/\/blogit.utu.fi\/meriosaajat\/verkko-oppimateriaalit\/projektinhallinta\/4-suunnittelu\/\"> <span class=\"screen-reader-text\">4. Suunnittelu<\/span> Lue lis\u00e4\u00e4 &raquo;<\/a><\/p>\n","protected":false},"author":1078,"featured_media":0,"parent":2738,"menu_order":0,"comment_status":"closed","ping_status":"closed","template":"full-width-page.php","meta":{"footnotes":""},"class_list":["post-2852","page","type-page","status-publish","hentry"],"_links":{"self":[{"href":"https:\/\/blogit.utu.fi\/meriosaajat\/wp-json\/wp\/v2\/pages\/2852","targetHints":{"allow":["GET"]}}],"collection":[{"href":"https:\/\/blogit.utu.fi\/meriosaajat\/wp-json\/wp\/v2\/pages"}],"about":[{"href":"https:\/\/blogit.utu.fi\/meriosaajat\/wp-json\/wp\/v2\/types\/page"}],"author":[{"embeddable":true,"href":"https:\/\/blogit.utu.fi\/meriosaajat\/wp-json\/wp\/v2\/users\/1078"}],"replies":[{"embeddable":true,"href":"https:\/\/blogit.utu.fi\/meriosaajat\/wp-json\/wp\/v2\/comments?post=2852"}],"version-history":[{"count":8,"href":"https:\/\/blogit.utu.fi\/meriosaajat\/wp-json\/wp\/v2\/pages\/2852\/revisions"}],"predecessor-version":[{"id":3446,"href":"https:\/\/blogit.utu.fi\/meriosaajat\/wp-json\/wp\/v2\/pages\/2852\/revisions\/3446"}],"up":[{"embeddable":true,"href":"https:\/\/blogit.utu.fi\/meriosaajat\/wp-json\/wp\/v2\/pages\/2738"}],"wp:attachment":[{"href":"https:\/\/blogit.utu.fi\/meriosaajat\/wp-json\/wp\/v2\/media?parent=2852"}],"curies":[{"name":"wp","href":"https:\/\/api.w.org\/{rel}","templated":true}]}}