{"id":2861,"date":"2019-01-15T09:31:15","date_gmt":"2019-01-15T07:31:15","guid":{"rendered":"https:\/\/blogit.utu.fi\/meriosaajat\/?page_id=2861"},"modified":"2019-01-15T10:18:55","modified_gmt":"2019-01-15T08:18:55","slug":"5-toteutus-ja-hallinta","status":"publish","type":"page","link":"https:\/\/blogit.utu.fi\/meriosaajat\/verkko-oppimateriaalit\/projektinhallinta\/5-toteutus-ja-hallinta\/","title":{"rendered":"5. Toteutus ja hallinta"},"content":{"rendered":"<h4>5.1. Ajan hallinta<\/h4>\n<div id=\"yui_3_17_2_1_1547537399299_27\" class=\"no-overflow\">\n<p id=\"yui_3_17_2_1_1547537399299_26\"><a href=\"https:\/\/blogit.utu.fi\/meriosaajat\/wp-content\/uploads\/sites\/76\/2019\/01\/Ajanhallinta_Aikaohjaus.pdf\">Aikaohjaus<\/a><\/p>\n<p><a href=\"https:\/\/blogit.utu.fi\/meriosaajat\/wp-content\/uploads\/sites\/76\/2019\/01\/Ajanhallinta_Ajanry\u00f6st\u00e4j\u00e4t.pdf\">Ajanry\u00f6st\u00e4j\u00e4t<\/a><\/p>\n<p id=\"yui_3_17_2_1_1547537399299_31\"><a href=\"https:\/\/blogit.utu.fi\/meriosaajat\/wp-content\/uploads\/sites\/76\/2019\/01\/Ajanhallinta_Vy\u00f6ryv\u00e4-aalto_.pdf\">Vy\u00f6ryv\u00e4 aalto<\/a><\/p>\n<\/div>\n<h4>5.2. Resurssien suunnittelu<\/h4>\n<div class=\"no-overflow\">\n<p><a href=\"https:\/\/blogit.utu.fi\/meriosaajat\/wp-content\/uploads\/sites\/76\/2019\/01\/Resurssien-suunnittelu_Resurssiohjaus.pdf\">Resurssiohjaus<\/a>\u00a0&#8211; koskekoon se henkil\u00f6it\u00e4, koneita, rahaa tai muita resursseja &#8211; on olennainen osa projektin onnistumisen mahdollistamista.<\/p>\n<\/div>\n","protected":false},"excerpt":{"rendered":"<p>5.1. Ajan hallinta Aikaohjaus Ajanry\u00f6st\u00e4j\u00e4t Vy\u00f6ryv\u00e4 aalto 5.2. Resurssien suunnittelu Resurssiohjaus\u00a0&#8211; koskekoon se henkil\u00f6it\u00e4, koneita, rahaa tai muita resursseja &#8211; on olennainen osa projektin onnistumisen mahdollistamista.<\/p>\n","protected":false},"author":1078,"featured_media":0,"parent":2738,"menu_order":0,"comment_status":"closed","ping_status":"closed","template":"full-width-page.php","meta":{"footnotes":""},"class_list":["post-2861","page","type-page","status-publish","hentry"],"_links":{"self":[{"href":"https:\/\/blogit.utu.fi\/meriosaajat\/wp-json\/wp\/v2\/pages\/2861","targetHints":{"allow":["GET"]}}],"collection":[{"href":"https:\/\/blogit.utu.fi\/meriosaajat\/wp-json\/wp\/v2\/pages"}],"about":[{"href":"https:\/\/blogit.utu.fi\/meriosaajat\/wp-json\/wp\/v2\/types\/page"}],"author":[{"embeddable":true,"href":"https:\/\/blogit.utu.fi\/meriosaajat\/wp-json\/wp\/v2\/users\/1078"}],"replies":[{"embeddable":true,"href":"https:\/\/blogit.utu.fi\/meriosaajat\/wp-json\/wp\/v2\/comments?post=2861"}],"version-history":[{"count":5,"href":"https:\/\/blogit.utu.fi\/meriosaajat\/wp-json\/wp\/v2\/pages\/2861\/revisions"}],"predecessor-version":[{"id":2891,"href":"https:\/\/blogit.utu.fi\/meriosaajat\/wp-json\/wp\/v2\/pages\/2861\/revisions\/2891"}],"up":[{"embeddable":true,"href":"https:\/\/blogit.utu.fi\/meriosaajat\/wp-json\/wp\/v2\/pages\/2738"}],"wp:attachment":[{"href":"https:\/\/blogit.utu.fi\/meriosaajat\/wp-json\/wp\/v2\/media?parent=2861"}],"curies":[{"name":"wp","href":"https:\/\/api.w.org\/{rel}","templated":true}]}}