{"id":2894,"date":"2019-01-15T10:21:12","date_gmt":"2019-01-15T08:21:12","guid":{"rendered":"https:\/\/blogit.utu.fi\/meriosaajat\/?page_id=2894"},"modified":"2019-01-17T10:50:12","modified_gmt":"2019-01-17T08:50:12","slug":"6-tyokalut","status":"publish","type":"page","link":"https:\/\/blogit.utu.fi\/meriosaajat\/verkko-oppimateriaalit\/projektinhallinta\/6-tyokalut\/","title":{"rendered":"6. Ty\u00f6kalut"},"content":{"rendered":"<p>T\u00e4m\u00e4n kappaleen alaluvuissa kuvataan erilaiset projektinhallinnan keskeiset <a href=\"https:\/\/blogit.utu.fi\/meriosaajat\/wp-content\/uploads\/sites\/76\/2019\/01\/Ty\u00f6kalut_ty\u00f6kaluja.pdf\">Ty\u00f6kalut<\/a>.<\/p>\n<h4>6.1. PDCA<\/h4>\n<div class=\"no-overflow\">\n<p><a href=\"https:\/\/blogit.utu.fi\/meriosaajat\/wp-content\/uploads\/sites\/76\/2019\/01\/Ty\u00f6kalut_PDCA.pdf\">PDCA<\/a><\/p>\n<h4>6.2. GANTT<\/h4>\n<div class=\"no-overflow\">\n<p><a href=\"https:\/\/blogit.utu.fi\/meriosaajat\/wp-content\/uploads\/sites\/76\/2019\/01\/Ty\u00f6kalut_GANTT-ty\u00f6kalu.pdf\">GANTT-ty\u00f6kalu<\/a><\/p>\n<h4>6.3. PERT<\/h4>\n<div class=\"no-overflow\">\n<p>T\u00e4m\u00e4\u00a0<a href=\"https:\/\/blogit.utu.fi\/meriosaajat\/wp-content\/uploads\/sites\/76\/2019\/01\/Ty\u00f6kaluja_PERT.pdf\">PERT-kaavion esimerkki<\/a> pyrkii antamaan yksinkertaistetun mallin PERT-kaavion luomisesta.<\/p>\n<\/div>\n<h4><a href=\"https:\/\/blogit.utu.fi\/meriosaajat\/verkko-oppimateriaalit\/projektinhallinta\/6-tyokalut\/projektinhallinnan-testi\/\">LOPPUTESTI<\/a> &#8211; Testaa mit\u00e4 j\u00e4i mieleen t\u00e4st\u00e4 osiosta!<\/h4>\n<\/div>\n<\/div>\n","protected":false},"excerpt":{"rendered":"<p>T\u00e4m\u00e4n kappaleen alaluvuissa kuvataan erilaiset projektinhallinnan keskeiset Ty\u00f6kalut. 6.1. PDCA PDCA 6.2. GANTT GANTT-ty\u00f6kalu 6.3. PERT T\u00e4m\u00e4\u00a0PERT-kaavion esimerkki pyrkii antamaan yksinkertaistetun mallin PERT-kaavion luomisesta. LOPPUTESTI &#8211; Testaa mit\u00e4 j\u00e4i mieleen t\u00e4st\u00e4 osiosta!<\/p>\n","protected":false},"author":1078,"featured_media":0,"parent":2738,"menu_order":0,"comment_status":"closed","ping_status":"closed","template":"full-width-page.php","meta":{"footnotes":""},"class_list":["post-2894","page","type-page","status-publish","hentry"],"_links":{"self":[{"href":"https:\/\/blogit.utu.fi\/meriosaajat\/wp-json\/wp\/v2\/pages\/2894","targetHints":{"allow":["GET"]}}],"collection":[{"href":"https:\/\/blogit.utu.fi\/meriosaajat\/wp-json\/wp\/v2\/pages"}],"about":[{"href":"https:\/\/blogit.utu.fi\/meriosaajat\/wp-json\/wp\/v2\/types\/page"}],"author":[{"embeddable":true,"href":"https:\/\/blogit.utu.fi\/meriosaajat\/wp-json\/wp\/v2\/users\/1078"}],"replies":[{"embeddable":true,"href":"https:\/\/blogit.utu.fi\/meriosaajat\/wp-json\/wp\/v2\/comments?post=2894"}],"version-history":[{"count":7,"href":"https:\/\/blogit.utu.fi\/meriosaajat\/wp-json\/wp\/v2\/pages\/2894\/revisions"}],"predecessor-version":[{"id":3197,"href":"https:\/\/blogit.utu.fi\/meriosaajat\/wp-json\/wp\/v2\/pages\/2894\/revisions\/3197"}],"up":[{"embeddable":true,"href":"https:\/\/blogit.utu.fi\/meriosaajat\/wp-json\/wp\/v2\/pages\/2738"}],"wp:attachment":[{"href":"https:\/\/blogit.utu.fi\/meriosaajat\/wp-json\/wp\/v2\/media?parent=2894"}],"curies":[{"name":"wp","href":"https:\/\/api.w.org\/{rel}","templated":true}]}}