{"id":292,"date":"2016-09-13T12:29:27","date_gmt":"2016-09-13T10:29:27","guid":{"rendered":"https:\/\/blogit.utu.fi\/meriosaajat\/?page_id=292"},"modified":"2019-04-11T12:42:01","modified_gmt":"2019-04-11T10:42:01","slug":"verkko-oppimateriaalit","status":"publish","type":"page","link":"https:\/\/blogit.utu.fi\/meriosaajat\/verkko-oppimateriaalit\/","title":{"rendered":"Oppimateriaalit"},"content":{"rendered":"<h5><span style=\"color: #000000\">Tervetuloa, t\u00e4st\u00e4 p\u00e4\u00e4set MERIOSAAJAT-oppimateriaaleihin: <\/span><\/h5>\n<ul>\n<li><a href=\"https:\/\/blogit.utu.fi\/meriosaajat\/verkko-oppimateriaalit\/tuotannonjohtaminen\/\">TUOTANNON JOHTAMINEN<\/a><\/li>\n<li><a href=\"https:\/\/blogit.utu.fi\/meriosaajat\/verkko-oppimateriaalit\/projektinhallinta\/\">PROJEKTINHALLINTA<\/a><\/li>\n<li><a href=\"https:\/\/blogit.utu.fi\/meriosaajat\/verkko-oppimateriaalit\/hinnoittelu-ja-rahoituslaskelmat\/\">HINNOITTELU<\/a><\/li>\n<li><a href=\"https:\/\/blogit.utu.fi\/meriosaajat\/verkko-oppimateriaalit\/rahoituslaskelmat\/\">RAHOITUSLASKELMAT<\/a><\/li>\n<li><a href=\"https:\/\/blogit.utu.fi\/meriosaajat\/verkko-oppimateriaalit\/riskienhallinta\/\">RISKIENHALLINTA<\/a><\/li>\n<li><a href=\"https:\/\/blogit.utu.fi\/meriosaajat\/wp-content\/uploads\/sites\/76\/2019\/01\/meriosaajat_oppimateriaali_vastuullinentoimitusketju_dnvgl_18101.pdf\">YRITYSVASTUU TOIMITUSKETJUISSA<\/a><\/li>\n<\/ul>\n<p>Oppimateriaalit on tuotettu MERIOSAAJAT-hankkeen aikana 09\/2016 &#8211; 02\/2019. Yritysvastuu toimitusketjuissa on Riskienhallinnan lis\u00e4materiaalia. Se on tuotettu yhteisty\u00f6ss\u00e4<a href=\"https:\/\/tech.utu.fi\/embedded\/research\/sustis\/\"> SUSTIS<\/a>-hankkeen toisen vaiheen kanssa.<\/p>\n<p>Oppimateriaali koostuu p\u00e4\u00e4osin tiiviist\u00e4 ja selkeist\u00e4 diaesityksist\u00e4 ja lis\u00e4materiaalista. Mukana on erilaisia teht\u00e4vi\u00e4 ja pohdittavia kysymyksi\u00e4, joilla aihetta voi syvent\u00e4\u00e4 oman yrityksen k\u00e4ytt\u00f6\u00f6n parhaiten soveltuvaksi. Kunkin osion lopussa on lyhyt testi, jossa on v\u00e4itt\u00e4mi\u00e4 ja monivalintakysymyksi\u00e4. Yritysvastuu toimitusketjuissa -osion osalta t\u00e4m\u00e4 on korvattu pohdintateht\u00e4vill\u00e4.<\/p>\n<p>Materiaali on erityisesti suunnattu mikro- ja pienyritt\u00e4jille ja heid\u00e4n henkil\u00f6st\u00f6lleen. Teht\u00e4vist\u00e4 saa poimittua hyvi\u00e4 ideoita ja aiheita vaikka yhteisen palaverin ohjelmaksi. Aiempaa koulutusta tai tutkintoa ei edellytet\u00e4.<\/p>\n<p>Oppimateriaalista voit poimia vain sinulle kiinnostavat osat tai ottaa haltuun koko aihepiirin itsellesi parhaiten sopivana ajankohtana.<\/p>\n<p><em>Mit\u00e4 jos testaisitte yhdess\u00e4 henkil\u00f6st\u00f6n kanssa materiaalin antia!\u00a0\u00a0\u00a0\u00a0\u00a0\u00a0\u00a0\u00a0<\/em><\/p>\n","protected":false},"excerpt":{"rendered":"<p>Tervetuloa, t\u00e4st\u00e4 p\u00e4\u00e4set MERIOSAAJAT-oppimateriaaleihin: TUOTANNON JOHTAMINEN PROJEKTINHALLINTA HINNOITTELU RAHOITUSLASKELMAT RISKIENHALLINTA YRITYSVASTUU TOIMITUSKETJUISSA Oppimateriaalit on tuotettu MERIOSAAJAT-hankkeen aikana 09\/2016 &#8211; 02\/2019. Yritysvastuu toimitusketjuissa on Riskienhallinnan lis\u00e4materiaalia. Se on tuotettu yhteisty\u00f6ss\u00e4 SUSTIS-hankkeen toisen vaiheen kanssa. Oppimateriaali koostuu p\u00e4\u00e4osin tiiviist\u00e4 ja selkeist\u00e4 diaesityksist\u00e4 &hellip;<\/p>\n<p class=\"read-more\"> <a class=\"more-link\" href=\"https:\/\/blogit.utu.fi\/meriosaajat\/verkko-oppimateriaalit\/\"> <span class=\"screen-reader-text\">Oppimateriaalit<\/span> Lue lis\u00e4\u00e4 &raquo;<\/a><\/p>\n","protected":false},"author":166,"featured_media":0,"parent":0,"menu_order":0,"comment_status":"closed","ping_status":"closed","template":"content-sidebar-page.php","meta":{"footnotes":""},"class_list":["post-292","page","type-page","status-publish","hentry"],"_links":{"self":[{"href":"https:\/\/blogit.utu.fi\/meriosaajat\/wp-json\/wp\/v2\/pages\/292","targetHints":{"allow":["GET"]}}],"collection":[{"href":"https:\/\/blogit.utu.fi\/meriosaajat\/wp-json\/wp\/v2\/pages"}],"about":[{"href":"https:\/\/blogit.utu.fi\/meriosaajat\/wp-json\/wp\/v2\/types\/page"}],"author":[{"embeddable":true,"href":"https:\/\/blogit.utu.fi\/meriosaajat\/wp-json\/wp\/v2\/users\/166"}],"replies":[{"embeddable":true,"href":"https:\/\/blogit.utu.fi\/meriosaajat\/wp-json\/wp\/v2\/comments?post=292"}],"version-history":[{"count":74,"href":"https:\/\/blogit.utu.fi\/meriosaajat\/wp-json\/wp\/v2\/pages\/292\/revisions"}],"predecessor-version":[{"id":3332,"href":"https:\/\/blogit.utu.fi\/meriosaajat\/wp-json\/wp\/v2\/pages\/292\/revisions\/3332"}],"wp:attachment":[{"href":"https:\/\/blogit.utu.fi\/meriosaajat\/wp-json\/wp\/v2\/media?parent=292"}],"curies":[{"name":"wp","href":"https:\/\/api.w.org\/{rel}","templated":true}]}}