{"id":426,"date":"2016-09-22T07:33:18","date_gmt":"2016-09-22T05:33:18","guid":{"rendered":"https:\/\/blogit.utu.fi\/meriosaajat\/?page_id=426"},"modified":"2019-04-11T14:26:52","modified_gmt":"2019-04-11T12:26:52","slug":"opintokokonaisuudet-2","status":"publish","type":"page","link":"https:\/\/blogit.utu.fi\/meriosaajat\/opintokokonaisuudet-2\/","title":{"rendered":"Opintokokonaisuudet"},"content":{"rendered":"<p><em>Yritysten resurssi- ja materiaalitehokkuus voi tapahtua raaka-ainevirtojen, laitteiden ja teknologioiden <\/em><em>ohella my\u00f6s omien liiketoimintamallien, osaamisen sek\u00e4 palveluiden ja verkostoituneen toimintatavan kehitt\u00e4misen kautta. MERIOSAAJAT tarjoaa <\/em><em>osaamisen ja verkostotoiminnan vaateiden tarkempaan huomioimiseen ev\u00e4\u00e4ksi tiivit osaamispaketit tuotannon johtamisesta ja projektinhallinnasta, hinnoittelusta, rahoituslaskelmista ja riskienhallinnasta.\u00a0\u00a0 N\u00e4iden<\/em><em> toiminnan tehokkuuteen ja laadun kehitt\u00e4miseen vaikuttavat aihepiirit on koottu<\/em><em> satakuntalaisten korkeakoulujen yhteisty\u00f6n\u00e4.<\/em><\/p>\n<p>MERIOSAAJAT -hankkeen tuottama kaikille avoin verkko-oppimateriaali mahdollistaa yrityksellesi henkil\u00f6st\u00f6n osaamisen kehitt\u00e4mist\u00e4. Opintosis\u00e4lt\u00f6 on laajuudeltaan ja sis\u00e4ll\u00f6lt\u00e4\u00e4n r\u00e4\u00e4t\u00e4l\u00f6ity erityisesi pienempien yritysten tarpeisiin. P\u00e4\u00e4set opintoihin kiinni uudelleen ja uudelleen lyhyin\u00e4kin vapaahetkin\u00e4si. Materiaali on luettavissa ja kuunneltavissa my\u00f6s mobiilisti. Kokonaisuudet ovat ajatuksia her\u00e4tt\u00e4v\u00e4\u00e4 sopivan tiiviit\u00e4, jolloin ajank\u00e4ytt\u00f6 ei muodostu kynnyskysymykseksi.<\/p>\n<p><strong>Tarjolla olevat opintoteemat ovat:<\/strong><\/p>\n<ul>\n<li><strong>Tuotannon johtaminen ja projektinhallinta<\/strong><strong><br \/>\n<\/strong><\/li>\n<li><strong>Hinnoittelu ja rahoituslaskelmat<\/strong><\/li>\n<li><strong>Mikro- ja pk-yritysten riskienhallinta<\/strong><\/li>\n<\/ul>\n<p><strong>OPPIMATERIAALIT VERKOSSA JA MOODLESSA<br \/>\nOppimateriaaleihin p\u00e4\u00e4set t\u00e4m\u00e4n sivuston &#8221;Oppimateriaalit&#8221;-v\u00e4lilehdelt\u00e4.<\/strong> Samat materiaalit l\u00f6ytyv\u00e4t my\u00f6s Moodle-oppimisymp\u00e4rist\u00f6st\u00e4. Moodleen saat kirjautumistunnukset l\u00e4hett\u00e4m\u00e4ll\u00e4 viestin osoitteeseen <em>meriosaajat@utu.fi<\/em>. Tunnukset saatuasi voit kirjautua suoraan omalla ajallasi <em>Moodle.utu.fi<\/em>-sivustolle. Suoran linkin l\u00f6yd\u00e4t my\u00f6s n\u00e4iden sivujen yl\u00e4valikosta.<\/p>\n<p>&nbsp;<\/p>\n<p><strong><img loading=\"lazy\" decoding=\"async\" class=\"alignnone  wp-image-3383\" src=\"https:\/\/blogit.utu.fi\/meriosaajat\/wp-content\/uploads\/sites\/76\/2019\/04\/meriosaajat_oppimateriaalia_yrityksille_11-04-2019-1-300x225.jpg\" alt=\"\" width=\"447\" height=\"335\" srcset=\"https:\/\/blogit.utu.fi\/meriosaajat\/wp-content\/uploads\/sites\/76\/2019\/04\/meriosaajat_oppimateriaalia_yrityksille_11-04-2019-1-300x225.jpg 300w, https:\/\/blogit.utu.fi\/meriosaajat\/wp-content\/uploads\/sites\/76\/2019\/04\/meriosaajat_oppimateriaalia_yrityksille_11-04-2019-1-768x576.jpg 768w, https:\/\/blogit.utu.fi\/meriosaajat\/wp-content\/uploads\/sites\/76\/2019\/04\/meriosaajat_oppimateriaalia_yrityksille_11-04-2019-1-100x75.jpg 100w, https:\/\/blogit.utu.fi\/meriosaajat\/wp-content\/uploads\/sites\/76\/2019\/04\/meriosaajat_oppimateriaalia_yrityksille_11-04-2019-1-150x113.jpg 150w, https:\/\/blogit.utu.fi\/meriosaajat\/wp-content\/uploads\/sites\/76\/2019\/04\/meriosaajat_oppimateriaalia_yrityksille_11-04-2019-1-200x150.jpg 200w, https:\/\/blogit.utu.fi\/meriosaajat\/wp-content\/uploads\/sites\/76\/2019\/04\/meriosaajat_oppimateriaalia_yrityksille_11-04-2019-1-450x338.jpg 450w, https:\/\/blogit.utu.fi\/meriosaajat\/wp-content\/uploads\/sites\/76\/2019\/04\/meriosaajat_oppimateriaalia_yrityksille_11-04-2019-1-600x450.jpg 600w, https:\/\/blogit.utu.fi\/meriosaajat\/wp-content\/uploads\/sites\/76\/2019\/04\/meriosaajat_oppimateriaalia_yrityksille_11-04-2019-1-900x675.jpg 900w, https:\/\/blogit.utu.fi\/meriosaajat\/wp-content\/uploads\/sites\/76\/2019\/04\/meriosaajat_oppimateriaalia_yrityksille_11-04-2019-1.jpg 960w\" sizes=\"auto, (max-width: 447px) 100vw, 447px\" \/>\u00a0<\/strong><\/p>\n<p>Pienyritykset voivat hy\u00f6dynt\u00e4\u00e4 verkkomateriaalia omien aika- ja henkil\u00f6st\u00f6resurssiensa salliessa, joko yksitt\u00e4isille henkil\u00f6ille tai hy\u00f6dynt\u00e4\u00e4 joukkomotivointia ja ottaa opinnot koko henkil\u00f6st\u00f6n yhteiseksi tempaukseksi.<\/p>\n<p><strong>T\u00e4m\u00e4n verkko-opetusmateriaalin tiiviys ja k\u00e4yt\u00e4nn\u00f6llisyys poistaa aika- ja henkil\u00f6st\u00f6resurssien aiheuttamat esteet pk-yritysten oman osaamisen kehitt\u00e4misess\u00e4!<\/strong><\/p>\n<p>&nbsp;<\/p>\n<p><a href=\"https:\/\/blogit.utu.fi\/meriosaajat\/wp-content\/uploads\/sites\/76\/2018\/02\/meriosaajat-oppimateriaaliesite_20171114.pdf\">MERIOSAAJAT-oppimateriaaliesite<\/a><\/p>\n<p><a href=\"https:\/\/blogit.utu.fi\/meriosaajat\/wp-content\/uploads\/sites\/76\/2016\/09\/meriosaajat_Oppimateriaalia-dia-netiss\u00e4.pdf\">meriosaajat_Oppimateriaalia dia netiss\u00e4<\/a><\/p>\n","protected":false},"excerpt":{"rendered":"<p>Yritysten resurssi- ja materiaalitehokkuus voi tapahtua raaka-ainevirtojen, laitteiden ja teknologioiden ohella my\u00f6s omien liiketoimintamallien, osaamisen sek\u00e4 palveluiden ja verkostoituneen toimintatavan kehitt\u00e4misen kautta. MERIOSAAJAT tarjoaa osaamisen ja verkostotoiminnan vaateiden tarkempaan huomioimiseen ev\u00e4\u00e4ksi tiivit osaamispaketit tuotannon johtamisesta ja projektinhallinnasta, hinnoittelusta, rahoituslaskelmista ja &hellip;<\/p>\n<p class=\"read-more\"> <a class=\"more-link\" href=\"https:\/\/blogit.utu.fi\/meriosaajat\/opintokokonaisuudet-2\/\"> <span class=\"screen-reader-text\">Opintokokonaisuudet<\/span> Lue lis\u00e4\u00e4 &raquo;<\/a><\/p>\n","protected":false},"author":166,"featured_media":0,"parent":0,"menu_order":0,"comment_status":"closed","ping_status":"closed","template":"content-sidebar-page.php","meta":{"footnotes":""},"class_list":["post-426","page","type-page","status-publish","hentry"],"_links":{"self":[{"href":"https:\/\/blogit.utu.fi\/meriosaajat\/wp-json\/wp\/v2\/pages\/426","targetHints":{"allow":["GET"]}}],"collection":[{"href":"https:\/\/blogit.utu.fi\/meriosaajat\/wp-json\/wp\/v2\/pages"}],"about":[{"href":"https:\/\/blogit.utu.fi\/meriosaajat\/wp-json\/wp\/v2\/types\/page"}],"author":[{"embeddable":true,"href":"https:\/\/blogit.utu.fi\/meriosaajat\/wp-json\/wp\/v2\/users\/166"}],"replies":[{"embeddable":true,"href":"https:\/\/blogit.utu.fi\/meriosaajat\/wp-json\/wp\/v2\/comments?post=426"}],"version-history":[{"count":32,"href":"https:\/\/blogit.utu.fi\/meriosaajat\/wp-json\/wp\/v2\/pages\/426\/revisions"}],"predecessor-version":[{"id":3389,"href":"https:\/\/blogit.utu.fi\/meriosaajat\/wp-json\/wp\/v2\/pages\/426\/revisions\/3389"}],"wp:attachment":[{"href":"https:\/\/blogit.utu.fi\/meriosaajat\/wp-json\/wp\/v2\/media?parent=426"}],"curies":[{"name":"wp","href":"https:\/\/api.w.org\/{rel}","templated":true}]}}