{"id":30,"date":"2019-11-27T10:37:48","date_gmt":"2019-11-27T10:37:48","guid":{"rendered":"https:\/\/blogit.utu.fi\/mevi2020\/?page_id=30"},"modified":"2021-01-18T14:12:21","modified_gmt":"2021-01-18T14:12:21","slug":"tyoryhmat-ja-paneelit","status":"publish","type":"page","link":"https:\/\/blogit.utu.fi\/mevi2020\/tyoryhmat-ja-paneelit\/","title":{"rendered":"Ty\u00f6ryhm\u00e4t ja paneelit"},"content":{"rendered":"\n<p>Median ja viestinn\u00e4n tutkimuksen webinaarin ty\u00f6ryhm\u00e4t ja paneelit. Luettelon linkeist\u00e4 p\u00e4\u00e4set lukemaan jokaisen ty\u00f6ryhm\u00e4n esittelyn ja siihen osallistuvien abstraktit.<\/p>\n\n\n\n<p class=\"has-medium-font-size\"><strong>Ty\u00f6ryhm\u00e4t:<\/strong><\/p>\n\n\n\n<ol class=\"wp-block-list\"><li><a href=\"https:\/\/blogit.utu.fi\/mevi2020\/dokumentaarisen-tiedon-rakentuminen\/\">Dokumentaarisen tiedon rakentuminen<\/a><\/li><li><a href=\"https:\/\/blogit.utu.fi\/mevi2020\/digitaalisten-menetelmien-rajapinnoilla\/\">Digitaalisten menetelmien rajapinnoilla<\/a><\/li><li><a href=\"https:\/\/blogit.utu.fi\/mevi2020\/mediateknologia-ja-kokemuksellisen-tiedon-politiikat\/\">Mediateknologia ja kokemuksellisen tiedon politiikat<\/a><\/li><li><a href=\"https:\/\/blogit.utu.fi\/mevi2020\/politiikka-sisaltosekaannuksen-aikakaudella\/\">Politiikka sis\u00e4lt\u00f6sekaannuksen aikakaudella<\/a><\/li><li><a href=\"https:\/\/blogit.utu.fi\/mevi2020\/viestintapolitiikan-ja-mediatalouden-tyoryhma\/\">Viestint\u00e4politiikan ja mediatalouden ty\u00f6ryhm\u00e4<\/a><\/li><li><a href=\"https:\/\/blogit.utu.fi\/mevi2020\/valta-ja-politiikan-journalismi\/\">Valta ja politiikan journalismi<\/a><\/li><\/ol>\n\n\n\n<h3 class=\"has-medium-font-size wp-block-heading\">Paneeli:  <\/h3>\n\n\n\n<ol class=\"wp-block-list\"><li><a href=\"https:\/\/blogit.utu.fi\/mevi2020\/tieto-ja-informaatio-mediahistoriassa\/\">Tieto ja informaatio mediahistoriassa <\/a><\/li><\/ol>\n\n\n\n<h4 class=\"wp-block-heading\"><\/h4>\n\n\n\n<p><\/p>\n\n\n\n<p><\/p>\n","protected":false},"excerpt":{"rendered":"<p>Median ja viestinn\u00e4n tutkimuksen webinaarin ty\u00f6ryhm\u00e4t ja paneelit. Luettelon linkeist\u00e4 p\u00e4\u00e4set lukemaan jokaisen ty\u00f6ryhm\u00e4n esittelyn ja siihen osallistuvien abstraktit. Ty\u00f6ryhm\u00e4t: Dokumentaarisen tiedon rakentuminen Digitaalisten menetelmien rajapinnoilla Mediateknologia ja kokemuksellisen tiedon politiikat Politiikka sis\u00e4lt\u00f6sekaannuksen aikakaudella Viestint\u00e4politiikan ja mediatalouden ty\u00f6ryhm\u00e4 Valta ja [&hellip;]<\/p>\n","protected":false},"author":4726,"featured_media":0,"parent":0,"menu_order":0,"comment_status":"closed","ping_status":"closed","template":"","meta":{"footnotes":""},"class_list":["post-30","page","type-page","status-publish","hentry"],"_links":{"self":[{"href":"https:\/\/blogit.utu.fi\/mevi2020\/wp-json\/wp\/v2\/pages\/30","targetHints":{"allow":["GET"]}}],"collection":[{"href":"https:\/\/blogit.utu.fi\/mevi2020\/wp-json\/wp\/v2\/pages"}],"about":[{"href":"https:\/\/blogit.utu.fi\/mevi2020\/wp-json\/wp\/v2\/types\/page"}],"author":[{"embeddable":true,"href":"https:\/\/blogit.utu.fi\/mevi2020\/wp-json\/wp\/v2\/users\/4726"}],"replies":[{"embeddable":true,"href":"https:\/\/blogit.utu.fi\/mevi2020\/wp-json\/wp\/v2\/comments?post=30"}],"version-history":[{"count":9,"href":"https:\/\/blogit.utu.fi\/mevi2020\/wp-json\/wp\/v2\/pages\/30\/revisions"}],"predecessor-version":[{"id":873,"href":"https:\/\/blogit.utu.fi\/mevi2020\/wp-json\/wp\/v2\/pages\/30\/revisions\/873"}],"wp:attachment":[{"href":"https:\/\/blogit.utu.fi\/mevi2020\/wp-json\/wp\/v2\/media?parent=30"}],"curies":[{"name":"wp","href":"https:\/\/api.w.org\/{rel}","templated":true}]}}