{"id":303,"date":"2020-01-28T12:57:03","date_gmt":"2020-01-28T12:57:03","guid":{"rendered":"https:\/\/blogit.utu.fi\/mevi2020\/?page_id=303"},"modified":"2021-01-20T13:09:40","modified_gmt":"2021-01-20T13:09:40","slug":"dokumentaarisen-tiedon-rakentuminen","status":"publish","type":"page","link":"https:\/\/blogit.utu.fi\/mevi2020\/dokumentaarisen-tiedon-rakentuminen\/","title":{"rendered":"Dokumentaarisen tiedon rakentuminen"},"content":{"rendered":"\n<p>Dokumentaarisen tiedon rakentuminen<\/p>\n\n\n\n<p>Ty\u00f6ryhm\u00e4n puheenjohtajana Outi Hakola<\/p>\n\n\n\n<p>Torstai 28.1.2021 klo 15.00\u201316.30<\/p>\n\n\n\n<p>Zoom: <a href=\"https:\/\/utu.zoom.us\/j\/63375111738\">https:\/\/utu.zoom.us\/j\/63375111738<\/a><\/p>\n\n\n\n<p>Meeting ID: 633 7511 1738<\/p>\n\n\n\n<p>Passcode: 0328012021<\/p>\n\n\n\n<p><\/p>\n\n\n\n<p><a href=\"https:\/\/blogit.utu.fi\/mevi2020\/wp-content\/uploads\/sites\/459\/2021\/01\/Jukka-Kortti-Dokumenttielokuva-totuus-ja-historiakulttuuri.pdf\" target=\"_blank\" rel=\"noreferrer noopener\">Jukka Kortti &#8211; Dokumenttielokuva, \u201dtotuus\u201d ja historiakulttuuri<\/a><\/p>\n\n\n\n<p><a href=\"https:\/\/blogit.utu.fi\/mevi2020\/wp-content\/uploads\/sites\/459\/2021\/01\/Rami-Mahka-Hollywood-elokuvan-afroamerikkalaisten-rodullisten-stereotypioiden-dekonstruktio-Melvin-van-Peeblesin-dokumentissa-Classified-X.pdf\" target=\"_blank\" rel=\"noreferrer noopener\">Rami M\u00e4hk\u00e4 &#8211; Hollywood-elokuvan afroamerikkalaisten rodullisten stereotypioiden dekonstruktio Melvin van Peeblesin dokumentissa <em>Classified X<\/em><\/a><\/p>\n\n\n\n<p><a href=\"https:\/\/blogit.utu.fi\/mevi2020\/wp-content\/uploads\/sites\/459\/2021\/01\/Outi-Hakola-Ruumiillistettu-tieto-terveysdokumenteissa.pdf\" target=\"_blank\" rel=\"noreferrer noopener\">Outi Hakola &#8211; Ruumiillistettu tieto terveysdokumenteissa<\/a><\/p>\n\n\n\n<p><\/p>\n\n\n\n<p>Klikkaamalla esitt\u00e4j\u00e4n nime\u00e4 ja esitelm\u00e4n otsikkoa saat ladattua esitelm\u00e4n abstraktin.<\/p>\n","protected":false},"excerpt":{"rendered":"<p>Dokumentaarisen tiedon rakentuminen Ty\u00f6ryhm\u00e4n puheenjohtajana Outi Hakola Torstai 28.1.2021 klo 15.00\u201316.30 Zoom: https:\/\/utu.zoom.us\/j\/63375111738 Meeting ID: 633 7511 1738 Passcode: 0328012021 Jukka Kortti &#8211; Dokumenttielokuva, \u201dtotuus\u201d ja historiakulttuuri Rami M\u00e4hk\u00e4 &#8211; Hollywood-elokuvan afroamerikkalaisten rodullisten stereotypioiden dekonstruktio Melvin van Peeblesin dokumentissa Classified [&hellip;]<\/p>\n","protected":false},"author":4726,"featured_media":0,"parent":0,"menu_order":2,"comment_status":"closed","ping_status":"closed","template":"","meta":{"footnotes":""},"class_list":["post-303","page","type-page","status-publish","hentry"],"_links":{"self":[{"href":"https:\/\/blogit.utu.fi\/mevi2020\/wp-json\/wp\/v2\/pages\/303","targetHints":{"allow":["GET"]}}],"collection":[{"href":"https:\/\/blogit.utu.fi\/mevi2020\/wp-json\/wp\/v2\/pages"}],"about":[{"href":"https:\/\/blogit.utu.fi\/mevi2020\/wp-json\/wp\/v2\/types\/page"}],"author":[{"embeddable":true,"href":"https:\/\/blogit.utu.fi\/mevi2020\/wp-json\/wp\/v2\/users\/4726"}],"replies":[{"embeddable":true,"href":"https:\/\/blogit.utu.fi\/mevi2020\/wp-json\/wp\/v2\/comments?post=303"}],"version-history":[{"count":12,"href":"https:\/\/blogit.utu.fi\/mevi2020\/wp-json\/wp\/v2\/pages\/303\/revisions"}],"predecessor-version":[{"id":960,"href":"https:\/\/blogit.utu.fi\/mevi2020\/wp-json\/wp\/v2\/pages\/303\/revisions\/960"}],"wp:attachment":[{"href":"https:\/\/blogit.utu.fi\/mevi2020\/wp-json\/wp\/v2\/media?parent=303"}],"curies":[{"name":"wp","href":"https:\/\/api.w.org\/{rel}","templated":true}]}}