{"id":357,"date":"2020-01-28T13:09:51","date_gmt":"2020-01-28T13:09:51","guid":{"rendered":"https:\/\/blogit.utu.fi\/mevi2020\/?page_id=357"},"modified":"2021-01-27T08:37:34","modified_gmt":"2021-01-27T08:37:34","slug":"digitaalisten-menetelmien-rajapinnoilla","status":"publish","type":"page","link":"https:\/\/blogit.utu.fi\/mevi2020\/digitaalisten-menetelmien-rajapinnoilla\/","title":{"rendered":"Digitaalisten menetelmien rajapinnoilla"},"content":{"rendered":"\n<p>Digitaalisten menetelmien rajapinnoilla<\/p>\n\n\n\n<p>Ty\u00f6ryhm\u00e4n puheenjohtajina Minttu Tikka, Jukka Huhtam\u00e4ki &amp; Margareta Salonen<\/p>\n\n\n\n<p>Ensimm\u00e4inen ty\u00f6ryhm\u00e4 27.1.2021 klo 15.00\u201316.30<\/p>\n\n\n\n<p>Zoom: <a href=\"https:\/\/utu.zoom.us\/j\/62602719444\">https:\/\/utu.zoom.us\/j\/62602719444<\/a><\/p>\n\n\n\n<p>Meeting ID: 626 0271 9444<\/p>\n\n\n\n<p>Passcode: 0327012021<\/p>\n\n\n\n<p>Toinen ty\u00f6ryhm\u00e4 29.1.2021 klo 11.00\u201312.30<\/p>\n\n\n\n<p>Zoom: <a href=\"https:\/\/utu.zoom.us\/j\/65469938287\">https:\/\/utu.zoom.us\/j\/65469938287<\/a><\/p>\n\n\n\n<p>Meeting ID: 654 6993 8287<\/p>\n\n\n\n<p>Passcode: 0129012021<\/p>\n\n\n\n<p><\/p>\n\n\n\n<p>27.1.2021 klo 15.00\u201316.30<\/p>\n\n\n\n<p><a href=\"https:\/\/blogit.utu.fi\/mevi2020\/wp-content\/uploads\/sites\/459\/2021\/01\/The-social-life-of-visualizations-in-data-intensive-social-research.pdf\" target=\"_blank\" rel=\"noreferrer noopener\">Salla-Maaria Laaksonen, Juho P\u00e4\u00e4kk\u00f6nen &amp; Mikko Jauho &#8211; The social life of visualizations in data-intensive social research<\/a><\/p>\n\n\n\n<p><a rel=\"noreferrer noopener\" href=\"https:\/\/blogit.utu.fi\/mevi2020\/wp-content\/uploads\/sites\/459\/2021\/01\/Global-Newsosphere-Network-of-Citations-and-Sources-.pdf\" target=\"_blank\">Laura Maria Kettunen &amp; Madhav Narendran\u00a0&#8211; Global Newsosphere: Network of Citations and Sources\u00a0\u00a0<\/a><\/p>\n\n\n\n<p><a href=\"https:\/\/blogit.utu.fi\/mevi2020\/wp-content\/uploads\/sites\/459\/2021\/01\/Miten-botti-tunnistetaan-\u2013-ja-onko-silla-valia.pdf\" target=\"_blank\" rel=\"noreferrer noopener\">Tanja Sihvonen &#8211; Miten botti tunnistetaan \u2013 ja onko sill\u00e4 v\u00e4li\u00e4?&nbsp;<\/a><\/p>\n\n\n\n<p><a rel=\"noreferrer noopener\" href=\"https:\/\/blogit.utu.fi\/mevi2020\/wp-content\/uploads\/sites\/459\/2021\/01\/Aihemallinnus-hybridin-mediatapahtuman-ja-merkitysten-kierron-tutkimuksessa-.pdf\" target=\"_blank\">Pihla Toivanen &#8211; Aihemallinnus hybridin mediatapahtuman ja merkitysten kierron tutkimuksessa<\/a><\/p>\n\n\n\n<p><\/p>\n\n\n\n<p>29.1.2021 klo 11.00\u201312.30<\/p>\n\n\n\n<p><a href=\"https:\/\/blogit.utu.fi\/mevi2020\/wp-content\/uploads\/sites\/459\/2021\/01\/Hetkellisten-sosiaalisen-median-sisaltojen-laadullinen-tutkimus.pdf\" target=\"_blank\" rel=\"noreferrer noopener\">Riikka Turtiainen &#8211; Hetkellisten sosiaalisen median sis\u00e4lt\u00f6jen laadullinen tutkimus<\/a><\/p>\n\n\n\n<p><a href=\"https:\/\/blogit.utu.fi\/mevi2020\/wp-content\/uploads\/sites\/459\/2021\/01\/Digitaalinen-keskustelunanalyysi-uutismedian-ja-yleison-vuorovaikutuksen-tarkastelun-keinona.pdf\" target=\"_blank\" rel=\"noreferrer noopener\">Margareta Salonen, Margarethe Olbertz-Siitonen &amp; Turo Uskali &#8211; Digitaalinen keskustelunanalyysi uutismedian ja yleis\u00f6n vuorovaikutuksen tarkastelun keinona<\/a><\/p>\n\n\n\n<p><a href=\"https:\/\/blogit.utu.fi\/mevi2020\/wp-content\/uploads\/sites\/459\/2021\/01\/Teoria-verkkokeskusteluissa-tuotetusta-toiseudesta.pdf\" target=\"_blank\" rel=\"noreferrer noopener\">Elina Vaahensalo &#8211; Teoria verkkokeskusteluissa tuotetusta toiseudesta<\/a><\/p>\n\n\n\n<p><a href=\"https:\/\/blogit.utu.fi\/mevi2020\/wp-content\/uploads\/sites\/459\/2021\/01\/Kielipankki-ihmistieteiden-tutkijan-tukena.pdf\" target=\"_blank\" rel=\"noreferrer noopener\">Mietta Lennes &#8211; Kielipankki ihmistieteiden tutkijan tukena<\/a><\/p>\n\n\n\n<p><a rel=\"noreferrer noopener\" href=\"https:\/\/blogit.utu.fi\/mevi2020\/wp-content\/uploads\/sites\/459\/2021\/01\/Miksi-mediaetnografit-tekevat-laskennallista-analytiikkaa.pdf\" target=\"_blank\">Jukka Huhtam\u00e4ki &amp; Minttu Tikka &#8211; Miksi mediaetnografit tekev\u00e4t laskennallista analytiikkaa?&nbsp;<\/a><\/p>\n\n\n\n<p><\/p>\n\n\n\n<p>Klikkaamalla esitt\u00e4j\u00e4n nime\u00e4 ja esitelm\u00e4n otsikkoa saat ladattua esitelm\u00e4n abstraktin.<\/p>\n","protected":false},"excerpt":{"rendered":"<p>Digitaalisten menetelmien rajapinnoilla Ty\u00f6ryhm\u00e4n puheenjohtajina Minttu Tikka, Jukka Huhtam\u00e4ki &amp; Margareta Salonen Ensimm\u00e4inen ty\u00f6ryhm\u00e4 27.1.2021 klo 15.00\u201316.30 Zoom: https:\/\/utu.zoom.us\/j\/62602719444 Meeting ID: 626 0271 9444 Passcode: 0327012021 Toinen ty\u00f6ryhm\u00e4 29.1.2021 klo 11.00\u201312.30 Zoom: https:\/\/utu.zoom.us\/j\/65469938287 Meeting ID: 654 6993 8287 Passcode: 0129012021 [&hellip;]<\/p>\n","protected":false},"author":4726,"featured_media":0,"parent":0,"menu_order":0,"comment_status":"closed","ping_status":"closed","template":"","meta":{"footnotes":""},"class_list":["post-357","page","type-page","status-publish","hentry"],"_links":{"self":[{"href":"https:\/\/blogit.utu.fi\/mevi2020\/wp-json\/wp\/v2\/pages\/357","targetHints":{"allow":["GET"]}}],"collection":[{"href":"https:\/\/blogit.utu.fi\/mevi2020\/wp-json\/wp\/v2\/pages"}],"about":[{"href":"https:\/\/blogit.utu.fi\/mevi2020\/wp-json\/wp\/v2\/types\/page"}],"author":[{"embeddable":true,"href":"https:\/\/blogit.utu.fi\/mevi2020\/wp-json\/wp\/v2\/users\/4726"}],"replies":[{"embeddable":true,"href":"https:\/\/blogit.utu.fi\/mevi2020\/wp-json\/wp\/v2\/comments?post=357"}],"version-history":[{"count":14,"href":"https:\/\/blogit.utu.fi\/mevi2020\/wp-json\/wp\/v2\/pages\/357\/revisions"}],"predecessor-version":[{"id":981,"href":"https:\/\/blogit.utu.fi\/mevi2020\/wp-json\/wp\/v2\/pages\/357\/revisions\/981"}],"wp:attachment":[{"href":"https:\/\/blogit.utu.fi\/mevi2020\/wp-json\/wp\/v2\/media?parent=357"}],"curies":[{"name":"wp","href":"https:\/\/api.w.org\/{rel}","templated":true}]}}