{"id":381,"date":"2020-01-28T13:12:31","date_gmt":"2020-01-28T13:12:31","guid":{"rendered":"https:\/\/blogit.utu.fi\/mevi2020\/?page_id=381"},"modified":"2021-01-25T10:39:30","modified_gmt":"2021-01-25T10:39:30","slug":"mediateknologia-ja-kokemuksellisen-tiedon-politiikat","status":"publish","type":"page","link":"https:\/\/blogit.utu.fi\/mevi2020\/mediateknologia-ja-kokemuksellisen-tiedon-politiikat\/","title":{"rendered":"Mediateknologia ja kokemuksellisen tiedon politiikat"},"content":{"rendered":"\n<p>Mediateknologia ja kokemuksellisen tiedon politiikat<\/p>\n\n\n\n<p>Ty\u00f6ryhm\u00e4n puheenjohtajina Anna Rantasila, Heikki Heikkil\u00e4, Tuukka Lehtiniemi &amp; Minna Saariketo<\/p>\n\n\n\n<p>Perjantai 29.1.2021 klo 13.00\u201315.30 (sis. kahvitauon)<\/p>\n\n\n\n<p>Zoom: <a href=\"https:\/\/utu.zoom.us\/j\/64847742718\">https:\/\/utu.zoom.us\/j\/64847742718<\/a><\/p>\n\n\n\n<p>Meeting ID: 648 4774 2718<\/p>\n\n\n\n<p>Passcode: 0229012021<\/p>\n\n\n\n<p><\/p>\n\n\n\n<p><a href=\"https:\/\/blogit.utu.fi\/mevi2020\/wp-content\/uploads\/sites\/459\/2021\/01\/Mevi-2020_abstrakti_Ampuja.pdf\" target=\"_blank\" rel=\"noreferrer noopener\">Marko Ampuja &#8211; Informaatioteknologisten innovaatiodiskurssien julkisuus ja sen historialliset muutokset: esimerkkin\u00e4 Iso-Britannia<\/a><\/p>\n\n\n\n<p><a rel=\"noreferrer noopener\" href=\"https:\/\/blogit.utu.fi\/mevi2020\/wp-content\/uploads\/sites\/459\/2021\/01\/apajalahti_abstrakti.pdf\" target=\"_blank\">Ahto Apajalahti \u2013 Tiedejournalismin kehittyminen kylm\u00e4n sodan ajan Suomessa<\/a><\/p>\n\n\n\n<p><a href=\"https:\/\/blogit.utu.fi\/mevi2020\/wp-content\/uploads\/sites\/459\/2021\/01\/Mevi-abstrakti-2021-PH_AL.pdf\" target=\"_blank\" rel=\"noreferrer noopener\">Paula Haara &amp; Asko Lehmuskallio \u2013 Identiteetti tunnistamisen kohteena: kehon j\u00e4ljet passissa<\/a><\/p>\n\n\n\n<p><a href=\"https:\/\/blogit.utu.fi\/mevi2020\/wp-content\/uploads\/sites\/459\/2021\/01\/Mevi-paivat-2020-Mirka-Muilu-Hannah-Arendt-materiaalisena-media-ja-julkisuusteoreetikkona.pdf\" target=\"_blank\" rel=\"noreferrer noopener\">Mirka Muilu \u2013 Hannah Arendt materiaalisena media- ja julkisuusteoreetikkona<\/a><\/p>\n\n\n\n<p><a rel=\"noreferrer noopener\" href=\"https:\/\/blogit.utu.fi\/mevi2020\/wp-content\/uploads\/sites\/459\/2021\/01\/2021_oksa_jukka_abstrakti_mevi.pdf\" target=\"_blank\">Jukka Oksa \u2013 S\u00e4hk\u00f6posti huijausten mediana<\/a><\/p>\n\n\n\n<p><\/p>\n\n\n\n<p>Klikkaamalla esitt\u00e4j\u00e4n nime\u00e4 ja esitelm\u00e4n otsikkoa saat ladattua esitelm\u00e4n abstraktin.<\/p>\n","protected":false},"excerpt":{"rendered":"<p>Mediateknologia ja kokemuksellisen tiedon politiikat Ty\u00f6ryhm\u00e4n puheenjohtajina Anna Rantasila, Heikki Heikkil\u00e4, Tuukka Lehtiniemi &amp; Minna Saariketo Perjantai 29.1.2021 klo 13.00\u201315.30 (sis. kahvitauon) Zoom: https:\/\/utu.zoom.us\/j\/64847742718 Meeting ID: 648 4774 2718 Passcode: 0229012021 Marko Ampuja &#8211; Informaatioteknologisten innovaatiodiskurssien julkisuus ja sen historialliset [&hellip;]<\/p>\n","protected":false},"author":4726,"featured_media":0,"parent":0,"menu_order":0,"comment_status":"closed","ping_status":"closed","template":"","meta":{"footnotes":""},"class_list":["post-381","page","type-page","status-publish","hentry"],"_links":{"self":[{"href":"https:\/\/blogit.utu.fi\/mevi2020\/wp-json\/wp\/v2\/pages\/381","targetHints":{"allow":["GET"]}}],"collection":[{"href":"https:\/\/blogit.utu.fi\/mevi2020\/wp-json\/wp\/v2\/pages"}],"about":[{"href":"https:\/\/blogit.utu.fi\/mevi2020\/wp-json\/wp\/v2\/types\/page"}],"author":[{"embeddable":true,"href":"https:\/\/blogit.utu.fi\/mevi2020\/wp-json\/wp\/v2\/users\/4726"}],"replies":[{"embeddable":true,"href":"https:\/\/blogit.utu.fi\/mevi2020\/wp-json\/wp\/v2\/comments?post=381"}],"version-history":[{"count":11,"href":"https:\/\/blogit.utu.fi\/mevi2020\/wp-json\/wp\/v2\/pages\/381\/revisions"}],"predecessor-version":[{"id":975,"href":"https:\/\/blogit.utu.fi\/mevi2020\/wp-json\/wp\/v2\/pages\/381\/revisions\/975"}],"wp:attachment":[{"href":"https:\/\/blogit.utu.fi\/mevi2020\/wp-json\/wp\/v2\/media?parent=381"}],"curies":[{"name":"wp","href":"https:\/\/api.w.org\/{rel}","templated":true}]}}