{"id":387,"date":"2020-01-28T13:13:23","date_gmt":"2020-01-28T13:13:23","guid":{"rendered":"https:\/\/blogit.utu.fi\/mevi2020\/?page_id=387"},"modified":"2021-01-20T13:06:46","modified_gmt":"2021-01-20T13:06:46","slug":"politiikka-sisaltosekaannuksen-aikakaudella","status":"publish","type":"page","link":"https:\/\/blogit.utu.fi\/mevi2020\/politiikka-sisaltosekaannuksen-aikakaudella\/","title":{"rendered":"Politiikka sis\u00e4lt\u00f6sekaannuksen aikakaudella"},"content":{"rendered":"\n<p>Politiikka sis\u00e4lt\u00f6sekaannuksen aikakaudella<\/p>\n\n\n\n<p>Ty\u00f6ryhm\u00e4n puheenjohtajina Katja Valaskivi, Niko Pyrh\u00f6nen &amp; Johanna Sumiala<\/p>\n\n\n\n<p>Keskiviikko 27.1.2021 klo 13\u201314.30<\/p>\n\n\n\n<p>Zoom: <a href=\"https:\/\/utu.zoom.us\/j\/66481288491\">https:\/\/utu.zoom.us\/j\/66481288491<\/a><\/p>\n\n\n\n<p>Meeting ID: 664 8128 8491<\/p>\n\n\n\n<p>Passcode: 0227012021<\/p>\n\n\n\n<p><\/p>\n\n\n\n<p><a href=\"https:\/\/blogit.utu.fi\/mevi2020\/wp-content\/uploads\/sites\/459\/2021\/01\/Ella_Lillqvist_Ilja_Kavonius_Mika_Pantzar-Esitelmaabstrakti-Kuilun_partaalla_valtionvelka_julkisessa_keskustelussa_ja_tilastoissa.pdf\" target=\"_blank\" rel=\"noreferrer noopener\">Ella Lillqvist, Ilja Kavonius, Mika Pantzar &#8211; Kuilun partaalla: valtionvelka julkisessa keskustelussa ja tilastoissa<\/a><\/p>\n\n\n\n<p><a href=\"https:\/\/blogit.utu.fi\/mevi2020\/wp-content\/uploads\/sites\/459\/2021\/01\/Laura_Savolainen_Esitelmaabstrakti_rev3.pdf\" target=\"_blank\" rel=\"noreferrer noopener\">Laura Savolainen &#8211; Delighting and detesting engagement: emotional politics of junk news<\/a><\/p>\n\n\n\n<p><a href=\"https:\/\/blogit.utu.fi\/mevi2020\/wp-content\/uploads\/sites\/459\/2021\/01\/Maria_Lassila-Merisalo_Esitelmaabstrakti_Sisallon_ja_muodon_nelikentta_sisaltosekaannuksen_selventamisen_valineena.pdf\" target=\"_blank\" rel=\"noreferrer noopener\">Maria Lassila-Merisalo &#8211; Sis\u00e4ll\u00f6n ja muodon nelikentt\u00e4 sis\u00e4lt\u00f6sekaannuksen selvent\u00e4misen v\u00e4lineen\u00e4<\/a><\/p>\n\n\n\n<p><a rel=\"noreferrer noopener\" href=\"https:\/\/blogit.utu.fi\/mevi2020\/wp-content\/uploads\/sites\/459\/2021\/01\/Salla_Tuomola_Esitelmaabstrakti_Kuka_olet_kansa_Kansaan_kuulumisen_maaritelmat_MV-lehden_pakolaisjutuissa.pdf\" target=\"_blank\">Salla Tuomola &#8211; Kuka olet, kansa? Kansaan kuulumisen m\u00e4\u00e4ritelm\u00e4t MV-lehden pakolaisjutuissa<\/a><\/p>\n\n\n\n<p><\/p>\n\n\n\n<p>Klikkaamalla esitt\u00e4j\u00e4n nime\u00e4 ja esitelm\u00e4n otsikkoa saat ladattua esitelm\u00e4n abstraktin.<\/p>\n","protected":false},"excerpt":{"rendered":"<p>Politiikka sis\u00e4lt\u00f6sekaannuksen aikakaudella Ty\u00f6ryhm\u00e4n puheenjohtajina Katja Valaskivi, Niko Pyrh\u00f6nen &amp; Johanna Sumiala Keskiviikko 27.1.2021 klo 13\u201314.30 Zoom: https:\/\/utu.zoom.us\/j\/66481288491 Meeting ID: 664 8128 8491 Passcode: 0227012021 Ella Lillqvist, Ilja Kavonius, Mika Pantzar &#8211; Kuilun partaalla: valtionvelka julkisessa keskustelussa ja tilastoissa Laura [&hellip;]<\/p>\n","protected":false},"author":4726,"featured_media":0,"parent":0,"menu_order":0,"comment_status":"closed","ping_status":"closed","template":"","meta":{"footnotes":""},"class_list":["post-387","page","type-page","status-publish","hentry"],"_links":{"self":[{"href":"https:\/\/blogit.utu.fi\/mevi2020\/wp-json\/wp\/v2\/pages\/387","targetHints":{"allow":["GET"]}}],"collection":[{"href":"https:\/\/blogit.utu.fi\/mevi2020\/wp-json\/wp\/v2\/pages"}],"about":[{"href":"https:\/\/blogit.utu.fi\/mevi2020\/wp-json\/wp\/v2\/types\/page"}],"author":[{"embeddable":true,"href":"https:\/\/blogit.utu.fi\/mevi2020\/wp-json\/wp\/v2\/users\/4726"}],"replies":[{"embeddable":true,"href":"https:\/\/blogit.utu.fi\/mevi2020\/wp-json\/wp\/v2\/comments?post=387"}],"version-history":[{"count":8,"href":"https:\/\/blogit.utu.fi\/mevi2020\/wp-json\/wp\/v2\/pages\/387\/revisions"}],"predecessor-version":[{"id":948,"href":"https:\/\/blogit.utu.fi\/mevi2020\/wp-json\/wp\/v2\/pages\/387\/revisions\/948"}],"wp:attachment":[{"href":"https:\/\/blogit.utu.fi\/mevi2020\/wp-json\/wp\/v2\/media?parent=387"}],"curies":[{"name":"wp","href":"https:\/\/api.w.org\/{rel}","templated":true}]}}