{"id":405,"date":"2020-01-28T13:18:01","date_gmt":"2020-01-28T13:18:01","guid":{"rendered":"https:\/\/blogit.utu.fi\/mevi2020\/?page_id=405"},"modified":"2021-01-20T13:07:46","modified_gmt":"2021-01-20T13:07:46","slug":"viestintapolitiikan-ja-mediatalouden-tyoryhma","status":"publish","type":"page","link":"https:\/\/blogit.utu.fi\/mevi2020\/viestintapolitiikan-ja-mediatalouden-tyoryhma\/","title":{"rendered":"Viestint\u00e4politiikan ja mediatalouden ty\u00f6ryhm\u00e4"},"content":{"rendered":"\n<p>Viestint\u00e4politiikan ja mediatalouden ty\u00f6ryhm\u00e4<\/p>\n\n\n\n<p>Ty\u00f6ryhm\u00e4n puheenjohtajina Marko Ala-Fossi &amp; Katja Lehtisaari<\/p>\n\n\n\n<p>Torstai 28.1.2021 klo 11.00\u201312.30<\/p>\n\n\n\n<p>Zoom: <a href=\"https:\/\/utu.zoom.us\/j\/63816549433\">https:\/\/utu.zoom.us\/j\/63816549433<\/a><\/p>\n\n\n\n<p>Meeting ID: 638 1654 9433<\/p>\n\n\n\n<p>Passcode: 0128012021<\/p>\n\n\n\n<p><\/p>\n\n\n\n<p><a href=\"https:\/\/blogit.utu.fi\/mevi2020\/wp-content\/uploads\/sites\/459\/2021\/01\/Median-ja-viestinnan-paivat-2021-Hannu-Nieminen.pdf\" target=\"_blank\" rel=\"noreferrer noopener\">Hannu Nieminen &#8211; Regulatory histories of information and communication: the UK and Nordic cases<\/a><\/p>\n\n\n\n<p><a rel=\"noreferrer noopener\" href=\"https:\/\/blogit.utu.fi\/mevi2020\/wp-content\/uploads\/sites\/459\/2021\/01\/Abstrakti-2021-Media-work.pdf\" target=\"_blank\">Johanna Rantanen, Minna Koivula, Pihla Hiltunen, Liisa Niemi, Tiina Saari, Mia Tammelin, Tiina Parviainen, Taru Feldt, Mikko Villi &#8211; Media-alan ty\u00f6ntekij\u00f6iden kokemuksia ty\u00f6st\u00e4 digitaalisessa toimintaymp\u00e4rist\u00f6ss\u00e4: Media Work 2030 -kyselyn tuloksia<\/a><\/p>\n\n\n\n<p><\/p>\n\n\n\n<p>Klikkaamalla esitt\u00e4j\u00e4n nime\u00e4 ja esitelm\u00e4n otsikkoa saat ladattua esitelm\u00e4n abstraktin.<\/p>\n","protected":false},"excerpt":{"rendered":"<p>Viestint\u00e4politiikan ja mediatalouden ty\u00f6ryhm\u00e4 Ty\u00f6ryhm\u00e4n puheenjohtajina Marko Ala-Fossi &amp; Katja Lehtisaari Torstai 28.1.2021 klo 11.00\u201312.30 Zoom: https:\/\/utu.zoom.us\/j\/63816549433 Meeting ID: 638 1654 9433 Passcode: 0128012021 Hannu Nieminen &#8211; Regulatory histories of information and communication: the UK and Nordic cases Johanna Rantanen, [&hellip;]<\/p>\n","protected":false},"author":4726,"featured_media":0,"parent":0,"menu_order":0,"comment_status":"closed","ping_status":"closed","template":"","meta":{"footnotes":""},"class_list":["post-405","page","type-page","status-publish","hentry"],"_links":{"self":[{"href":"https:\/\/blogit.utu.fi\/mevi2020\/wp-json\/wp\/v2\/pages\/405","targetHints":{"allow":["GET"]}}],"collection":[{"href":"https:\/\/blogit.utu.fi\/mevi2020\/wp-json\/wp\/v2\/pages"}],"about":[{"href":"https:\/\/blogit.utu.fi\/mevi2020\/wp-json\/wp\/v2\/types\/page"}],"author":[{"embeddable":true,"href":"https:\/\/blogit.utu.fi\/mevi2020\/wp-json\/wp\/v2\/users\/4726"}],"replies":[{"embeddable":true,"href":"https:\/\/blogit.utu.fi\/mevi2020\/wp-json\/wp\/v2\/comments?post=405"}],"version-history":[{"count":8,"href":"https:\/\/blogit.utu.fi\/mevi2020\/wp-json\/wp\/v2\/pages\/405\/revisions"}],"predecessor-version":[{"id":954,"href":"https:\/\/blogit.utu.fi\/mevi2020\/wp-json\/wp\/v2\/pages\/405\/revisions\/954"}],"wp:attachment":[{"href":"https:\/\/blogit.utu.fi\/mevi2020\/wp-json\/wp\/v2\/media?parent=405"}],"curies":[{"name":"wp","href":"https:\/\/api.w.org\/{rel}","templated":true}]}}