{"id":519,"date":"2020-02-17T13:55:21","date_gmt":"2020-02-17T13:55:21","guid":{"rendered":"https:\/\/blogit.utu.fi\/mevi2020\/?page_id=519"},"modified":"2021-01-20T13:07:15","modified_gmt":"2021-01-20T13:07:15","slug":"valta-ja-politiikan-journalismi","status":"publish","type":"page","link":"https:\/\/blogit.utu.fi\/mevi2020\/valta-ja-politiikan-journalismi\/","title":{"rendered":"Valta ja politiikan journalismi"},"content":{"rendered":"\n<p>Valta ja politiikan journalismi<\/p>\n\n\n\n<p>Ty\u00f6ryhm\u00e4n puheenjohtajina Auli Harju &amp; Eliisa Vainikka<\/p>\n\n\n\n<p>Keskiviikko 27.1.2021 klo 11.00\u201312.30<\/p>\n\n\n\n<p>Zoom: <a href=\"https:\/\/utu.zoom.us\/j\/62916761912\">https:\/\/utu.zoom.us\/j\/62916761912<\/a><\/p>\n\n\n\n<p>Meeting ID: 629 1676 1912<\/p>\n\n\n\n<p>Passcode: 0127012021<\/p>\n\n\n\n<p><\/p>\n\n\n\n<p><a href=\"https:\/\/blogit.utu.fi\/mevi2020\/wp-content\/uploads\/sites\/459\/2021\/01\/Kenen-aani-kuuluu-sosiaalisessa-mediassa-Digitaaliset-kuilut-mielipiteisiin-vaikuttamisessa.pdf\" target=\"_blank\" rel=\"noreferrer noopener\">Sanna Malinen &#8211; Kenen \u00e4\u00e4ni kuuluu sosiaalisessa mediassa? Digitaaliset kuilut mielipiteisiin vaikuttamisessa<\/a><\/p>\n\n\n\n<p><a href=\"https:\/\/blogit.utu.fi\/mevi2020\/wp-content\/uploads\/sites\/459\/2021\/01\/Metaforien-maailma-poliittisen-kriisin-uutisoinnissa.pdf\" target=\"_blank\" rel=\"noreferrer noopener\">Eliisa Vainikka, Antti Kanner, Riikka Era, Auli Harju, Anu Koivunen, Olli Seuri &amp; Eetu M\u00e4kel\u00e4 &#8211; Metaforien maailma poliittisen kriisin uutisoinnissa<\/a><\/p>\n\n\n\n<p><a rel=\"noreferrer noopener\" href=\"https:\/\/blogit.utu.fi\/mevi2020\/wp-content\/uploads\/sites\/459\/2021\/01\/Kenen-asiantuntijuus-kuuluu-Moniaanisyys-ja-sen-mittaaminen-toimitusten-arjen-haasteena.pdf\" target=\"_blank\">Mikko Hautakangas &amp; Matleena Ylikoski &#8211; Kenen asiantuntijuus kuuluu? Moni\u00e4\u00e4nisyys ja sen mittaaminen toimitusten arjen haasteena<\/a><\/p>\n\n\n\n<p><\/p>\n\n\n\n<p>Klikkaamalla esitt\u00e4j\u00e4n nime\u00e4 ja esitelm\u00e4n otsikkoa saat ladattua esitelm\u00e4n abstraktin.<\/p>\n","protected":false},"excerpt":{"rendered":"<p>Valta ja politiikan journalismi Ty\u00f6ryhm\u00e4n puheenjohtajina Auli Harju &amp; Eliisa Vainikka Keskiviikko 27.1.2021 klo 11.00\u201312.30 Zoom: https:\/\/utu.zoom.us\/j\/62916761912 Meeting ID: 629 1676 1912 Passcode: 0127012021 Sanna Malinen &#8211; Kenen \u00e4\u00e4ni kuuluu sosiaalisessa mediassa? Digitaaliset kuilut mielipiteisiin vaikuttamisessa Eliisa Vainikka, Antti Kanner, [&hellip;]<\/p>\n","protected":false},"author":4726,"featured_media":0,"parent":0,"menu_order":0,"comment_status":"closed","ping_status":"closed","template":"","meta":{"footnotes":""},"class_list":["post-519","page","type-page","status-publish","hentry"],"_links":{"self":[{"href":"https:\/\/blogit.utu.fi\/mevi2020\/wp-json\/wp\/v2\/pages\/519","targetHints":{"allow":["GET"]}}],"collection":[{"href":"https:\/\/blogit.utu.fi\/mevi2020\/wp-json\/wp\/v2\/pages"}],"about":[{"href":"https:\/\/blogit.utu.fi\/mevi2020\/wp-json\/wp\/v2\/types\/page"}],"author":[{"embeddable":true,"href":"https:\/\/blogit.utu.fi\/mevi2020\/wp-json\/wp\/v2\/users\/4726"}],"replies":[{"embeddable":true,"href":"https:\/\/blogit.utu.fi\/mevi2020\/wp-json\/wp\/v2\/comments?post=519"}],"version-history":[{"count":8,"href":"https:\/\/blogit.utu.fi\/mevi2020\/wp-json\/wp\/v2\/pages\/519\/revisions"}],"predecessor-version":[{"id":951,"href":"https:\/\/blogit.utu.fi\/mevi2020\/wp-json\/wp\/v2\/pages\/519\/revisions\/951"}],"wp:attachment":[{"href":"https:\/\/blogit.utu.fi\/mevi2020\/wp-json\/wp\/v2\/media?parent=519"}],"curies":[{"name":"wp","href":"https:\/\/api.w.org\/{rel}","templated":true}]}}