{"id":99,"date":"2019-12-02T08:12:58","date_gmt":"2019-12-02T08:12:58","guid":{"rendered":"https:\/\/blogit.utu.fi\/mevi2020\/?page_id=99"},"modified":"2021-01-18T13:33:59","modified_gmt":"2021-01-18T13:33:59","slug":"tiedon-politiikat","status":"publish","type":"page","link":"https:\/\/blogit.utu.fi\/mevi2020\/","title":{"rendered":"Tiedon politiikat"},"content":{"rendered":"\n<p class=\"has-medium-font-size\"><strong>Mevi-webinaari 27.\u201329.1.2021<\/strong><\/p>\n\n\n\n<p>Talven verkkoseminaarisarja toteutetaan tiiviin\u00e4 kolmen p\u00e4iv\u00e4n webinaarina 27.-29.1.2021. Ty\u00f6ryhmi\u00e4 on seitsem\u00e4n ja niill\u00e4 yhteens\u00e4 kahdeksan erillist\u00e4, kaikille avointa sessiota. <a href=\"https:\/\/blogit.utu.fi\/mevi2020\/ohjelma\/\">T\u00e4st\u00e4<\/a> p\u00e4\u00e4sette tutustumaan webinaarin ohjelmaan. Webinaariin osallistuminen on kaikille maksutonta.<\/p>\n\n\n\n<p><strong>Verkkoseminaarien sarja korvaa Mevi-p\u00e4iv\u00e4t 2020, seuraavat Mevi-p\u00e4iv\u00e4t Turussa vuonna 2022<\/strong><\/p>\n\n\n\n<p>Edelleen jatkuvan koronaviruspandemian vuoksi tulimme siihen tulokseen, ett\u00e4 Median ja viestinn\u00e4n tutkimuksen p\u00e4ivi\u00e4 2020 ei ole turvallista j\u00e4rjest\u00e4\u00e4 perinteisen konferenssin muodossa viel\u00e4 tammikuussa 2021,\u00a0 jonne Mevi-p\u00e4iv\u00e4t siirrettiin kev\u00e4\u00e4lt\u00e4 2020. Konferenssin sijaan j\u00e4rjest\u00e4mme tammikuun lopussa 2021 aikana sarjan verkkoseminaareja.<\/p>\n\n\n\n<p>Verkkoseminaareissa Mevi-p\u00e4iville 2020 valitut ty\u00f6ryhm\u00e4t esittelev\u00e4t papereitaan ja keskustelevat niihin liittyvist\u00e4 aiheista yhdess\u00e4 yleis\u00f6n kanssa. Mik\u00e4li ty\u00f6ryhmien j\u00e4senet sen sallivat, seminaareista tehd\u00e4\u00e4n my\u00f6hemmin tallenteita, jotka tulevat katsottavaksi Mevin YouTube-kanavalle.<\/p>\n\n\n\n<p>Seuraavat Mevi-p\u00e4iv\u00e4t j\u00e4rjestet\u00e4\u00e4n Turussa kev\u00e4\u00e4ll\u00e4 2022 ja niit\u00e4 varten julkaistaan uudet ty\u00f6ryhm\u00e4- ja esityskutsut vuoden 2021 aikana.<\/p>\n\n\n\n<p>P\u00e4ivit\u00e4mme tietoa verkkoseminaarista ja vuoden 2022 konferenssin j\u00e4rjestelyist\u00e4 verkkosivuillemme osoitteeseen <a href=\"https:\/\/blogit.utu.fi\/mevi2020\/\">https:\/\/blogit.utu.fi\/mevi2020\/<\/a> ja tapahtuman Facebook-sivuille <a href=\"https:\/\/www.facebook.com\/mevi2020\">https:\/\/www.facebook.com\/mevi2020<\/a> j\u00e4rjestelyjen edetess\u00e4.<\/p>\n\n\n\n<p>J\u00e4rjestelyty\u00f6ryhm\u00e4n tavoittaa osoitteesta <a href=\"mailto:mevi2020@utu.fi\">mevi2020@utu.fi<\/a> ja vastaamme mielell\u00e4mme kysymyksiinne.<\/p>\n\n\n\n<p>Yst\u00e4v\u00e4llisin terveisin Mevi2020 -j\u00e4rjestelyty\u00f6ryhm\u00e4n puolesta,<\/p>\n\n\n\n<p>Kimmo Elo, j\u00e4rjestelyty\u00f6ryhm\u00e4n puheenjohtaja<\/p>\n\n\n\n<p>Mikko Villi, puheenjohtaja, Mevi ry.<\/p>\n\n\n\n<p><\/p>\n\n\n\n<p><\/p>\n\n\n<p><!--EndFragment--><\/p>","protected":false},"excerpt":{"rendered":"<p>Mevi-webinaari 27.\u201329.1.2021 Talven verkkoseminaarisarja toteutetaan tiiviin\u00e4 kolmen p\u00e4iv\u00e4n webinaarina 27.-29.1.2021. Ty\u00f6ryhmi\u00e4 on seitsem\u00e4n ja niill\u00e4 yhteens\u00e4 kahdeksan erillist\u00e4, kaikille avointa sessiota. T\u00e4st\u00e4 p\u00e4\u00e4sette tutustumaan webinaarin ohjelmaan. Webinaariin osallistuminen on kaikille maksutonta. Verkkoseminaarien sarja korvaa Mevi-p\u00e4iv\u00e4t 2020, seuraavat Mevi-p\u00e4iv\u00e4t Turussa vuonna [&hellip;]<\/p>\n","protected":false},"author":4726,"featured_media":0,"parent":0,"menu_order":0,"comment_status":"closed","ping_status":"closed","template":"","meta":{"footnotes":""},"class_list":["post-99","page","type-page","status-publish","hentry"],"_links":{"self":[{"href":"https:\/\/blogit.utu.fi\/mevi2020\/wp-json\/wp\/v2\/pages\/99","targetHints":{"allow":["GET"]}}],"collection":[{"href":"https:\/\/blogit.utu.fi\/mevi2020\/wp-json\/wp\/v2\/pages"}],"about":[{"href":"https:\/\/blogit.utu.fi\/mevi2020\/wp-json\/wp\/v2\/types\/page"}],"author":[{"embeddable":true,"href":"https:\/\/blogit.utu.fi\/mevi2020\/wp-json\/wp\/v2\/users\/4726"}],"replies":[{"embeddable":true,"href":"https:\/\/blogit.utu.fi\/mevi2020\/wp-json\/wp\/v2\/comments?post=99"}],"version-history":[{"count":26,"href":"https:\/\/blogit.utu.fi\/mevi2020\/wp-json\/wp\/v2\/pages\/99\/revisions"}],"predecessor-version":[{"id":870,"href":"https:\/\/blogit.utu.fi\/mevi2020\/wp-json\/wp\/v2\/pages\/99\/revisions\/870"}],"wp:attachment":[{"href":"https:\/\/blogit.utu.fi\/mevi2020\/wp-json\/wp\/v2\/media?parent=99"}],"curies":[{"name":"wp","href":"https:\/\/api.w.org\/{rel}","templated":true}]}}