{"id":243,"date":"2016-05-04T14:14:57","date_gmt":"2016-05-04T12:14:57","guid":{"rendered":"http:\/\/blogit.utu.fi\/nds2017\/?page_id=243"},"modified":"2017-06-07T18:52:29","modified_gmt":"2017-06-07T16:52:29","slug":"briefly-in-finnish","status":"publish","type":"page","link":"https:\/\/blogit.utu.fi\/nds2017\/briefly-in-finnish\/","title":{"rendered":"Briefly in Finnish"},"content":{"rendered":"<p><strong>Pohjoismainen v\u00e4est\u00f6tieteen symposiumi 2017<\/strong><\/p>\n<p>20. pohjoismainen v\u00e4est\u00f6tieteen symposiumi (Nordic Demographic Symposium) pidet\u00e4\u00e4n 14.\u201316.6.2017 Turussa. Symposiumi j\u00e4rjestet\u00e4\u00e4n\u00a0tavallisesti kahden vuoden v\u00e4lein, vuorollaan kussakin Pohjoismaassa. Turun tapahtuma kokoaa yhteen noin 150 v\u00e4est\u00f6tieteen ja sosiologian tutkijaa, opiskelijaa ja asiantuntijaa etenkin Pohjoismaista ja Baltian maista.<\/p>\n<p>T\u00e4m\u00e4nkertainen p\u00e4\u00e4teema on v\u00e4est\u00f6ilmi\u00f6iden ja v\u00e4est\u00f6nkehityksen yhteydet sosiaaliseen eriarvoisuuteen. Kolme p\u00e4\u00e4puhujaa \u2013 Lynn Prince Cooke, Francesco Billari ja Mikko Myrskyl\u00e4 \u2013 k\u00e4sittelev\u00e4t esityksiss\u00e4\u00e4n teemaa eri n\u00e4k\u00f6kulmista. Ty\u00f6ryhmiss\u00e4 kuullaan\u00a0alustuksia v\u00e4est\u00f6ntutkimuksen lukuisilta\u00a0osa-alueilta (esim. perhedynamiikka, kuolleisuus ja muuttoliike).<\/p>\n<p>Symposiumin j\u00e4rjest\u00e4\u00e4 Suomen V\u00e4est\u00f6tieteen Yhdistys ry. yhteisty\u00f6ss\u00e4 Turun yliopiston sosiaalitieteiden laitoksen, TITA-tutkimuskonsortion ja Siirtolaisuusinstituutin kanssa.<\/p>\n<p>Tervetuloa Turkuun ja symposiumiin!<\/p>\n<p><a href=\"http:\/\/www.utu.fi\/fi\/Ajankohtaista\/mediatiedotteet\/Sivut\/pohjoismainen-vaestotieteen-symposiumi-pureutuu-eriarvoisuuteen.aspx\">Lehdist\u00f6tiedote<\/a><\/p>\n","protected":false},"excerpt":{"rendered":"<p>Pohjoismainen v\u00e4est\u00f6tieteen symposiumi 2017 20. pohjoismainen v\u00e4est\u00f6tieteen symposiumi (Nordic Demographic Symposium) pidet\u00e4\u00e4n 14.\u201316.6.2017 Turussa. Symposiumi j\u00e4rjestet\u00e4\u00e4n\u00a0tavallisesti kahden vuoden v\u00e4lein, vuorollaan kussakin Pohjoismaassa. Turun tapahtuma kokoaa yhteen noin 150 v\u00e4est\u00f6tieteen ja sosiologian tutkijaa, opiskelijaa ja asiantuntijaa etenkin Pohjoismaista ja Baltian maista. &hellip; <a href=\"https:\/\/blogit.utu.fi\/nds2017\/briefly-in-finnish\/\">Continue reading <span class=\"meta-nav\">&rarr;<\/span><\/a><\/p>\n","protected":false},"author":187,"featured_media":0,"parent":0,"menu_order":8,"comment_status":"closed","ping_status":"closed","template":"onecolumn-page.php","meta":{"footnotes":""},"class_list":["post-243","page","type-page","status-publish","hentry"],"_links":{"self":[{"href":"https:\/\/blogit.utu.fi\/nds2017\/wp-json\/wp\/v2\/pages\/243","targetHints":{"allow":["GET"]}}],"collection":[{"href":"https:\/\/blogit.utu.fi\/nds2017\/wp-json\/wp\/v2\/pages"}],"about":[{"href":"https:\/\/blogit.utu.fi\/nds2017\/wp-json\/wp\/v2\/types\/page"}],"author":[{"embeddable":true,"href":"https:\/\/blogit.utu.fi\/nds2017\/wp-json\/wp\/v2\/users\/187"}],"replies":[{"embeddable":true,"href":"https:\/\/blogit.utu.fi\/nds2017\/wp-json\/wp\/v2\/comments?post=243"}],"version-history":[{"count":24,"href":"https:\/\/blogit.utu.fi\/nds2017\/wp-json\/wp\/v2\/pages\/243\/revisions"}],"predecessor-version":[{"id":970,"href":"https:\/\/blogit.utu.fi\/nds2017\/wp-json\/wp\/v2\/pages\/243\/revisions\/970"}],"wp:attachment":[{"href":"https:\/\/blogit.utu.fi\/nds2017\/wp-json\/wp\/v2\/media?parent=243"}],"curies":[{"name":"wp","href":"https:\/\/api.w.org\/{rel}","templated":true}]}}