{"id":425,"date":"2018-05-28T08:08:29","date_gmt":"2018-05-28T08:08:29","guid":{"rendered":"https:\/\/blogit.utu.fi\/neuroautonomy\/?page_id=425"},"modified":"2019-04-02T11:43:27","modified_gmt":"2019-04-02T11:43:27","slug":"people","status":"publish","type":"page","link":"https:\/\/blogit.utu.fi\/neuroautonomy\/people\/","title":{"rendered":"People"},"content":{"rendered":"<p><strong>Project coordinator<\/strong><\/p>\n<p><strong>Juha R\u00e4ikk\u00e4<\/strong>, University of Turku, Finland<br \/>\nProf. R\u00e4ikk\u00e4&#8217;s research interests focus on ethics and political philosophy.\u00a0<span class=\"SpellE\">R\u00e4ikk\u00e4<\/span> has been the Dean of the Faculty of Social Sciences at the University of Turku since August 2017. <a href=\"http:\/\/users.utu.fi\/jraikka\/\">See his website<\/a>.<\/p>\n<p><strong>Project Investigators, in alphabetical order<\/strong><\/p>\n<p><strong>Jennifer Chandler<\/strong>, University of Ottawa, Centre for Health Law, Policy and Ethics, Canada<br \/>\nProfessor Chandler holds the Bertram Loeb Research Chair in the Faculty of Law, University of Ottawa.\u00a0 Her research interests lie in the ethics and law of emerging biomedical technologies, particularly related to the brain and mind.\u00a0 She is a member of the Board of Directors of the International Neuroethics Network.\u00a0 Her website is <a href=\"https:\/\/commonlaw.uottawa.ca\/en\/people\/chandler-jennifer\" target=\"_blank\" rel=\"noopener\">https:\/\/commonlaw.uottawa.ca\/en\/people\/chandler-jennifer<\/a><\/p>\n<p><strong>Jukka Varelius, <\/strong>University of Turku, Finland<br \/>\nJukka Varelius is a Research Fellow at the Department of Philosophy, Contemporary History, and Political Science at the University of Turku, Finland.<br \/>\nHis research interests focus on questions of applied ethics. <a href=\"https:\/\/philpapers.org\/s\/Varelius\">His previous work can be found here.<\/a><\/p>\n<p><strong>Kai Vogeley,<\/strong> University Hospital Cologne, Germany<br \/>\nKai Vogeley is professor for psychiatry with research interests in the fields of self-consciousness, social cognition, social neuroscience and philosophical aspects of psychopathology. Previous work is available <a href=\"https:\/\/www.ncbi.nlm.nih.gov\/pubmed\/?term=vogeley-k\">here<\/a>.<\/p>\n<p>&nbsp;<\/p>\n<p><strong>Research collaboration<br \/>\n<\/strong><br \/>\n<a href=\"https:\/\/www.utu.fi\/en\/university\/turku-brain-and-mind-center\">Turku Brain and Mind Center<\/a><\/p>\n","protected":false},"excerpt":{"rendered":"<p>Project coordinator Juha R\u00e4ikk\u00e4, University of Turku, Finland Prof. R\u00e4ikk\u00e4&#8217;s research interests focus on ethics and political philosophy.\u00a0R\u00e4ikk\u00e4 has been the Dean of the Faculty of Social Sciences at the University of Turku since August 2017. See his website. Project Investigators, in alphabetical order Jennifer Chandler, University of Ottawa, Centre for Health Law, Policy and [&hellip;]<\/p>\n","protected":false},"author":118,"featured_media":0,"parent":0,"menu_order":0,"comment_status":"closed","ping_status":"closed","template":"","meta":{"footnotes":""},"class_list":["post-425","page","type-page","status-publish","hentry","post-preview"],"_links":{"self":[{"href":"https:\/\/blogit.utu.fi\/neuroautonomy\/wp-json\/wp\/v2\/pages\/425","targetHints":{"allow":["GET"]}}],"collection":[{"href":"https:\/\/blogit.utu.fi\/neuroautonomy\/wp-json\/wp\/v2\/pages"}],"about":[{"href":"https:\/\/blogit.utu.fi\/neuroautonomy\/wp-json\/wp\/v2\/types\/page"}],"author":[{"embeddable":true,"href":"https:\/\/blogit.utu.fi\/neuroautonomy\/wp-json\/wp\/v2\/users\/118"}],"replies":[{"embeddable":true,"href":"https:\/\/blogit.utu.fi\/neuroautonomy\/wp-json\/wp\/v2\/comments?post=425"}],"version-history":[{"count":9,"href":"https:\/\/blogit.utu.fi\/neuroautonomy\/wp-json\/wp\/v2\/pages\/425\/revisions"}],"predecessor-version":[{"id":560,"href":"https:\/\/blogit.utu.fi\/neuroautonomy\/wp-json\/wp\/v2\/pages\/425\/revisions\/560"}],"wp:attachment":[{"href":"https:\/\/blogit.utu.fi\/neuroautonomy\/wp-json\/wp\/v2\/media?parent=425"}],"curies":[{"name":"wp","href":"https:\/\/api.w.org\/{rel}","templated":true}]}}