{"id":11,"date":"2015-04-09T07:38:49","date_gmt":"2015-04-09T07:38:49","guid":{"rendered":"http:\/\/blogit.utu.fi\/neuvottelupaivat\/?page_id=11"},"modified":"2015-11-13T11:21:36","modified_gmt":"2015-11-13T11:21:36","slug":"kulkuyhteydet-ja-majoitus","status":"publish","type":"page","link":"https:\/\/blogit.utu.fi\/neuvottelupaivat\/kulkuyhteydet-ja-majoitus\/","title":{"rendered":"Kulkuyhteydet ja majoitus"},"content":{"rendered":"<h3>Kulkuyhteydet<\/h3>\n<p>Seminaari j\u00e4rjestet\u00e4\u00e4n ICT-Cityn\u00a0auditoriossa ja muissa opetustiloissa, os.\u00a0Joukahaisenkatu 3-5, Turku; <a href=\"https:\/\/goo.gl\/maps\/SjgL5\" target=\"_blank\">karttalinkki<\/a><span style=\"text-decoration: underline\">.<\/span><\/p>\n<p><strong>Sijainti ja pys\u00e4k\u00f6inti<\/strong><br \/>\n<a href=\"http:\/\/www.turkusciencepark.com\/fi\/yhteystiedot\/sijaintimme-ja-pysakointi\/\" target=\"_blank\">http:\/\/www.turkusciencepark.com\/fi\/yhteystiedot\/sijaintimme-ja-pysakointi\/<\/a><\/p>\n<p>Turun alueen taksi: puh. \u00a002\u00a0100 41<\/p>\n<p><strong>Junayhteydet<\/strong><br \/>\n<span style=\"text-decoration: underline\"><a href=\"http:\/\/www.vr.fi\/fi\/\" target=\"_blank\">VR juna-aikataulut ja matkahaku<\/a><\/span><\/p>\n<p>Helsingin suunnasta tulevien kannattaa j\u00e4\u00e4d\u00e4 junasta Kupittaan asemalla ja ICT-City on k\u00e4velymatkan p\u00e4\u00e4ss\u00e4. Turun p\u00e4\u00e4rautatieasema sijaitsee keskustan tuntumassa. P\u00e4\u00e4rautatieaseman vastakkaisella puolella Ratapihankadulla on paikallisliikenteen bussipys\u00e4kki, josta p\u00e4\u00e4see suoraan ICT-Cityn\u00a0l\u00e4hist\u00f6lle mm. busseilla nro 32 ja 42.<\/p>\n<p><strong>Bussiyhteydet<\/strong><br \/>\n<a href=\"http:\/\/www.expressbus.fi\/etusivu\" target=\"_blank\">ExpressBus<\/a><br \/>\n<a href=\"http:\/\/www.matkahuolto.fi\/fi\/index.html\" target=\"_blank\">Matkahuolto.fi<\/a><br \/>\n<a href=\"http:\/\/www.\u00e5bus.fi\/fi\/etusivu\/\" target=\"_blank\">\u00c5bus<\/a><\/p>\n<p>Helsingin suunnasta Turkuun tulevien kannattaa nousta bussista Uudenmaankadulla Uudenmaantullin pys\u00e4kill\u00e4, josta on n. 0,5 km matkaa It\u00e4ist\u00e4 Pitk\u00e4katua, Tykist\u00f6katua ja Joukahaisenkatua pitkin ICT-Cityyn\u00a0. H\u00e4meenlinnasta p\u00e4in saapuvien kannattaa j\u00e4\u00e4d\u00e4 bussista H\u00e4meenkadulla Yliopiston pys\u00e4kill\u00e4, josta on n. 0,5 km matkaa Kiinamyllynkatua, Tykist\u00f6katua ja Joukahaisenkatua pitkin.<\/p>\n<p>Helsingin suunnasta tultaessa \u00c5busin l\u00e4hin pys\u00e4kki (846) on Kupittaan aseman edess\u00e4.<br \/>\n<a href=\"https:\/\/blogit.utu.fi\/verkkojakokemassa\/kulkuyhteydet-ja-majoitus\/www.foli.fi\" target=\"_blank\"><br \/>\n<strong>Liikkuminen Turussa<\/strong><\/a><br \/>\nTurun paikallisbussit: <a href=\"http:\/\/www.foli.fi\/\" target=\"_blank\">http:\/\/www.foli.fi\/<\/a><br \/>\nTurun seudun kartta: <a href=\"http:\/\/opaskartta.turku.fi\/ims\/\" target=\"_blank\">http:\/\/opaskartta.turku.fi\/ims\/<\/a><br \/>\nMatkailijan Turku: <a href=\"http:\/\/www.visitturku.fi\/\" target=\"_blank\">http:\/\/www.visitturku.fi\/<\/a><\/p>\n<p>Turun linja-autoasemalta p\u00e4\u00e4see ICT-Cityyn\u00a0mm. linja-autoilla, jotka kulkevat kauppatorin kautta, bussit nro 60 ja 600.<\/p>\n<p>ICT-Cityn\u00a0tuntumassa olevia pys\u00e4kkej\u00e4 ovat Turun yliopiston hammasl\u00e4\u00e4ketieteen laitoksen Dentalian (\u201champaan\u201d py\u00f6re\u00e4n talon) pys\u00e4kki ja Sirkkalankadun pys\u00e4kki.<\/p>\n<p><strong>Lentoyhteydet<br \/>\n<\/strong><a href=\"http:\/\/www.finavia.fi\/fi\/turku\/\" target=\"_blank\">Turun lentoasemalta <\/a>p\u00e4\u00e4see kauppatorille paikallisbussilla nro 1.<\/p>\n<p>Helsinki-Vantaan lentoasemalta p\u00e4\u00e4see suoraan Turkuun saakka lentokentt\u00e4bussilla.<\/p>\n<h3>Majoittuminen<\/h3>\n<p><strong>Hotellit<\/strong><\/p>\n<ul>\n<li><strong>Original Sokos Hotel Hamburger B\u00f6rs<\/strong><br \/>\nKauppiaskatu 6, 20100 Turku<br \/>\nStandard 1hh: 84\u20ac \/ vrk<br \/>\nStandard 2hh: 94\u20ac \/ vrk<br \/>\nAikuisen lis\u00e4vuode: 35\u20ac \/ vrk<\/li>\n<\/ul>\n<p>&nbsp;<\/p>\n<ul>\n<li><strong>Original Sokos Hotel City B\u00f6rs<\/strong><br \/>\nEerikinkatu 11, 20100 Turku<br \/>\n(palvelut: Hamburger B\u00f6rs, Kauppiaskatu 6)<br \/>\nStandard 1hh: 74\u20ac \/ vrk<br \/>\nStandard 2hh: 84\u20ac \/ vrk<br \/>\nAikuisen lis\u00e4vuode: 30\u20ac \/ vrk<\/li>\n<\/ul>\n<p>&nbsp;<\/p>\n<ul>\n<li><strong>Original Sokos Seurahuone<\/strong><br \/>\nEerikinkatu 23, 20100 Turku<br \/>\nStandard 1hh: 69\u20ac \/ vrk<br \/>\nStandard 2hh: 79\u20ac \/ vrk<br \/>\nAikuisen lis\u00e4vuode: 30\u20ac \/ vrk<\/li>\n<\/ul>\n<p>&nbsp;<\/p>\n<ul>\n<li><strong>Radisson Blu Marina Palace<\/strong><br \/>\nLinnankatu 32, 20100 Turku<br \/>\nStandard 1hh: 94\u20ac \/ vrk<br \/>\nStandard 2hh: 104\u20ac \/ vrk<br \/>\nAikuisen lis\u00e4vuode: 20\u20ac \/ vrk<\/li>\n<\/ul>\n<p>Huonehinta sis\u00e4lt\u00e4\u00e4 runsaan buffetaamiaisen (alv 14 %), huoneosuuden (alv 10 %) sek\u00e4 saunan ja uima-altaan k\u00e4yt\u00f6n.<br \/>\nMajoittuvien asiakkaiden lis\u00e4etuna avainkorttia esitt\u00e4m\u00e4ll\u00e4:<br \/>\n&#8211; 5\u201310% alennus Sokos Wiklundin normaalihintaisista tuotteista<br \/>\n&#8211; 10% alennus Wiklundin apteekin vapaan kaupan tuotteista.<\/p>\n<p><strong>Varaukset<\/strong><br \/>\nMyyntipalvelut palvelevat varausasioissa ma\u2013pe klo 8.30\u201316.30.<br \/>\nSokos Hotels: puh 02 337 3800, s\u00e4hk\u00f6posti: <a href=\"mailto:sales.turku@sokoshotels.fi\">sales.turku@sokoshotels.fi<\/a><br \/>\nRadisson Blu Marina Palace: puh 020 123 4710, s\u00e4hk\u00f6posti: <a href=\"mailto:sales.turku@radissonblu.com\">sales.turku@radissonblu.com<\/a><\/p>\n<p>Varausta teht\u00e4ess\u00e4 on mainittava tapahtuman tunnus \u201d Avointen yliopistojen neuvottelup\u00e4iv\u00e4\u201d erikoishinnan takaamiseksi.<\/p>\n<p>Huonevarauskiinti\u00f6t ovat voimassa:<br \/>\n&#8211; Hamburger B\u00f6rs 21.10.2015 asti<br \/>\n&#8211; Seurahuone ja Marina Palace 4.11.2015 asti.<\/p>\n<p>Huonekiinti\u00f6st\u00e4 varauksen tehneet asiakkaat ovat vastuussa omista huonevarauksistaan ja veloitukseton peruutusaika p\u00e4\u00e4ttyy yksitt\u00e4isiss\u00e4 huonevarauksissa tulop\u00e4iv\u00e4n\u00e4 klo 18.00.<\/p>\n<p>Saapuminen hotellille on klo 18.00 menness\u00e4. My\u00f6h\u00e4isen saapumisen voi taata luottokortin tiedoilla tai yritystakauksella.<\/p>\n<p><strong>Maksutapa<br \/>\n<\/strong>Jokainen osanottaja maksaa huonevarauksen paikan p\u00e4\u00e4ll\u00e4 k\u00e4teisell\u00e4, luottokortilla tai organisaationsa laskutussopimusten mukaisesti.<\/p>\n","protected":false},"excerpt":{"rendered":"<p>Kulkuyhteydet Seminaari j\u00e4rjestet\u00e4\u00e4n ICT-Cityn\u00a0auditoriossa ja muissa opetustiloissa, os.\u00a0Joukahaisenkatu 3-5, Turku; karttalinkki. Sijainti ja pys\u00e4k\u00f6inti http:\/\/www.turkusciencepark.com\/fi\/yhteystiedot\/sijaintimme-ja-pysakointi\/ Turun alueen taksi: puh. \u00a002\u00a0100 41 Junayhteydet VR juna-aikataulut ja matkahaku Helsingin suunnasta tulevien kannattaa j\u00e4\u00e4d\u00e4 junasta Kupittaan asemalla ja ICT-City on k\u00e4velymatkan p\u00e4\u00e4ss\u00e4. Turun p\u00e4\u00e4rautatieasema sijaitsee keskustan tuntumassa. P\u00e4\u00e4rautatieaseman vastakkaisella puolella Ratapihankadulla on paikallisliikenteen bussipys\u00e4kki, josta p\u00e4\u00e4see suoraan ICT-Cityn\u00a0l\u00e4hist\u00f6lle &hellip; <a href=\"https:\/\/blogit.utu.fi\/neuvottelupaivat\/kulkuyhteydet-ja-majoitus\/\" class=\"more-link\">Jatka lukemista <span class=\"screen-reader-text\">Kulkuyhteydet ja majoitus<\/span> <span class=\"meta-nav\">&rarr;<\/span><\/a><\/p>\n","protected":false},"author":3,"featured_media":0,"parent":0,"menu_order":0,"comment_status":"closed","ping_status":"closed","template":"","meta":{"footnotes":""},"class_list":["post-11","page","type-page","status-publish","hentry"],"_links":{"self":[{"href":"https:\/\/blogit.utu.fi\/neuvottelupaivat\/wp-json\/wp\/v2\/pages\/11","targetHints":{"allow":["GET"]}}],"collection":[{"href":"https:\/\/blogit.utu.fi\/neuvottelupaivat\/wp-json\/wp\/v2\/pages"}],"about":[{"href":"https:\/\/blogit.utu.fi\/neuvottelupaivat\/wp-json\/wp\/v2\/types\/page"}],"author":[{"embeddable":true,"href":"https:\/\/blogit.utu.fi\/neuvottelupaivat\/wp-json\/wp\/v2\/users\/3"}],"replies":[{"embeddable":true,"href":"https:\/\/blogit.utu.fi\/neuvottelupaivat\/wp-json\/wp\/v2\/comments?post=11"}],"version-history":[{"count":12,"href":"https:\/\/blogit.utu.fi\/neuvottelupaivat\/wp-json\/wp\/v2\/pages\/11\/revisions"}],"predecessor-version":[{"id":119,"href":"https:\/\/blogit.utu.fi\/neuvottelupaivat\/wp-json\/wp\/v2\/pages\/11\/revisions\/119"}],"wp:attachment":[{"href":"https:\/\/blogit.utu.fi\/neuvottelupaivat\/wp-json\/wp\/v2\/media?parent=11"}],"curies":[{"name":"wp","href":"https:\/\/api.w.org\/{rel}","templated":true}]}}