{"id":38,"date":"2015-04-09T08:40:41","date_gmt":"2015-04-09T08:40:41","guid":{"rendered":"http:\/\/blogit.utu.fi\/neuvottelupaivat\/?page_id=38"},"modified":"2015-11-17T08:15:00","modified_gmt":"2015-11-17T08:15:00","slug":"yhteystiedot","status":"publish","type":"page","link":"https:\/\/blogit.utu.fi\/neuvottelupaivat\/yhteystiedot\/","title":{"rendered":"Yhteystiedot"},"content":{"rendered":"<p>Tiedustelut: Osastonjohtaja Mervi Varja, <a href=\"mailto:mervi.varja@utu.fi\">mervi.varja@utu.fi<\/a>, p. 040-7014600<\/p>\n<p>Neuvottelup\u00e4ivien k\u00e4yt\u00e4nn\u00f6n j\u00e4rjestelyihin liittyviss\u00e4 kysymyksiss\u00e4 ota yhteytt\u00e4:<\/p>\n<p>Osastosihteeri Tiina Ketonen, p. 02-3336490, <a href=\"mailto:tiina.ketonen@utu.fi\">tiina.ketonen@utu.fi<\/a><\/p>\n<p>&nbsp;<\/p>\n","protected":false},"excerpt":{"rendered":"<p>Tiedustelut: Osastonjohtaja Mervi Varja, mervi.varja@utu.fi, p. 040-7014600 Neuvottelup\u00e4ivien k\u00e4yt\u00e4nn\u00f6n j\u00e4rjestelyihin liittyviss\u00e4 kysymyksiss\u00e4 ota yhteytt\u00e4: Osastosihteeri Tiina Ketonen, p. 02-3336490, tiina.ketonen@utu.fi &nbsp;<\/p>\n","protected":false},"author":3,"featured_media":0,"parent":0,"menu_order":0,"comment_status":"closed","ping_status":"closed","template":"","meta":{"footnotes":""},"class_list":["post-38","page","type-page","status-publish","hentry"],"_links":{"self":[{"href":"https:\/\/blogit.utu.fi\/neuvottelupaivat\/wp-json\/wp\/v2\/pages\/38","targetHints":{"allow":["GET"]}}],"collection":[{"href":"https:\/\/blogit.utu.fi\/neuvottelupaivat\/wp-json\/wp\/v2\/pages"}],"about":[{"href":"https:\/\/blogit.utu.fi\/neuvottelupaivat\/wp-json\/wp\/v2\/types\/page"}],"author":[{"embeddable":true,"href":"https:\/\/blogit.utu.fi\/neuvottelupaivat\/wp-json\/wp\/v2\/users\/3"}],"replies":[{"embeddable":true,"href":"https:\/\/blogit.utu.fi\/neuvottelupaivat\/wp-json\/wp\/v2\/comments?post=38"}],"version-history":[{"count":5,"href":"https:\/\/blogit.utu.fi\/neuvottelupaivat\/wp-json\/wp\/v2\/pages\/38\/revisions"}],"predecessor-version":[{"id":121,"href":"https:\/\/blogit.utu.fi\/neuvottelupaivat\/wp-json\/wp\/v2\/pages\/38\/revisions\/121"}],"wp:attachment":[{"href":"https:\/\/blogit.utu.fi\/neuvottelupaivat\/wp-json\/wp\/v2\/media?parent=38"}],"curies":[{"name":"wp","href":"https:\/\/api.w.org\/{rel}","templated":true}]}}