{"id":5,"date":"2015-04-09T07:33:13","date_gmt":"2015-04-09T07:33:13","guid":{"rendered":"http:\/\/blogit.utu.fi\/neuvottelupaivat\/?page_id=5"},"modified":"2015-11-13T07:11:00","modified_gmt":"2015-11-13T07:11:00","slug":"tervetuloa","status":"publish","type":"page","link":"https:\/\/blogit.utu.fi\/neuvottelupaivat\/","title":{"rendered":"Tervetuloa"},"content":{"rendered":"<p><strong>Avoimen korkeakouluopetuksen neuvottelup\u00e4iville 18.-19.11.2015<\/strong><\/p>\n<p>Avointen yliopistojen neuvottelup\u00e4iv\u00e4t on ollut vuosittain j\u00e4rjestett\u00e4v\u00e4, avointen yliopistojen henkil\u00f6kunnalle ja yhteisty\u00f6kumppaneille suunnattu tapahtuma. Neuvottelup\u00e4iv\u00e4t j\u00e4rjestet\u00e4\u00e4n t\u00e4n\u00e4 vuonna ensimm\u00e4ist\u00e4 kertaa korkeakoulusektorien v\u00e4lisen\u00e4 yhteisty\u00f6n\u00e4. Neuvottelup\u00e4ivien ohjelma on suunniteltu yhteisty\u00f6ss\u00e4 <a href=\"http:\/\/www.avoimenfoorumi.fi\" target=\"_blank\">Avoimen yliopiston foorumin<\/a> ja Avoimen ammattikorkeakoulun verkoston kanssa. Neuvottelup\u00e4iv\u00e4t j\u00e4rjest\u00e4\u00e4\u00a0<a href=\"http:\/\/avoin.utu.fi\/\" target=\"_blank\">Turun yliopiston Avoin yliopisto <\/a>yhteisty\u00f6ss\u00e4 <a href=\"http:\/\/www.turkuamk.fi\/fi\/tutkinnot-ja-opiskelu\/avoin-amk\/avoin-ammattikorkeakoulu\/\" target=\"_blank\">Turun ammattikorkeakoulun<\/a> kanssa.<\/p>\n<p>Tapaamisiin Turussa!<\/p>\n<p>Osallistu my\u00f6s <a href=\"http:\/\/blogit.utu.fi\/avot\" target=\"_blank\">AVOT-hankkeen<\/a> seminaariin <strong><a href=\"http:\/\/blogit.utu.fi\/avot\/avoimet-tapahtumat\/\" target=\"_blank\">Digitalisaatio ja ty\u00f6el\u00e4m\u00e4n osaamistarpeet <\/a><\/strong>ti 17.11.2015 klo 12.15 alkaen.<br \/>\nOsallistua voi Turussa tai verkon v\u00e4lityksell\u00e4.<\/p>\n","protected":false},"excerpt":{"rendered":"<p>Avoimen korkeakouluopetuksen neuvottelup\u00e4iville 18.-19.11.2015 Avointen yliopistojen neuvottelup\u00e4iv\u00e4t on ollut vuosittain j\u00e4rjestett\u00e4v\u00e4, avointen yliopistojen henkil\u00f6kunnalle ja yhteisty\u00f6kumppaneille suunnattu tapahtuma. Neuvottelup\u00e4iv\u00e4t j\u00e4rjestet\u00e4\u00e4n t\u00e4n\u00e4 vuonna ensimm\u00e4ist\u00e4 kertaa korkeakoulusektorien v\u00e4lisen\u00e4 yhteisty\u00f6n\u00e4. Neuvottelup\u00e4ivien ohjelma on suunniteltu yhteisty\u00f6ss\u00e4 Avoimen yliopiston foorumin ja Avoimen ammattikorkeakoulun verkoston kanssa. Neuvottelup\u00e4iv\u00e4t j\u00e4rjest\u00e4\u00e4\u00a0Turun yliopiston Avoin yliopisto yhteisty\u00f6ss\u00e4 Turun ammattikorkeakoulun kanssa. Tapaamisiin Turussa! Osallistu my\u00f6s AVOT-hankkeen seminaariin &hellip; <a href=\"https:\/\/blogit.utu.fi\/neuvottelupaivat\/\" class=\"more-link\">Jatka lukemista <span class=\"screen-reader-text\">Tervetuloa<\/span> <span class=\"meta-nav\">&rarr;<\/span><\/a><\/p>\n","protected":false},"author":3,"featured_media":0,"parent":0,"menu_order":0,"comment_status":"closed","ping_status":"open","template":"","meta":{"footnotes":""},"class_list":["post-5","page","type-page","status-publish","hentry"],"_links":{"self":[{"href":"https:\/\/blogit.utu.fi\/neuvottelupaivat\/wp-json\/wp\/v2\/pages\/5","targetHints":{"allow":["GET"]}}],"collection":[{"href":"https:\/\/blogit.utu.fi\/neuvottelupaivat\/wp-json\/wp\/v2\/pages"}],"about":[{"href":"https:\/\/blogit.utu.fi\/neuvottelupaivat\/wp-json\/wp\/v2\/types\/page"}],"author":[{"embeddable":true,"href":"https:\/\/blogit.utu.fi\/neuvottelupaivat\/wp-json\/wp\/v2\/users\/3"}],"replies":[{"embeddable":true,"href":"https:\/\/blogit.utu.fi\/neuvottelupaivat\/wp-json\/wp\/v2\/comments?post=5"}],"version-history":[{"count":9,"href":"https:\/\/blogit.utu.fi\/neuvottelupaivat\/wp-json\/wp\/v2\/pages\/5\/revisions"}],"predecessor-version":[{"id":115,"href":"https:\/\/blogit.utu.fi\/neuvottelupaivat\/wp-json\/wp\/v2\/pages\/5\/revisions\/115"}],"wp:attachment":[{"href":"https:\/\/blogit.utu.fi\/neuvottelupaivat\/wp-json\/wp\/v2\/media?parent=5"}],"curies":[{"name":"wp","href":"https:\/\/api.w.org\/{rel}","templated":true}]}}