{"id":7,"date":"2015-04-09T07:35:55","date_gmt":"2015-04-09T07:35:55","guid":{"rendered":"http:\/\/blogit.utu.fi\/neuvottelupaivat\/?page_id=7"},"modified":"2015-11-30T09:24:04","modified_gmt":"2015-11-30T09:24:04","slug":"ohjelma","status":"publish","type":"page","link":"https:\/\/blogit.utu.fi\/neuvottelupaivat\/ohjelma\/","title":{"rendered":"Ohjelma"},"content":{"rendered":"<p><strong>Keskiviikko 18.11.<\/strong><\/p>\n<p><strong>Avoimen korkeakouluopetuksen yhteinen p\u00e4iv\u00e4<\/strong><\/p>\n<p>Paikka: <a href=\"https:\/\/goo.gl\/maps\/BMyJA\" target=\"_blank\">ICT-City<\/a>, Joukahaisenkatu 3\u25005, Turku, Alpha-auditorio<\/p>\n<table border=\"0\" cellspacing=\"0\" cellpadding=\"0\">\n<tbody>\n<tr>\n<td align=\"left\" valign=\"top\" nowrap=\"nowrap\">9.30\u250010.00<\/td>\n<td align=\"left\" valign=\"top\" width=\"25\"><\/td>\n<td align=\"left\" valign=\"top\">Ilmoittautuminen, kahvi ja aamumusiikkia (Coco Quartet)<\/td>\n<\/tr>\n<tr>\n<td align=\"left\" valign=\"top\" nowrap=\"nowrap\">10.00\u250010.15<\/td>\n<td align=\"left\" valign=\"top\" width=\"25\"><\/td>\n<td align=\"left\" valign=\"top\">Tervetuloa!<br \/>\nRehtori Kalervo V\u00e4\u00e4n\u00e4nen<\/td>\n<\/tr>\n<tr>\n<td align=\"left\" valign=\"top\" nowrap=\"nowrap\">10.15\u250011.00<\/td>\n<td align=\"left\" valign=\"top\" width=\"25\"><\/td>\n<td align=\"left\" valign=\"top\"><a href=\"http:\/\/blogit.utu.fi\/neuvottelupaivat\/wp-content\/uploads\/sites\/34\/2015\/11\/Nina-Haltia.pdf\" target=\"_blank\">Mit\u00e4 avoimelta korkeakouluopetukselta t\u00e4n\u00e4 p\u00e4iv\u00e4n\u00e4 odotetaan?<\/a><br \/>\nKT Nina Haltia (TY)<\/td>\n<\/tr>\n<tr>\n<td align=\"left\" valign=\"top\" nowrap=\"nowrap\">11.00\u250011.15<\/td>\n<td align=\"left\" valign=\"top\" width=\"25\"><\/td>\n<td align=\"left\" valign=\"top\">Musiikkia (Coco Quartet)<\/td>\n<\/tr>\n<tr>\n<td align=\"left\" valign=\"top\" nowrap=\"nowrap\">11.15\u250012.15<\/td>\n<td align=\"left\" valign=\"top\" width=\"25\"><\/td>\n<td align=\"left\" valign=\"top\"><a href=\"http:\/\/blogit.utu.fi\/neuvottelupaivat\/wp-content\/uploads\/sites\/34\/2015\/11\/Sanna-Hirsivaara-Avoin-18.pdf\" target=\"_blank\">Korkeakoulujen kehitt\u00e4minen &#8211; ajankohtaista<\/a><br \/>\nYlitarkastaja Sanna Hirsivaara (OKM)<\/td>\n<\/tr>\n<tr>\n<td align=\"left\" valign=\"top\" nowrap=\"nowrap\">12.15\u250013.15<\/td>\n<td align=\"left\" valign=\"top\" width=\"25\"><\/td>\n<td align=\"left\" valign=\"top\">Lounas<\/td>\n<\/tr>\n<tr>\n<td align=\"left\" valign=\"top\" nowrap=\"nowrap\">13.15\u2500 14.15<\/td>\n<td align=\"left\" valign=\"top\" width=\"25\"><\/td>\n<td align=\"left\" valign=\"top\">Avoimen korkeakouluopetuksen ajankohtaiset haasteet \u2013 avoimen korkeakouluopetuksen verkostojen puheenjohtajien dialogi ja yleis\u00f6keskustelu<br \/>\nPalvelup\u00e4\u00e4llikk\u00f6 Merija Timonen (LY) ja\/och<br \/>\nfortbildningsplanerare Stig Blomqvist (Arcada)<\/td>\n<\/tr>\n<tr>\n<td align=\"left\" valign=\"top\" nowrap=\"nowrap\">14.15\u250014.30<\/td>\n<td align=\"left\" valign=\"top\" width=\"25\"><\/td>\n<td align=\"left\" valign=\"top\"><a href=\"http:\/\/blogit.utu.fi\/neuvottelupaivat\/wp-content\/uploads\/sites\/34\/2015\/11\/AVOT_neuvottelupaivat-2015_satu_hakanurmi.pdf\" target=\"_blank\">Avoimet yliopistot ja ammattikorkeakoulut ketteriksi ja ty\u00f6el\u00e4m\u00e4l\u00e4ht\u00f6isiksi: AVOT -hanke liikuttaa kaikkia 2015\u25002018<\/a><br \/>\nKehitt\u00e4misp\u00e4\u00e4llikk\u00f6 Satu Hakanurmi (TY)<\/td>\n<\/tr>\n<tr>\n<td align=\"left\" valign=\"top\" nowrap=\"nowrap\">14.30 \u250015.00<\/td>\n<td align=\"left\" valign=\"top\" width=\"25\"><\/td>\n<td align=\"left\" valign=\"top\">Tauko: virvokkeita ja hedelmi\u00e4<\/td>\n<\/tr>\n<tr>\n<td align=\"left\" valign=\"top\" nowrap=\"nowrap\">15.00\u250015.30<\/td>\n<td align=\"left\" valign=\"top\" width=\"25\"><\/td>\n<td align=\"left\" valign=\"top\"><a href=\"http:\/\/blogit.utu.fi\/neuvottelupaivat\/wp-content\/uploads\/sites\/34\/2015\/11\/Harri-Melin-Tampere3-yleisesittely-03112015.pdf\" target=\"_blank\">Ajankohtaista rakenteellisesta kehitt\u00e4misest\u00e4: Tampere 3 -hanke<\/a><br \/>\nVararehtori Harri Melin (TaY)<\/td>\n<\/tr>\n<tr>\n<td align=\"left\" valign=\"top\" nowrap=\"nowrap\">15.30\u250016.00<\/td>\n<td align=\"left\" valign=\"top\" width=\"25\"><\/td>\n<td align=\"left\" valign=\"top\"><a href=\"http:\/\/blogit.utu.fi\/neuvottelupaivat\/wp-content\/uploads\/sites\/34\/2015\/11\/Outi-Kivipelto.pdf\" target=\"_blank\">Ajankohtaista avointen korkeakoulujen koulutustarjonnasta Opintopolussa<\/a><br \/>\nErityisasiantuntija Outi Kivipelto ja verkkop\u00e4\u00e4toimittaja Satu Meriluoto (OPH)<\/td>\n<\/tr>\n<tr>\n<td align=\"left\" valign=\"top\" nowrap=\"nowrap\">16.00\u250016.30<\/td>\n<td align=\"left\" valign=\"top\" width=\"25\"><\/td>\n<td align=\"left\" valign=\"top\"><a href=\"http:\/\/blogit.utu.fi\/neuvottelupaivat\/wp-content\/uploads\/sites\/34\/2015\/11\/AvNeuvMOOC_kurhila_LYHYT.pdf\" target=\"_blank\">MOOC -kurssit, avoin opetus ja avoin kilpailu<\/a><br \/>\nJohtaja Jaakko Kurhila (HY)<\/td>\n<\/tr>\n<tr>\n<td align=\"left\" valign=\"top\" nowrap=\"nowrap\">16.30\u250016.45<\/td>\n<td align=\"left\" valign=\"top\" width=\"25\"><\/td>\n<td align=\"left\" valign=\"top\">Yhteisen seminaariosuuden p\u00e4\u00e4t\u00f6s sek\u00e4 ohjeistus seuraavan p\u00e4iv\u00e4n ty\u00f6skentelyyn<\/td>\n<\/tr>\n<tr>\n<td align=\"left\" valign=\"top\"><\/td>\n<td align=\"left\" valign=\"top\" width=\"25\"><\/td>\n<td align=\"left\" valign=\"top\"><\/td>\n<\/tr>\n<tr>\n<td colspan=\"3\" align=\"left\" valign=\"top\">P\u00e4iv\u00e4n puheenjohtajana toimii osastonjohtaja Mervi Varja (TY)<\/td>\n<\/tr>\n<tr>\n<td align=\"left\" valign=\"top\"><\/td>\n<td align=\"left\" valign=\"top\"><\/td>\n<td align=\"left\" valign=\"top\"><\/td>\n<\/tr>\n<tr>\n<td align=\"left\" valign=\"top\" nowrap=\"nowrap\">19.00\u2500<\/td>\n<td align=\"left\" valign=\"top\"><\/td>\n<td align=\"left\" valign=\"top\"><strong>Iltatilaisuus<\/strong><br \/>\n<a href=\"https:\/\/goo.gl\/maps\/w5nzc\" target=\"_blank\">Hotelli Hamburger B\u00f6rsin<\/a> Ravintola Yl\u00e4B\u00f6rsin Jugendsalissa, Kauppiaskatu 6Tervetuloa!<br \/>\nVararehtori Juhani Soini (Turun AMK)Leip\u00e4\u00e4, sirkushuveja ja musikantteja<\/p>\n<ul>\n<li>Ruokailu<\/li>\n<li>Jongleerausduo Annamari Kuittinen &amp; Myrsky R\u00f6nk\u00e4 (Turun AMK)<\/li>\n<li>Musiikkia (Coco Quartet)<\/li>\n<\/ul>\n<\/td>\n<\/tr>\n<\/tbody>\n<\/table>\n<p>&nbsp;<\/p>\n<p><strong>Torstai 19.11.<\/strong><\/p>\n<p><strong>Avoimen yliopisto-opetuksen osuus<\/strong><br \/>\nPaikat:<a href=\"https:\/\/goo.gl\/maps\/BMyJA\" target=\"_blank\"> ICT-City<\/a>, Joukahaisenkatu 3\u25005, Turku<a href=\"https:\/\/goo.gl\/maps\/BMyJA\" target=\"_blank\"><br \/>\n<\/a><a href=\"https:\/\/www.google.fi\/maps\/place\/PharmaCity,+It%C3%A4inen+Pitk%C3%A4katu,+20520+Turku\/@60.4488952,22.2899243,17z\" target=\"_blank\">PharmaCity<\/a>, It\u00e4inen Pitk\u00e4katu 4, Turku<\/p>\n<table border=\"0\" cellspacing=\"0\" cellpadding=\"0\">\n<tbody>\n<tr>\n<td align=\"left\" valign=\"top\" nowrap=\"nowrap\">9.00\u250012.00<\/td>\n<td align=\"left\" valign=\"top\" width=\"25\"><\/td>\n<td align=\"left\" valign=\"top\">Ty\u00f6skentely\u00e4 teemaryhmiss\u00e4<\/p>\n<p><strong><a href=\"http:\/\/blogit.utu.fi\/neuvottelupaivat\/wp-content\/uploads\/sites\/34\/2015\/11\/Teemaryhm\u00e4-1_Timonen-Lerkkanen-1911015.pdf\" target=\"_blank\">1. Avointen yliopistojen toiminnan johtaminen<\/a><\/strong><br \/>\nPaikka: B2035, ICT-Cityn 2. krs<\/p>\n<ul>\n<li>muuttuva toimintaymp\u00e4rist\u00f6<\/li>\n<li>muuttuva opiskelijaprofiili<\/li>\n<li>muuttuva rooli yliopistoissa<\/li>\n<li>Vet\u00e4j\u00e4t: Merija Timonen (LY) ja Jukka Lerkkanen (JY)<\/li>\n<\/ul>\n<p><strong>2.\u00a0Kansainv\u00e4listymisen haasteet ja mahdollisuudet<\/strong><br \/>\nPaikka: nh. 3075, PharmaCityn 3. krs<\/p>\n<p style=\"padding-left: 30px\">Avoin yliopisto-opetus kansainv\u00e4lisill\u00e4 koulutusmarkkinoilla<br \/>\nVet\u00e4j\u00e4: Jaakko Kurhila (HY)<br \/>\nMaahanmuuttajien tiet tutkintoon \u2013 mik\u00e4 on avoimen yliopisto-opetuksen rooli? Vet\u00e4j\u00e4: Irmeli Kari-Bj\u00f6rkbacka (LY)<\/p>\n<p><strong>3. <\/strong><strong>Yhteisty\u00f6 avointen yliopistojen v\u00e4lill\u00e4 opintojen j\u00e4rjest\u00e4misess\u00e4 \/ RYHM\u00c4 PERUUNTUI<\/strong><\/p>\n<p><strong>4.\u00a0Vertaa opintoja.fi<\/strong><br \/>\nPaikka: nh. 3038, PharmaCityn 3. krs<\/p>\n<p style=\"padding-left: 30px\">Avoimen yliopiston opintojen vertaisarviointi &#8211; tuo oma oppiaineesi kollegan arvioitavaksi ja arvioi toisen avoimen opintoja. Teemaryhm\u00e4\u00e4n osallistuvat saavat pienen ennakkoteht\u00e4v\u00e4n ja ryhm\u00e4ss\u00e4 aika k\u00e4ytet\u00e4\u00e4n vertaisarviointiin. Oiva tapa tutustua avoimen yliopisto-opetuksen toteutustapoihin toisessa organisaatiossa ja saada uutta n\u00e4k\u00f6kulmaa omaan kurssisuunnitteluun.<br \/>\nVet\u00e4j\u00e4t: Tarja Ladonlahti (JY) ja Sirpa Purtilo-Nieminen (LY)<\/p>\n<p><strong>5.\u00a0Uutta virtaa opintojen ohjaukseen<\/strong><br \/>\nPaikka: B2038, ICT-Cityn 2. krs<\/p>\n<p style=\"padding-left: 30px\">Esimerkkej\u00e4 erilaisista tavoista ohjata opiskelijoita somen, chatin tms. avulla. Kokemuksiaan esittelev\u00e4t Jyv\u00e4skyl\u00e4n yliopisto ja It\u00e4-Suomen yliopisto. T\u00e4m\u00e4n j\u00e4lkeen learning cafe, jossa ohjausta tarkastellaan lukiolaisten, ty\u00f6tt\u00f6mien, maahanmuuttajien ja erityist\u00e4 tukea\/erityisj\u00e4rjestelyj\u00e4 tarvitsevien opiskelijoiden n\u00e4k\u00f6kulmista.<br \/>\nVet\u00e4j\u00e4t: Satu Hakanurmi (TY) ja Carina Gr\u00e4sbeck (\u00c5A)<\/p>\n<p><strong><a href=\"http:\/\/blogit.utu.fi\/neuvottelupaivat\/wp-content\/uploads\/sites\/34\/2015\/11\/Teemaryhm\u00e4-6-Opiskelutaidot-nyt-tarkistettu.pdf\" target=\"_blank\">6. Opiskelutaidot \u2013 mit\u00e4 uutta?<\/a><\/strong><br \/>\nPaikka: PHA3, PharmaCityn 1. krs<\/p>\n<p style=\"padding-left: 30px\">Tuoretta tutkimusta opiskelutaidoista &amp; avoimen korkeakouluopetuksen opiskelutaitosivuston ideointia.\u00a0Tuoreimmasta tutkimuksesta alustaa pedagoginen yliopistonlehtori Saara Repo (HY).<br \/>\nVet\u00e4j\u00e4t: Leila Saram\u00e4ki (UEF) ja Anne P\u00e4\u00e4kk\u00f6nen (HY)<\/p>\n<p><strong><a href=\"http:\/\/blogit.utu.fi\/neuvottelupaivat\/wp-content\/uploads\/sites\/34\/2015\/11\/Teemaryhm\u00e4-7-Neuvottelup\u00e4iv\u00e4t-2015.pdf\" target=\"_blank\">7. Avoinyliopisto.fi -palvelusta Opintopolkuun &#8211; tiedotuksen ja neuvonnan uudet haasteet ja mahdollisuudet<\/a><\/strong><br \/>\nPaikka: PHA5, PharmaCityn 1. krs<\/p>\n<ul>\n<li>Miten Opintopolkuun siirtyminen vaikuttaa avoimen yliopisto-opetuksen yleiseen tunnettuuteen ja opintotarjonnan l\u00f6ydett\u00e4vyyteen?<\/li>\n<li>Onko tarvetta yhteisille hyville tiedotuksen ja opintoneuvonnan ratkaisuille Opintopolku-palvelussa?<\/li>\n<li>Avoimen yliopisto-opetuksen markkinointiyhteisty\u00f6 jatkossa?<\/li>\n<\/ul>\n<p>Vet\u00e4j\u00e4t: Anitta Lehtonen (TY) ja Seppo Piiparinen (TY)<\/p>\n<p><strong><a href=\"http:\/\/blogit.utu.fi\/neuvottelupaivat\/wp-content\/uploads\/sites\/34\/2015\/11\/Teemaryhm\u00e4-8-avoimen_neuvottelupaivat_mvo_2015.pdf\" target=\"_blank\">8. Opintopolkuun siirtyminen tietoj\u00e4rjestelm\u00e4haasteena<\/a><\/strong><br \/>\nPaikka: B2039, ICT-Cityn 2. krs<\/p>\n<p>Avoimen yliopisto-opetuksen tarjonta Opintopolkuun:<br \/>\nmiss\u00e4 menn\u00e4\u00e4n nyt &#8211; mit\u00e4 tulossa<\/p>\n<ul>\n<li>k\u00e4sitteet: haku, koulutukset ja hakukohteet<\/li>\n<li>virkailijan ja hakijan k\u00e4ytt\u00f6liittym\u00e4n esittely (testiymp\u00e4rist\u00f6ss\u00e4)<\/li>\n<\/ul>\n<p>Huomioita tutkintosektorin kokemuksista:<\/p>\n<ul>\n<li>yhteiset k\u00e4yt\u00e4nteet ja sopimukset<\/li>\n<li>hakijan k\u00e4ytt\u00f6liittym\u00e4n toimivuus<\/li>\n<\/ul>\n<p>Vet\u00e4j\u00e4t: Raija Pappila (UEF) ja Milla Vaisto-Oinonen (Aalto)<\/p>\n<p><strong>9. Alueellisesta yhteisty\u00f6st\u00e4 vauhtia ja voimaa avoimen opetukseen \/ RYHM\u00c4 PERUUNTUI<\/strong><\/td>\n<\/tr>\n<tr>\n<td align=\"left\" valign=\"top\" nowrap=\"nowrap\">12.00\u250013.00<\/td>\n<td align=\"left\" valign=\"top\" width=\"25\"><\/td>\n<td align=\"left\" valign=\"top\">Lounas \/ ICT-City<\/td>\n<\/tr>\n<tr>\n<td align=\"left\" valign=\"top\" nowrap=\"nowrap\">13.00\u250015.00<\/td>\n<td align=\"left\" valign=\"top\" width=\"25\"><\/td>\n<td align=\"left\" valign=\"top\"><strong>Toimielinten kokoukset<\/strong><br \/>\nPaikka: PharmaCity, It\u00e4inen Pitk\u00e4katu 4<\/p>\n<ul>\n<li>Foorumin kokous, nh. 3075, 3. krs<\/li>\n<li>Tietohallintoty\u00f6ryhm\u00e4, sohvahuone, 3. krs<\/li>\n<li>Aluety\u00f6ryhm\u00e4, nh. 3038, 3. krs<\/li>\n<li>Ohjauksen ja opetuksen kehitt\u00e4misen ty\u00f6ryhm\u00e4, PHA3, 1. krs<\/li>\n<\/ul>\n<\/td>\n<\/tr>\n<tr>\n<td align=\"left\" valign=\"top\" nowrap=\"nowrap\">15.00\u250015.30<\/td>\n<td align=\"left\" valign=\"top\" width=\"25\"><\/td>\n<td align=\"left\" valign=\"top\">Kahvit Avoimen yliopiston taukotilassa, 3. krs<\/td>\n<\/tr>\n<\/tbody>\n<\/table>\n<p><strong>Avoimen ammattikorkeakouluopetuksen osuus<br \/>\n<\/strong>Paikka: Turun ammattikorkeakoulu,<br \/>\n<a href=\"https:\/\/goo.gl\/maps\/BMyJA\" target=\"_blank\">ICT-City<\/a>, tila OMEGA, Joukahaisenkatu 3-5<\/p>\n<table border=\"0\" cellspacing=\"0\" cellpadding=\"0\">\n<tbody>\n<tr>\n<td align=\"left\" valign=\"top\" nowrap=\"nowrap\">Aika:<\/td>\n<td align=\"left\" valign=\"top\" width=\"25\"><\/td>\n<td align=\"left\" valign=\"top\">\u00a0 \u00a0 \u00a0 \u00a0 \u00a09.00\u250015.30<\/p>\n<ul>\n<li>Tervetuloa kokoukseen ja tervetuloa Turun ammattikorkeakouluun<\/li>\n<li>Palvelujohtaja Sami Savolainen<\/li>\n<li>Avoimen ammattikorkeakoulun toimintaan liittyvien, ajankohtaisten hankkeiden esittelyt ja alustukset<\/li>\n<li>Ty\u00f6pajaty\u00f6skentely teemoittain:\n<ul>\n<li>Markkinointi ja avoimen AMK:n tunnettavuus<\/li>\n<li>Avoimen AMK opiskelijan ohjaus, ohjauksen mallit ja prosessit<\/li>\n<li>Uudet ja laadukkaat osaamiskokonaisuudet ja niiden tuotteistaminen<\/li>\n<li>Avoimen ammattikorkeakoulun organisoituminen<\/li>\n<li>Oppilaitosyhteisty\u00f6n toimintamallit<\/li>\n<\/ul>\n<\/li>\n<li>Ty\u00f6pajaty\u00f6skentelyn yhteenveto teemoittain<\/li>\n<li>Muut mahdolliset asiat<\/li>\n<li>Seuraavien kokousten ajankohdat ja alustavista teemoista sopiminen<\/li>\n<\/ul>\n<\/td>\n<\/tr>\n<\/tbody>\n<\/table>\n","protected":false},"excerpt":{"rendered":"<p>Keskiviikko 18.11. Avoimen korkeakouluopetuksen yhteinen p\u00e4iv\u00e4 Paikka: ICT-City, Joukahaisenkatu 3\u25005, Turku, Alpha-auditorio 9.30\u250010.00 Ilmoittautuminen, kahvi ja aamumusiikkia (Coco Quartet) 10.00\u250010.15 Tervetuloa! Rehtori Kalervo V\u00e4\u00e4n\u00e4nen 10.15\u250011.00 Mit\u00e4 avoimelta korkeakouluopetukselta t\u00e4n\u00e4 p\u00e4iv\u00e4n\u00e4 odotetaan? KT Nina Haltia (TY) 11.00\u250011.15 Musiikkia (Coco Quartet) 11.15\u250012.15 Korkeakoulujen kehitt\u00e4minen &#8211; ajankohtaista Ylitarkastaja Sanna Hirsivaara (OKM) 12.15\u250013.15 Lounas 13.15\u2500 14.15 Avoimen korkeakouluopetuksen ajankohtaiset &hellip; <a href=\"https:\/\/blogit.utu.fi\/neuvottelupaivat\/ohjelma\/\" class=\"more-link\">Jatka lukemista <span class=\"screen-reader-text\">Ohjelma<\/span> <span class=\"meta-nav\">&rarr;<\/span><\/a><\/p>\n","protected":false},"author":3,"featured_media":0,"parent":0,"menu_order":0,"comment_status":"closed","ping_status":"closed","template":"","meta":{"footnotes":""},"class_list":["post-7","page","type-page","status-publish","hentry"],"_links":{"self":[{"href":"https:\/\/blogit.utu.fi\/neuvottelupaivat\/wp-json\/wp\/v2\/pages\/7","targetHints":{"allow":["GET"]}}],"collection":[{"href":"https:\/\/blogit.utu.fi\/neuvottelupaivat\/wp-json\/wp\/v2\/pages"}],"about":[{"href":"https:\/\/blogit.utu.fi\/neuvottelupaivat\/wp-json\/wp\/v2\/types\/page"}],"author":[{"embeddable":true,"href":"https:\/\/blogit.utu.fi\/neuvottelupaivat\/wp-json\/wp\/v2\/users\/3"}],"replies":[{"embeddable":true,"href":"https:\/\/blogit.utu.fi\/neuvottelupaivat\/wp-json\/wp\/v2\/comments?post=7"}],"version-history":[{"count":29,"href":"https:\/\/blogit.utu.fi\/neuvottelupaivat\/wp-json\/wp\/v2\/pages\/7\/revisions"}],"predecessor-version":[{"id":136,"href":"https:\/\/blogit.utu.fi\/neuvottelupaivat\/wp-json\/wp\/v2\/pages\/7\/revisions\/136"}],"wp:attachment":[{"href":"https:\/\/blogit.utu.fi\/neuvottelupaivat\/wp-json\/wp\/v2\/media?parent=7"}],"curies":[{"name":"wp","href":"https:\/\/api.w.org\/{rel}","templated":true}]}}