{"id":9,"date":"2015-04-09T07:36:17","date_gmt":"2015-04-09T07:36:17","guid":{"rendered":"http:\/\/blogit.utu.fi\/neuvottelupaivat\/?page_id=9"},"modified":"2015-09-07T06:04:56","modified_gmt":"2015-09-07T06:04:56","slug":"ilmoittautuminen","status":"publish","type":"page","link":"https:\/\/blogit.utu.fi\/neuvottelupaivat\/ilmoittautuminen\/","title":{"rendered":"Ilmoittautuminen"},"content":{"rendered":"<p>Ilmoittautuminen neuvottelup\u00e4iville alkaa 4.9.2015 ja p\u00e4\u00e4ttyy 30.10.2015.<\/p>\n<p><strong>Osallistumismaksut:<\/strong><\/p>\n<p style=\"text-align: left;padding-left: 30px\">Avoimen yliopiston edustajat:<\/p>\n<ul>\n<li style=\"text-align: left;padding-left: 30px\">18.11.:\u00a0\u00a0\u00a0\u00a0\u00a0\u00a0\u00a0\u00a0\u00a0\u00a0\u00a0\u00a0\u00a0\u00a0 90 \u20ac<\/li>\n<li style=\"text-align: left;padding-left: 30px\">18.-19.11.:\u00a0\u00a0\u00a0\u00a0\u00a0\u00a0 130 \u20ac<\/li>\n<\/ul>\n<p style=\"text-align: left;padding-left: 30px\">Avoimen ammattikorkeakoulun edustajat:<\/p>\n<ul>\n<li style=\"text-align: left;padding-left: 30px\">18.11.: \u00a0\u00a0\u00a0\u00a0\u00a0\u00a0\u00a0\u00a0\u00a0\u00a0\u00a0\u00a0\u00a0 90 \u20ac<\/li>\n<li style=\"text-align: left;padding-left: 30px\">18.-19.11.:\u00a0\u00a0\u00a0\u00a0\u00a0\u00a0 90 \u20ac<\/li>\n<\/ul>\n<p>Osallistumismaksut sis\u00e4lt\u00e4v\u00e4t ohjelman mukaiset tarjoilut sek\u00e4 iltatilaisuuden 18.11. tarjoiluineen.<\/p>\n<p>Ilmoittaudu linkist\u00e4 aukeavalla lomakkeella:<\/p>\n<p style=\"padding-left: 30px\"><a href=\"https:\/\/konsta.utu.fi\/Default.aspx?tabid=88&amp;tap=2369\" target=\"_blank\">Avoimen yliopiston edustajien ilmoittautuminen<\/a><\/p>\n<p style=\"padding-left: 30px\"><a href=\"https:\/\/konsta.utu.fi\/Default.aspx?tabid=88&amp;tap=2551\" target=\"_blank\">Avoimen ammattikorkeakoulun edustajien ilmoittautuminen<\/a><\/p>\n<p>Ilmoittautumisajan p\u00e4\u00e4ttymisen j\u00e4lkeen teht\u00e4vist\u00e4 peruutuksista veloitetaan puolet osallistumismaksusta.<\/p>\n<p>&nbsp;<\/p>\n","protected":false},"excerpt":{"rendered":"<p>Ilmoittautuminen neuvottelup\u00e4iville alkaa 4.9.2015 ja p\u00e4\u00e4ttyy 30.10.2015. Osallistumismaksut: Avoimen yliopiston edustajat: 18.11.:\u00a0\u00a0\u00a0\u00a0\u00a0\u00a0\u00a0\u00a0\u00a0\u00a0\u00a0\u00a0\u00a0\u00a0 90 \u20ac 18.-19.11.:\u00a0\u00a0\u00a0\u00a0\u00a0\u00a0 130 \u20ac Avoimen ammattikorkeakoulun edustajat: 18.11.: \u00a0\u00a0\u00a0\u00a0\u00a0\u00a0\u00a0\u00a0\u00a0\u00a0\u00a0\u00a0\u00a0 90 \u20ac 18.-19.11.:\u00a0\u00a0\u00a0\u00a0\u00a0\u00a0 90 \u20ac Osallistumismaksut sis\u00e4lt\u00e4v\u00e4t ohjelman mukaiset tarjoilut sek\u00e4 iltatilaisuuden 18.11. tarjoiluineen. Ilmoittaudu linkist\u00e4 aukeavalla lomakkeella: Avoimen yliopiston edustajien ilmoittautuminen Avoimen ammattikorkeakoulun edustajien ilmoittautuminen Ilmoittautumisajan p\u00e4\u00e4ttymisen j\u00e4lkeen teht\u00e4vist\u00e4 peruutuksista veloitetaan puolet &hellip; <a href=\"https:\/\/blogit.utu.fi\/neuvottelupaivat\/ilmoittautuminen\/\" class=\"more-link\">Jatka lukemista <span class=\"screen-reader-text\">Ilmoittautuminen<\/span> <span class=\"meta-nav\">&rarr;<\/span><\/a><\/p>\n","protected":false},"author":3,"featured_media":0,"parent":0,"menu_order":0,"comment_status":"closed","ping_status":"closed","template":"","meta":{"footnotes":""},"class_list":["post-9","page","type-page","status-publish","hentry"],"_links":{"self":[{"href":"https:\/\/blogit.utu.fi\/neuvottelupaivat\/wp-json\/wp\/v2\/pages\/9","targetHints":{"allow":["GET"]}}],"collection":[{"href":"https:\/\/blogit.utu.fi\/neuvottelupaivat\/wp-json\/wp\/v2\/pages"}],"about":[{"href":"https:\/\/blogit.utu.fi\/neuvottelupaivat\/wp-json\/wp\/v2\/types\/page"}],"author":[{"embeddable":true,"href":"https:\/\/blogit.utu.fi\/neuvottelupaivat\/wp-json\/wp\/v2\/users\/3"}],"replies":[{"embeddable":true,"href":"https:\/\/blogit.utu.fi\/neuvottelupaivat\/wp-json\/wp\/v2\/comments?post=9"}],"version-history":[{"count":11,"href":"https:\/\/blogit.utu.fi\/neuvottelupaivat\/wp-json\/wp\/v2\/pages\/9\/revisions"}],"predecessor-version":[{"id":99,"href":"https:\/\/blogit.utu.fi\/neuvottelupaivat\/wp-json\/wp\/v2\/pages\/9\/revisions\/99"}],"wp:attachment":[{"href":"https:\/\/blogit.utu.fi\/neuvottelupaivat\/wp-json\/wp\/v2\/media?parent=9"}],"curies":[{"name":"wp","href":"https:\/\/api.w.org\/{rel}","templated":true}]}}