{"id":11,"date":"2026-02-17T19:49:03","date_gmt":"2026-02-17T17:49:03","guid":{"rendered":"https:\/\/blogit.utu.fi\/niedling\/?page_id=11"},"modified":"2026-02-17T19:49:03","modified_gmt":"2026-02-17T17:49:03","slug":"spiele-und-aktivierungen","status":"publish","type":"page","link":"https:\/\/blogit.utu.fi\/niedling\/spiele-und-aktivierungen\/","title":{"rendered":"Spiele und Aktivierungen"},"content":{"rendered":"\n<h1 class=\"wp-block-heading\">Spiele<\/h1>\n\n\n\n<p><a href=\"https:\/\/de.akinator.com\/\" target=\"_blank\" rel=\"noreferrer noopener\">Akinator (Wer bin ich?)<\/a><\/p>\n\n\n\n<p><a href=\"https:\/\/lyricstraining.com\/app?nr=1&amp;~channel=web&amp;~feature=redirect&amp;~campaign=none&amp;ref=https%3A%2F%2Flyricstraining.com%2F\">lyricstraining:<\/a>&nbsp;Texte verstehen<\/p>\n\n\n\n<p><a href=\"http:\/\/www.goethe.de\/lrn\/pro\/str\/index.html\">Unsere Stra\u00dfe:<\/a>&nbsp;Deutsch lernen im Alltag<\/p>\n\n\n\n<p><a href=\"https:\/\/www.wdrmaus.de\/\" target=\"_blank\" rel=\"noreferrer noopener\">Die Seite mit der Maus<\/a><\/p>\n\n\n\n<p><a href=\"https:\/\/www.goethe.de\/prj\/mwd\/de\/deutschueben\/einladungzurhochzeit.html\">Einladung zur Hochzeit&nbsp;<\/a>(Wortschatz; Goethe-Institut)<\/p>\n\n\n\n<p><a href=\"https:\/\/www.toporopa.eu\/de\/\">Toporopa:<\/a>&nbsp;Gehirnjogging mit Geographie<\/p>\n\n\n\n<p><a href=\"https:\/\/babadum.com\/play\/?lang=3&amp;game=1\">Babadum<\/a>: Online-Vokabelspiel<\/p>\n\n\n\n<p><a href=\"http:\/\/www.goethe.de\/lrn\/pro\/maerchen\/spiel_daumerling\/index.html\">Daumerling<\/a><\/p>\n\n\n\n<p><a href=\"https:\/\/dafdiesunddas.wordpress.com\/2013\/09\/26\/interaktive-spiele-a1-b1\/\">eine Spiele-Sammlung<\/a><\/p>\n\n\n\n<p><a href=\"http:\/\/www.aue-stiftung.org\/genie\/?fbclid=IwAR2ZaUgOQWmKVAZOJ_P678qMn4J9XVinEZje4kNI8gkw4b00zDM0WOd5u7Q\">Genie (Aue-S\u00e4\u00e4ti\u00f6)<\/a><\/p>\n\n\n\n<p>Zwei Wahrheiten und eine L\u00fcge<\/p>\n\n\n\n<p>Dein Lebenslauf in 60 Sekunden<\/p>\n\n\n\n<p>10 Things to do in life<\/p>\n\n\n\n<h1 class=\"wp-block-heading\">Aktivierungen<\/h1>\n\n\n\n<p>Sektgl\u00e4ser<\/p>\n\n\n\n<p>Kennenlernblume<\/p>\n\n\n\n<p>Autogrammjagd<\/p>\n\n\n\n<p>L\u00fcgendetektor (3 richtig, eine falsch)<\/p>\n\n\n\n<p>Schl\u00fcsselbund<\/p>\n\n\n\n<p>Padlet: Reisen<\/p>\n\n\n\n<p>Klugschei\u00dfer-Spiel<\/p>\n\n\n\n<p>Tagesschau ansehen<\/p>\n\n\n\n<p><a href=\"https:\/\/davebirss.com\/storydice\/9dice.html\">Story cubes<\/a><\/p>\n\n\n\n<p>Die Bedeutung von Zahlen raten lassen<\/p>\n\n\n\n<p>Was bedeutet Dein Name?<\/p>\n\n\n\n<p>Wordwall-Fragen wie<\/p>\n\n\n\n<ul class=\"wp-block-list\">\n<li>\n<ul class=\"wp-block-list\">\n<li><a href=\"https:\/\/wordwall.net\/resource\/37944527\/10-november\">https:\/\/wordwall.net\/resource\/37944527\/10-november<\/a><\/li>\n\n\n\n<li><a href=\"https:\/\/wordwall.net\/de\/resource\/38756358\/fragen-am-29-november\">https:\/\/wordwall.net\/de\/resource\/38756358\/fragen-am-29-november<\/a><\/li>\n<\/ul>\n<\/li>\n<\/ul>\n","protected":false},"excerpt":{"rendered":"<p>Spiele Akinator (Wer bin ich?) lyricstraining:&nbsp;Texte verstehen Unsere Stra\u00dfe:&nbsp;Deutsch lernen im Alltag Die Seite mit der Maus Einladung zur Hochzeit&nbsp;(Wortschatz; Goethe-Institut) Toporopa:&nbsp;Gehirnjogging mit Geographie Babadum: Online-Vokabelspiel Daumerling eine Spiele-Sammlung Genie (Aue-S\u00e4\u00e4ti\u00f6) Zwei Wahrheiten und eine L\u00fcge Dein Lebenslauf in 60 Sekunden 10 Things to do in life Aktivierungen Sektgl\u00e4ser Kennenlernblume Autogrammjagd L\u00fcgendetektor (3 richtig, eine [&hellip;]<\/p>\n","protected":false},"author":44353,"featured_media":0,"parent":0,"menu_order":0,"comment_status":"closed","ping_status":"closed","template":"","meta":{"footnotes":""},"class_list":["post-11","page","type-page","status-publish","hentry"],"_links":{"self":[{"href":"https:\/\/blogit.utu.fi\/niedling\/wp-json\/wp\/v2\/pages\/11","targetHints":{"allow":["GET"]}}],"collection":[{"href":"https:\/\/blogit.utu.fi\/niedling\/wp-json\/wp\/v2\/pages"}],"about":[{"href":"https:\/\/blogit.utu.fi\/niedling\/wp-json\/wp\/v2\/types\/page"}],"author":[{"embeddable":true,"href":"https:\/\/blogit.utu.fi\/niedling\/wp-json\/wp\/v2\/users\/44353"}],"replies":[{"embeddable":true,"href":"https:\/\/blogit.utu.fi\/niedling\/wp-json\/wp\/v2\/comments?post=11"}],"version-history":[{"count":1,"href":"https:\/\/blogit.utu.fi\/niedling\/wp-json\/wp\/v2\/pages\/11\/revisions"}],"predecessor-version":[{"id":12,"href":"https:\/\/blogit.utu.fi\/niedling\/wp-json\/wp\/v2\/pages\/11\/revisions\/12"}],"wp:attachment":[{"href":"https:\/\/blogit.utu.fi\/niedling\/wp-json\/wp\/v2\/media?parent=11"}],"curies":[{"name":"wp","href":"https:\/\/api.w.org\/{rel}","templated":true}]}}