{"id":13,"date":"2026-02-17T19:49:36","date_gmt":"2026-02-17T17:49:36","guid":{"rendered":"https:\/\/blogit.utu.fi\/niedling\/?page_id=13"},"modified":"2026-02-17T19:49:36","modified_gmt":"2026-02-17T17:49:36","slug":"stoebern","status":"publish","type":"page","link":"https:\/\/blogit.utu.fi\/niedling\/stoebern\/","title":{"rendered":"St\u00f6bern"},"content":{"rendered":"\n<p><strong><a href=\"https:\/\/www.deutschelyrik.de\/home.html\">Deutsche Lyrik<\/a><\/strong>&nbsp;\u2013 Gedichte nach Autoren\/ Epochen geordnet, mit Audios<\/p>\n\n\n\n<p><a href=\"https:\/\/www.projekt-gutenberg.org\/\"><strong>Projekt Gutenberg: Klassikertexte (Goethe, Grimms M\u00e4rchen\u2026)<\/strong><\/a><\/p>\n\n\n\n<p><a href=\"https:\/\/areena.yle.fi\/1-50324709?fbclid=IwAR1pVa0Em_Kcsy7jbRoqkxgAkBD4bjWNGPbH5LGpPY8HhRzS57vH4vFMw_Q\"><strong>Lupaus<\/strong><\/a>&nbsp;(draamasarja saksalaissiirtolaisten toivosta ja koti-ik\u00e4v\u00e4st\u00e4 20-luvun Amerikassa)<\/p>\n\n\n\n<p><a href=\"https:\/\/areena.yle.fi\/1-3353076\"><strong>BABYLON BERLIN<\/strong><\/a><\/p>\n\n\n\n<p><a href=\"https:\/\/www.youtube.com\/watch?v=reRYtjr1BNo&amp;feature=youtu.be&amp;fbclid=IwAR3pPVDWK7KZQbnO5oxlydPHZZcNhmUp9T4DrJ0GCFyUA7Xf2PyalrzdBpo\"><strong>Study with me \u2013 ein Pomodoro-Video<\/strong><\/a>&nbsp;(Motivation f\u00fcr das Home-Office)<\/p>\n\n\n\n<p><a href=\"https:\/\/digital.deutsches-museum.de\/virtuell\/?fbclid=IwAR2bFxoJqSXDrTeoXBmCw7IXFloRpYz9SgGFY-1vIspfW5A25QYwOEIEPjU\"><strong>Virtuelle Tour 1<\/strong><\/a>: Das Deutsche Museum (M\u00fcnchen)<\/p>\n\n\n\n<p><a href=\"http:\/\/3d-top-event.info\/haab-3d-events14\/?fbclid=IwAR1Rqp5UJK1iVOAgVi8t-tp8QLc3Afp_4GQj_k2LO5wS8AxAptM4wSbj_UQ#pano=222\"><strong>Virtuelle Tour 2<\/strong><\/a>: Die Herzogin-Amalia-Bibliothek (Weimar)<\/p>\n\n\n\n<p><a href=\"https:\/\/artsandculture.google.com\/streetview\/pergamonmuseum-staatliche-museen-zu-berlin\/0QEALap3qf0s1g?sv_lng=13.3966497&amp;sv_lat=52.5206272&amp;sv_h=228.2990570068359&amp;sv_p=0&amp;sv_pid=rTzlWY-F4hP2acX_uQhcFA&amp;sv_z=0.16246834802381138&amp;sv_lid=9073433258708332870&amp;hl=en&amp;fbclid=IwAR0lT9EoobE1U44l-xzMP9Q_0O5UbNLJeVkUYzYNG4MQlKPCQkylJNxERnI\"><strong>Virtuelle Tour 3<\/strong><\/a>: Das Pergamon-Museum (Berlin)<\/p>\n\n\n\n<p><a href=\"https:\/\/amp-welt-de.cdn.ampproject.org\/v\/s\/amp.welt.de\/reise\/staedtereisen\/article207065985\/Von-Frankfurt-bis-Berlin-Virtueller-Rundgang-durch-Museen.html?usqp=mq331AQFKAGwASA%3D&amp;amp_js_v=0.1#aoh=15983357461199&amp;csi=1&amp;referrer=https%3A%2F%2Fwww.google.com&amp;amp_tf=Julkaisija%3A%20%251%24s&amp;ampshare=https%3A%2F%2Fwww.welt.de%2Freise%2Fstaedtereisen%2Farticle207065985%2FVon-Frankfurt-bis-Berlin-Virtueller-Rundgang-durch-Museen.html\"><strong>andere virtuelle Touren<\/strong><\/a><\/p>\n\n\n\n<p><a href=\"https:\/\/tag-der-deutschen-einheit.de\/?fbclid=IwAR2bmYIewFlUhBLCw1jZLPcJD4zc8ReKkgAFkC6tm6MCckKgUlsjm28mjC8\"><strong>30 Jahre deutsche Einheit<\/strong><\/a><\/p>\n\n\n\n<p><a href=\"https:\/\/www.ssyl.fi\/de\/kulturprogramm\/das-deutschsprachige-helsinki\/\">Das deutschsprachige Helsinki<\/a><\/p>\n\n\n\n<p><a href=\"https:\/\/www.dw.com\/de\/deutsch-lernen\/dialektatlas\/s-8150\"><strong>Dialekte (Deutsche Welle)<\/strong><\/a><\/p>\n","protected":false},"excerpt":{"rendered":"<p>Deutsche Lyrik&nbsp;\u2013 Gedichte nach Autoren\/ Epochen geordnet, mit Audios Projekt Gutenberg: Klassikertexte (Goethe, Grimms M\u00e4rchen\u2026) Lupaus&nbsp;(draamasarja saksalaissiirtolaisten toivosta ja koti-ik\u00e4v\u00e4st\u00e4 20-luvun Amerikassa) BABYLON BERLIN Study with me \u2013 ein Pomodoro-Video&nbsp;(Motivation f\u00fcr das Home-Office) Virtuelle Tour 1: Das Deutsche Museum (M\u00fcnchen) Virtuelle Tour 2: Die Herzogin-Amalia-Bibliothek (Weimar) Virtuelle Tour 3: Das Pergamon-Museum (Berlin) andere virtuelle Touren [&hellip;]<\/p>\n","protected":false},"author":44353,"featured_media":0,"parent":0,"menu_order":0,"comment_status":"closed","ping_status":"closed","template":"","meta":{"footnotes":""},"class_list":["post-13","page","type-page","status-publish","hentry"],"_links":{"self":[{"href":"https:\/\/blogit.utu.fi\/niedling\/wp-json\/wp\/v2\/pages\/13","targetHints":{"allow":["GET"]}}],"collection":[{"href":"https:\/\/blogit.utu.fi\/niedling\/wp-json\/wp\/v2\/pages"}],"about":[{"href":"https:\/\/blogit.utu.fi\/niedling\/wp-json\/wp\/v2\/types\/page"}],"author":[{"embeddable":true,"href":"https:\/\/blogit.utu.fi\/niedling\/wp-json\/wp\/v2\/users\/44353"}],"replies":[{"embeddable":true,"href":"https:\/\/blogit.utu.fi\/niedling\/wp-json\/wp\/v2\/comments?post=13"}],"version-history":[{"count":1,"href":"https:\/\/blogit.utu.fi\/niedling\/wp-json\/wp\/v2\/pages\/13\/revisions"}],"predecessor-version":[{"id":14,"href":"https:\/\/blogit.utu.fi\/niedling\/wp-json\/wp\/v2\/pages\/13\/revisions\/14"}],"wp:attachment":[{"href":"https:\/\/blogit.utu.fi\/niedling\/wp-json\/wp\/v2\/media?parent=13"}],"curies":[{"name":"wp","href":"https:\/\/api.w.org\/{rel}","templated":true}]}}