{"id":2,"date":"2026-02-17T19:20:21","date_gmt":"2026-02-17T17:20:21","guid":{"rendered":"https:\/\/blogit.utu.fi\/niedling\/?page_id=2"},"modified":"2026-02-17T19:41:47","modified_gmt":"2026-02-17T17:41:47","slug":"esimerkkisivu","status":"publish","type":"page","link":"https:\/\/blogit.utu.fi\/niedling\/esimerkkisivu\/","title":{"rendered":"Medien"},"content":{"rendered":"\n<p>Deutsch: Mediatheken und Youtube-Kan\u00e4le<\/p>\n\n\n\n<p><a href=\"https:\/\/www.ardmediathek.de\/\"><strong>Mediathek: ARD<\/strong><\/a><\/p>\n\n\n\n<p><a href=\"https:\/\/www.zdf.de\/\"><strong>Mediathek: ZDF<\/strong><\/a><\/p>\n\n\n\n<p><a href=\"https:\/\/www.zdf.de\/wissen\/schulersatzprogramm-100.html#xtor=CS5-53\">ZDF:&nbsp;<strong>Digitales Lernen<\/strong><\/a><\/p>\n\n\n\n<p><a href=\"https:\/\/www.youtube.com\/user\/MrWissen2go\">Youtube:&nbsp;<strong>MrWissen2Go<\/strong><\/a><\/p>\n\n\n\n<p><a href=\"https:\/\/www.youtube.com\/channel\/UCA3mpqm67CpJ13YfA8qAnow\" target=\"_blank\" rel=\"noreferrer noopener\"><strong>Terra X<\/strong>: Natur und Geschichte<\/a>&nbsp;(Youtube-Kanal)<\/p>\n\n\n\n<p><a href=\"https:\/\/www.zdf.de\/dokumentation\/terra-x\"><strong>Terra X<\/strong><\/a>&nbsp;(ZDF)<\/p>\n\n\n\n<p><a href=\"https:\/\/www.youtube.com\/channel\/UCbxb2fqe9oNgglAoYqsYOtQ\" target=\"_blank\" rel=\"noreferrer noopener\"><strong>Easy German<\/strong><\/a><\/p>\n\n\n\n<p><a href=\"https:\/\/www.youtube.com\/user\/GalileoOffiziell\" target=\"_blank\" rel=\"noreferrer noopener\"><strong>Galileo<\/strong><\/a><\/p>\n\n\n\n<p><a href=\"https:\/\/t1p.de\/tatsachen\"><strong>Tatsachen \u00fcber Deutschland<\/strong>&nbsp;(in 14 Sprachen)<\/a><\/p>\n\n\n\n<h1 class=\"wp-block-heading\">Deutsche Medienlandschaft<\/h1>\n\n\n\n<p><a href=\"https:\/\/www.tagesschau.de\/\" target=\"_blank\" rel=\"noreferrer noopener\">Tagesschau<\/a><\/p>\n\n\n\n<p><a href=\"https:\/\/www.spiegel.de\/\" target=\"_blank\" rel=\"noreferrer noopener\">Spiegel<\/a><\/p>\n\n\n\n<p><a href=\"https:\/\/www.zeit.de\/index\">Zeit<\/a><\/p>\n\n\n\n<p><a href=\"https:\/\/www.faz.net\/aktuell\/\">FAZ<\/a><\/p>\n\n\n\n<p><a href=\"https:\/\/www.sueddeutsche.de\/\" target=\"_blank\" rel=\"noreferrer noopener\">S\u00fcddeutsche<\/a><\/p>\n\n\n\n<p><a href=\"https:\/\/www.zdf.de\/kinder\/logo\/logo-am-montagabend-104.html\" target=\"_blank\" rel=\"noreferrer noopener\">ZDF: TiVi und logo<\/a><\/p>\n\n\n\n<p><a href=\"https:\/\/mediathekviewweb.de\/\" target=\"_blank\" rel=\"noreferrer noopener\">Suchmaschine f\u00fcr Mediatheken<\/a><\/p>\n\n\n\n<h1 class=\"wp-block-heading\">Podcasts und Radio<\/h1>\n\n\n\n<p><a href=\"https:\/\/talkreal.org\/blog\/die-besten-podcasts-zum-deutschlernen-eine-sammlung\/\">Podcasts zum Deutschlernen<\/a><\/p>\n\n\n\n<p>Von deutschen Austauschstudierenden empfohlen (advanced!):<\/p>\n\n\n\n<p><a href=\"https:\/\/open.spotify.com\/show\/4uvByGhVqKoSDi7yZIERuA\">Podcast: Allgemein gebildet<\/a><\/p>\n\n\n\n<p><a href=\"https:\/\/www.zeit.de\/serie\/verbrechen\">Zeit.de: Verbrechen<\/a><\/p>\n\n\n\n<p><a href=\"https:\/\/www.podbean.com\/podcast-detail\/z2wm6-7723b\/Fest--Flauschig-Podcast\">Fest und flauschig<\/a><\/p>\n\n\n\n<p><a href=\"https:\/\/www.zeit.de\/serie\/was-jetzt\">Zeit.de: Was jetzt<\/a><\/p>\n\n\n\n<p><a href=\"https:\/\/open.spotify.com\/show\/1k7OSBc2faoeg9G1Rb92pr\">Talk-O-Mat<\/a><\/p>\n\n\n\n<p><a href=\"https:\/\/www.radio.de\/\"><strong>Radio.de<\/strong><\/a><\/p>\n\n\n\n<p><a href=\"https:\/\/www.deutschland.fm\/\"><strong>deutschland.fm<\/strong><\/a><\/p>\n","protected":false},"excerpt":{"rendered":"<p>Deutsch: Mediatheken und Youtube-Kan\u00e4le Mediathek: ARD Mediathek: ZDF ZDF:&nbsp;Digitales Lernen Youtube:&nbsp;MrWissen2Go Terra X: Natur und Geschichte&nbsp;(Youtube-Kanal) Terra X&nbsp;(ZDF) Easy German Galileo Tatsachen \u00fcber Deutschland&nbsp;(in 14 Sprachen) Deutsche Medienlandschaft Tagesschau Spiegel Zeit FAZ S\u00fcddeutsche ZDF: TiVi und logo Suchmaschine f\u00fcr Mediatheken Podcasts und Radio Podcasts zum Deutschlernen Von deutschen Austauschstudierenden empfohlen (advanced!): Podcast: Allgemein gebildet Zeit.de: [&hellip;]<\/p>\n","protected":false},"author":44353,"featured_media":0,"parent":0,"menu_order":0,"comment_status":"closed","ping_status":"open","template":"","meta":{"footnotes":""},"class_list":["post-2","page","type-page","status-publish","hentry"],"_links":{"self":[{"href":"https:\/\/blogit.utu.fi\/niedling\/wp-json\/wp\/v2\/pages\/2","targetHints":{"allow":["GET"]}}],"collection":[{"href":"https:\/\/blogit.utu.fi\/niedling\/wp-json\/wp\/v2\/pages"}],"about":[{"href":"https:\/\/blogit.utu.fi\/niedling\/wp-json\/wp\/v2\/types\/page"}],"author":[{"embeddable":true,"href":"https:\/\/blogit.utu.fi\/niedling\/wp-json\/wp\/v2\/users\/44353"}],"replies":[{"embeddable":true,"href":"https:\/\/blogit.utu.fi\/niedling\/wp-json\/wp\/v2\/comments?post=2"}],"version-history":[{"count":1,"href":"https:\/\/blogit.utu.fi\/niedling\/wp-json\/wp\/v2\/pages\/2\/revisions"}],"predecessor-version":[{"id":6,"href":"https:\/\/blogit.utu.fi\/niedling\/wp-json\/wp\/v2\/pages\/2\/revisions\/6"}],"wp:attachment":[{"href":"https:\/\/blogit.utu.fi\/niedling\/wp-json\/wp\/v2\/media?parent=2"}],"curies":[{"name":"wp","href":"https:\/\/api.w.org\/{rel}","templated":true}]}}