{"id":127,"date":"2022-03-22T12:36:17","date_gmt":"2022-03-22T12:36:17","guid":{"rendered":"https:\/\/blogit.utu.fi\/nordicvoices\/?page_id=127"},"modified":"2024-12-17T12:47:16","modified_gmt":"2024-12-17T12:47:16","slug":"resources","status":"publish","type":"page","link":"https:\/\/blogit.utu.fi\/nordicvoices\/resources\/","title":{"rendered":"Resources"},"content":{"rendered":"\n<p><\/p>\n\n\n\n<p>Arnold-De Simine, Silke (2013): <em>Mediating Memory in the Museum<\/em>:<em> Trauma, Empathy, Nostalgia<\/em>. Basingstoke: Palgrave Macmillan.<\/p>\n\n\n\n<p>Br\u00e6dder, Anne (2019): Public History in Scandinavia: Uses of the Past. In: Paul Ashton &amp; Alex Trapeznik eds., <em>What Is Public History Globally?: Working with the Past in the Present<\/em>. London &amp; New York: Bloomsbury Academic.<\/p>\n\n\n\n<p>Br\u00e6dder, Anne &amp; Vyff, Iben (2021): <a rel=\"noreferrer noopener\" href=\"https:\/\/tidsskrift.dk\/fn\/article\/view\/129572\/175388\" data-type=\"URL\" data-id=\"https:\/\/tidsskrift.dk\/fn\/article\/view\/129572\/175388\" target=\"_blank\">Tidsvidner som museumsformidling. Erindringsarbejde og autenticitet p\u00e5 Danmarks Forsorgsmuseum og i Den Gamle By<\/a>, <em>Kulturstudier, <\/em> 164-190 (Open access)<\/p>\n\n\n\n<p>Chrischen\u00e9, Julius (2008): \u201d\u2019Digging [D]eeper than the eye approves\u2019\u201d. <em>Kronos <\/em>34,  106-138.<\/p>\n\n\n\n<p>Day, Anette (2006):  London\u2019s Voices: Exhibiting Oral History. <em>Oral History <\/em>34(2), 95-104.<\/p>\n\n\n\n<p>Day, Anette (2009:) \u201c\u2018They listened to my voice\u2019: The refugee communities history project and belonging: Voices of London\u2019s refugees\u201d, <em>Oral History<\/em> 37(1), 95-106.<\/p>\n\n\n\n<p>de Jong, Steffi (2015): Mediatized Memory. Michelle Henning (ed.): <em>The International Handbooks of Museum Studies<\/em> 3, Wiley Blackwell, 69-93.&nbsp;<\/p>\n\n\n\n<p>de Jong, Steffi. (2018): <a href=\"https:\/\/www.berghahnbooks.com\/title\/dejongwitness#toc\" data-type=\"URL\" data-id=\"https:\/\/www.berghahnbooks.com\/title\/dejongwitness#toc\" target=\"_blank\" rel=\"noreferrer noopener\"><em>The Witness as Object\u202f: Video Testimonies in Holocaust Museums<\/em>. <\/a>Berghahn Books. (Open access)<\/p>\n\n\n\n<p><em>Ethnologia Fennica<\/em> (2022)<a href=\"https:\/\/journal.fi\/ethnolfenn?acceptCookies=1\" data-type=\"URL\" data-id=\"https:\/\/journal.fi\/ethnolfenn?acceptCookies=1\">: Special issue \u201cHeritage and Personal Memories <\/a>49(1).<\/p>\n\n\n\n<p>Gardner, James B. &amp; Hamilton, Paula (2017): <em>The Oxford Handbook of Public History<\/em>. New York: Oxford University Press.<\/p>\n\n\n\n<p>Gazi, Andromache (2019): Oral Testimonies as Independent Museum Exhibits, <em>The Oral History Review <\/em>1, 26-47.<\/p>\n\n\n\n<p>Green, Anna (2003) [1996]: The exhibition that speaks for itself. Robert Perks &amp; Alistair Thomson (eds): <em>The Oral History Reader<\/em>, 448-456.<\/p>\n\n\n\n<p>Hamilton, Paula (2019):. &#8216;Speak, Memory&#8217;: Current Issues in Oral and Public History. In: Paul Ashton &amp; Alex Trapeznik eds., <em>What Is Public History Globally?: Working with the Past in the Present<\/em>. London &amp; New York: Bloomsbury Academic.<\/p>\n\n\n\n<p>Heimo, Anne (2022): <a href=\"https:\/\/journal.fi\/ethnolfenn\/article\/view\/121477\" data-type=\"URL\" data-id=\"https:\/\/journal.fi\/ethnolfenn\/article\/view\/121477\" target=\"_blank\" rel=\"noreferrer noopener\">&#8220;To display or not to display? Personal memories from Paimio Sanatorium&#8221;<\/a>. <em>Ethnologia Fennica<\/em>: Special issue \u201cHeritage and Personal Memories 49(1), 91-95.<\/p>\n\n\n\n<p><mark class=\"has-inline-color has-luminous-vivid-orange-color\">NEW!<\/mark> Heimo, Anne &amp; Maija M\u00e4ki (2024): <a href=\"https:\/\/museolehti.fi\/kentalta\/yhteistyon-lisaaminen-museoiden-ja-tutkijoiden-valilla-kannattaa-kokemuksia-nordic-voices-hankkeesta\/\">Yhteisty\u00f6n lis\u00e4\u00e4minen museoiden ja tutkijoiden v\u00e4lill\u00e4 kannattaa \u2013 Kokemuksia Nordic Voices -hankkeesta<\/a>. <em>Museo<\/em>. <\/p>\n\n\n\n<p>J\u00e4rvenp\u00e4\u00e4, Laura (2023): <a href=\"https:\/\/kabi.museion.fi\/2023\/11\/20\/aistittuja-kerroksia\/\" data-type=\"URL\" data-id=\"https:\/\/kabi.museion.fi\/2023\/11\/20\/aistittuja-kerroksia\/\">Aistittuja kerroksia.<\/a> <em>Kabi<\/em> 2\/2022: Aistit.<\/p>\n\n\n\n<p>K\u00f5resaar, Ene &amp; Kirsti J\u00f5esalu (2021): From Museum as Memorial to Memory Museum: On the Transformation of the Estonian Museum of Occupations. In: P\u00e9ter Apor &amp; Constantin Iordachi (eds.), <em>Occupation and Communism in Eastern European Museums: Re-Visualizing the Recent Past<\/em>. London: Bloomsbury Academic, 51\u201374. <\/p>\n\n\n\n<p><mark class=\"has-inline-color has-luminous-vivid-orange-color\">NEW!<\/mark> K\u00f5resaar, Ene, J\u00f5esalu, Kirsti, Kleemola, Olli, and Heimo, Anne (<strong>accepted for publication<\/strong>): In search of multiperspectivity: Using first-person narratives in historical exhibitions in Estonia and Finland. Gunn\u00fe\u00f3runn Gu\u00f0mundsd\u00f3ttir and Ulla Savolainen ed., <em>Brill\u2019s Memory Studies in the Nordic Countries: A Handbook.<\/em> Handbook Series in Memory Studies.<\/p>\n\n\n\n<p>Kushner, Toni (2001): \u201cOral history at the Extremes of Human Experience\u201d. <em>Oral History <\/em>29(2), 83-94.<\/p>\n\n\n\n<p>Lowry, Sarah and Duke, Alison (2012):  Foundling voices. <em>Oral History <\/em>(40)2, 99-108.&nbsp;<\/p>\n\n\n\n<p>Savolainen, Ulla &amp; Nika Potinkara (2021): <a rel=\"noreferrer noopener\" href=\"https:\/\/doi.org\/10.16995\/ee.3060\" data-type=\"URL\" data-id=\"https:\/\/doi.org\/10.16995\/ee.3060\" target=\"_blank\"> Memory, Heritage, and Tradition in the Museum Exhibition Ingrians \u2013 The Forgotten Finns<\/a>. <em>Ethnologia Europaea<\/em> 51(2), 72\u201395  (Open access) <\/p>\n\n\n\n<p>Thomas, Selma (2008): Private Memory in a Public Space. Linda Shopes and Paula Hamilton (ed.): <em>Oral History and Public Memories.<\/em> Temple University Press, 87-100.<\/p>\n\n\n\n<p>Thor Tureby, Malin (2020): Memories, testimonies and oral history. On Collections and research about and with Holocaust survivors in Sweden. <em>Sveriges museum om F\u00f6rintelsen<\/em> 21(2), 67-92.<\/p>\n\n\n\n<p>Thor Tureby, Malin, &amp; Wagrell, Kristin (2020). <a href=\"https:\/\/doi.org\/10.4467\/2450050XSNR.20.012.13015\" data-type=\"URL\" data-id=\"https:\/\/doi.org\/10.4467\/2450050XSNR.20.012.13015\" target=\"_blank\" rel=\"noreferrer noopener\">Digitization, Vulnerability, and Holocaust Collections<\/a>. <em>Santander Art and Culture Law Review<\/em>, 6(2), 87\u2013118. (Open access)<\/p>\n\n\n\n<p><mark class=\"has-inline-color has-luminous-vivid-orange-color\">NEW!<\/mark>  Uola, Emma 2024: <a href=\"https:\/\/sites.utu.fi\/hiiskuttua\/kulttuuriperintoa-ja-muistitietoa-tuberkuloosiparantolan-arki-tutuksi\/\" data-type=\"link\" data-id=\"https:\/\/sites.utu.fi\/hiiskuttua\/kulttuuriperintoa-ja-muistitietoa-tuberkuloosiparantolan-arki-tutuksi\/\">Kulttuuriperint\u00f6\u00e4 ja muistitietoa \u2013 tuberkuloosiparantolan arki tutuksi.<\/a> <em>Hiiskuttua<\/em>. <\/p>\n\n\n\n<p>Wallace, Rachel (2019): <a rel=\"noreferrer noopener\" href=\"https:\/\/doi.org\/10.1525\/tph.2019.41.2.144\" target=\"_blank\">Gay Life and Liberation, a Photographic Record of 1970s Belfast<\/a>. <em>The Public Historian<\/em> 41(2), 144-162.&nbsp; (Open access) <\/p>\n\n\n\n<p>Witcomb, Andrea (2019): Oral history and First-person Narratives in Migration Exhibitions: Tracking Relations Between \u2018Us\u2019 and \u2018Them\u2019. In: Kate Darian-Smith and Paula Hamilton <em>Remembering Migration<\/em>: <em>Oral Histories and Heritage in Austra<\/em>lia. London &amp; New York: Palgrave Macmillan, 203-217.<\/p>\n","protected":false},"excerpt":{"rendered":"<p>Arnold-De Simine, Silke (2013): Mediating Memory in the Museum: Trauma, Empathy, Nostalgia. Basingstoke: Palgrave Macmillan. Br\u00e6dder, Anne (2019): Public History in Scandinavia: Uses of the Past. In: Paul Ashton &amp; Alex Trapeznik eds., What Is Public History Globally?: Working with the Past in the Present. London &amp; New York: Bloomsbury Academic. Br\u00e6dder, Anne &amp; Vyff, &hellip; <\/p>\n<p class=\"link-more\"><a href=\"https:\/\/blogit.utu.fi\/nordicvoices\/resources\/\" class=\"more-link\">Continue reading<span class=\"screen-reader-text\"> &#8220;Resources&#8221;<\/span><\/a><\/p>\n","protected":false},"author":29295,"featured_media":0,"parent":0,"menu_order":0,"comment_status":"closed","ping_status":"closed","template":"","meta":{"footnotes":""},"class_list":["post-127","page","type-page","status-publish","hentry"],"_links":{"self":[{"href":"https:\/\/blogit.utu.fi\/nordicvoices\/wp-json\/wp\/v2\/pages\/127","targetHints":{"allow":["GET"]}}],"collection":[{"href":"https:\/\/blogit.utu.fi\/nordicvoices\/wp-json\/wp\/v2\/pages"}],"about":[{"href":"https:\/\/blogit.utu.fi\/nordicvoices\/wp-json\/wp\/v2\/types\/page"}],"author":[{"embeddable":true,"href":"https:\/\/blogit.utu.fi\/nordicvoices\/wp-json\/wp\/v2\/users\/29295"}],"replies":[{"embeddable":true,"href":"https:\/\/blogit.utu.fi\/nordicvoices\/wp-json\/wp\/v2\/comments?post=127"}],"version-history":[{"count":10,"href":"https:\/\/blogit.utu.fi\/nordicvoices\/wp-json\/wp\/v2\/pages\/127\/revisions"}],"predecessor-version":[{"id":233,"href":"https:\/\/blogit.utu.fi\/nordicvoices\/wp-json\/wp\/v2\/pages\/127\/revisions\/233"}],"wp:attachment":[{"href":"https:\/\/blogit.utu.fi\/nordicvoices\/wp-json\/wp\/v2\/media?parent=127"}],"curies":[{"name":"wp","href":"https:\/\/api.w.org\/{rel}","templated":true}]}}